{"id":5686,"date":"2023-04-13T15:58:43","date_gmt":"2023-04-13T12:58:43","guid":{"rendered":"https:\/\/madlenmakeup.com.ua\/?post_type=product&#038;p=5686"},"modified":"2025-09-15T20:08:25","modified_gmt":"2025-09-15T17:08:25","slug":"nabir-olivtsiv-dlya-gub-99-madlen","status":"publish","type":"product","link":"https:\/\/madlenmakeup.com.ua\/cz\/produkt\/nabir-olivtsiv-dlya-gub-99-madlen\/","title":{"rendered":"Sada tu\u017eek na rty \u211699 Madlen"},"content":{"rendered":"<p><strong>\u041d\u0430\u0431\u0456\u0440 \u043e\u043b\u0456\u0432\u0446\u0456\u0432 \u0434\u043b\u044f \u0433\u0443\u0431 \u211699 Madlen (\u211665 \u211669 \u211671 \u211680 \u211690)\u00a0<\/strong><br \/>\nP\u0159edstavujeme nejobl\u00edben\u011bj\u0161\u00ed na Ukrajin\u011b d\u0159ev\u011bnou tu\u017eku na rty, o\u010di a obo\u010d\u00ed od zna\u010dky Madlen. Kombinace ide\u00e1ln\u00ed hypoalergenn\u00ed receptury a t\u011bla z kalifornsk\u00e9ho cedrov\u00e9ho d\u0159eva \u010din\u00ed nan\u00e1\u0161en\u00ed make-upu nejen pohodln\u00fdm, ale tak\u00e9 preferovan\u00fdm \u017eenami s citlivou poko\u017ekou nebo nap\u0159\u00edklad nositelkami kontaktn\u00edch \u010do\u010dek. Strom m\u00e1 silnou antiseptickou vlastnost, kter\u00e1 neumo\u017e\u0148uje mno\u017een\u00ed bakteri\u00ed na povrchu olova a je v\u00fdborn\u00fdm p\u0159\u00edrodn\u00edm konzervantem. T\u011blo tu\u017eky je pota\u017eeno nez\u00e1vadn\u00fdm transparentn\u00edm lakem. Dokonale vyv\u00e1\u017een\u00e9 slo\u017een\u00ed vhodn\u00e9 pro v\u0161echny typy pleti. Snadn\u00e9 ost\u0159en\u00ed.<\/p>\n<p class=\" translation-block\"><strong>Vlastnosti tu\u017eky Madlen<\/strong><br>\n- d\u00edky jemn\u00e9 textu\u0159e se snadno nan\u00e1\u0161\u00ed;<br>\n\u2013 jemn\u011b a hladce klou\u017ee po poko\u017ece;<br>\n\u2013 syt\u00e1 pigmentace;<br>\n- vynikaj\u00edc\u00ed stabilita;<br>\n- umo\u017e\u0148uje nakreslit jasn\u00fd a \u00fahledn\u00fd obrys;<br>\n\u2013 zabra\u0148uje rozt\u00edr\u00e1n\u00ed rt\u011bnky nebo lesku;<br>\n- lze pou\u017e\u00edt samostatn\u011b bez dal\u0161\u00edch kosmetick\u00fdch p\u0159\u00edpravk\u016f;<br>\n- modeluje po\u017eadovan\u00fd tvar.<\/p>\n<p>Tu\u017eky jsou velmi jemn\u00e9, p\u0159\u00edjemn\u011b se nan\u00e1\u0161ej\u00ed, dob\u0159e kresl\u00ed konturu a dob\u0159e vypl\u0148uj\u00ed povrch. Tak\u017ee se daj\u00ed snadno pou\u017e\u00edt i samotn\u00e9, jako matn\u00e1 rt\u011bnka. Nav\u00edc maj\u00ed \u00fa\u017easnou v\u00fddr\u017e.<\/p>\n<p>Vyrobeno v \u010cR.<\/p>\n<p>\u041d\u0430\u0431\u0456\u0440 \u043e\u043b\u0456\u0432\u0446\u0456\u0432 \u0434\u043b\u044f \u0433\u0443\u0431 \u211699 Madlen \u043c\u043e\u0436\u043d\u0430 \u043a\u0443\u043f\u0438\u0442\u0438 \u043e\u043f\u0442\u043e\u043c<\/p>","protected":false},"excerpt":{"rendered":"<p><img loading=\"lazy\" decoding=\"async\" class=\"\" src=\"\/wp-content\/uploads\/2023\/04\/1f1ea-1f1fa.png\" alt=\"\u042d\u043c\u043e\u0434\u0437\u0438 \ud83c\uddea\ud83c\uddfa Apple \u0438 iOS\" width=\"40\" height=\"40\" \/> <strong>Evropsk\u00e1 kvalita <\/strong><img loading=\"lazy\" decoding=\"async\" class=\"\" style=\"margin-bottom: 0px;\" src=\"\/wp-content\/uploads\/2023\/04\/1f1ea-1f1fa.png\" alt=\"\u042d\u043c\u043e\u0434\u0437\u0438 \ud83c\uddea\ud83c\uddfa Apple \u0438 iOS\" width=\"40\" height=\"40\" \/><\/p>","protected":false},"featured_media":8250,"comment_status":"open","ping_status":"closed","template":"","meta":{"site-sidebar-layout":"default","site-content-layout":"default","ast-global-header-display":"","ast-main-header-display":"","ast-hfb-above-header-display":"","ast-hfb-below-header-display":"","ast-hfb-mobile-header-display":"","site-post-title":"","ast-breadcrumbs-content":"","ast-featured-img":"","footer-sml-layout":"","theme-transparent-header-meta":"default","adv-header-id-meta":"","stick-header-meta":"","header-above-stick-meta":"","header-main-stick-meta":"","header-below-stick-meta":""},"product_cat":[39],"product_tag":[70,125],"class_list":{"0":"post-5686","1":"product","2":"type-product","3":"status-publish","4":"has-post-thumbnail","6":"product_brand-madlen","7":"product_cat-huby-madlen","8":"product_tag-vsi-olivtsi-dlya-gub","9":"product_tag-usi-olivtsi-dlya-gub-madlen","10":"desktop-align-left","11":"tablet-align-left","12":"mobile-align-left","14":"first","15":"instock","16":"shipping-taxable","17":"purchasable","18":"product-type-simple"},"yoast_head":"<!-- This site is optimized with the Yoast SEO plugin v25.6 - https:\/\/yoast.com\/wordpress\/plugins\/seo\/ -->\n<title>\u041f\u0440\u043e\u0444\u0435\u0441\u0456\u0439\u043d\u0438\u0439 \u041d\u0430\u0431\u0456\u0440 \u043e\u043b\u0456\u0432\u0446\u0456\u0432 \u0434\u043b\u044f \u0433\u0443\u0431 \u211699 Madlen<\/title>\n<meta name=\"description\" content=\"\u041d\u0430\u0431\u0456\u0440 \u043e\u043b\u0456\u0432\u0446\u0456\u0432 \u0434\u043b\u044f \u0433\u0443\u0431 \u211699 Madlen \u041f\u0440\u043e\u0434\u0430\u0454\u0442\u044c\u0441\u044f \u043e\u043f\u0442\u043e\u043c. \u041f\u0440\u0435\u0434\u0441\u0442\u0430\u0432\u043b\u044f\u0454\u043c\u043e \u043d\u0430\u0439\u043f\u043e\u043f\u0443\u043b\u044f\u0440\u043d\u0456\u0448\u0438\u0439 \u0432 \u0423\u043a\u0440\u0430\u0457\u043d\u0456 \u0434\u0435\u0440\u0435\u0432&#039;\u044f\u043d\u0438\u0439 \u043e\u043b\u0456\u0432\u0435\u0446\u044c \u0434\u043b\u044f \u0433\u0443\u0431, \u043e\u0447\u0435\u0439 \u0442\u0430 \u0431\u0440\u0456\u0432 \u0432\u0456\u0434 \u0431\u0440\u0435\u043d\u0434\u0443 Madlen .\" \/>\n<meta name=\"robots\" content=\"index, follow, max-snippet:-1, max-image-preview:large, max-video-preview:-1\" \/>\n<link rel=\"canonical\" href=\"https:\/\/madlenmakeup.com.ua\/cz\/produkt\/nabir-olivtsiv-dlya-gub-99-madlen\/\" \/>\n<meta property=\"og:locale\" content=\"cs_CZ\" \/>\n<meta property=\"og:type\" content=\"article\" \/>\n<meta property=\"og:title\" content=\"\u041f\u0440\u043e\u0444\u0435\u0441\u0456\u0439\u043d\u0438\u0439 \u041d\u0430\u0431\u0456\u0440 \u043e\u043b\u0456\u0432\u0446\u0456\u0432 \u0434\u043b\u044f \u0433\u0443\u0431 \u211699 Madlen\" \/>\n<meta property=\"og:description\" content=\"\u041d\u0430\u0431\u0456\u0440 \u043e\u043b\u0456\u0432\u0446\u0456\u0432 \u0434\u043b\u044f \u0433\u0443\u0431 \u211699 Madlen \u041f\u0440\u043e\u0434\u0430\u0454\u0442\u044c\u0441\u044f \u043e\u043f\u0442\u043e\u043c. \u041f\u0440\u0435\u0434\u0441\u0442\u0430\u0432\u043b\u044f\u0454\u043c\u043e \u043d\u0430\u0439\u043f\u043e\u043f\u0443\u043b\u044f\u0440\u043d\u0456\u0448\u0438\u0439 \u0432 \u0423\u043a\u0440\u0430\u0457\u043d\u0456 \u0434\u0435\u0440\u0435\u0432&#039;\u044f\u043d\u0438\u0439 \u043e\u043b\u0456\u0432\u0435\u0446\u044c \u0434\u043b\u044f \u0433\u0443\u0431, \u043e\u0447\u0435\u0439 \u0442\u0430 \u0431\u0440\u0456\u0432 \u0432\u0456\u0434 \u0431\u0440\u0435\u043d\u0434\u0443 Madlen .\" \/>\n<meta property=\"og:url\" content=\"https:\/\/madlenmakeup.com.ua\/cz\/produkt\/nabir-olivtsiv-dlya-gub-99-madlen\/\" \/>\n<meta property=\"og:site_name\" content=\"Madlen Cosmetics\" \/>\n<meta property=\"article:modified_time\" content=\"2025-09-15T17:08:25+00:00\" \/>\n<meta property=\"og:image\" content=\"https:\/\/madlenmakeup.com.ua\/wp-content\/uploads\/2023\/04\/Nabir-olivtsiv-dlya-gub-99-Madlen.jpg\" \/>\n\t<meta property=\"og:image:width\" content=\"1080\" \/>\n\t<meta property=\"og:image:height\" content=\"1071\" \/>\n\t<meta property=\"og:image:type\" content=\"image\/jpeg\" \/>\n<meta name=\"twitter:card\" content=\"summary_large_image\" \/>\n<meta name=\"twitter:label1\" content=\"Odhadovan\u00e1 doba \u010dten\u00ed\" \/>\n\t<meta name=\"twitter:data1\" content=\"2 minuty\" \/>\n<script type=\"application\/ld+json\" class=\"yoast-schema-graph\">{\"@context\":\"https:\/\/schema.org\",\"@graph\":[{\"@type\":\"WebPage\",\"@id\":\"https:\/\/madlenmakeup.com.ua\/product\/nabir-olivtsiv-dlya-gub-99-madlen\/\",\"url\":\"https:\/\/madlenmakeup.com.ua\/product\/nabir-olivtsiv-dlya-gub-99-madlen\/\",\"name\":\"\u041f\u0440\u043e\u0444\u0435\u0441\u0456\u0439\u043d\u0438\u0439 \u041d\u0430\u0431\u0456\u0440 \u043e\u043b\u0456\u0432\u0446\u0456\u0432 \u0434\u043b\u044f \u0433\u0443\u0431 \u211699 Madlen\",\"isPartOf\":{\"@id\":\"https:\/\/madlenmakeup.com.ua\/#website\"},\"primaryImageOfPage\":{\"@id\":\"https:\/\/madlenmakeup.com.ua\/product\/nabir-olivtsiv-dlya-gub-99-madlen\/#primaryimage\"},\"image\":{\"@id\":\"https:\/\/madlenmakeup.com.ua\/product\/nabir-olivtsiv-dlya-gub-99-madlen\/#primaryimage\"},\"thumbnailUrl\":\"https:\/\/madlenmakeup.com.ua\/wp-content\/uploads\/2023\/04\/Nabir-olivtsiv-dlya-gub-99-Madlen.jpg\",\"datePublished\":\"2023-04-13T12:58:43+00:00\",\"dateModified\":\"2025-09-15T17:08:25+00:00\",\"description\":\"\u041d\u0430\u0431\u0456\u0440 \u043e\u043b\u0456\u0432\u0446\u0456\u0432 \u0434\u043b\u044f \u0433\u0443\u0431 \u211699 Madlen \u041f\u0440\u043e\u0434\u0430\u0454\u0442\u044c\u0441\u044f \u043e\u043f\u0442\u043e\u043c. \u041f\u0440\u0435\u0434\u0441\u0442\u0430\u0432\u043b\u044f\u0454\u043c\u043e \u043d\u0430\u0439\u043f\u043e\u043f\u0443\u043b\u044f\u0440\u043d\u0456\u0448\u0438\u0439 \u0432 \u0423\u043a\u0440\u0430\u0457\u043d\u0456 \u0434\u0435\u0440\u0435\u0432'\u044f\u043d\u0438\u0439 \u043e\u043b\u0456\u0432\u0435\u0446\u044c \u0434\u043b\u044f \u0433\u0443\u0431, \u043e\u0447\u0435\u0439 \u0442\u0430 \u0431\u0440\u0456\u0432 \u0432\u0456\u0434 \u0431\u0440\u0435\u043d\u0434\u0443 Madlen .\",\"breadcrumb\":{\"@id\":\"https:\/\/madlenmakeup.com.ua\/product\/nabir-olivtsiv-dlya-gub-99-madlen\/#breadcrumb\"},\"inLanguage\":\"cs\",\"potentialAction\":[{\"@type\":\"ReadAction\",\"target\":[\"https:\/\/madlenmakeup.com.ua\/product\/nabir-olivtsiv-dlya-gub-99-madlen\/\"]}]},{\"@type\":\"ImageObject\",\"inLanguage\":\"cs\",\"@id\":\"https:\/\/madlenmakeup.com.ua\/product\/nabir-olivtsiv-dlya-gub-99-madlen\/#primaryimage\",\"url\":\"https:\/\/madlenmakeup.com.ua\/wp-content\/uploads\/2023\/04\/Nabir-olivtsiv-dlya-gub-99-Madlen.jpg\",\"contentUrl\":\"https:\/\/madlenmakeup.com.ua\/wp-content\/uploads\/2023\/04\/Nabir-olivtsiv-dlya-gub-99-Madlen.jpg\",\"width\":1080,\"height\":1071,\"caption\":\"https:\/\/madlenmakeup.com.ua\"},{\"@type\":\"BreadcrumbList\",\"@id\":\"https:\/\/madlenmakeup.com.ua\/product\/nabir-olivtsiv-dlya-gub-99-madlen\/#breadcrumb\",\"itemListElement\":[{\"@type\":\"ListItem\",\"position\":1,\"name\":\"\u0413\u043e\u043b\u043e\u0432\u043d\u0430\",\"item\":\"https:\/\/madlenmakeup.com.ua\/\"},{\"@type\":\"ListItem\",\"position\":2,\"name\":\"\u041c\u0430\u0433\u0430\u0437\u0438\u043d\",\"item\":\"https:\/\/madlenmakeup.com.ua\/shop\/\"},{\"@type\":\"ListItem\",\"position\":3,\"name\":\"\u041d\u0430\u0431\u0456\u0440 \u043e\u043b\u0456\u0432\u0446\u0456\u0432 \u0434\u043b\u044f \u0433\u0443\u0431 \u211699 Madlen\"}]},{\"@type\":\"WebSite\",\"@id\":\"https:\/\/madlenmakeup.com.ua\/#website\",\"url\":\"https:\/\/madlenmakeup.com.ua\/\",\"name\":\"Madlen Cosmetics\",\"description\":\"\u041c\u0430\u0433\u0430\u0437\u0438\u043d \u043f\u0440\u043e\u0444\u0435\u0441\u0456\u0439\u043d\u043e\u0457 \u043a\u043e\u0441\u043c\u0435\u0442\u0438\u043a\u0438\",\"publisher\":{\"@id\":\"https:\/\/madlenmakeup.com.ua\/#\/schema\/person\/49cd71213b472a6db978257e4616a5de\"},\"potentialAction\":[{\"@type\":\"SearchAction\",\"target\":{\"@type\":\"EntryPoint\",\"urlTemplate\":\"https:\/\/madlenmakeup.com.ua\/?s={search_term_string}\"},\"query-input\":{\"@type\":\"PropertyValueSpecification\",\"valueRequired\":true,\"valueName\":\"search_term_string\"}}],\"inLanguage\":\"cs\"},{\"@type\":[\"Person\",\"Organization\"],\"@id\":\"https:\/\/madlenmakeup.com.ua\/#\/schema\/person\/49cd71213b472a6db978257e4616a5de\",\"name\":\"madlenmakeup\",\"image\":{\"@type\":\"ImageObject\",\"inLanguage\":\"cs\",\"@id\":\"https:\/\/madlenmakeup.com.ua\/#\/schema\/person\/image\/\",\"url\":\"https:\/\/madlenmakeup.com.ua\/wp-content\/uploads\/2023\/04\/cropped-cropped-madlen-logo-removebg-preview.png\",\"contentUrl\":\"https:\/\/madlenmakeup.com.ua\/wp-content\/uploads\/2023\/04\/cropped-cropped-madlen-logo-removebg-preview.png\",\"width\":296,\"height\":70,\"caption\":\"madlenmakeup\"},\"logo\":{\"@id\":\"https:\/\/madlenmakeup.com.ua\/#\/schema\/person\/image\/\"},\"sameAs\":[\"http:\/\/madlenmakeup.com.ua\"]}]}<\/script>\n<!-- \/ Yoast SEO plugin. -->","yoast_head_json":{"title":"\u041f\u0440\u043e\u0444\u0435\u0441\u0456\u0439\u043d\u0438\u0439 \u041d\u0430\u0431\u0456\u0440 \u043e\u043b\u0456\u0432\u0446\u0456\u0432 \u0434\u043b\u044f \u0433\u0443\u0431 \u211699 Madlen","description":"\u041d\u0430\u0431\u0456\u0440 \u043e\u043b\u0456\u0432\u0446\u0456\u0432 \u0434\u043b\u044f \u0433\u0443\u0431 \u211699 Madlen \u041f\u0440\u043e\u0434\u0430\u0454\u0442\u044c\u0441\u044f \u043e\u043f\u0442\u043e\u043c. \u041f\u0440\u0435\u0434\u0441\u0442\u0430\u0432\u043b\u044f\u0454\u043c\u043e \u043d\u0430\u0439\u043f\u043e\u043f\u0443\u043b\u044f\u0440\u043d\u0456\u0448\u0438\u0439 \u0432 \u0423\u043a\u0440\u0430\u0457\u043d\u0456 \u0434\u0435\u0440\u0435\u0432'\u044f\u043d\u0438\u0439 \u043e\u043b\u0456\u0432\u0435\u0446\u044c \u0434\u043b\u044f \u0433\u0443\u0431, \u043e\u0447\u0435\u0439 \u0442\u0430 \u0431\u0440\u0456\u0432 \u0432\u0456\u0434 \u0431\u0440\u0435\u043d\u0434\u0443 Madlen .","robots":{"index":"index","follow":"follow","max-snippet":"max-snippet:-1","max-image-preview":"max-image-preview:large","max-video-preview":"max-video-preview:-1"},"canonical":"https:\/\/madlenmakeup.com.ua\/cz\/produkt\/nabir-olivtsiv-dlya-gub-99-madlen\/","og_locale":"cs_CZ","og_type":"article","og_title":"\u041f\u0440\u043e\u0444\u0435\u0441\u0456\u0439\u043d\u0438\u0439 \u041d\u0430\u0431\u0456\u0440 \u043e\u043b\u0456\u0432\u0446\u0456\u0432 \u0434\u043b\u044f \u0433\u0443\u0431 \u211699 Madlen","og_description":"\u041d\u0430\u0431\u0456\u0440 \u043e\u043b\u0456\u0432\u0446\u0456\u0432 \u0434\u043b\u044f \u0433\u0443\u0431 \u211699 Madlen \u041f\u0440\u043e\u0434\u0430\u0454\u0442\u044c\u0441\u044f \u043e\u043f\u0442\u043e\u043c. \u041f\u0440\u0435\u0434\u0441\u0442\u0430\u0432\u043b\u044f\u0454\u043c\u043e \u043d\u0430\u0439\u043f\u043e\u043f\u0443\u043b\u044f\u0440\u043d\u0456\u0448\u0438\u0439 \u0432 \u0423\u043a\u0440\u0430\u0457\u043d\u0456 \u0434\u0435\u0440\u0435\u0432'\u044f\u043d\u0438\u0439 \u043e\u043b\u0456\u0432\u0435\u0446\u044c \u0434\u043b\u044f \u0433\u0443\u0431, \u043e\u0447\u0435\u0439 \u0442\u0430 \u0431\u0440\u0456\u0432 \u0432\u0456\u0434 \u0431\u0440\u0435\u043d\u0434\u0443 Madlen .","og_url":"https:\/\/madlenmakeup.com.ua\/cz\/produkt\/nabir-olivtsiv-dlya-gub-99-madlen\/","og_site_name":"Madlen Cosmetics","article_modified_time":"2025-09-15T17:08:25+00:00","og_image":[{"width":1080,"height":1071,"url":"https:\/\/madlenmakeup.com.ua\/wp-content\/uploads\/2023\/04\/Nabir-olivtsiv-dlya-gub-99-Madlen.jpg","type":"image\/jpeg"}],"twitter_card":"summary_large_image","twitter_misc":{"Odhadovan\u00e1 doba \u010dten\u00ed":"2 minuty"},"schema":{"@context":"https:\/\/schema.org","@graph":[{"@type":"WebPage","@id":"https:\/\/madlenmakeup.com.ua\/product\/nabir-olivtsiv-dlya-gub-99-madlen\/","url":"https:\/\/madlenmakeup.com.ua\/product\/nabir-olivtsiv-dlya-gub-99-madlen\/","name":"\u041f\u0440\u043e\u0444\u0435\u0441\u0456\u0439\u043d\u0438\u0439 \u041d\u0430\u0431\u0456\u0440 \u043e\u043b\u0456\u0432\u0446\u0456\u0432 \u0434\u043b\u044f \u0433\u0443\u0431 \u211699 Madlen","isPartOf":{"@id":"https:\/\/madlenmakeup.com.ua\/#website"},"primaryImageOfPage":{"@id":"https:\/\/madlenmakeup.com.ua\/product\/nabir-olivtsiv-dlya-gub-99-madlen\/#primaryimage"},"image":{"@id":"https:\/\/madlenmakeup.com.ua\/product\/nabir-olivtsiv-dlya-gub-99-madlen\/#primaryimage"},"thumbnailUrl":"https:\/\/madlenmakeup.com.ua\/wp-content\/uploads\/2023\/04\/Nabir-olivtsiv-dlya-gub-99-Madlen.jpg","datePublished":"2023-04-13T12:58:43+00:00","dateModified":"2025-09-15T17:08:25+00:00","description":"\u041d\u0430\u0431\u0456\u0440 \u043e\u043b\u0456\u0432\u0446\u0456\u0432 \u0434\u043b\u044f \u0433\u0443\u0431 \u211699 Madlen \u041f\u0440\u043e\u0434\u0430\u0454\u0442\u044c\u0441\u044f \u043e\u043f\u0442\u043e\u043c. \u041f\u0440\u0435\u0434\u0441\u0442\u0430\u0432\u043b\u044f\u0454\u043c\u043e \u043d\u0430\u0439\u043f\u043e\u043f\u0443\u043b\u044f\u0440\u043d\u0456\u0448\u0438\u0439 \u0432 \u0423\u043a\u0440\u0430\u0457\u043d\u0456 \u0434\u0435\u0440\u0435\u0432'\u044f\u043d\u0438\u0439 \u043e\u043b\u0456\u0432\u0435\u0446\u044c \u0434\u043b\u044f \u0433\u0443\u0431, \u043e\u0447\u0435\u0439 \u0442\u0430 \u0431\u0440\u0456\u0432 \u0432\u0456\u0434 \u0431\u0440\u0435\u043d\u0434\u0443 Madlen .","breadcrumb":{"@id":"https:\/\/madlenmakeup.com.ua\/product\/nabir-olivtsiv-dlya-gub-99-madlen\/#breadcrumb"},"inLanguage":"cs","potentialAction":[{"@type":"ReadAction","target":["https:\/\/madlenmakeup.com.ua\/product\/nabir-olivtsiv-dlya-gub-99-madlen\/"]}]},{"@type":"ImageObject","inLanguage":"cs","@id":"https:\/\/madlenmakeup.com.ua\/product\/nabir-olivtsiv-dlya-gub-99-madlen\/#primaryimage","url":"https:\/\/madlenmakeup.com.ua\/wp-content\/uploads\/2023\/04\/Nabir-olivtsiv-dlya-gub-99-Madlen.jpg","contentUrl":"https:\/\/madlenmakeup.com.ua\/wp-content\/uploads\/2023\/04\/Nabir-olivtsiv-dlya-gub-99-Madlen.jpg","width":1080,"height":1071,"caption":"https:\/\/madlenmakeup.com.ua"},{"@type":"BreadcrumbList","@id":"https:\/\/madlenmakeup.com.ua\/product\/nabir-olivtsiv-dlya-gub-99-madlen\/#breadcrumb","itemListElement":[{"@type":"ListItem","position":1,"name":"\u0413\u043e\u043b\u043e\u0432\u043d\u0430","item":"https:\/\/madlenmakeup.com.ua\/"},{"@type":"ListItem","position":2,"name":"\u041c\u0430\u0433\u0430\u0437\u0438\u043d","item":"https:\/\/madlenmakeup.com.ua\/shop\/"},{"@type":"ListItem","position":3,"name":"\u041d\u0430\u0431\u0456\u0440 \u043e\u043b\u0456\u0432\u0446\u0456\u0432 \u0434\u043b\u044f \u0433\u0443\u0431 \u211699 Madlen"}]},{"@type":"WebSite","@id":"https:\/\/madlenmakeup.com.ua\/#website","url":"https:\/\/madlenmakeup.com.ua\/","name":"Madlen Cosmetics","description":"\u041c\u0430\u0433\u0430\u0437\u0438\u043d \u043f\u0440\u043e\u0444\u0435\u0441\u0456\u0439\u043d\u043e\u0457 \u043a\u043e\u0441\u043c\u0435\u0442\u0438\u043a\u0438","publisher":{"@id":"https:\/\/madlenmakeup.com.ua\/#\/schema\/person\/49cd71213b472a6db978257e4616a5de"},"potentialAction":[{"@type":"SearchAction","target":{"@type":"EntryPoint","urlTemplate":"https:\/\/madlenmakeup.com.ua\/?s={search_term_string}"},"query-input":{"@type":"PropertyValueSpecification","valueRequired":true,"valueName":"search_term_string"}}],"inLanguage":"cs"},{"@type":["Person","Organization"],"@id":"https:\/\/madlenmakeup.com.ua\/#\/schema\/person\/49cd71213b472a6db978257e4616a5de","name":"madlenmakeup","image":{"@type":"ImageObject","inLanguage":"cs","@id":"https:\/\/madlenmakeup.com.ua\/#\/schema\/person\/image\/","url":"https:\/\/madlenmakeup.com.ua\/wp-content\/uploads\/2023\/04\/cropped-cropped-madlen-logo-removebg-preview.png","contentUrl":"https:\/\/madlenmakeup.com.ua\/wp-content\/uploads\/2023\/04\/cropped-cropped-madlen-logo-removebg-preview.png","width":296,"height":70,"caption":"madlenmakeup"},"logo":{"@id":"https:\/\/madlenmakeup.com.ua\/#\/schema\/person\/image\/"},"sameAs":["http:\/\/madlenmakeup.com.ua"]}]}},"_links":{"self":[{"href":"https:\/\/madlenmakeup.com.ua\/cz\/wp-json\/wp\/v2\/product\/5686","targetHints":{"allow":["GET"]}}],"collection":[{"href":"https:\/\/madlenmakeup.com.ua\/cz\/wp-json\/wp\/v2\/product"}],"about":[{"href":"https:\/\/madlenmakeup.com.ua\/cz\/wp-json\/wp\/v2\/types\/product"}],"replies":[{"embeddable":true,"href":"https:\/\/madlenmakeup.com.ua\/cz\/wp-json\/wp\/v2\/comments?post=5686"}],"version-history":[{"count":14,"href":"https:\/\/madlenmakeup.com.ua\/cz\/wp-json\/wp\/v2\/product\/5686\/revisions"}],"predecessor-version":[{"id":5952,"href":"https:\/\/madlenmakeup.com.ua\/cz\/wp-json\/wp\/v2\/product\/5686\/revisions\/5952"}],"wp:featuredmedia":[{"embeddable":true,"href":"https:\/\/madlenmakeup.com.ua\/cz\/wp-json\/wp\/v2\/media\/8250"}],"wp:attachment":[{"href":"https:\/\/madlenmakeup.com.ua\/cz\/wp-json\/wp\/v2\/media?parent=5686"}],"wp:term":[{"taxonomy":"product_cat","embeddable":true,"href":"https:\/\/madlenmakeup.com.ua\/cz\/wp-json\/wp\/v2\/product_cat?post=5686"},{"taxonomy":"product_tag","embeddable":true,"href":"https:\/\/madlenmakeup.com.ua\/cz\/wp-json\/wp\/v2\/product_tag?post=5686"}],"curies":[{"name":"wp","href":"https:\/\/api.w.org\/{rel}","templated":true}]}}