{"id":6291,"date":"2023-05-25T21:01:54","date_gmt":"2023-05-25T18:01:54","guid":{"rendered":"https:\/\/madlenmakeup.com.ua\/?post_type=product&#038;p=6291"},"modified":"2026-04-08T02:13:42","modified_gmt":"2026-04-07T23:13:42","slug":"kapsuly-dlya-volossya-intensyvna-terapiya-sevich-hair-vitamin-with-ginseng-honey-oil-30-sht-pomaranchevyj","status":"publish","type":"product","link":"https:\/\/madlenmakeup.com.ua\/cz\/produkt\/kapsuly-dlya-volossya-intensyvna-terapiya-sevich-hair-vitamin-with-ginseng-honey-oil-30-sht-pomaranchevyj\/","title":{"rendered":"Vlasov\u00e9 kapsle \"Intensive Therapy\" Sevich vlasov\u00fd vitam\u00edn s \u017een\u0161enem a medov\u00fdm olejem 30 ks Pomeran\u010d"},"content":{"rendered":"<p><strong>Vlasov\u00e9 kapsle \"Intensive Therapy\" Sevich vlasov\u00fd vitam\u00edn s \u017een\u0161enem a medov\u00fdm olejem<br \/>\n<\/strong><\/p>\n<p>\u2764Pro k\u0159ehk\u00e9, por\u00e9zn\u00ed vlasy, kter\u00e9 ztratily sv\u016fj vit\u00e1ln\u00ed vzhled.<\/p>\n<p>\u2764\u017den\u0161en d\u011bl\u00e1 vlasy poslu\u0161n\u011bj\u0161\u00edmi, med l\u00e9\u010d\u00ed a zjem\u0148uje.<\/p>\n<p>\u2764Vitaminy A, C, E &amp; Pro Vit B5 vy\u017eivuj\u00ed vlasy, odstra\u0148uj\u00ed po\u0161kozen\u00ed a rozt\u0159epen\u00e9 kone\u010dky ji\u017e po prvn\u00edm pou\u017eit\u00ed.<\/p>\n<p>\u2764Kapsle vytv\u00e1\u0159\u00ed na povrchu vlasu neviditeln\u00fd film, kter\u00fd zadr\u017euje p\u0159irozenou vlhkost a zabra\u0148uje vn\u011bj\u0161\u00edm faktor\u016fm agresivn\u011b ovliv\u0148ovat vlasy.<\/p>\n<p>\u2764Vlasy se stanou poslu\u0161n\u00fdmi, m\u011bkk\u00fdmi a leskl\u00fdmi.\u00a0<\/p>\n<p class=\" translation-block\">Po pou\u017eit\u00ed kapsl\u00ed <strong>se p\u00e9\u010de o vlasy prom\u011bn\u00ed v \u010dir\u00e9 pot\u011b\u0161en\u00ed<\/strong>! Ka\u017ed\u00e1 kapsle obsahuje vitam\u00ednovou bombu pro vlasy v podob\u011b regenera\u010dn\u00edho oleje s p\u0159\u00edrodn\u00edmi p\u0159\u00edsadami. <strong>Olej okam\u017eit\u011b zlep\u0161uje stav vlas\u016f<\/strong> a m\u00e1 tak\u00e9 <strong>tepelnou ochranu<\/strong>. Obaluj\u00edc\u00ed ka\u017ed\u00fd vlas, olej normalizuje vodn\u00ed rovnov\u00e1hu a procesy v\u00fdm\u011bny, dod\u00e1v\u00e1 kade\u0159\u00edm hedv\u00e1bn\u00fd lesk a s\u00edlu. Kapsle zabra\u0148uj\u00ed nadm\u011brn\u00e9mu nad\u00fdch\u00e1n\u00ed pramen\u016f a \"ut\u011bs\u0148uj\u00ed\" kone\u010dky. V d\u016fsledku toho se vlasy st\u00e1vaj\u00ed m\u011bkk\u00fdmi a drobiv\u00fdmi. A p\u0159i pravideln\u00e9m pou\u017e\u00edv\u00e1n\u00ed kapsl\u00ed si budete moci nar\u016fst po\u017eadovanou d\u00e9lku, kade\u0159e v\u00e1s v\u017edy pot\u011b\u0161\u00ed \u017eiv\u00fdm a upraven\u00fdm vzhledem.<\/p>\n<p><em>Kapsle si m\u016f\u017eete vz\u00edt v\u017edy na cesty (dovolen\u00e1, slu\u017eebn\u00ed cesta, v\u00edkend). P\u00e1r kapsl\u00ed nic nev\u00e1\u017e\u00ed a nezabere moc m\u00edsta a vlasy budou z\u00e1rove\u0148 vypadat na 100%.<\/em><\/p>\n<p><strong>JAK POU\u017d\u00cdVAT:<\/strong><\/p>\n<ul>\n<li>Umyjte si vlasy a osu\u0161te ru\u010dn\u00edkem.<\/li>\n<li>Od\u0159\u00edzn\u011bte nebo od\u0161roubujte uz\u00e1v\u011br tobolky.<\/li>\n<li>Obsah vyma\u010dkejte do dlan\u011b, zah\u0159ejte t\u0159en\u00edm rukou a naneste na vlasy, nechte 10-15 cm od ko\u0159\u00ednk\u016f.<\/li>\n<li>Nesm\u00fdvat!<\/li>\n<li>Vysu\u0161te si vlasy obvykl\u00fdm zp\u016fsobem.<\/li>\n<li>Lze pou\u017e\u00edt p\u0159ed i po \u010des\u00e1n\u00ed. Je \u00fa\u010dinn\u00fd i p\u0159i pou\u017eit\u00ed na such\u00e9 vlasy.<\/li>\n<\/ul>\n<p><strong>\u00a0<\/strong><\/p>","protected":false},"excerpt":{"rendered":"<p>\u041a\u0430\u043f\u0441\u0443\u043b\u0438 \u0434\u043b\u044f \u0432\u043e\u043b\u043e\u0441\u0441\u044f \u00ab\u0406\u043d\u0442\u0435\u043d\u0441\u0438\u0432\u043d\u0430 \u0422\u0435\u0440\u0430\u043f\u0456\u044f\u00bb Sevich Hair Vitamin With Ginseng &amp; Honey Oil. \u2764\u0414\u043b\u044f \u043b\u0430\u043c\u043a\u043e\u0433\u043e, \u043f\u043e\u0440\u0438\u0441\u0442\u043e\u0433\u043e \u0432\u043e\u043b\u043e\u0441\u0441\u044f, \u044f\u043a\u0435 \u0432\u0442\u0440\u0430\u0442\u0438\u043b\u043e \u0436\u0438\u0442\u0442\u0454\u0432\u0438\u0439 \u0432\u0438\u0433\u043b\u044f\u0434. \u2764\u0416\u0435\u043d\u044c\u0448\u0435\u043d\u044c \u0440\u043e\u0431\u0438\u0442\u044c \u0432\u043e\u043b\u043e\u0441\u0441\u044f \u0431\u0456\u043b\u044c\u0448 \u0441\u043b\u0443\u0445\u043d\u044f\u043d\u0438\u043c, \u043c\u0435\u0434 \u043b\u0456\u043a\u0443\u0454 \u0442\u0430 \u043f\u043e\u043c\u2019\u044f\u043a\u0448\u0443\u0454. \u2764\u0412\u0456\u0442\u0430\u043c\u0456\u043d\u0438 A, C, E &amp; Pro Vit B5 \u0436\u0438\u0432\u043b\u044f\u0442\u044c \u0432\u043e\u043b\u043e\u0441\u0441\u044f, \u043f\u0440\u0438\u0431\u0438\u0440\u0430\u044e\u0442\u044c \u043f\u043e\u0448\u043a\u043e\u0434\u0436\u0435\u043d\u043d\u044f \u0442\u0430 \u043f\u043e\u0441\u0456\u0447\u0435\u043d\u0456\u0441\u0442\u044c \u0432\u0436\u0435 \u043f\u0456\u0441\u043b\u044f \u043f\u0435\u0440\u0448\u043e\u0433\u043e \u0432\u0438\u043a\u043e\u0440\u0438\u0441\u0442\u0430\u043d\u043d\u044f. \u2764\u041a\u0430\u043f\u0441\u0443\u043b\u0438 \u0441\u0442\u0432\u043e\u0440\u044e\u044e\u0442\u044c \u043d\u0430 \u043f\u043e\u0432\u0435\u0440\u0445\u043d\u0456 \u0432\u043e\u043b\u043e\u0441\u0441\u044f \u043d\u0435\u0432\u0438\u0434\u0438\u043c\u0443 \u043f\u043b\u0456\u0432\u043a\u0443, &hellip;<\/p>\n<p class=\"read-more\"> <a class=\"\" href=\"https:\/\/madlenmakeup.com.ua\/cz\/produkt\/kapsuly-dlya-volossya-intensyvna-terapiya-sevich-hair-vitamin-with-ginseng-honey-oil-30-sht-pomaranchevyj\/\"> <span class=\"screen-reader-text\">Vlasov\u00e9 kapsle \"Intensive Therapy\" Sevich vlasov\u00fd vitam\u00edn s \u017een\u0161enem a medov\u00fdm olejem 30 ks Pomeran\u010d<\/span> Pokra\u010dovat ve \u010dten\u00ed &raquo;<\/a><\/p>","protected":false},"featured_media":6292,"comment_status":"open","ping_status":"closed","template":"","meta":{"site-sidebar-layout":"default","site-content-layout":"default","ast-global-header-display":"","ast-main-header-display":"","ast-hfb-above-header-display":"","ast-hfb-below-header-display":"","ast-hfb-mobile-header-display":"","site-post-title":"","ast-breadcrumbs-content":"","ast-featured-img":"","footer-sml-layout":"","theme-transparent-header-meta":"default","adv-header-id-meta":"","stick-header-meta":"","header-above-stick-meta":"","header-main-stick-meta":"","header-below-stick-meta":""},"product_cat":[64],"product_tag":[],"class_list":{"0":"post-6291","1":"product","2":"type-product","3":"status-publish","4":"has-post-thumbnail","6":"product_brand-sevich-hair-vitamin","7":"product_cat-volossya","8":"desktop-align-left","9":"tablet-align-left","10":"mobile-align-left","12":"first","13":"outofstock","14":"shipping-taxable","15":"purchasable","16":"product-type-simple"},"yoast_head":"<!-- This site is optimized with the Yoast SEO plugin v25.6 - https:\/\/yoast.com\/wordpress\/plugins\/seo\/ -->\n<title>\u041a\u0430\u043f\u0441\u0443\u043b\u0438 \u0434\u043b\u044f \u0432\u043e\u043b\u043e\u0441\u0441\u044f Sevich Hair Vitamin Oil - Madlen Cosmetics<\/title>\n<meta name=\"description\" content=\"\u041a\u0430\u043f\u0441\u0443\u043b\u0438 \u0434\u043b\u044f \u0432\u043e\u043b\u043e\u0441\u0441\u044f \u00ab\u0406\u043d\u0442\u0435\u043d\u0441\u0438\u0432\u043d\u0430 \u0422\u0435\u0440\u0430\u043f\u0456\u044f\u00bb Sevich Hair Vitamin With Ginseng &amp; Honey Oil \u043f\u0440\u043e\u0434\u0430\u0454\u0442\u044c\u0441\u044f \u043e\u043f\u0442\u043e\u043c. \u041d\u0438\u0437\u044c\u043a\u0456 \u0446\u0456\u043d\u0438. \u0412\u0435\u043b\u0438\u043a\u0438\u0439 \u0430\u0441\u043e\u0440\u0442\u0438\u043c\u0435\u043d\u0442\u0438 \u043a\u043e\u0441\u043c\u0435\u0442\u0438\u043a\u0438.\" \/>\n<meta name=\"robots\" content=\"index, follow, max-snippet:-1, max-image-preview:large, max-video-preview:-1\" \/>\n<link rel=\"canonical\" href=\"https:\/\/madlenmakeup.com.ua\/cz\/produkt\/kapsuly-dlya-volossya-intensyvna-terapiya-sevich-hair-vitamin-with-ginseng-honey-oil-30-sht-pomaranchevyj\/\" \/>\n<meta property=\"og:locale\" content=\"cs_CZ\" \/>\n<meta property=\"og:type\" content=\"article\" \/>\n<meta property=\"og:title\" content=\"\u041a\u0430\u043f\u0441\u0443\u043b\u0438 \u0434\u043b\u044f \u0432\u043e\u043b\u043e\u0441\u0441\u044f Sevich Hair Vitamin Oil - Madlen Cosmetics\" \/>\n<meta property=\"og:description\" content=\"\u041a\u0430\u043f\u0441\u0443\u043b\u0438 \u0434\u043b\u044f \u0432\u043e\u043b\u043e\u0441\u0441\u044f \u00ab\u0406\u043d\u0442\u0435\u043d\u0441\u0438\u0432\u043d\u0430 \u0422\u0435\u0440\u0430\u043f\u0456\u044f\u00bb Sevich Hair Vitamin With Ginseng &amp; Honey Oil \u043f\u0440\u043e\u0434\u0430\u0454\u0442\u044c\u0441\u044f \u043e\u043f\u0442\u043e\u043c. \u041d\u0438\u0437\u044c\u043a\u0456 \u0446\u0456\u043d\u0438. \u0412\u0435\u043b\u0438\u043a\u0438\u0439 \u0430\u0441\u043e\u0440\u0442\u0438\u043c\u0435\u043d\u0442\u0438 \u043a\u043e\u0441\u043c\u0435\u0442\u0438\u043a\u0438.\" \/>\n<meta property=\"og:url\" content=\"https:\/\/madlenmakeup.com.ua\/cz\/produkt\/kapsuly-dlya-volossya-intensyvna-terapiya-sevich-hair-vitamin-with-ginseng-honey-oil-30-sht-pomaranchevyj\/\" \/>\n<meta property=\"og:site_name\" content=\"Madlen Cosmetics\" \/>\n<meta property=\"article:modified_time\" content=\"2026-04-07T23:13:42+00:00\" \/>\n<meta property=\"og:image\" content=\"https:\/\/madlenmakeup.com.ua\/wp-content\/uploads\/2023\/05\/Kapsuly-dlya-volos-Sevich-Hair-Vitamin-With-Ginseng-Honey-Oil-30-sht-optom.jpg\" \/>\n\t<meta property=\"og:image:width\" content=\"1600\" \/>\n\t<meta property=\"og:image:height\" content=\"1585\" \/>\n\t<meta property=\"og:image:type\" content=\"image\/jpeg\" \/>\n<meta name=\"twitter:card\" content=\"summary_large_image\" \/>\n<meta name=\"twitter:label1\" content=\"Odhadovan\u00e1 doba \u010dten\u00ed\" \/>\n\t<meta name=\"twitter:data1\" content=\"2 minuty\" \/>\n<script type=\"application\/ld+json\" class=\"yoast-schema-graph\">{\"@context\":\"https:\/\/schema.org\",\"@graph\":[{\"@type\":\"WebPage\",\"@id\":\"https:\/\/madlenmakeup.com.ua\/product\/kapsuly-dlya-volossya-intensyvna-terapiya-sevich-hair-vitamin-with-ginseng-honey-oil-30-sht-pomaranchevyj\/\",\"url\":\"https:\/\/madlenmakeup.com.ua\/product\/kapsuly-dlya-volossya-intensyvna-terapiya-sevich-hair-vitamin-with-ginseng-honey-oil-30-sht-pomaranchevyj\/\",\"name\":\"\u041a\u0430\u043f\u0441\u0443\u043b\u0438 \u0434\u043b\u044f \u0432\u043e\u043b\u043e\u0441\u0441\u044f Sevich Hair Vitamin Oil - Madlen Cosmetics\",\"isPartOf\":{\"@id\":\"https:\/\/madlenmakeup.com.ua\/#website\"},\"primaryImageOfPage\":{\"@id\":\"https:\/\/madlenmakeup.com.ua\/product\/kapsuly-dlya-volossya-intensyvna-terapiya-sevich-hair-vitamin-with-ginseng-honey-oil-30-sht-pomaranchevyj\/#primaryimage\"},\"image\":{\"@id\":\"https:\/\/madlenmakeup.com.ua\/product\/kapsuly-dlya-volossya-intensyvna-terapiya-sevich-hair-vitamin-with-ginseng-honey-oil-30-sht-pomaranchevyj\/#primaryimage\"},\"thumbnailUrl\":\"https:\/\/madlenmakeup.com.ua\/wp-content\/uploads\/2023\/05\/Kapsuly-dlya-volos-Sevich-Hair-Vitamin-With-Ginseng-Honey-Oil-30-sht-optom.jpg\",\"datePublished\":\"2023-05-25T18:01:54+00:00\",\"dateModified\":\"2026-04-07T23:13:42+00:00\",\"description\":\"\u041a\u0430\u043f\u0441\u0443\u043b\u0438 \u0434\u043b\u044f \u0432\u043e\u043b\u043e\u0441\u0441\u044f \u00ab\u0406\u043d\u0442\u0435\u043d\u0441\u0438\u0432\u043d\u0430 \u0422\u0435\u0440\u0430\u043f\u0456\u044f\u00bb Sevich Hair Vitamin With Ginseng & Honey Oil \u043f\u0440\u043e\u0434\u0430\u0454\u0442\u044c\u0441\u044f \u043e\u043f\u0442\u043e\u043c. \u041d\u0438\u0437\u044c\u043a\u0456 \u0446\u0456\u043d\u0438. \u0412\u0435\u043b\u0438\u043a\u0438\u0439 \u0430\u0441\u043e\u0440\u0442\u0438\u043c\u0435\u043d\u0442\u0438 \u043a\u043e\u0441\u043c\u0435\u0442\u0438\u043a\u0438.\",\"breadcrumb\":{\"@id\":\"https:\/\/madlenmakeup.com.ua\/product\/kapsuly-dlya-volossya-intensyvna-terapiya-sevich-hair-vitamin-with-ginseng-honey-oil-30-sht-pomaranchevyj\/#breadcrumb\"},\"inLanguage\":\"cs\",\"potentialAction\":[{\"@type\":\"ReadAction\",\"target\":[\"https:\/\/madlenmakeup.com.ua\/product\/kapsuly-dlya-volossya-intensyvna-terapiya-sevich-hair-vitamin-with-ginseng-honey-oil-30-sht-pomaranchevyj\/\"]}]},{\"@type\":\"ImageObject\",\"inLanguage\":\"cs\",\"@id\":\"https:\/\/madlenmakeup.com.ua\/product\/kapsuly-dlya-volossya-intensyvna-terapiya-sevich-hair-vitamin-with-ginseng-honey-oil-30-sht-pomaranchevyj\/#primaryimage\",\"url\":\"https:\/\/madlenmakeup.com.ua\/wp-content\/uploads\/2023\/05\/Kapsuly-dlya-volos-Sevich-Hair-Vitamin-With-Ginseng-Honey-Oil-30-sht-optom.jpg\",\"contentUrl\":\"https:\/\/madlenmakeup.com.ua\/wp-content\/uploads\/2023\/05\/Kapsuly-dlya-volos-Sevich-Hair-Vitamin-With-Ginseng-Honey-Oil-30-sht-optom.jpg\",\"width\":1600,\"height\":1585,\"caption\":\"\u041a\u0430\u043f\u0441\u0443\u043b\u0438 \u0434\u043b\u044f \u0432\u043e\u043b\u043e\u0441\u0441\u044f \u00ab\u0406\u043d\u0442\u0435\u043d\u0441\u0438\u0432\u043d\u0430 \u0422\u0435\u0440\u0430\u043f\u0456\u044f\u00bb Sevich Hair Vitamin With Ginseng &amp; Honey Oil\"},{\"@type\":\"BreadcrumbList\",\"@id\":\"https:\/\/madlenmakeup.com.ua\/product\/kapsuly-dlya-volossya-intensyvna-terapiya-sevich-hair-vitamin-with-ginseng-honey-oil-30-sht-pomaranchevyj\/#breadcrumb\",\"itemListElement\":[{\"@type\":\"ListItem\",\"position\":1,\"name\":\"\u0413\u043e\u043b\u043e\u0432\u043d\u0430\",\"item\":\"https:\/\/madlenmakeup.com.ua\/\"},{\"@type\":\"ListItem\",\"position\":2,\"name\":\"\u041c\u0430\u0433\u0430\u0437\u0438\u043d\",\"item\":\"https:\/\/madlenmakeup.com.ua\/shop\/\"},{\"@type\":\"ListItem\",\"position\":3,\"name\":\"\u041a\u0430\u043f\u0441\u0443\u043b\u0438 \u0434\u043b\u044f \u0432\u043e\u043b\u043e\u0441\u0441\u044f \u00ab\u0406\u043d\u0442\u0435\u043d\u0441\u0438\u0432\u043d\u0430 \u0422\u0435\u0440\u0430\u043f\u0456\u044f\u00bb Sevich Hair Vitamin With Ginseng &#038; Honey Oil 30 \u0448\u0442 \u041f\u043e\u043c\u0430\u0440\u0430\u043d\u0447\u0435\u0432\u0438\u0439\"}]},{\"@type\":\"WebSite\",\"@id\":\"https:\/\/madlenmakeup.com.ua\/#website\",\"url\":\"https:\/\/madlenmakeup.com.ua\/\",\"name\":\"Madlen Cosmetics\",\"description\":\"\u041c\u0430\u0433\u0430\u0437\u0438\u043d \u043f\u0440\u043e\u0444\u0435\u0441\u0456\u0439\u043d\u043e\u0457 \u043a\u043e\u0441\u043c\u0435\u0442\u0438\u043a\u0438\",\"publisher\":{\"@id\":\"https:\/\/madlenmakeup.com.ua\/#\/schema\/person\/49cd71213b472a6db978257e4616a5de\"},\"potentialAction\":[{\"@type\":\"SearchAction\",\"target\":{\"@type\":\"EntryPoint\",\"urlTemplate\":\"https:\/\/madlenmakeup.com.ua\/?s={search_term_string}\"},\"query-input\":{\"@type\":\"PropertyValueSpecification\",\"valueRequired\":true,\"valueName\":\"search_term_string\"}}],\"inLanguage\":\"cs\"},{\"@type\":[\"Person\",\"Organization\"],\"@id\":\"https:\/\/madlenmakeup.com.ua\/#\/schema\/person\/49cd71213b472a6db978257e4616a5de\",\"name\":\"madlenmakeup\",\"image\":{\"@type\":\"ImageObject\",\"inLanguage\":\"cs\",\"@id\":\"https:\/\/madlenmakeup.com.ua\/#\/schema\/person\/image\/\",\"url\":\"https:\/\/madlenmakeup.com.ua\/wp-content\/uploads\/2023\/04\/cropped-cropped-madlen-logo-removebg-preview.png\",\"contentUrl\":\"https:\/\/madlenmakeup.com.ua\/wp-content\/uploads\/2023\/04\/cropped-cropped-madlen-logo-removebg-preview.png\",\"width\":296,\"height\":70,\"caption\":\"madlenmakeup\"},\"logo\":{\"@id\":\"https:\/\/madlenmakeup.com.ua\/#\/schema\/person\/image\/\"},\"sameAs\":[\"http:\/\/madlenmakeup.com.ua\"]}]}<\/script>\n<!-- \/ Yoast SEO plugin. -->","yoast_head_json":{"title":"\u041a\u0430\u043f\u0441\u0443\u043b\u0438 \u0434\u043b\u044f \u0432\u043e\u043b\u043e\u0441\u0441\u044f Sevich Hair Vitamin Oil - Madlen Cosmetics","description":"\u041a\u0430\u043f\u0441\u0443\u043b\u0438 \u0434\u043b\u044f \u0432\u043e\u043b\u043e\u0441\u0441\u044f \u00ab\u0406\u043d\u0442\u0435\u043d\u0441\u0438\u0432\u043d\u0430 \u0422\u0435\u0440\u0430\u043f\u0456\u044f\u00bb Sevich Hair Vitamin With Ginseng & Honey Oil \u043f\u0440\u043e\u0434\u0430\u0454\u0442\u044c\u0441\u044f \u043e\u043f\u0442\u043e\u043c. \u041d\u0438\u0437\u044c\u043a\u0456 \u0446\u0456\u043d\u0438. \u0412\u0435\u043b\u0438\u043a\u0438\u0439 \u0430\u0441\u043e\u0440\u0442\u0438\u043c\u0435\u043d\u0442\u0438 \u043a\u043e\u0441\u043c\u0435\u0442\u0438\u043a\u0438.","robots":{"index":"index","follow":"follow","max-snippet":"max-snippet:-1","max-image-preview":"max-image-preview:large","max-video-preview":"max-video-preview:-1"},"canonical":"https:\/\/madlenmakeup.com.ua\/cz\/produkt\/kapsuly-dlya-volossya-intensyvna-terapiya-sevich-hair-vitamin-with-ginseng-honey-oil-30-sht-pomaranchevyj\/","og_locale":"cs_CZ","og_type":"article","og_title":"\u041a\u0430\u043f\u0441\u0443\u043b\u0438 \u0434\u043b\u044f \u0432\u043e\u043b\u043e\u0441\u0441\u044f Sevich Hair Vitamin Oil - Madlen Cosmetics","og_description":"\u041a\u0430\u043f\u0441\u0443\u043b\u0438 \u0434\u043b\u044f \u0432\u043e\u043b\u043e\u0441\u0441\u044f \u00ab\u0406\u043d\u0442\u0435\u043d\u0441\u0438\u0432\u043d\u0430 \u0422\u0435\u0440\u0430\u043f\u0456\u044f\u00bb Sevich Hair Vitamin With Ginseng & Honey Oil \u043f\u0440\u043e\u0434\u0430\u0454\u0442\u044c\u0441\u044f \u043e\u043f\u0442\u043e\u043c. \u041d\u0438\u0437\u044c\u043a\u0456 \u0446\u0456\u043d\u0438. \u0412\u0435\u043b\u0438\u043a\u0438\u0439 \u0430\u0441\u043e\u0440\u0442\u0438\u043c\u0435\u043d\u0442\u0438 \u043a\u043e\u0441\u043c\u0435\u0442\u0438\u043a\u0438.","og_url":"https:\/\/madlenmakeup.com.ua\/cz\/produkt\/kapsuly-dlya-volossya-intensyvna-terapiya-sevich-hair-vitamin-with-ginseng-honey-oil-30-sht-pomaranchevyj\/","og_site_name":"Madlen Cosmetics","article_modified_time":"2026-04-07T23:13:42+00:00","og_image":[{"width":1600,"height":1585,"url":"https:\/\/madlenmakeup.com.ua\/wp-content\/uploads\/2023\/05\/Kapsuly-dlya-volos-Sevich-Hair-Vitamin-With-Ginseng-Honey-Oil-30-sht-optom.jpg","type":"image\/jpeg"}],"twitter_card":"summary_large_image","twitter_misc":{"Odhadovan\u00e1 doba \u010dten\u00ed":"2 minuty"},"schema":{"@context":"https:\/\/schema.org","@graph":[{"@type":"WebPage","@id":"https:\/\/madlenmakeup.com.ua\/product\/kapsuly-dlya-volossya-intensyvna-terapiya-sevich-hair-vitamin-with-ginseng-honey-oil-30-sht-pomaranchevyj\/","url":"https:\/\/madlenmakeup.com.ua\/product\/kapsuly-dlya-volossya-intensyvna-terapiya-sevich-hair-vitamin-with-ginseng-honey-oil-30-sht-pomaranchevyj\/","name":"\u041a\u0430\u043f\u0441\u0443\u043b\u0438 \u0434\u043b\u044f \u0432\u043e\u043b\u043e\u0441\u0441\u044f Sevich Hair Vitamin Oil - Madlen Cosmetics","isPartOf":{"@id":"https:\/\/madlenmakeup.com.ua\/#website"},"primaryImageOfPage":{"@id":"https:\/\/madlenmakeup.com.ua\/product\/kapsuly-dlya-volossya-intensyvna-terapiya-sevich-hair-vitamin-with-ginseng-honey-oil-30-sht-pomaranchevyj\/#primaryimage"},"image":{"@id":"https:\/\/madlenmakeup.com.ua\/product\/kapsuly-dlya-volossya-intensyvna-terapiya-sevich-hair-vitamin-with-ginseng-honey-oil-30-sht-pomaranchevyj\/#primaryimage"},"thumbnailUrl":"https:\/\/madlenmakeup.com.ua\/wp-content\/uploads\/2023\/05\/Kapsuly-dlya-volos-Sevich-Hair-Vitamin-With-Ginseng-Honey-Oil-30-sht-optom.jpg","datePublished":"2023-05-25T18:01:54+00:00","dateModified":"2026-04-07T23:13:42+00:00","description":"\u041a\u0430\u043f\u0441\u0443\u043b\u0438 \u0434\u043b\u044f \u0432\u043e\u043b\u043e\u0441\u0441\u044f \u00ab\u0406\u043d\u0442\u0435\u043d\u0441\u0438\u0432\u043d\u0430 \u0422\u0435\u0440\u0430\u043f\u0456\u044f\u00bb Sevich Hair Vitamin With Ginseng & Honey Oil \u043f\u0440\u043e\u0434\u0430\u0454\u0442\u044c\u0441\u044f \u043e\u043f\u0442\u043e\u043c. \u041d\u0438\u0437\u044c\u043a\u0456 \u0446\u0456\u043d\u0438. \u0412\u0435\u043b\u0438\u043a\u0438\u0439 \u0430\u0441\u043e\u0440\u0442\u0438\u043c\u0435\u043d\u0442\u0438 \u043a\u043e\u0441\u043c\u0435\u0442\u0438\u043a\u0438.","breadcrumb":{"@id":"https:\/\/madlenmakeup.com.ua\/product\/kapsuly-dlya-volossya-intensyvna-terapiya-sevich-hair-vitamin-with-ginseng-honey-oil-30-sht-pomaranchevyj\/#breadcrumb"},"inLanguage":"cs","potentialAction":[{"@type":"ReadAction","target":["https:\/\/madlenmakeup.com.ua\/product\/kapsuly-dlya-volossya-intensyvna-terapiya-sevich-hair-vitamin-with-ginseng-honey-oil-30-sht-pomaranchevyj\/"]}]},{"@type":"ImageObject","inLanguage":"cs","@id":"https:\/\/madlenmakeup.com.ua\/product\/kapsuly-dlya-volossya-intensyvna-terapiya-sevich-hair-vitamin-with-ginseng-honey-oil-30-sht-pomaranchevyj\/#primaryimage","url":"https:\/\/madlenmakeup.com.ua\/wp-content\/uploads\/2023\/05\/Kapsuly-dlya-volos-Sevich-Hair-Vitamin-With-Ginseng-Honey-Oil-30-sht-optom.jpg","contentUrl":"https:\/\/madlenmakeup.com.ua\/wp-content\/uploads\/2023\/05\/Kapsuly-dlya-volos-Sevich-Hair-Vitamin-With-Ginseng-Honey-Oil-30-sht-optom.jpg","width":1600,"height":1585,"caption":"\u041a\u0430\u043f\u0441\u0443\u043b\u0438 \u0434\u043b\u044f \u0432\u043e\u043b\u043e\u0441\u0441\u044f \u00ab\u0406\u043d\u0442\u0435\u043d\u0441\u0438\u0432\u043d\u0430 \u0422\u0435\u0440\u0430\u043f\u0456\u044f\u00bb Sevich Hair Vitamin With Ginseng &amp; Honey Oil"},{"@type":"BreadcrumbList","@id":"https:\/\/madlenmakeup.com.ua\/product\/kapsuly-dlya-volossya-intensyvna-terapiya-sevich-hair-vitamin-with-ginseng-honey-oil-30-sht-pomaranchevyj\/#breadcrumb","itemListElement":[{"@type":"ListItem","position":1,"name":"\u0413\u043e\u043b\u043e\u0432\u043d\u0430","item":"https:\/\/madlenmakeup.com.ua\/"},{"@type":"ListItem","position":2,"name":"\u041c\u0430\u0433\u0430\u0437\u0438\u043d","item":"https:\/\/madlenmakeup.com.ua\/shop\/"},{"@type":"ListItem","position":3,"name":"\u041a\u0430\u043f\u0441\u0443\u043b\u0438 \u0434\u043b\u044f \u0432\u043e\u043b\u043e\u0441\u0441\u044f \u00ab\u0406\u043d\u0442\u0435\u043d\u0441\u0438\u0432\u043d\u0430 \u0422\u0435\u0440\u0430\u043f\u0456\u044f\u00bb Sevich Hair Vitamin With Ginseng &#038; Honey Oil 30 \u0448\u0442 \u041f\u043e\u043c\u0430\u0440\u0430\u043d\u0447\u0435\u0432\u0438\u0439"}]},{"@type":"WebSite","@id":"https:\/\/madlenmakeup.com.ua\/#website","url":"https:\/\/madlenmakeup.com.ua\/","name":"Madlen Cosmetics","description":"\u041c\u0430\u0433\u0430\u0437\u0438\u043d \u043f\u0440\u043e\u0444\u0435\u0441\u0456\u0439\u043d\u043e\u0457 \u043a\u043e\u0441\u043c\u0435\u0442\u0438\u043a\u0438","publisher":{"@id":"https:\/\/madlenmakeup.com.ua\/#\/schema\/person\/49cd71213b472a6db978257e4616a5de"},"potentialAction":[{"@type":"SearchAction","target":{"@type":"EntryPoint","urlTemplate":"https:\/\/madlenmakeup.com.ua\/?s={search_term_string}"},"query-input":{"@type":"PropertyValueSpecification","valueRequired":true,"valueName":"search_term_string"}}],"inLanguage":"cs"},{"@type":["Person","Organization"],"@id":"https:\/\/madlenmakeup.com.ua\/#\/schema\/person\/49cd71213b472a6db978257e4616a5de","name":"madlenmakeup","image":{"@type":"ImageObject","inLanguage":"cs","@id":"https:\/\/madlenmakeup.com.ua\/#\/schema\/person\/image\/","url":"https:\/\/madlenmakeup.com.ua\/wp-content\/uploads\/2023\/04\/cropped-cropped-madlen-logo-removebg-preview.png","contentUrl":"https:\/\/madlenmakeup.com.ua\/wp-content\/uploads\/2023\/04\/cropped-cropped-madlen-logo-removebg-preview.png","width":296,"height":70,"caption":"madlenmakeup"},"logo":{"@id":"https:\/\/madlenmakeup.com.ua\/#\/schema\/person\/image\/"},"sameAs":["http:\/\/madlenmakeup.com.ua"]}]}},"_links":{"self":[{"href":"https:\/\/madlenmakeup.com.ua\/cz\/wp-json\/wp\/v2\/product\/6291","targetHints":{"allow":["GET"]}}],"collection":[{"href":"https:\/\/madlenmakeup.com.ua\/cz\/wp-json\/wp\/v2\/product"}],"about":[{"href":"https:\/\/madlenmakeup.com.ua\/cz\/wp-json\/wp\/v2\/types\/product"}],"replies":[{"embeddable":true,"href":"https:\/\/madlenmakeup.com.ua\/cz\/wp-json\/wp\/v2\/comments?post=6291"}],"version-history":[{"count":1,"href":"https:\/\/madlenmakeup.com.ua\/cz\/wp-json\/wp\/v2\/product\/6291\/revisions"}],"predecessor-version":[{"id":6295,"href":"https:\/\/madlenmakeup.com.ua\/cz\/wp-json\/wp\/v2\/product\/6291\/revisions\/6295"}],"wp:featuredmedia":[{"embeddable":true,"href":"https:\/\/madlenmakeup.com.ua\/cz\/wp-json\/wp\/v2\/media\/6292"}],"wp:attachment":[{"href":"https:\/\/madlenmakeup.com.ua\/cz\/wp-json\/wp\/v2\/media?parent=6291"}],"wp:term":[{"taxonomy":"product_cat","embeddable":true,"href":"https:\/\/madlenmakeup.com.ua\/cz\/wp-json\/wp\/v2\/product_cat?post=6291"},{"taxonomy":"product_tag","embeddable":true,"href":"https:\/\/madlenmakeup.com.ua\/cz\/wp-json\/wp\/v2\/product_tag?post=6291"}],"curies":[{"name":"wp","href":"https:\/\/api.w.org\/{rel}","templated":true}]}}