{"id":6747,"date":"2025-06-30T23:04:38","date_gmt":"2025-06-30T20:04:38","guid":{"rendered":"https:\/\/madlenmakeup.com.ua\/?post_type=product&#038;p=6747"},"modified":"2025-12-03T00:17:01","modified_gmt":"2025-12-02T22:17:01","slug":"gel-dlya-brovej-ingrid-cosmetics-vegan-fixation-transparent-gel-brow","status":"publish","type":"product","link":"https:\/\/madlenmakeup.com.ua\/cz\/produkt\/gel-dlya-brovej-ingrid-cosmetics-vegan-fixation-transparent-gel-brow\/","title":{"rendered":"Gel na obo\u010d\u00ed Ingrid Cosmetics"},"content":{"rendered":"<h3>Ingrid Cosmetics\u00a0Vegan Fixation Transparent Gel Brow.<\/h3>\n<p>Efektu laminace lze dos\u00e1hnout b\u011bhem n\u011bkolika sekund! Jste na pochyb\u00e1ch? Vyzkou\u0161ejte transparentn\u00ed gel na modelaci obo\u010d\u00ed zna\u010dky Ingrid Cosmetics, se kter\u00fdm se do sebe zamilujete ji\u017e po prvn\u00ed aplikaci. N\u00e1stroj m\u00e1 vyv\u00e1\u017een\u00e9 slo\u017een\u00ed, kter\u00e9 dok\u00e1\u017ee snadno d\u00e1t po\u017eadovan\u00fd tvar obo\u010d\u00ed a fixovat make-up n\u011bkolika pohyby. Kosmetick\u00fd p\u0159\u00edpravek zabra\u0148uje rozmaz\u00e1v\u00e1n\u00ed a rozt\u00edr\u00e1n\u00ed pigmentu st\u00edn\u016f nebo rt\u011bnky, d\u00edky \u010demu\u017e bude v\u00e1\u0161 make-up stabiln\u00ed a \u00fa\u010dinn\u00fd po cel\u00fd den.<\/p>\n<p><strong>Vlastnosti Ingrid Cosmetics Gel Brow:<\/strong><\/p>\n<p>- zaji\u0161\u0165uje trval\u00e9 no\u0161en\u00ed make-upu obo\u010d\u00ed po cel\u00fd den;<br \/>\n- Obnovuje po\u0161kozenou strukturu vlas\u016f;<br \/>\n- M\u00e1 pohodlnou aplikaci \u0161t\u011btcem;<br \/>\n\u2013 Ekonomicky vynalo\u017een\u00e9;<br \/>\n- umo\u017e\u0148uje efektivn\u011b zd\u016fraznit tvar obo\u010d\u00ed;<br \/>\n- Vyhlazuje chloupky;<br \/>\n\u2013 Stimuluje aktivn\u00ed r\u016fst obo\u010d\u00ed;<br \/>\n- nasycuje bu\u0148ky u\u017eite\u010dn\u00fdmi l\u00e1tkami;<br \/>\n- dokonale fixuje make-up obo\u010d\u00ed;<br \/>\n- jemn\u011b roz\u010des\u00e1v\u00e1 a roz\u010des\u00e1v\u00e1 chloupky;<br \/>\n- Posiluje vlasov\u00e9 folikuly;<br \/>\n- zabra\u0148uje jejich vypadnut\u00ed;<br \/>\n- dod\u00e1v\u00e1 p\u0159irozen\u00fd lesk;<br \/>\n\u2013 zabra\u0148uje rozmaz\u00e1v\u00e1n\u00ed a rozt\u00edr\u00e1n\u00ed st\u00edn\u016f, fond\u00e1n;<br \/>\n- Nestahuje poko\u017eku.<\/p>\n<p>&nbsp;<\/p>","protected":false},"excerpt":{"rendered":"<p><img loading=\"lazy\" decoding=\"async\" class=\"\" src=\"https:\/\/madlenmakeup.com.ua\/wp-content\/uploads\/2023\/04\/1f1ea-1f1fa.png\" alt=\"\u042d\u043c\u043e\u0434\u0437\u0438 \ud83c\uddea\ud83c\uddfa Apple \u0438 iOS\" width=\"40\" height=\"40\" \/>\u00a0<strong>Evropsk\u00e1 kvalita\u00a0<\/strong><img loading=\"lazy\" decoding=\"async\" class=\"\" src=\"https:\/\/madlenmakeup.com.ua\/wp-content\/uploads\/2023\/04\/1f1ea-1f1fa.png\" alt=\"\u042d\u043c\u043e\u0434\u0437\u0438 \ud83c\uddea\ud83c\uddfa Apple \u0438 iOS\" width=\"40\" height=\"40\" \/><\/p>","protected":false},"featured_media":6748,"comment_status":"open","ping_status":"closed","template":"","meta":{"site-sidebar-layout":"default","site-content-layout":"default","ast-global-header-display":"","ast-main-header-display":"","ast-hfb-above-header-display":"","ast-hfb-below-header-display":"","ast-hfb-mobile-header-display":"","site-post-title":"","ast-breadcrumbs-content":"","ast-featured-img":"","footer-sml-layout":"","theme-transparent-header-meta":"default","adv-header-id-meta":"","stick-header-meta":"","header-above-stick-meta":"","header-main-stick-meta":"","header-below-stick-meta":""},"product_cat":[48],"product_tag":[],"class_list":{"0":"post-6747","1":"product","2":"type-product","3":"status-publish","4":"has-post-thumbnail","6":"product_brand-ingrid-cosmetics","7":"product_cat-brovy-madlen","8":"desktop-align-left","9":"tablet-align-left","10":"mobile-align-left","12":"first","13":"outofstock","14":"sale","15":"shipping-taxable","16":"purchasable","17":"product-type-simple"},"yoast_head":"<!-- This site is optimized with the Yoast SEO plugin v25.6 - https:\/\/yoast.com\/wordpress\/plugins\/seo\/ -->\n<title>\u0413\u0435\u043b\u044c \u0434\u043b\u044f \u0431\u0440\u043e\u0432\u0435\u0439 Ingrid Cosmetics Vegan Fixation Transparent<\/title>\n<meta name=\"description\" content=\"\u0413\u0435\u043b\u044c \u0434\u043b\u044f \u0431\u0440\u043e\u0432\u0435\u0439 Ingrid Cosmetics Vegan Fixation Transparent Gel Brow \u043c\u043e\u0436\u043d\u043e \u043a\u0443\u043f\u0438\u0442\u044c \u043e\u043f\u0442\u043e\u043c. \u041d\u0438\u0437\u043a\u0438\u0435 \u0446\u0435\u043d\u044b. \u0411\u043e\u043b\u044c\u0448\u043e\u0439 \u0430\u0441\u0441\u043e\u0440\u0442\u0438\u043c\u0435\u043d\u0442 \u043a\u043e\u0441\u043c\u0435\u0442\u0438\u043a\u0438. \u0411\u044b\u0441\u0442\u0440\u0430\u044f \u0434\u043e\u0441\u0442\u0430\u0432\u043a\u0430.\" \/>\n<meta name=\"robots\" content=\"index, follow, max-snippet:-1, max-image-preview:large, max-video-preview:-1\" \/>\n<link rel=\"canonical\" href=\"https:\/\/madlenmakeup.com.ua\/cz\/produkt\/gel-dlya-brovej-ingrid-cosmetics-vegan-fixation-transparent-gel-brow\/\" \/>\n<meta property=\"og:locale\" content=\"cs_CZ\" \/>\n<meta property=\"og:type\" content=\"article\" \/>\n<meta property=\"og:title\" content=\"\u0413\u0435\u043b\u044c \u0434\u043b\u044f \u0431\u0440\u043e\u0432\u0435\u0439 Ingrid Cosmetics Vegan Fixation Transparent\" \/>\n<meta property=\"og:description\" content=\"\u0413\u0435\u043b\u044c \u0434\u043b\u044f \u0431\u0440\u043e\u0432\u0435\u0439 Ingrid Cosmetics Vegan Fixation Transparent Gel Brow \u043c\u043e\u0436\u043d\u043e \u043a\u0443\u043f\u0438\u0442\u044c \u043e\u043f\u0442\u043e\u043c. \u041d\u0438\u0437\u043a\u0438\u0435 \u0446\u0435\u043d\u044b. \u0411\u043e\u043b\u044c\u0448\u043e\u0439 \u0430\u0441\u0441\u043e\u0440\u0442\u0438\u043c\u0435\u043d\u0442 \u043a\u043e\u0441\u043c\u0435\u0442\u0438\u043a\u0438. \u0411\u044b\u0441\u0442\u0440\u0430\u044f \u0434\u043e\u0441\u0442\u0430\u0432\u043a\u0430.\" \/>\n<meta property=\"og:url\" content=\"https:\/\/madlenmakeup.com.ua\/cz\/produkt\/gel-dlya-brovej-ingrid-cosmetics-vegan-fixation-transparent-gel-brow\/\" \/>\n<meta property=\"og:site_name\" content=\"Madlen Cosmetics\" \/>\n<meta property=\"article:modified_time\" content=\"2025-12-02T22:17:01+00:00\" \/>\n<meta property=\"og:image\" content=\"https:\/\/madlenmakeup.com.ua\/wp-content\/uploads\/2024\/04\/Gel-prozrachnyj-dlya-modelyrovanyya-brovej-Ingrid-Cosmetics-Vegan-Fixation-Transparent-Gel-Brow.jpg\" \/>\n\t<meta property=\"og:image:width\" content=\"395\" \/>\n\t<meta property=\"og:image:height\" content=\"417\" \/>\n\t<meta property=\"og:image:type\" content=\"image\/jpeg\" \/>\n<meta name=\"twitter:card\" content=\"summary_large_image\" \/>\n<meta name=\"twitter:label1\" content=\"Odhadovan\u00e1 doba \u010dten\u00ed\" \/>\n\t<meta name=\"twitter:data1\" content=\"1 minuta\" \/>\n<script type=\"application\/ld+json\" class=\"yoast-schema-graph\">{\"@context\":\"https:\/\/schema.org\",\"@graph\":[{\"@type\":\"WebPage\",\"@id\":\"https:\/\/madlenmakeup.com.ua\/product\/gel-dlya-brovej-ingrid-cosmetics-vegan-fixation-transparent-gel-brow\/\",\"url\":\"https:\/\/madlenmakeup.com.ua\/product\/gel-dlya-brovej-ingrid-cosmetics-vegan-fixation-transparent-gel-brow\/\",\"name\":\"\u0413\u0435\u043b\u044c \u0434\u043b\u044f \u0431\u0440\u043e\u0432\u0435\u0439 Ingrid Cosmetics Vegan Fixation Transparent\",\"isPartOf\":{\"@id\":\"https:\/\/madlenmakeup.com.ua\/#website\"},\"primaryImageOfPage\":{\"@id\":\"https:\/\/madlenmakeup.com.ua\/product\/gel-dlya-brovej-ingrid-cosmetics-vegan-fixation-transparent-gel-brow\/#primaryimage\"},\"image\":{\"@id\":\"https:\/\/madlenmakeup.com.ua\/product\/gel-dlya-brovej-ingrid-cosmetics-vegan-fixation-transparent-gel-brow\/#primaryimage\"},\"thumbnailUrl\":\"https:\/\/madlenmakeup.com.ua\/wp-content\/uploads\/2024\/04\/Gel-prozrachnyj-dlya-modelyrovanyya-brovej-Ingrid-Cosmetics-Vegan-Fixation-Transparent-Gel-Brow.jpg\",\"datePublished\":\"2025-06-30T20:04:38+00:00\",\"dateModified\":\"2025-12-02T22:17:01+00:00\",\"description\":\"\u0413\u0435\u043b\u044c \u0434\u043b\u044f \u0431\u0440\u043e\u0432\u0435\u0439 Ingrid Cosmetics Vegan Fixation Transparent Gel Brow \u043c\u043e\u0436\u043d\u043e \u043a\u0443\u043f\u0438\u0442\u044c \u043e\u043f\u0442\u043e\u043c. \u041d\u0438\u0437\u043a\u0438\u0435 \u0446\u0435\u043d\u044b. \u0411\u043e\u043b\u044c\u0448\u043e\u0439 \u0430\u0441\u0441\u043e\u0440\u0442\u0438\u043c\u0435\u043d\u0442 \u043a\u043e\u0441\u043c\u0435\u0442\u0438\u043a\u0438. \u0411\u044b\u0441\u0442\u0440\u0430\u044f \u0434\u043e\u0441\u0442\u0430\u0432\u043a\u0430.\",\"breadcrumb\":{\"@id\":\"https:\/\/madlenmakeup.com.ua\/product\/gel-dlya-brovej-ingrid-cosmetics-vegan-fixation-transparent-gel-brow\/#breadcrumb\"},\"inLanguage\":\"cs\",\"potentialAction\":[{\"@type\":\"ReadAction\",\"target\":[\"https:\/\/madlenmakeup.com.ua\/product\/gel-dlya-brovej-ingrid-cosmetics-vegan-fixation-transparent-gel-brow\/\"]}]},{\"@type\":\"ImageObject\",\"inLanguage\":\"cs\",\"@id\":\"https:\/\/madlenmakeup.com.ua\/product\/gel-dlya-brovej-ingrid-cosmetics-vegan-fixation-transparent-gel-brow\/#primaryimage\",\"url\":\"https:\/\/madlenmakeup.com.ua\/wp-content\/uploads\/2024\/04\/Gel-prozrachnyj-dlya-modelyrovanyya-brovej-Ingrid-Cosmetics-Vegan-Fixation-Transparent-Gel-Brow.jpg\",\"contentUrl\":\"https:\/\/madlenmakeup.com.ua\/wp-content\/uploads\/2024\/04\/Gel-prozrachnyj-dlya-modelyrovanyya-brovej-Ingrid-Cosmetics-Vegan-Fixation-Transparent-Gel-Brow.jpg\",\"width\":395,\"height\":417,\"caption\":\"Gel-prozrachnyj-dlya-modelyrovanyya-brovej-Ingrid-Cosmetics-Vegan-Fixation-Transparent-Gel-Brow\"},{\"@type\":\"BreadcrumbList\",\"@id\":\"https:\/\/madlenmakeup.com.ua\/product\/gel-dlya-brovej-ingrid-cosmetics-vegan-fixation-transparent-gel-brow\/#breadcrumb\",\"itemListElement\":[{\"@type\":\"ListItem\",\"position\":1,\"name\":\"\u0413\u043e\u043b\u043e\u0432\u043d\u0430\",\"item\":\"https:\/\/madlenmakeup.com.ua\/\"},{\"@type\":\"ListItem\",\"position\":2,\"name\":\"\u041c\u0430\u0433\u0430\u0437\u0438\u043d\",\"item\":\"https:\/\/madlenmakeup.com.ua\/shop\/\"},{\"@type\":\"ListItem\",\"position\":3,\"name\":\"\u0413\u0435\u043b\u044c \u0434\u043b\u044f \u0431\u0440\u0456\u0432 Ingrid Cosmetics\"}]},{\"@type\":\"WebSite\",\"@id\":\"https:\/\/madlenmakeup.com.ua\/#website\",\"url\":\"https:\/\/madlenmakeup.com.ua\/\",\"name\":\"Madlen Cosmetics\",\"description\":\"\u041c\u0430\u0433\u0430\u0437\u0438\u043d \u043f\u0440\u043e\u0444\u0435\u0441\u0456\u0439\u043d\u043e\u0457 \u043a\u043e\u0441\u043c\u0435\u0442\u0438\u043a\u0438\",\"publisher\":{\"@id\":\"https:\/\/madlenmakeup.com.ua\/#\/schema\/person\/49cd71213b472a6db978257e4616a5de\"},\"potentialAction\":[{\"@type\":\"SearchAction\",\"target\":{\"@type\":\"EntryPoint\",\"urlTemplate\":\"https:\/\/madlenmakeup.com.ua\/?s={search_term_string}\"},\"query-input\":{\"@type\":\"PropertyValueSpecification\",\"valueRequired\":true,\"valueName\":\"search_term_string\"}}],\"inLanguage\":\"cs\"},{\"@type\":[\"Person\",\"Organization\"],\"@id\":\"https:\/\/madlenmakeup.com.ua\/#\/schema\/person\/49cd71213b472a6db978257e4616a5de\",\"name\":\"madlenmakeup\",\"image\":{\"@type\":\"ImageObject\",\"inLanguage\":\"cs\",\"@id\":\"https:\/\/madlenmakeup.com.ua\/#\/schema\/person\/image\/\",\"url\":\"https:\/\/madlenmakeup.com.ua\/wp-content\/uploads\/2023\/04\/cropped-cropped-madlen-logo-removebg-preview.png\",\"contentUrl\":\"https:\/\/madlenmakeup.com.ua\/wp-content\/uploads\/2023\/04\/cropped-cropped-madlen-logo-removebg-preview.png\",\"width\":296,\"height\":70,\"caption\":\"madlenmakeup\"},\"logo\":{\"@id\":\"https:\/\/madlenmakeup.com.ua\/#\/schema\/person\/image\/\"},\"sameAs\":[\"http:\/\/madlenmakeup.com.ua\"]}]}<\/script>\n<!-- \/ Yoast SEO plugin. -->","yoast_head_json":{"title":"\u0413\u0435\u043b\u044c \u0434\u043b\u044f \u0431\u0440\u043e\u0432\u0435\u0439 Ingrid Cosmetics Vegan Fixation Transparent","description":"\u0413\u0435\u043b\u044c \u0434\u043b\u044f \u0431\u0440\u043e\u0432\u0435\u0439 Ingrid Cosmetics Vegan Fixation Transparent Gel Brow \u043c\u043e\u0436\u043d\u043e \u043a\u0443\u043f\u0438\u0442\u044c \u043e\u043f\u0442\u043e\u043c. \u041d\u0438\u0437\u043a\u0438\u0435 \u0446\u0435\u043d\u044b. \u0411\u043e\u043b\u044c\u0448\u043e\u0439 \u0430\u0441\u0441\u043e\u0440\u0442\u0438\u043c\u0435\u043d\u0442 \u043a\u043e\u0441\u043c\u0435\u0442\u0438\u043a\u0438. \u0411\u044b\u0441\u0442\u0440\u0430\u044f \u0434\u043e\u0441\u0442\u0430\u0432\u043a\u0430.","robots":{"index":"index","follow":"follow","max-snippet":"max-snippet:-1","max-image-preview":"max-image-preview:large","max-video-preview":"max-video-preview:-1"},"canonical":"https:\/\/madlenmakeup.com.ua\/cz\/produkt\/gel-dlya-brovej-ingrid-cosmetics-vegan-fixation-transparent-gel-brow\/","og_locale":"cs_CZ","og_type":"article","og_title":"\u0413\u0435\u043b\u044c \u0434\u043b\u044f \u0431\u0440\u043e\u0432\u0435\u0439 Ingrid Cosmetics Vegan Fixation Transparent","og_description":"\u0413\u0435\u043b\u044c \u0434\u043b\u044f \u0431\u0440\u043e\u0432\u0435\u0439 Ingrid Cosmetics Vegan Fixation Transparent Gel Brow \u043c\u043e\u0436\u043d\u043e \u043a\u0443\u043f\u0438\u0442\u044c \u043e\u043f\u0442\u043e\u043c. \u041d\u0438\u0437\u043a\u0438\u0435 \u0446\u0435\u043d\u044b. \u0411\u043e\u043b\u044c\u0448\u043e\u0439 \u0430\u0441\u0441\u043e\u0440\u0442\u0438\u043c\u0435\u043d\u0442 \u043a\u043e\u0441\u043c\u0435\u0442\u0438\u043a\u0438. \u0411\u044b\u0441\u0442\u0440\u0430\u044f \u0434\u043e\u0441\u0442\u0430\u0432\u043a\u0430.","og_url":"https:\/\/madlenmakeup.com.ua\/cz\/produkt\/gel-dlya-brovej-ingrid-cosmetics-vegan-fixation-transparent-gel-brow\/","og_site_name":"Madlen Cosmetics","article_modified_time":"2025-12-02T22:17:01+00:00","og_image":[{"width":395,"height":417,"url":"https:\/\/madlenmakeup.com.ua\/wp-content\/uploads\/2024\/04\/Gel-prozrachnyj-dlya-modelyrovanyya-brovej-Ingrid-Cosmetics-Vegan-Fixation-Transparent-Gel-Brow.jpg","type":"image\/jpeg"}],"twitter_card":"summary_large_image","twitter_misc":{"Odhadovan\u00e1 doba \u010dten\u00ed":"1 minuta"},"schema":{"@context":"https:\/\/schema.org","@graph":[{"@type":"WebPage","@id":"https:\/\/madlenmakeup.com.ua\/product\/gel-dlya-brovej-ingrid-cosmetics-vegan-fixation-transparent-gel-brow\/","url":"https:\/\/madlenmakeup.com.ua\/product\/gel-dlya-brovej-ingrid-cosmetics-vegan-fixation-transparent-gel-brow\/","name":"\u0413\u0435\u043b\u044c \u0434\u043b\u044f \u0431\u0440\u043e\u0432\u0435\u0439 Ingrid Cosmetics Vegan Fixation Transparent","isPartOf":{"@id":"https:\/\/madlenmakeup.com.ua\/#website"},"primaryImageOfPage":{"@id":"https:\/\/madlenmakeup.com.ua\/product\/gel-dlya-brovej-ingrid-cosmetics-vegan-fixation-transparent-gel-brow\/#primaryimage"},"image":{"@id":"https:\/\/madlenmakeup.com.ua\/product\/gel-dlya-brovej-ingrid-cosmetics-vegan-fixation-transparent-gel-brow\/#primaryimage"},"thumbnailUrl":"https:\/\/madlenmakeup.com.ua\/wp-content\/uploads\/2024\/04\/Gel-prozrachnyj-dlya-modelyrovanyya-brovej-Ingrid-Cosmetics-Vegan-Fixation-Transparent-Gel-Brow.jpg","datePublished":"2025-06-30T20:04:38+00:00","dateModified":"2025-12-02T22:17:01+00:00","description":"\u0413\u0435\u043b\u044c \u0434\u043b\u044f \u0431\u0440\u043e\u0432\u0435\u0439 Ingrid Cosmetics Vegan Fixation Transparent Gel Brow \u043c\u043e\u0436\u043d\u043e \u043a\u0443\u043f\u0438\u0442\u044c \u043e\u043f\u0442\u043e\u043c. \u041d\u0438\u0437\u043a\u0438\u0435 \u0446\u0435\u043d\u044b. \u0411\u043e\u043b\u044c\u0448\u043e\u0439 \u0430\u0441\u0441\u043e\u0440\u0442\u0438\u043c\u0435\u043d\u0442 \u043a\u043e\u0441\u043c\u0435\u0442\u0438\u043a\u0438. \u0411\u044b\u0441\u0442\u0440\u0430\u044f \u0434\u043e\u0441\u0442\u0430\u0432\u043a\u0430.","breadcrumb":{"@id":"https:\/\/madlenmakeup.com.ua\/product\/gel-dlya-brovej-ingrid-cosmetics-vegan-fixation-transparent-gel-brow\/#breadcrumb"},"inLanguage":"cs","potentialAction":[{"@type":"ReadAction","target":["https:\/\/madlenmakeup.com.ua\/product\/gel-dlya-brovej-ingrid-cosmetics-vegan-fixation-transparent-gel-brow\/"]}]},{"@type":"ImageObject","inLanguage":"cs","@id":"https:\/\/madlenmakeup.com.ua\/product\/gel-dlya-brovej-ingrid-cosmetics-vegan-fixation-transparent-gel-brow\/#primaryimage","url":"https:\/\/madlenmakeup.com.ua\/wp-content\/uploads\/2024\/04\/Gel-prozrachnyj-dlya-modelyrovanyya-brovej-Ingrid-Cosmetics-Vegan-Fixation-Transparent-Gel-Brow.jpg","contentUrl":"https:\/\/madlenmakeup.com.ua\/wp-content\/uploads\/2024\/04\/Gel-prozrachnyj-dlya-modelyrovanyya-brovej-Ingrid-Cosmetics-Vegan-Fixation-Transparent-Gel-Brow.jpg","width":395,"height":417,"caption":"Gel-prozrachnyj-dlya-modelyrovanyya-brovej-Ingrid-Cosmetics-Vegan-Fixation-Transparent-Gel-Brow"},{"@type":"BreadcrumbList","@id":"https:\/\/madlenmakeup.com.ua\/product\/gel-dlya-brovej-ingrid-cosmetics-vegan-fixation-transparent-gel-brow\/#breadcrumb","itemListElement":[{"@type":"ListItem","position":1,"name":"\u0413\u043e\u043b\u043e\u0432\u043d\u0430","item":"https:\/\/madlenmakeup.com.ua\/"},{"@type":"ListItem","position":2,"name":"\u041c\u0430\u0433\u0430\u0437\u0438\u043d","item":"https:\/\/madlenmakeup.com.ua\/shop\/"},{"@type":"ListItem","position":3,"name":"\u0413\u0435\u043b\u044c \u0434\u043b\u044f \u0431\u0440\u0456\u0432 Ingrid Cosmetics"}]},{"@type":"WebSite","@id":"https:\/\/madlenmakeup.com.ua\/#website","url":"https:\/\/madlenmakeup.com.ua\/","name":"Madlen Cosmetics","description":"\u041c\u0430\u0433\u0430\u0437\u0438\u043d \u043f\u0440\u043e\u0444\u0435\u0441\u0456\u0439\u043d\u043e\u0457 \u043a\u043e\u0441\u043c\u0435\u0442\u0438\u043a\u0438","publisher":{"@id":"https:\/\/madlenmakeup.com.ua\/#\/schema\/person\/49cd71213b472a6db978257e4616a5de"},"potentialAction":[{"@type":"SearchAction","target":{"@type":"EntryPoint","urlTemplate":"https:\/\/madlenmakeup.com.ua\/?s={search_term_string}"},"query-input":{"@type":"PropertyValueSpecification","valueRequired":true,"valueName":"search_term_string"}}],"inLanguage":"cs"},{"@type":["Person","Organization"],"@id":"https:\/\/madlenmakeup.com.ua\/#\/schema\/person\/49cd71213b472a6db978257e4616a5de","name":"madlenmakeup","image":{"@type":"ImageObject","inLanguage":"cs","@id":"https:\/\/madlenmakeup.com.ua\/#\/schema\/person\/image\/","url":"https:\/\/madlenmakeup.com.ua\/wp-content\/uploads\/2023\/04\/cropped-cropped-madlen-logo-removebg-preview.png","contentUrl":"https:\/\/madlenmakeup.com.ua\/wp-content\/uploads\/2023\/04\/cropped-cropped-madlen-logo-removebg-preview.png","width":296,"height":70,"caption":"madlenmakeup"},"logo":{"@id":"https:\/\/madlenmakeup.com.ua\/#\/schema\/person\/image\/"},"sameAs":["http:\/\/madlenmakeup.com.ua"]}]}},"_links":{"self":[{"href":"https:\/\/madlenmakeup.com.ua\/cz\/wp-json\/wp\/v2\/product\/6747","targetHints":{"allow":["GET"]}}],"collection":[{"href":"https:\/\/madlenmakeup.com.ua\/cz\/wp-json\/wp\/v2\/product"}],"about":[{"href":"https:\/\/madlenmakeup.com.ua\/cz\/wp-json\/wp\/v2\/types\/product"}],"replies":[{"embeddable":true,"href":"https:\/\/madlenmakeup.com.ua\/cz\/wp-json\/wp\/v2\/comments?post=6747"}],"version-history":[{"count":6,"href":"https:\/\/madlenmakeup.com.ua\/cz\/wp-json\/wp\/v2\/product\/6747\/revisions"}],"predecessor-version":[{"id":6752,"href":"https:\/\/madlenmakeup.com.ua\/cz\/wp-json\/wp\/v2\/product\/6747\/revisions\/6752"}],"wp:featuredmedia":[{"embeddable":true,"href":"https:\/\/madlenmakeup.com.ua\/cz\/wp-json\/wp\/v2\/media\/6748"}],"wp:attachment":[{"href":"https:\/\/madlenmakeup.com.ua\/cz\/wp-json\/wp\/v2\/media?parent=6747"}],"wp:term":[{"taxonomy":"product_cat","embeddable":true,"href":"https:\/\/madlenmakeup.com.ua\/cz\/wp-json\/wp\/v2\/product_cat?post=6747"},{"taxonomy":"product_tag","embeddable":true,"href":"https:\/\/madlenmakeup.com.ua\/cz\/wp-json\/wp\/v2\/product_tag?post=6747"}],"curies":[{"name":"wp","href":"https:\/\/api.w.org\/{rel}","templated":true}]}}