{"id":6866,"date":"2024-06-07T22:47:46","date_gmt":"2024-06-07T19:47:46","guid":{"rendered":"https:\/\/madlenmakeup.com.ua\/?post_type=product&#038;p=6866"},"modified":"2026-01-15T15:48:54","modified_gmt":"2026-01-15T13:48:54","slug":"olivets-dlya-gub-316-cascade-of-colours-kaskad-of-kolor","status":"publish","type":"product","link":"https:\/\/madlenmakeup.com.ua\/cz\/produkt\/olivets-dlya-gub-316-cascade-of-colours-kaskad-of-kolor\/","title":{"rendered":"Tu\u017eka na rty 316 Cascade of Colors"},"content":{"rendered":"<p><strong>\u041e\u043b\u0456\u0432\u0435\u0446\u044c \u0434\u043b\u044f \u0433\u0443\u0431 316 Cascade of Colours.<br \/>\n<\/strong>\u042f\u043a\u0449\u043e \u0432\u0438 \u0432\u0438\u0440\u0456\u0448\u0438\u043b\u0438 \u0437\u0440\u043e\u0431\u0438\u0442\u0438 \u0432\u0430\u0448 \u043c\u0430\u043a\u0456\u044f\u0436 \u0433\u0443\u0431 \u0441\u0442\u0456\u0439\u043a\u0456\u0448\u0438\u043c, \u0430\u043a\u0443\u0440\u0430\u0442\u043d\u0456\u0448\u0438\u043c \u0456 \u043f\u0440\u043e\u0441\u0442\u043e \u043a\u0440\u0430\u0441\u0438\u0432\u0456\u0448\u0438\u043c, \u0432\u0430\u0440\u0442\u043e \u043f\u043e\u0434\u0431\u0430\u0442\u0438 \u043f\u0440\u043e \u0432\u0438\u0431\u0456\u0440 \u043d\u0435 \u0442\u0456\u043b\u044c\u043a\u0438 \u0433\u0430\u0440\u043d\u043e\u0457 \u043f\u043e\u043c\u0430\u0434\u0438 \u0430\u0431\u043e \u0431\u043b\u0438\u0441\u043a\u0443, \u0430\u043b\u0435 \u0449\u0435 \u0439 \u043e\u043b\u0456\u0432\u0446\u044f. \u041c\u0430\u0439\u0441\u0442\u0440\u0438 \u041d\u0456\u043c\u0435\u0446\u044c\u043a\u043e\u0433\u043e \u0431\u0440\u0435\u043d\u0434\u0443 Cascade of Colours \u0433\u043e\u0442\u043e\u0432\u0456 \u0437\u0430\u043f\u0440\u043e\u043f\u043e\u043d\u0443\u0432\u0430\u0442\u0438 \u0432\u0430\u043c \u0447\u0443\u0434\u043e\u0432\u0443 \u043f\u0430\u043b\u0456\u0442\u0440\u0443 \u043e\u043b\u0456\u0432\u0446\u0456\u0432 \u0431\u0443\u0434\u044c-\u044f\u043a\u0438\u0445 \u043a\u043e\u043b\u044c\u043e\u0440\u0456\u0432, \u0432\u0456\u0434 \u0447\u0435\u0440\u0432\u043e\u043d\u043e\u0433\u043e \u0434\u043e \u0441\u0438\u043d\u044c\u043e\u0433\u043e \u0442\u0430 \u0447\u043e\u0440\u043d\u043e\u0433\u043e. \u042f\u043a\u0456\u0441\u0442\u044c, \u0432\u0438\u0437\u043d\u0430\u043d\u0430 \u0442\u0430 \u0443\u043b\u044e\u0431\u043b\u0435\u043d\u0430 \u043f\u0440\u043e\u0444\u0435\u0441\u0456\u0439\u043d\u0438\u043c\u0438 \u0432\u0456\u0437\u0430\u0436\u0438\u0441\u0442\u0430\u043c\u0438! \u041e\u043b\u0456\u0432\u0435\u0446\u044c \u0434\u043b\u044f \u0433\u0443\u0431 \u041a\u0430\u0441\u043a\u0430\u0434 \u043e\u0444 \u041a\u043e\u043b\u043e\u0440 (<a href=\"https:\/\/madlenmakeup.com.ua\/cz\/product_brand\/cascade-of-colours\/\">Cascade of Colours<\/a>) \u0432\u0438\u0440\u043e\u0431\u043b\u044f\u0454\u0442\u044c\u0441\u044f \u0432\u0438\u043a\u043b\u044e\u0447\u043d\u043e \u0437 \u044f\u043a\u0456\u0441\u043d\u0438\u0445 \u043a\u043e\u043c\u043f\u043e\u043d\u0435\u043d\u0442\u0456\u0432, \u043d\u0430\u043f\u0440\u0438\u043a\u043b\u0430\u0434 \u0442\u0430\u043a\u0438\u0445 \u044f\u043a \u0432\u0456\u0441\u043a, \u0456 \u0431\u0430\u0432\u043e\u0432\u043d\u044f\u043d\u0435 \u043c\u0430\u0441\u043b\u043e. \u0417\u0430\u0432\u0434\u044f\u043a\u0438 \u0441\u0432\u043e\u0454\u043c\u0443 \u0441\u043a\u043b\u0430\u0434\u0443 \u043e\u043b\u0456\u0432\u0446\u0456 \u041a\u0430\u0441\u043a\u0430\u0434 \u0437\u0430\u0431\u0435\u0437\u043f\u0435\u0447\u0443\u044e\u0442\u044c \u044f\u043a \u0442\u043e\u0447\u043d\u0435, \u0447\u0456\u0442\u043a\u0435 \u043d\u0430\u043d\u0435\u0441\u0435\u043d\u043d\u044f \u043a\u043e\u043d\u0442\u0443\u0440\u0443, \u0442\u0430\u043a \u0456 \u0432\u0456\u0434\u043c\u0456\u043d\u043d\u043e \u043f\u0456\u0434\u0445\u043e\u0434\u044f\u0442\u044c \u0434\u043b\u044f \u0440\u043e\u0431\u043e\u0442\u0438 \u0432 &#8220;\u043e\u043b\u0456\u0432\u0446\u0435\u0432\u0456\u0439&#8221; \u0442\u0435\u0445\u043d\u0456\u0446\u0456. \u041e\u043b\u0456\u0432\u0435\u0446\u044c \u0434\u043b\u044f \u0433\u0443\u0431 Cascade of Colours \u043a\u043e\u043c\u0444\u043e\u0440\u0442\u043d\u043e \u043b\u044f\u0433\u0430\u0454 \u043d\u0430 \u043d\u0456\u0436\u043d\u0443 \u0448\u043a\u0456\u0440\u0443, \u043d\u0435 \u0434\u0440\u044f\u043f\u0430\u044e\u0447\u0438 \u0442\u0430 \u0437\u0430\u043b\u0438\u0448\u0430\u044e\u0447\u0438 \u0442\u043e\u043d\u043a\u0443, \u0447\u0456\u0442\u043a\u0443 \u043b\u0456\u043d\u0456\u044e. \u0426\u0435 \u0434\u0430\u0454 \u043c\u043e\u0436\u043b\u0438\u0432\u0456\u0441\u0442\u044c \u043d\u0430\u0434\u0430\u0442\u0438 \u0433\u0443\u0431\u0430\u043c \u043f\u043e\u0442\u0440\u0456\u0431\u043d\u043e\u0433\u043e \u043a\u043e\u043d\u0442\u0443\u0440\u0443 \u0456 \u0432\u0456\u0437\u0443\u0430\u043b\u044c\u043d\u043e \u043f\u0456\u0434\u043a\u043e\u0440\u0438\u0433\u0443\u0432\u0430\u0442\u0438 \u043e\u0431&#8217;\u0454\u043c. \u041e\u043b\u0456\u0432\u0435\u0446\u044c \u0434\u043e\u0437\u0432\u043e\u043b\u0438\u0442\u044c \u043f\u0456\u0434\u043a\u0440\u0435\u0441\u043b\u0438\u0442\u0438 \u0432\u0438\u0433\u0456\u0434\u043d\u0456 \u0441\u0442\u043e\u0440\u043e\u043d\u0438 \u0432\u0430\u0448\u0438\u0445 \u0433\u0443\u0431 \u0442\u0430 \u043f\u0440\u0438\u0445\u043e\u0432\u0430\u0442\u0438 \u0434\u0440\u0456\u0431\u043d\u0456 \u043d\u0435\u0434\u043e\u043b\u0456\u043a\u0438. \u0412\u0438\u0442\u0440\u0430\u0447\u0430\u0454\u0442\u044c\u0441\u044f \u0437\u0430\u0441\u0456\u0431 \u0435\u043a\u043e\u043d\u043e\u043c\u043d\u043e.\u00a0<\/p>","protected":false},"excerpt":{"rendered":"<p><img loading=\"lazy\" decoding=\"async\" class=\"\" src=\"https:\/\/madlenmakeup.com.ua\/wp-content\/uploads\/2023\/04\/1f1ea-1f1fa.png\" alt=\"\u042d\u043c\u043e\u0434\u0437\u0438 \ud83c\uddea\ud83c\uddfa Apple \u0438 iOS\" width=\"40\" height=\"40\" \/>\u00a0<strong>Evropsk\u00e1 kvalita\u00a0<\/strong><img loading=\"lazy\" decoding=\"async\" class=\"\" src=\"https:\/\/madlenmakeup.com.ua\/wp-content\/uploads\/2023\/04\/1f1ea-1f1fa.png\" alt=\"\u042d\u043c\u043e\u0434\u0437\u0438 \ud83c\uddea\ud83c\uddfa Apple \u0438 iOS\" width=\"40\" height=\"40\" \/><\/p>","protected":false},"featured_media":6867,"comment_status":"open","ping_status":"closed","template":"","meta":{"site-sidebar-layout":"default","site-content-layout":"default","ast-global-header-display":"","ast-main-header-display":"","ast-hfb-above-header-display":"","ast-hfb-below-header-display":"","ast-hfb-mobile-header-display":"","site-post-title":"","ast-breadcrumbs-content":"","ast-featured-img":"","footer-sml-layout":"","theme-transparent-header-meta":"default","adv-header-id-meta":"","stick-header-meta":"","header-above-stick-meta":"","header-main-stick-meta":"","header-below-stick-meta":""},"product_cat":[39],"product_tag":[279,70,69],"class_list":{"0":"post-6866","1":"product","2":"type-product","3":"status-publish","4":"has-post-thumbnail","6":"product_brand-cascade-of-colours","7":"product_cat-huby-madlen","8":"product_tag-use-dlya-gub","9":"product_tag-vsi-olivtsi-dlya-gub","10":"product_tag-vsi-olivtsi-dlya-gub-cascade-of-colours","11":"desktop-align-left","12":"tablet-align-left","13":"mobile-align-left","15":"first","16":"instock","17":"shipping-taxable","18":"purchasable","19":"product-type-simple"},"yoast_head":"<!-- This site is optimized with the Yoast SEO plugin v25.6 - https:\/\/yoast.com\/wordpress\/plugins\/seo\/ -->\n<title>\u041e\u043b\u0456\u0432\u0435\u0446\u044c \u0434\u043b\u044f \u0433\u0443\u0431 316 Cascade of Colours (\u041a\u0430\u0441\u043a\u0430\u0434 \u043e\u0444 \u041a\u043e\u043b\u043e\u0440) - Madlen Cosmetics<\/title>\n<meta name=\"description\" content=\"\u041e\u043b\u0456\u0432\u0435\u0446\u044c \u0434\u043b\u044f \u0433\u0443\u0431 Cascade of Colours 316 \u043c\u043e\u0436\u043d\u0430 \u043a\u0443\u043f\u0438\u0442\u0438 \u043e\u043f\u0442\u043e\u043c. \u041d\u0438\u0437\u044c\u043a\u0456 \u0446\u0456\u043d\u0438. \u0412\u0435\u043b\u0438\u043a\u0438\u0439 \u0430\u0441\u043e\u0440\u0442\u0438\u043c\u0435\u043d\u0442\u0438 \u043a\u043e\u0441\u043c\u0435\u0442\u0438\u043a\u0438. \u0428\u0432\u0438\u0434\u043a\u0435 \u0432\u0456\u0434\u043f\u0440\u0430\u0432\u043b\u0435\u043d\u043d\u044f \u043f\u043e \u0432\u0441\u0456\u0439 \u0423\u043a\u0440\u0430\u0457\u043d\u0456.\" \/>\n<meta name=\"robots\" content=\"index, follow, max-snippet:-1, max-image-preview:large, max-video-preview:-1\" \/>\n<link rel=\"canonical\" href=\"https:\/\/madlenmakeup.com.ua\/cz\/produkt\/olivets-dlya-gub-316-cascade-of-colours-kaskad-of-kolor\/\" \/>\n<meta property=\"og:locale\" content=\"cs_CZ\" \/>\n<meta property=\"og:type\" content=\"article\" \/>\n<meta property=\"og:title\" content=\"\u041e\u043b\u0456\u0432\u0435\u0446\u044c \u0434\u043b\u044f \u0433\u0443\u0431 316 Cascade of Colours (\u041a\u0430\u0441\u043a\u0430\u0434 \u043e\u0444 \u041a\u043e\u043b\u043e\u0440) - Madlen Cosmetics\" \/>\n<meta property=\"og:description\" content=\"\u041e\u043b\u0456\u0432\u0435\u0446\u044c \u0434\u043b\u044f \u0433\u0443\u0431 Cascade of Colours 316 \u043c\u043e\u0436\u043d\u0430 \u043a\u0443\u043f\u0438\u0442\u0438 \u043e\u043f\u0442\u043e\u043c. \u041d\u0438\u0437\u044c\u043a\u0456 \u0446\u0456\u043d\u0438. \u0412\u0435\u043b\u0438\u043a\u0438\u0439 \u0430\u0441\u043e\u0440\u0442\u0438\u043c\u0435\u043d\u0442\u0438 \u043a\u043e\u0441\u043c\u0435\u0442\u0438\u043a\u0438. \u0428\u0432\u0438\u0434\u043a\u0435 \u0432\u0456\u0434\u043f\u0440\u0430\u0432\u043b\u0435\u043d\u043d\u044f \u043f\u043e \u0432\u0441\u0456\u0439 \u0423\u043a\u0440\u0430\u0457\u043d\u0456.\" \/>\n<meta property=\"og:url\" content=\"https:\/\/madlenmakeup.com.ua\/cz\/produkt\/olivets-dlya-gub-316-cascade-of-colours-kaskad-of-kolor\/\" \/>\n<meta property=\"og:site_name\" content=\"Madlen Cosmetics\" \/>\n<meta property=\"article:modified_time\" content=\"2026-01-15T13:48:54+00:00\" \/>\n<meta property=\"og:image\" content=\"https:\/\/madlenmakeup.com.ua\/wp-content\/uploads\/2024\/06\/Karandash-dlya-gub-316-Cascade-of-Colours.jpg\" \/>\n\t<meta property=\"og:image:width\" content=\"512\" \/>\n\t<meta property=\"og:image:height\" content=\"512\" \/>\n\t<meta property=\"og:image:type\" content=\"image\/jpeg\" \/>\n<meta name=\"twitter:card\" content=\"summary_large_image\" \/>\n<meta name=\"twitter:label1\" content=\"Odhadovan\u00e1 doba \u010dten\u00ed\" \/>\n\t<meta name=\"twitter:data1\" content=\"1 minuta\" \/>\n<script type=\"application\/ld+json\" class=\"yoast-schema-graph\">{\"@context\":\"https:\/\/schema.org\",\"@graph\":[{\"@type\":\"WebPage\",\"@id\":\"https:\/\/madlenmakeup.com.ua\/product\/olivets-dlya-gub-316-cascade-of-colours-kaskad-of-kolor\/\",\"url\":\"https:\/\/madlenmakeup.com.ua\/product\/olivets-dlya-gub-316-cascade-of-colours-kaskad-of-kolor\/\",\"name\":\"\u041e\u043b\u0456\u0432\u0435\u0446\u044c \u0434\u043b\u044f \u0433\u0443\u0431 316 Cascade of Colours (\u041a\u0430\u0441\u043a\u0430\u0434 \u043e\u0444 \u041a\u043e\u043b\u043e\u0440) - Madlen Cosmetics\",\"isPartOf\":{\"@id\":\"https:\/\/madlenmakeup.com.ua\/#website\"},\"primaryImageOfPage\":{\"@id\":\"https:\/\/madlenmakeup.com.ua\/product\/olivets-dlya-gub-316-cascade-of-colours-kaskad-of-kolor\/#primaryimage\"},\"image\":{\"@id\":\"https:\/\/madlenmakeup.com.ua\/product\/olivets-dlya-gub-316-cascade-of-colours-kaskad-of-kolor\/#primaryimage\"},\"thumbnailUrl\":\"https:\/\/madlenmakeup.com.ua\/wp-content\/uploads\/2024\/06\/Karandash-dlya-gub-316-Cascade-of-Colours.jpg\",\"datePublished\":\"2024-06-07T19:47:46+00:00\",\"dateModified\":\"2026-01-15T13:48:54+00:00\",\"description\":\"\u041e\u043b\u0456\u0432\u0435\u0446\u044c \u0434\u043b\u044f \u0433\u0443\u0431 Cascade of Colours 316 \u043c\u043e\u0436\u043d\u0430 \u043a\u0443\u043f\u0438\u0442\u0438 \u043e\u043f\u0442\u043e\u043c. \u041d\u0438\u0437\u044c\u043a\u0456 \u0446\u0456\u043d\u0438. \u0412\u0435\u043b\u0438\u043a\u0438\u0439 \u0430\u0441\u043e\u0440\u0442\u0438\u043c\u0435\u043d\u0442\u0438 \u043a\u043e\u0441\u043c\u0435\u0442\u0438\u043a\u0438. \u0428\u0432\u0438\u0434\u043a\u0435 \u0432\u0456\u0434\u043f\u0440\u0430\u0432\u043b\u0435\u043d\u043d\u044f \u043f\u043e \u0432\u0441\u0456\u0439 \u0423\u043a\u0440\u0430\u0457\u043d\u0456.\",\"breadcrumb\":{\"@id\":\"https:\/\/madlenmakeup.com.ua\/product\/olivets-dlya-gub-316-cascade-of-colours-kaskad-of-kolor\/#breadcrumb\"},\"inLanguage\":\"cs\",\"potentialAction\":[{\"@type\":\"ReadAction\",\"target\":[\"https:\/\/madlenmakeup.com.ua\/product\/olivets-dlya-gub-316-cascade-of-colours-kaskad-of-kolor\/\"]}]},{\"@type\":\"ImageObject\",\"inLanguage\":\"cs\",\"@id\":\"https:\/\/madlenmakeup.com.ua\/product\/olivets-dlya-gub-316-cascade-of-colours-kaskad-of-kolor\/#primaryimage\",\"url\":\"https:\/\/madlenmakeup.com.ua\/wp-content\/uploads\/2024\/06\/Karandash-dlya-gub-316-Cascade-of-Colours.jpg\",\"contentUrl\":\"https:\/\/madlenmakeup.com.ua\/wp-content\/uploads\/2024\/06\/Karandash-dlya-gub-316-Cascade-of-Colours.jpg\",\"width\":512,\"height\":512,\"caption\":\"Karandash-dlya-gub-316-Cascade-of-Colours\"},{\"@type\":\"BreadcrumbList\",\"@id\":\"https:\/\/madlenmakeup.com.ua\/product\/olivets-dlya-gub-316-cascade-of-colours-kaskad-of-kolor\/#breadcrumb\",\"itemListElement\":[{\"@type\":\"ListItem\",\"position\":1,\"name\":\"\u0413\u043e\u043b\u043e\u0432\u043d\u0430\",\"item\":\"https:\/\/madlenmakeup.com.ua\/\"},{\"@type\":\"ListItem\",\"position\":2,\"name\":\"\u041c\u0430\u0433\u0430\u0437\u0438\u043d\",\"item\":\"https:\/\/madlenmakeup.com.ua\/shop\/\"},{\"@type\":\"ListItem\",\"position\":3,\"name\":\"\u041e\u043b\u0456\u0432\u0435\u0446\u044c \u0434\u043b\u044f \u0433\u0443\u0431 316 Cascade of Colours (\u041a\u0430\u0441\u043a\u0430\u0434 \u043e\u0444 \u041a\u043e\u043b\u043e\u0440)\"}]},{\"@type\":\"WebSite\",\"@id\":\"https:\/\/madlenmakeup.com.ua\/#website\",\"url\":\"https:\/\/madlenmakeup.com.ua\/\",\"name\":\"Madlen Cosmetics\",\"description\":\"\u041c\u0430\u0433\u0430\u0437\u0438\u043d \u043f\u0440\u043e\u0444\u0435\u0441\u0456\u0439\u043d\u043e\u0457 \u043a\u043e\u0441\u043c\u0435\u0442\u0438\u043a\u0438\",\"publisher\":{\"@id\":\"https:\/\/madlenmakeup.com.ua\/#\/schema\/person\/49cd71213b472a6db978257e4616a5de\"},\"potentialAction\":[{\"@type\":\"SearchAction\",\"target\":{\"@type\":\"EntryPoint\",\"urlTemplate\":\"https:\/\/madlenmakeup.com.ua\/?s={search_term_string}\"},\"query-input\":{\"@type\":\"PropertyValueSpecification\",\"valueRequired\":true,\"valueName\":\"search_term_string\"}}],\"inLanguage\":\"cs\"},{\"@type\":[\"Person\",\"Organization\"],\"@id\":\"https:\/\/madlenmakeup.com.ua\/#\/schema\/person\/49cd71213b472a6db978257e4616a5de\",\"name\":\"madlenmakeup\",\"image\":{\"@type\":\"ImageObject\",\"inLanguage\":\"cs\",\"@id\":\"https:\/\/madlenmakeup.com.ua\/#\/schema\/person\/image\/\",\"url\":\"https:\/\/madlenmakeup.com.ua\/wp-content\/uploads\/2023\/04\/cropped-cropped-madlen-logo-removebg-preview.png\",\"contentUrl\":\"https:\/\/madlenmakeup.com.ua\/wp-content\/uploads\/2023\/04\/cropped-cropped-madlen-logo-removebg-preview.png\",\"width\":296,\"height\":70,\"caption\":\"madlenmakeup\"},\"logo\":{\"@id\":\"https:\/\/madlenmakeup.com.ua\/#\/schema\/person\/image\/\"},\"sameAs\":[\"http:\/\/madlenmakeup.com.ua\"]}]}<\/script>\n<!-- \/ Yoast SEO plugin. -->","yoast_head_json":{"title":"\u041e\u043b\u0456\u0432\u0435\u0446\u044c \u0434\u043b\u044f \u0433\u0443\u0431 316 Cascade of Colours (\u041a\u0430\u0441\u043a\u0430\u0434 \u043e\u0444 \u041a\u043e\u043b\u043e\u0440) - Madlen Cosmetics","description":"\u041e\u043b\u0456\u0432\u0435\u0446\u044c \u0434\u043b\u044f \u0433\u0443\u0431 Cascade of Colours 316 \u043c\u043e\u0436\u043d\u0430 \u043a\u0443\u043f\u0438\u0442\u0438 \u043e\u043f\u0442\u043e\u043c. \u041d\u0438\u0437\u044c\u043a\u0456 \u0446\u0456\u043d\u0438. \u0412\u0435\u043b\u0438\u043a\u0438\u0439 \u0430\u0441\u043e\u0440\u0442\u0438\u043c\u0435\u043d\u0442\u0438 \u043a\u043e\u0441\u043c\u0435\u0442\u0438\u043a\u0438. \u0428\u0432\u0438\u0434\u043a\u0435 \u0432\u0456\u0434\u043f\u0440\u0430\u0432\u043b\u0435\u043d\u043d\u044f \u043f\u043e \u0432\u0441\u0456\u0439 \u0423\u043a\u0440\u0430\u0457\u043d\u0456.","robots":{"index":"index","follow":"follow","max-snippet":"max-snippet:-1","max-image-preview":"max-image-preview:large","max-video-preview":"max-video-preview:-1"},"canonical":"https:\/\/madlenmakeup.com.ua\/cz\/produkt\/olivets-dlya-gub-316-cascade-of-colours-kaskad-of-kolor\/","og_locale":"cs_CZ","og_type":"article","og_title":"\u041e\u043b\u0456\u0432\u0435\u0446\u044c \u0434\u043b\u044f \u0433\u0443\u0431 316 Cascade of Colours (\u041a\u0430\u0441\u043a\u0430\u0434 \u043e\u0444 \u041a\u043e\u043b\u043e\u0440) - Madlen Cosmetics","og_description":"\u041e\u043b\u0456\u0432\u0435\u0446\u044c \u0434\u043b\u044f \u0433\u0443\u0431 Cascade of Colours 316 \u043c\u043e\u0436\u043d\u0430 \u043a\u0443\u043f\u0438\u0442\u0438 \u043e\u043f\u0442\u043e\u043c. \u041d\u0438\u0437\u044c\u043a\u0456 \u0446\u0456\u043d\u0438. \u0412\u0435\u043b\u0438\u043a\u0438\u0439 \u0430\u0441\u043e\u0440\u0442\u0438\u043c\u0435\u043d\u0442\u0438 \u043a\u043e\u0441\u043c\u0435\u0442\u0438\u043a\u0438. \u0428\u0432\u0438\u0434\u043a\u0435 \u0432\u0456\u0434\u043f\u0440\u0430\u0432\u043b\u0435\u043d\u043d\u044f \u043f\u043e \u0432\u0441\u0456\u0439 \u0423\u043a\u0440\u0430\u0457\u043d\u0456.","og_url":"https:\/\/madlenmakeup.com.ua\/cz\/produkt\/olivets-dlya-gub-316-cascade-of-colours-kaskad-of-kolor\/","og_site_name":"Madlen Cosmetics","article_modified_time":"2026-01-15T13:48:54+00:00","og_image":[{"width":512,"height":512,"url":"https:\/\/madlenmakeup.com.ua\/wp-content\/uploads\/2024\/06\/Karandash-dlya-gub-316-Cascade-of-Colours.jpg","type":"image\/jpeg"}],"twitter_card":"summary_large_image","twitter_misc":{"Odhadovan\u00e1 doba \u010dten\u00ed":"1 minuta"},"schema":{"@context":"https:\/\/schema.org","@graph":[{"@type":"WebPage","@id":"https:\/\/madlenmakeup.com.ua\/product\/olivets-dlya-gub-316-cascade-of-colours-kaskad-of-kolor\/","url":"https:\/\/madlenmakeup.com.ua\/product\/olivets-dlya-gub-316-cascade-of-colours-kaskad-of-kolor\/","name":"\u041e\u043b\u0456\u0432\u0435\u0446\u044c \u0434\u043b\u044f \u0433\u0443\u0431 316 Cascade of Colours (\u041a\u0430\u0441\u043a\u0430\u0434 \u043e\u0444 \u041a\u043e\u043b\u043e\u0440) - Madlen Cosmetics","isPartOf":{"@id":"https:\/\/madlenmakeup.com.ua\/#website"},"primaryImageOfPage":{"@id":"https:\/\/madlenmakeup.com.ua\/product\/olivets-dlya-gub-316-cascade-of-colours-kaskad-of-kolor\/#primaryimage"},"image":{"@id":"https:\/\/madlenmakeup.com.ua\/product\/olivets-dlya-gub-316-cascade-of-colours-kaskad-of-kolor\/#primaryimage"},"thumbnailUrl":"https:\/\/madlenmakeup.com.ua\/wp-content\/uploads\/2024\/06\/Karandash-dlya-gub-316-Cascade-of-Colours.jpg","datePublished":"2024-06-07T19:47:46+00:00","dateModified":"2026-01-15T13:48:54+00:00","description":"\u041e\u043b\u0456\u0432\u0435\u0446\u044c \u0434\u043b\u044f \u0433\u0443\u0431 Cascade of Colours 316 \u043c\u043e\u0436\u043d\u0430 \u043a\u0443\u043f\u0438\u0442\u0438 \u043e\u043f\u0442\u043e\u043c. \u041d\u0438\u0437\u044c\u043a\u0456 \u0446\u0456\u043d\u0438. \u0412\u0435\u043b\u0438\u043a\u0438\u0439 \u0430\u0441\u043e\u0440\u0442\u0438\u043c\u0435\u043d\u0442\u0438 \u043a\u043e\u0441\u043c\u0435\u0442\u0438\u043a\u0438. \u0428\u0432\u0438\u0434\u043a\u0435 \u0432\u0456\u0434\u043f\u0440\u0430\u0432\u043b\u0435\u043d\u043d\u044f \u043f\u043e \u0432\u0441\u0456\u0439 \u0423\u043a\u0440\u0430\u0457\u043d\u0456.","breadcrumb":{"@id":"https:\/\/madlenmakeup.com.ua\/product\/olivets-dlya-gub-316-cascade-of-colours-kaskad-of-kolor\/#breadcrumb"},"inLanguage":"cs","potentialAction":[{"@type":"ReadAction","target":["https:\/\/madlenmakeup.com.ua\/product\/olivets-dlya-gub-316-cascade-of-colours-kaskad-of-kolor\/"]}]},{"@type":"ImageObject","inLanguage":"cs","@id":"https:\/\/madlenmakeup.com.ua\/product\/olivets-dlya-gub-316-cascade-of-colours-kaskad-of-kolor\/#primaryimage","url":"https:\/\/madlenmakeup.com.ua\/wp-content\/uploads\/2024\/06\/Karandash-dlya-gub-316-Cascade-of-Colours.jpg","contentUrl":"https:\/\/madlenmakeup.com.ua\/wp-content\/uploads\/2024\/06\/Karandash-dlya-gub-316-Cascade-of-Colours.jpg","width":512,"height":512,"caption":"Karandash-dlya-gub-316-Cascade-of-Colours"},{"@type":"BreadcrumbList","@id":"https:\/\/madlenmakeup.com.ua\/product\/olivets-dlya-gub-316-cascade-of-colours-kaskad-of-kolor\/#breadcrumb","itemListElement":[{"@type":"ListItem","position":1,"name":"\u0413\u043e\u043b\u043e\u0432\u043d\u0430","item":"https:\/\/madlenmakeup.com.ua\/"},{"@type":"ListItem","position":2,"name":"\u041c\u0430\u0433\u0430\u0437\u0438\u043d","item":"https:\/\/madlenmakeup.com.ua\/shop\/"},{"@type":"ListItem","position":3,"name":"\u041e\u043b\u0456\u0432\u0435\u0446\u044c \u0434\u043b\u044f \u0433\u0443\u0431 316 Cascade of Colours (\u041a\u0430\u0441\u043a\u0430\u0434 \u043e\u0444 \u041a\u043e\u043b\u043e\u0440)"}]},{"@type":"WebSite","@id":"https:\/\/madlenmakeup.com.ua\/#website","url":"https:\/\/madlenmakeup.com.ua\/","name":"Madlen Cosmetics","description":"\u041c\u0430\u0433\u0430\u0437\u0438\u043d \u043f\u0440\u043e\u0444\u0435\u0441\u0456\u0439\u043d\u043e\u0457 \u043a\u043e\u0441\u043c\u0435\u0442\u0438\u043a\u0438","publisher":{"@id":"https:\/\/madlenmakeup.com.ua\/#\/schema\/person\/49cd71213b472a6db978257e4616a5de"},"potentialAction":[{"@type":"SearchAction","target":{"@type":"EntryPoint","urlTemplate":"https:\/\/madlenmakeup.com.ua\/?s={search_term_string}"},"query-input":{"@type":"PropertyValueSpecification","valueRequired":true,"valueName":"search_term_string"}}],"inLanguage":"cs"},{"@type":["Person","Organization"],"@id":"https:\/\/madlenmakeup.com.ua\/#\/schema\/person\/49cd71213b472a6db978257e4616a5de","name":"madlenmakeup","image":{"@type":"ImageObject","inLanguage":"cs","@id":"https:\/\/madlenmakeup.com.ua\/#\/schema\/person\/image\/","url":"https:\/\/madlenmakeup.com.ua\/wp-content\/uploads\/2023\/04\/cropped-cropped-madlen-logo-removebg-preview.png","contentUrl":"https:\/\/madlenmakeup.com.ua\/wp-content\/uploads\/2023\/04\/cropped-cropped-madlen-logo-removebg-preview.png","width":296,"height":70,"caption":"madlenmakeup"},"logo":{"@id":"https:\/\/madlenmakeup.com.ua\/#\/schema\/person\/image\/"},"sameAs":["http:\/\/madlenmakeup.com.ua"]}]}},"_links":{"self":[{"href":"https:\/\/madlenmakeup.com.ua\/cz\/wp-json\/wp\/v2\/product\/6866","targetHints":{"allow":["GET"]}}],"collection":[{"href":"https:\/\/madlenmakeup.com.ua\/cz\/wp-json\/wp\/v2\/product"}],"about":[{"href":"https:\/\/madlenmakeup.com.ua\/cz\/wp-json\/wp\/v2\/types\/product"}],"replies":[{"embeddable":true,"href":"https:\/\/madlenmakeup.com.ua\/cz\/wp-json\/wp\/v2\/comments?post=6866"}],"version-history":[{"count":3,"href":"https:\/\/madlenmakeup.com.ua\/cz\/wp-json\/wp\/v2\/product\/6866\/revisions"}],"predecessor-version":[{"id":8441,"href":"https:\/\/madlenmakeup.com.ua\/cz\/wp-json\/wp\/v2\/product\/6866\/revisions\/8441"}],"wp:featuredmedia":[{"embeddable":true,"href":"https:\/\/madlenmakeup.com.ua\/cz\/wp-json\/wp\/v2\/media\/6867"}],"wp:attachment":[{"href":"https:\/\/madlenmakeup.com.ua\/cz\/wp-json\/wp\/v2\/media?parent=6866"}],"wp:term":[{"taxonomy":"product_cat","embeddable":true,"href":"https:\/\/madlenmakeup.com.ua\/cz\/wp-json\/wp\/v2\/product_cat?post=6866"},{"taxonomy":"product_tag","embeddable":true,"href":"https:\/\/madlenmakeup.com.ua\/cz\/wp-json\/wp\/v2\/product_tag?post=6866"}],"curies":[{"name":"wp","href":"https:\/\/api.w.org\/{rel}","templated":true}]}}