{"id":6921,"date":"2023-10-29T00:09:38","date_gmt":"2023-10-28T21:09:38","guid":{"rendered":"https:\/\/madlenmakeup.com.ua\/?post_type=product&#038;p=6921"},"modified":"2025-08-15T17:18:17","modified_gmt":"2025-08-15T14:18:17","slug":"miss-tais-773-olivets-dlya-gub","status":"publish","type":"product","link":"https:\/\/madlenmakeup.com.ua\/cz\/produkt\/miss-tais-773-olivets-dlya-gub\/","title":{"rendered":"Miss Tais 773 Tu\u017eka na rty"},"content":{"rendered":"<div>Tu\u017eky Miss Tais 773 ud\u011blaly opravdov\u00fd rozruch v kosmetick\u00e9m pr\u016fmyslu.<\/div>\n<div>Mnoho slavn\u00fdch mask\u00e9r\u016f p\u011bje jejich \u00f3dy.<\/div>\n<div>Jedine\u010dn\u00fd \"p\u0159\u00edrodn\u00ed\" design.<\/div>\n<div>N\u00e1dhern\u00e1 m\u011bkk\u00e1 tu\u017eka s velmi sytou barvou.\u00a0<\/div>\n<div>\n<p>Lze pou\u017e\u00edt jako z\u00e1klad pod rt\u011bnku i jako samostatn\u00fd produkt.<br \/>\nProfesion\u00e1ln\u00ed konturovac\u00ed tu\u017eky Miss Tais na rty, o\u010di a obo\u010d\u00ed.<br \/>\nD\u00edky kombinaci ide\u00e1ln\u00ed hypoalergenn\u00ed formule a d\u0159ev\u011bn\u00e9ho t\u011bla z kalifornsk\u00e9ho cedru je nan\u00e1\u0161en\u00ed make-upu nejen pohodln\u00e9, ale tak\u00e9 lep\u0161\u00ed pro \u017eeny s citlivou poko\u017ekou nebo nap\u0159\u00edklad kontaktn\u00ed \u010do\u010dky. Strom m\u00e1 silnou antiseptickou vlastnost, kter\u00e1 zabra\u0148uje mno\u017een\u00ed bakteri\u00ed na povrchu b\u0159idlice, a je v\u00fdborn\u00fdm p\u0159\u00edrodn\u00edm konzervantem. Skv\u011ble vyv\u00e1\u017een\u00e9 slo\u017een\u00ed vhodn\u00e9 pro v\u0161echny typy pleti.<br \/>\nVzorn\u00edk\u016f je cel\u00e1 paleta.<br \/>\nKe spolupr\u00e1ci zveme viz\u00e1\u017eistky, kosmetick\u00e9 \u0161koly, prodejny profesion\u00e1ln\u00ed kosmetiky, organiz\u00e1tory spole\u010dn\u00fdch n\u00e1kup\u016f a v\u0161echny.<br \/>\nM\u016f\u017eete nakupovat ve velk\u00e9m.<br \/>\nVyrobeno v \u010cR.<\/p>\n<\/div>","protected":false},"excerpt":{"rendered":"<p><img loading=\"lazy\" decoding=\"async\" class=\"\" src=\"https:\/\/madlenmakeup.com.ua\/wp-content\/uploads\/2023\/04\/1f1ea-1f1fa.png\" alt=\"\u042d\u043c\u043e\u0434\u0437\u0438 \ud83c\uddea\ud83c\uddfa Apple \u0438 iOS\" width=\"40\" height=\"40\" \/>\u00a0<strong>Evropsk\u00e1 kvalita\u00a0<\/strong><img loading=\"lazy\" decoding=\"async\" class=\"\" src=\"https:\/\/madlenmakeup.com.ua\/wp-content\/uploads\/2023\/04\/1f1ea-1f1fa.png\" alt=\"\u042d\u043c\u043e\u0434\u0437\u0438 \ud83c\uddea\ud83c\uddfa Apple \u0438 iOS\" width=\"40\" height=\"40\" \/><\/p>\n<p>&nbsp;<\/p>","protected":false},"featured_media":6923,"comment_status":"open","ping_status":"closed","template":"","meta":{"site-sidebar-layout":"default","site-content-layout":"default","ast-global-header-display":"","ast-main-header-display":"","ast-hfb-above-header-display":"","ast-hfb-below-header-display":"","ast-hfb-mobile-header-display":"","site-post-title":"","ast-breadcrumbs-content":"","ast-featured-img":"","footer-sml-layout":"","theme-transparent-header-meta":"default","adv-header-id-meta":"","stick-header-meta":"","header-above-stick-meta":"","header-main-stick-meta":"","header-below-stick-meta":""},"product_cat":[39],"product_tag":[70,78],"class_list":{"0":"post-6921","1":"product","2":"type-product","3":"status-publish","4":"has-post-thumbnail","6":"product_brand-miss-tais","7":"product_cat-huby-madlen","8":"product_tag-vsi-olivtsi-dlya-gub","9":"product_tag-usi-olivtsi-dlya-gub-miss-tais","10":"desktop-align-left","11":"tablet-align-left","12":"mobile-align-left","14":"first","15":"instock","16":"shipping-taxable","17":"purchasable","18":"product-type-simple"},"yoast_head":"<!-- This site is optimized with the Yoast SEO plugin v25.6 - https:\/\/yoast.com\/wordpress\/plugins\/seo\/ -->\n<title>Miss Tais 773 \u041e\u043b\u0456\u0432\u0435\u0446\u044c \u0434\u043b\u044f \u0433\u0443\u0431 - Madlen Cosmetics<\/title>\n<meta name=\"description\" content=\"\u041a\u0430\u0440\u0430\u043d\u0434\u0430\u0448 Miss Tais 773 \u043c\u043e\u0436\u043d\u043e \u043a\u0443\u043f\u0438\u0442\u044c \u043e\u043f\u0442\u043e\u043c. \u041d\u0438\u0437\u043a\u0438\u0435 \u0446\u0435\u043d\u044b. \u0411\u043e\u043b\u044c\u0448\u043e\u0439 \u0430\u0441\u0441\u043e\u0440\u0442\u0438\u043c\u0435\u043d\u0442 \u043a\u0430\u0440\u0430\u043d\u0434\u0430\u0448\u0435\u0439 \u0432 \u043d\u0430\u043b\u0438\u0447\u0438\u0438. \u0411\u044b\u0441\u0442\u0440\u0430\u044f \u0434\u043e\u0441\u0442\u0430\u0432\u043a\u0430 \u043f\u043e \u0432\u0441\u0435\u0439 \u0423\u043a\u0440\u0430\u0438\u043d\u0435.\" \/>\n<meta name=\"robots\" content=\"index, follow, max-snippet:-1, max-image-preview:large, max-video-preview:-1\" \/>\n<link rel=\"canonical\" href=\"https:\/\/madlenmakeup.com.ua\/cz\/produkt\/miss-tais-773-olivets-dlya-gub\/\" \/>\n<meta property=\"og:locale\" content=\"cs_CZ\" \/>\n<meta property=\"og:type\" content=\"article\" \/>\n<meta property=\"og:title\" content=\"Miss Tais 773 \u041e\u043b\u0456\u0432\u0435\u0446\u044c \u0434\u043b\u044f \u0433\u0443\u0431 - Madlen Cosmetics\" \/>\n<meta property=\"og:description\" content=\"\u041a\u0430\u0440\u0430\u043d\u0434\u0430\u0448 Miss Tais 773 \u043c\u043e\u0436\u043d\u043e \u043a\u0443\u043f\u0438\u0442\u044c \u043e\u043f\u0442\u043e\u043c. \u041d\u0438\u0437\u043a\u0438\u0435 \u0446\u0435\u043d\u044b. \u0411\u043e\u043b\u044c\u0448\u043e\u0439 \u0430\u0441\u0441\u043e\u0440\u0442\u0438\u043c\u0435\u043d\u0442 \u043a\u0430\u0440\u0430\u043d\u0434\u0430\u0448\u0435\u0439 \u0432 \u043d\u0430\u043b\u0438\u0447\u0438\u0438. \u0411\u044b\u0441\u0442\u0440\u0430\u044f \u0434\u043e\u0441\u0442\u0430\u0432\u043a\u0430 \u043f\u043e \u0432\u0441\u0435\u0439 \u0423\u043a\u0440\u0430\u0438\u043d\u0435.\" \/>\n<meta property=\"og:url\" content=\"https:\/\/madlenmakeup.com.ua\/cz\/produkt\/miss-tais-773-olivets-dlya-gub\/\" \/>\n<meta property=\"og:site_name\" content=\"Madlen Cosmetics\" \/>\n<meta property=\"article:modified_time\" content=\"2025-08-15T14:18:17+00:00\" \/>\n<meta property=\"og:image\" content=\"https:\/\/madlenmakeup.com.ua\/wp-content\/uploads\/2024\/06\/miss-tais-773-karandash-dlya-gub.jpg\" \/>\n\t<meta property=\"og:image:width\" content=\"500\" \/>\n\t<meta property=\"og:image:height\" content=\"500\" \/>\n\t<meta property=\"og:image:type\" content=\"image\/jpeg\" \/>\n<meta name=\"twitter:card\" content=\"summary_large_image\" \/>\n<meta name=\"twitter:label1\" content=\"Odhadovan\u00e1 doba \u010dten\u00ed\" \/>\n\t<meta name=\"twitter:data1\" content=\"1 minuta\" \/>\n<script type=\"application\/ld+json\" class=\"yoast-schema-graph\">{\"@context\":\"https:\/\/schema.org\",\"@graph\":[{\"@type\":\"WebPage\",\"@id\":\"https:\/\/madlenmakeup.com.ua\/product\/miss-tais-773-olivets-dlya-gub\/\",\"url\":\"https:\/\/madlenmakeup.com.ua\/product\/miss-tais-773-olivets-dlya-gub\/\",\"name\":\"Miss Tais 773 \u041e\u043b\u0456\u0432\u0435\u0446\u044c \u0434\u043b\u044f \u0433\u0443\u0431 - Madlen Cosmetics\",\"isPartOf\":{\"@id\":\"https:\/\/madlenmakeup.com.ua\/#website\"},\"primaryImageOfPage\":{\"@id\":\"https:\/\/madlenmakeup.com.ua\/product\/miss-tais-773-olivets-dlya-gub\/#primaryimage\"},\"image\":{\"@id\":\"https:\/\/madlenmakeup.com.ua\/product\/miss-tais-773-olivets-dlya-gub\/#primaryimage\"},\"thumbnailUrl\":\"https:\/\/madlenmakeup.com.ua\/wp-content\/uploads\/2024\/06\/miss-tais-773-karandash-dlya-gub.jpg\",\"datePublished\":\"2023-10-28T21:09:38+00:00\",\"dateModified\":\"2025-08-15T14:18:17+00:00\",\"description\":\"\u041a\u0430\u0440\u0430\u043d\u0434\u0430\u0448 Miss Tais 773 \u043c\u043e\u0436\u043d\u043e \u043a\u0443\u043f\u0438\u0442\u044c \u043e\u043f\u0442\u043e\u043c. \u041d\u0438\u0437\u043a\u0438\u0435 \u0446\u0435\u043d\u044b. \u0411\u043e\u043b\u044c\u0448\u043e\u0439 \u0430\u0441\u0441\u043e\u0440\u0442\u0438\u043c\u0435\u043d\u0442 \u043a\u0430\u0440\u0430\u043d\u0434\u0430\u0448\u0435\u0439 \u0432 \u043d\u0430\u043b\u0438\u0447\u0438\u0438. \u0411\u044b\u0441\u0442\u0440\u0430\u044f \u0434\u043e\u0441\u0442\u0430\u0432\u043a\u0430 \u043f\u043e \u0432\u0441\u0435\u0439 \u0423\u043a\u0440\u0430\u0438\u043d\u0435.\",\"breadcrumb\":{\"@id\":\"https:\/\/madlenmakeup.com.ua\/product\/miss-tais-773-olivets-dlya-gub\/#breadcrumb\"},\"inLanguage\":\"cs\",\"potentialAction\":[{\"@type\":\"ReadAction\",\"target\":[\"https:\/\/madlenmakeup.com.ua\/product\/miss-tais-773-olivets-dlya-gub\/\"]}]},{\"@type\":\"ImageObject\",\"inLanguage\":\"cs\",\"@id\":\"https:\/\/madlenmakeup.com.ua\/product\/miss-tais-773-olivets-dlya-gub\/#primaryimage\",\"url\":\"https:\/\/madlenmakeup.com.ua\/wp-content\/uploads\/2024\/06\/miss-tais-773-karandash-dlya-gub.jpg\",\"contentUrl\":\"https:\/\/madlenmakeup.com.ua\/wp-content\/uploads\/2024\/06\/miss-tais-773-karandash-dlya-gub.jpg\",\"width\":500,\"height\":500,\"caption\":\"miss-tais-773-karandash-dlya-gub\"},{\"@type\":\"BreadcrumbList\",\"@id\":\"https:\/\/madlenmakeup.com.ua\/product\/miss-tais-773-olivets-dlya-gub\/#breadcrumb\",\"itemListElement\":[{\"@type\":\"ListItem\",\"position\":1,\"name\":\"\u0413\u043e\u043b\u043e\u0432\u043d\u0430\",\"item\":\"https:\/\/madlenmakeup.com.ua\/\"},{\"@type\":\"ListItem\",\"position\":2,\"name\":\"\u041c\u0430\u0433\u0430\u0437\u0438\u043d\",\"item\":\"https:\/\/madlenmakeup.com.ua\/shop\/\"},{\"@type\":\"ListItem\",\"position\":3,\"name\":\"Miss Tais 773 \u041e\u043b\u0456\u0432\u0435\u0446\u044c \u0434\u043b\u044f \u0433\u0443\u0431\"}]},{\"@type\":\"WebSite\",\"@id\":\"https:\/\/madlenmakeup.com.ua\/#website\",\"url\":\"https:\/\/madlenmakeup.com.ua\/\",\"name\":\"Madlen Cosmetics\",\"description\":\"\u041c\u0430\u0433\u0430\u0437\u0438\u043d \u043f\u0440\u043e\u0444\u0435\u0441\u0456\u0439\u043d\u043e\u0457 \u043a\u043e\u0441\u043c\u0435\u0442\u0438\u043a\u0438\",\"publisher\":{\"@id\":\"https:\/\/madlenmakeup.com.ua\/#\/schema\/person\/49cd71213b472a6db978257e4616a5de\"},\"potentialAction\":[{\"@type\":\"SearchAction\",\"target\":{\"@type\":\"EntryPoint\",\"urlTemplate\":\"https:\/\/madlenmakeup.com.ua\/?s={search_term_string}\"},\"query-input\":{\"@type\":\"PropertyValueSpecification\",\"valueRequired\":true,\"valueName\":\"search_term_string\"}}],\"inLanguage\":\"cs\"},{\"@type\":[\"Person\",\"Organization\"],\"@id\":\"https:\/\/madlenmakeup.com.ua\/#\/schema\/person\/49cd71213b472a6db978257e4616a5de\",\"name\":\"madlenmakeup\",\"image\":{\"@type\":\"ImageObject\",\"inLanguage\":\"cs\",\"@id\":\"https:\/\/madlenmakeup.com.ua\/#\/schema\/person\/image\/\",\"url\":\"https:\/\/madlenmakeup.com.ua\/wp-content\/uploads\/2023\/04\/cropped-cropped-madlen-logo-removebg-preview.png\",\"contentUrl\":\"https:\/\/madlenmakeup.com.ua\/wp-content\/uploads\/2023\/04\/cropped-cropped-madlen-logo-removebg-preview.png\",\"width\":296,\"height\":70,\"caption\":\"madlenmakeup\"},\"logo\":{\"@id\":\"https:\/\/madlenmakeup.com.ua\/#\/schema\/person\/image\/\"},\"sameAs\":[\"http:\/\/madlenmakeup.com.ua\"]}]}<\/script>\n<!-- \/ Yoast SEO plugin. -->","yoast_head_json":{"title":"Miss Tais 773 \u041e\u043b\u0456\u0432\u0435\u0446\u044c \u0434\u043b\u044f \u0433\u0443\u0431 - Madlen Cosmetics","description":"\u041a\u0430\u0440\u0430\u043d\u0434\u0430\u0448 Miss Tais 773 \u043c\u043e\u0436\u043d\u043e \u043a\u0443\u043f\u0438\u0442\u044c \u043e\u043f\u0442\u043e\u043c. \u041d\u0438\u0437\u043a\u0438\u0435 \u0446\u0435\u043d\u044b. \u0411\u043e\u043b\u044c\u0448\u043e\u0439 \u0430\u0441\u0441\u043e\u0440\u0442\u0438\u043c\u0435\u043d\u0442 \u043a\u0430\u0440\u0430\u043d\u0434\u0430\u0448\u0435\u0439 \u0432 \u043d\u0430\u043b\u0438\u0447\u0438\u0438. \u0411\u044b\u0441\u0442\u0440\u0430\u044f \u0434\u043e\u0441\u0442\u0430\u0432\u043a\u0430 \u043f\u043e \u0432\u0441\u0435\u0439 \u0423\u043a\u0440\u0430\u0438\u043d\u0435.","robots":{"index":"index","follow":"follow","max-snippet":"max-snippet:-1","max-image-preview":"max-image-preview:large","max-video-preview":"max-video-preview:-1"},"canonical":"https:\/\/madlenmakeup.com.ua\/cz\/produkt\/miss-tais-773-olivets-dlya-gub\/","og_locale":"cs_CZ","og_type":"article","og_title":"Miss Tais 773 \u041e\u043b\u0456\u0432\u0435\u0446\u044c \u0434\u043b\u044f \u0433\u0443\u0431 - Madlen Cosmetics","og_description":"\u041a\u0430\u0440\u0430\u043d\u0434\u0430\u0448 Miss Tais 773 \u043c\u043e\u0436\u043d\u043e \u043a\u0443\u043f\u0438\u0442\u044c \u043e\u043f\u0442\u043e\u043c. \u041d\u0438\u0437\u043a\u0438\u0435 \u0446\u0435\u043d\u044b. \u0411\u043e\u043b\u044c\u0448\u043e\u0439 \u0430\u0441\u0441\u043e\u0440\u0442\u0438\u043c\u0435\u043d\u0442 \u043a\u0430\u0440\u0430\u043d\u0434\u0430\u0448\u0435\u0439 \u0432 \u043d\u0430\u043b\u0438\u0447\u0438\u0438. \u0411\u044b\u0441\u0442\u0440\u0430\u044f \u0434\u043e\u0441\u0442\u0430\u0432\u043a\u0430 \u043f\u043e \u0432\u0441\u0435\u0439 \u0423\u043a\u0440\u0430\u0438\u043d\u0435.","og_url":"https:\/\/madlenmakeup.com.ua\/cz\/produkt\/miss-tais-773-olivets-dlya-gub\/","og_site_name":"Madlen Cosmetics","article_modified_time":"2025-08-15T14:18:17+00:00","og_image":[{"width":500,"height":500,"url":"https:\/\/madlenmakeup.com.ua\/wp-content\/uploads\/2024\/06\/miss-tais-773-karandash-dlya-gub.jpg","type":"image\/jpeg"}],"twitter_card":"summary_large_image","twitter_misc":{"Odhadovan\u00e1 doba \u010dten\u00ed":"1 minuta"},"schema":{"@context":"https:\/\/schema.org","@graph":[{"@type":"WebPage","@id":"https:\/\/madlenmakeup.com.ua\/product\/miss-tais-773-olivets-dlya-gub\/","url":"https:\/\/madlenmakeup.com.ua\/product\/miss-tais-773-olivets-dlya-gub\/","name":"Miss Tais 773 \u041e\u043b\u0456\u0432\u0435\u0446\u044c \u0434\u043b\u044f \u0433\u0443\u0431 - Madlen Cosmetics","isPartOf":{"@id":"https:\/\/madlenmakeup.com.ua\/#website"},"primaryImageOfPage":{"@id":"https:\/\/madlenmakeup.com.ua\/product\/miss-tais-773-olivets-dlya-gub\/#primaryimage"},"image":{"@id":"https:\/\/madlenmakeup.com.ua\/product\/miss-tais-773-olivets-dlya-gub\/#primaryimage"},"thumbnailUrl":"https:\/\/madlenmakeup.com.ua\/wp-content\/uploads\/2024\/06\/miss-tais-773-karandash-dlya-gub.jpg","datePublished":"2023-10-28T21:09:38+00:00","dateModified":"2025-08-15T14:18:17+00:00","description":"\u041a\u0430\u0440\u0430\u043d\u0434\u0430\u0448 Miss Tais 773 \u043c\u043e\u0436\u043d\u043e \u043a\u0443\u043f\u0438\u0442\u044c \u043e\u043f\u0442\u043e\u043c. \u041d\u0438\u0437\u043a\u0438\u0435 \u0446\u0435\u043d\u044b. \u0411\u043e\u043b\u044c\u0448\u043e\u0439 \u0430\u0441\u0441\u043e\u0440\u0442\u0438\u043c\u0435\u043d\u0442 \u043a\u0430\u0440\u0430\u043d\u0434\u0430\u0448\u0435\u0439 \u0432 \u043d\u0430\u043b\u0438\u0447\u0438\u0438. \u0411\u044b\u0441\u0442\u0440\u0430\u044f \u0434\u043e\u0441\u0442\u0430\u0432\u043a\u0430 \u043f\u043e \u0432\u0441\u0435\u0439 \u0423\u043a\u0440\u0430\u0438\u043d\u0435.","breadcrumb":{"@id":"https:\/\/madlenmakeup.com.ua\/product\/miss-tais-773-olivets-dlya-gub\/#breadcrumb"},"inLanguage":"cs","potentialAction":[{"@type":"ReadAction","target":["https:\/\/madlenmakeup.com.ua\/product\/miss-tais-773-olivets-dlya-gub\/"]}]},{"@type":"ImageObject","inLanguage":"cs","@id":"https:\/\/madlenmakeup.com.ua\/product\/miss-tais-773-olivets-dlya-gub\/#primaryimage","url":"https:\/\/madlenmakeup.com.ua\/wp-content\/uploads\/2024\/06\/miss-tais-773-karandash-dlya-gub.jpg","contentUrl":"https:\/\/madlenmakeup.com.ua\/wp-content\/uploads\/2024\/06\/miss-tais-773-karandash-dlya-gub.jpg","width":500,"height":500,"caption":"miss-tais-773-karandash-dlya-gub"},{"@type":"BreadcrumbList","@id":"https:\/\/madlenmakeup.com.ua\/product\/miss-tais-773-olivets-dlya-gub\/#breadcrumb","itemListElement":[{"@type":"ListItem","position":1,"name":"\u0413\u043e\u043b\u043e\u0432\u043d\u0430","item":"https:\/\/madlenmakeup.com.ua\/"},{"@type":"ListItem","position":2,"name":"\u041c\u0430\u0433\u0430\u0437\u0438\u043d","item":"https:\/\/madlenmakeup.com.ua\/shop\/"},{"@type":"ListItem","position":3,"name":"Miss Tais 773 \u041e\u043b\u0456\u0432\u0435\u0446\u044c \u0434\u043b\u044f \u0433\u0443\u0431"}]},{"@type":"WebSite","@id":"https:\/\/madlenmakeup.com.ua\/#website","url":"https:\/\/madlenmakeup.com.ua\/","name":"Madlen Cosmetics","description":"\u041c\u0430\u0433\u0430\u0437\u0438\u043d \u043f\u0440\u043e\u0444\u0435\u0441\u0456\u0439\u043d\u043e\u0457 \u043a\u043e\u0441\u043c\u0435\u0442\u0438\u043a\u0438","publisher":{"@id":"https:\/\/madlenmakeup.com.ua\/#\/schema\/person\/49cd71213b472a6db978257e4616a5de"},"potentialAction":[{"@type":"SearchAction","target":{"@type":"EntryPoint","urlTemplate":"https:\/\/madlenmakeup.com.ua\/?s={search_term_string}"},"query-input":{"@type":"PropertyValueSpecification","valueRequired":true,"valueName":"search_term_string"}}],"inLanguage":"cs"},{"@type":["Person","Organization"],"@id":"https:\/\/madlenmakeup.com.ua\/#\/schema\/person\/49cd71213b472a6db978257e4616a5de","name":"madlenmakeup","image":{"@type":"ImageObject","inLanguage":"cs","@id":"https:\/\/madlenmakeup.com.ua\/#\/schema\/person\/image\/","url":"https:\/\/madlenmakeup.com.ua\/wp-content\/uploads\/2023\/04\/cropped-cropped-madlen-logo-removebg-preview.png","contentUrl":"https:\/\/madlenmakeup.com.ua\/wp-content\/uploads\/2023\/04\/cropped-cropped-madlen-logo-removebg-preview.png","width":296,"height":70,"caption":"madlenmakeup"},"logo":{"@id":"https:\/\/madlenmakeup.com.ua\/#\/schema\/person\/image\/"},"sameAs":["http:\/\/madlenmakeup.com.ua"]}]}},"_links":{"self":[{"href":"https:\/\/madlenmakeup.com.ua\/cz\/wp-json\/wp\/v2\/product\/6921","targetHints":{"allow":["GET"]}}],"collection":[{"href":"https:\/\/madlenmakeup.com.ua\/cz\/wp-json\/wp\/v2\/product"}],"about":[{"href":"https:\/\/madlenmakeup.com.ua\/cz\/wp-json\/wp\/v2\/types\/product"}],"replies":[{"embeddable":true,"href":"https:\/\/madlenmakeup.com.ua\/cz\/wp-json\/wp\/v2\/comments?post=6921"}],"version-history":[{"count":1,"href":"https:\/\/madlenmakeup.com.ua\/cz\/wp-json\/wp\/v2\/product\/6921\/revisions"}],"predecessor-version":[{"id":6924,"href":"https:\/\/madlenmakeup.com.ua\/cz\/wp-json\/wp\/v2\/product\/6921\/revisions\/6924"}],"wp:featuredmedia":[{"embeddable":true,"href":"https:\/\/madlenmakeup.com.ua\/cz\/wp-json\/wp\/v2\/media\/6923"}],"wp:attachment":[{"href":"https:\/\/madlenmakeup.com.ua\/cz\/wp-json\/wp\/v2\/media?parent=6921"}],"wp:term":[{"taxonomy":"product_cat","embeddable":true,"href":"https:\/\/madlenmakeup.com.ua\/cz\/wp-json\/wp\/v2\/product_cat?post=6921"},{"taxonomy":"product_tag","embeddable":true,"href":"https:\/\/madlenmakeup.com.ua\/cz\/wp-json\/wp\/v2\/product_tag?post=6921"}],"curies":[{"name":"wp","href":"https:\/\/api.w.org\/{rel}","templated":true}]}}