{"id":7091,"date":"2024-04-23T20:40:59","date_gmt":"2024-04-23T17:40:59","guid":{"rendered":"https:\/\/madlenmakeup.com.ua\/?post_type=product&#038;p=7091"},"modified":"2025-08-16T10:55:54","modified_gmt":"2025-08-16T07:55:54","slug":"miss-tais-723-olivets-dlya-ochej","status":"publish","type":"product","link":"https:\/\/madlenmakeup.com.ua\/cz\/produkt\/miss-tais-723-olivets-dlya-ochej\/","title":{"rendered":"Miss Tais 723 Tu\u017eka na o\u010di"},"content":{"rendered":"<p>Jedine\u010dn\u00fd \"p\u0159\u00edrodn\u00ed\" design. Kr\u00e1sn\u00e1 m\u011bkk\u00e1 tu\u017eka s velmi sytou barvou. Kombinace ide\u00e1ln\u00ed hypoalergenn\u00ed receptury a d\u0159ev\u011bn\u00e9ho t\u011bla z kalifornsk\u00e9ho cedru d\u011bl\u00e1 make-up nejen pohodln\u00fd, ale tak\u00e9 \u017e\u00e1douc\u00ed pro \u017eeny s citlivou poko\u017ekou nebo kontaktn\u00edmi \u010do\u010dkami. D\u0159evo m\u00e1 nejsiln\u011bj\u0161\u00ed antiseptickou vlastnost, kter\u00e1 zabra\u0148uje mno\u017een\u00ed bakteri\u00ed na povrchu b\u0159idlice a je v\u00fdborn\u00fdm p\u0159\u00edrodn\u00edm konzervantem. T\u011blo tu\u017eky je pokryto nez\u00e1vadnou pr\u016fhlednou pochoutkou. Nejzn\u00e1m\u011bj\u0161\u00ed profesion\u00e1ln\u00ed tu\u017eky. Skv\u011bl\u00e9 vyv\u00e1\u017een\u00e9 slo\u017een\u00ed pro v\u0161echny typy pleti.<br \/>\n<a href=\"https:\/\/misstais.com\/ua\/product-category\/miss-tais-karandash-optom-oficialniy-sajt-original-chehiya\/eyes\/karandash-chehiya-eyes\/\"><strong>Vlastnosti tu\u017eky Miss Tais<\/strong><\/a><br \/>\n- m\u00e1 \u0161irok\u00fd a m\u011bkk\u00fd stylus;<br \/>\n\u2013 neztr\u00e1c\u00ed sytost barev b\u011bhem dne;<br \/>\n- odoln\u00fd proti vlhkosti;<br \/>\n- m\u00e1 hedv\u00e1bnou texturu;<br \/>\n\u2013 lze pou\u017e\u00edt jako st\u00edn nebo k vytvo\u0159en\u00ed \u0161ipek;<br \/>\n- Jedna vrstva poskytuje pr\u016fsvitn\u00fd povrch a mokr\u00fd lesk.<br \/>\n\u2013 m\u00e1 nasycenou pigmentaci;<br \/>\n- snadno osv\u011b\u017e\u00ed make-up;<br \/>\n\u2013 Dv\u011b vrstvy poskytuj\u00ed jasn\u00fd, v\u00fdrazn\u00fd odst\u00edn;<br \/>\n- b\u011bhem dne se nerozmaz\u00e1v\u00e1 a neopad\u00e1v\u00e1.\u00a0<br \/>\nProd\u00e1v\u00e1me velkoobchodn\u011b i maloobchodn\u011b.<br \/>\nVyrobeno v \u010cR.<\/p>","protected":false},"excerpt":{"rendered":"<p><img loading=\"lazy\" decoding=\"async\" class=\"\" src=\"https:\/\/madlenmakeup.com.ua\/wp-content\/uploads\/2023\/04\/1f1ea-1f1fa.png\" alt=\"\u042d\u043c\u043e\u0434\u0437\u0438 \ud83c\uddea\ud83c\uddfa Apple \u0438 iOS\" width=\"40\" height=\"40\" \/>\u00a0<strong>Evropsk\u00e1 kvalita\u00a0<\/strong><img loading=\"lazy\" decoding=\"async\" class=\"\" src=\"https:\/\/madlenmakeup.com.ua\/wp-content\/uploads\/2023\/04\/1f1ea-1f1fa.png\" alt=\"\u042d\u043c\u043e\u0434\u0437\u0438 \ud83c\uddea\ud83c\uddfa Apple \u0438 iOS\" width=\"40\" height=\"40\" \/><\/p>","protected":false},"featured_media":7092,"comment_status":"open","ping_status":"closed","template":"","meta":{"site-sidebar-layout":"default","site-content-layout":"default","ast-global-header-display":"","ast-main-header-display":"","ast-hfb-above-header-display":"","ast-hfb-below-header-display":"","ast-hfb-mobile-header-display":"","site-post-title":"","ast-breadcrumbs-content":"","ast-featured-img":"","footer-sml-layout":"","theme-transparent-header-meta":"default","adv-header-id-meta":"","stick-header-meta":"","header-above-stick-meta":"","header-main-stick-meta":"","header-below-stick-meta":""},"product_cat":[28],"product_tag":[73,74],"class_list":{"0":"post-7091","1":"product","2":"type-product","3":"status-publish","4":"has-post-thumbnail","6":"product_brand-miss-tais","7":"product_cat-ochi-madlen","8":"product_tag-usi-olivtsi-dlya-ochej","9":"product_tag-olivtsi-dlya-ochej-miss-tais","10":"desktop-align-left","11":"tablet-align-left","12":"mobile-align-left","14":"first","15":"instock","16":"shipping-taxable","17":"purchasable","18":"product-type-simple"},"yoast_head":"<!-- This site is optimized with the Yoast SEO plugin v25.6 - https:\/\/yoast.com\/wordpress\/plugins\/seo\/ -->\n<title>Miss Tais 723 \u041e\u043b\u0456\u0432\u0435\u0446\u044c \u0434\u043b\u044f \u043e\u0447\u0435\u0439 - Madlen Cosmetics<\/title>\n<meta name=\"description\" content=\"Miss Tais 723 \u043a\u0430\u0440\u0430\u043d\u0434\u0430\u0448 \u0434\u043b\u044f \u0433\u043b\u0430\u0437 \u043c\u043e\u0436\u043d\u043e \u043a\u0443\u043f\u0438\u0442\u044c \u043e\u043f\u0442\u043e\u043c. \u041d\u0438\u0437\u043a\u0438\u0435 \u0446\u0435\u043d\u044b. \u0411\u043e\u043b\u044c\u0448\u043e\u0439 \u0430\u0441\u0441\u043e\u0440\u0442\u0438\u043c\u0435\u043d\u0442 \u043a\u043e\u0441\u043c\u0435\u0442\u0438\u043a\u0438. \u0411\u044b\u0441\u0442\u0440\u0430\u044f \u0434\u043e\u0441\u0442\u0430\u0432\u043a\u0430. 100% \u043e\u0440\u0438\u0433\u0438\u043d\u0430\u043b \u0427\u0435\u0445\u0438\u044f.\" \/>\n<meta name=\"robots\" content=\"index, follow, max-snippet:-1, max-image-preview:large, max-video-preview:-1\" \/>\n<link rel=\"canonical\" href=\"https:\/\/madlenmakeup.com.ua\/cz\/produkt\/miss-tais-723-olivets-dlya-ochej\/\" \/>\n<meta property=\"og:locale\" content=\"cs_CZ\" \/>\n<meta property=\"og:type\" content=\"article\" \/>\n<meta property=\"og:title\" content=\"Miss Tais 723 \u041e\u043b\u0456\u0432\u0435\u0446\u044c \u0434\u043b\u044f \u043e\u0447\u0435\u0439 - Madlen Cosmetics\" \/>\n<meta property=\"og:description\" content=\"Miss Tais 723 \u043a\u0430\u0440\u0430\u043d\u0434\u0430\u0448 \u0434\u043b\u044f \u0433\u043b\u0430\u0437 \u043c\u043e\u0436\u043d\u043e \u043a\u0443\u043f\u0438\u0442\u044c \u043e\u043f\u0442\u043e\u043c. \u041d\u0438\u0437\u043a\u0438\u0435 \u0446\u0435\u043d\u044b. \u0411\u043e\u043b\u044c\u0448\u043e\u0439 \u0430\u0441\u0441\u043e\u0440\u0442\u0438\u043c\u0435\u043d\u0442 \u043a\u043e\u0441\u043c\u0435\u0442\u0438\u043a\u0438. \u0411\u044b\u0441\u0442\u0440\u0430\u044f \u0434\u043e\u0441\u0442\u0430\u0432\u043a\u0430. 100% \u043e\u0440\u0438\u0433\u0438\u043d\u0430\u043b \u0427\u0435\u0445\u0438\u044f.\" \/>\n<meta property=\"og:url\" content=\"https:\/\/madlenmakeup.com.ua\/cz\/produkt\/miss-tais-723-olivets-dlya-ochej\/\" \/>\n<meta property=\"og:site_name\" content=\"Madlen Cosmetics\" \/>\n<meta property=\"article:modified_time\" content=\"2025-08-16T07:55:54+00:00\" \/>\n<meta property=\"og:image\" content=\"https:\/\/madlenmakeup.com.ua\/wp-content\/uploads\/2024\/06\/miss-tais-723-karandash-dlya-glaz-sero-goluboj-perlamutrovyj.jpg\" \/>\n\t<meta property=\"og:image:width\" content=\"500\" \/>\n\t<meta property=\"og:image:height\" content=\"500\" \/>\n\t<meta property=\"og:image:type\" content=\"image\/jpeg\" \/>\n<meta name=\"twitter:card\" content=\"summary_large_image\" \/>\n<meta name=\"twitter:label1\" content=\"Odhadovan\u00e1 doba \u010dten\u00ed\" \/>\n\t<meta name=\"twitter:data1\" content=\"1 minuta\" \/>\n<script type=\"application\/ld+json\" class=\"yoast-schema-graph\">{\"@context\":\"https:\/\/schema.org\",\"@graph\":[{\"@type\":\"WebPage\",\"@id\":\"https:\/\/madlenmakeup.com.ua\/product\/miss-tais-723-olivets-dlya-ochej\/\",\"url\":\"https:\/\/madlenmakeup.com.ua\/product\/miss-tais-723-olivets-dlya-ochej\/\",\"name\":\"Miss Tais 723 \u041e\u043b\u0456\u0432\u0435\u0446\u044c \u0434\u043b\u044f \u043e\u0447\u0435\u0439 - Madlen Cosmetics\",\"isPartOf\":{\"@id\":\"https:\/\/madlenmakeup.com.ua\/#website\"},\"primaryImageOfPage\":{\"@id\":\"https:\/\/madlenmakeup.com.ua\/product\/miss-tais-723-olivets-dlya-ochej\/#primaryimage\"},\"image\":{\"@id\":\"https:\/\/madlenmakeup.com.ua\/product\/miss-tais-723-olivets-dlya-ochej\/#primaryimage\"},\"thumbnailUrl\":\"https:\/\/madlenmakeup.com.ua\/wp-content\/uploads\/2024\/06\/miss-tais-723-karandash-dlya-glaz-sero-goluboj-perlamutrovyj.jpg\",\"datePublished\":\"2024-04-23T17:40:59+00:00\",\"dateModified\":\"2025-08-16T07:55:54+00:00\",\"description\":\"Miss Tais 723 \u043a\u0430\u0440\u0430\u043d\u0434\u0430\u0448 \u0434\u043b\u044f \u0433\u043b\u0430\u0437 \u043c\u043e\u0436\u043d\u043e \u043a\u0443\u043f\u0438\u0442\u044c \u043e\u043f\u0442\u043e\u043c. \u041d\u0438\u0437\u043a\u0438\u0435 \u0446\u0435\u043d\u044b. \u0411\u043e\u043b\u044c\u0448\u043e\u0439 \u0430\u0441\u0441\u043e\u0440\u0442\u0438\u043c\u0435\u043d\u0442 \u043a\u043e\u0441\u043c\u0435\u0442\u0438\u043a\u0438. \u0411\u044b\u0441\u0442\u0440\u0430\u044f \u0434\u043e\u0441\u0442\u0430\u0432\u043a\u0430. 100% \u043e\u0440\u0438\u0433\u0438\u043d\u0430\u043b \u0427\u0435\u0445\u0438\u044f.\",\"breadcrumb\":{\"@id\":\"https:\/\/madlenmakeup.com.ua\/product\/miss-tais-723-olivets-dlya-ochej\/#breadcrumb\"},\"inLanguage\":\"cs\",\"potentialAction\":[{\"@type\":\"ReadAction\",\"target\":[\"https:\/\/madlenmakeup.com.ua\/product\/miss-tais-723-olivets-dlya-ochej\/\"]}]},{\"@type\":\"ImageObject\",\"inLanguage\":\"cs\",\"@id\":\"https:\/\/madlenmakeup.com.ua\/product\/miss-tais-723-olivets-dlya-ochej\/#primaryimage\",\"url\":\"https:\/\/madlenmakeup.com.ua\/wp-content\/uploads\/2024\/06\/miss-tais-723-karandash-dlya-glaz-sero-goluboj-perlamutrovyj.jpg\",\"contentUrl\":\"https:\/\/madlenmakeup.com.ua\/wp-content\/uploads\/2024\/06\/miss-tais-723-karandash-dlya-glaz-sero-goluboj-perlamutrovyj.jpg\",\"width\":500,\"height\":500,\"caption\":\"miss-tais-723-karandash-dlya-glaz-sero-goluboj-perlamutrovyj\"},{\"@type\":\"BreadcrumbList\",\"@id\":\"https:\/\/madlenmakeup.com.ua\/product\/miss-tais-723-olivets-dlya-ochej\/#breadcrumb\",\"itemListElement\":[{\"@type\":\"ListItem\",\"position\":1,\"name\":\"\u0413\u043e\u043b\u043e\u0432\u043d\u0430\",\"item\":\"https:\/\/madlenmakeup.com.ua\/\"},{\"@type\":\"ListItem\",\"position\":2,\"name\":\"\u041c\u0430\u0433\u0430\u0437\u0438\u043d\",\"item\":\"https:\/\/madlenmakeup.com.ua\/shop\/\"},{\"@type\":\"ListItem\",\"position\":3,\"name\":\"Miss Tais 723 \u041e\u043b\u0456\u0432\u0435\u0446\u044c \u0434\u043b\u044f \u043e\u0447\u0435\u0439\"}]},{\"@type\":\"WebSite\",\"@id\":\"https:\/\/madlenmakeup.com.ua\/#website\",\"url\":\"https:\/\/madlenmakeup.com.ua\/\",\"name\":\"Madlen Cosmetics\",\"description\":\"\u041c\u0430\u0433\u0430\u0437\u0438\u043d \u043f\u0440\u043e\u0444\u0435\u0441\u0456\u0439\u043d\u043e\u0457 \u043a\u043e\u0441\u043c\u0435\u0442\u0438\u043a\u0438\",\"publisher\":{\"@id\":\"https:\/\/madlenmakeup.com.ua\/#\/schema\/person\/49cd71213b472a6db978257e4616a5de\"},\"potentialAction\":[{\"@type\":\"SearchAction\",\"target\":{\"@type\":\"EntryPoint\",\"urlTemplate\":\"https:\/\/madlenmakeup.com.ua\/?s={search_term_string}\"},\"query-input\":{\"@type\":\"PropertyValueSpecification\",\"valueRequired\":true,\"valueName\":\"search_term_string\"}}],\"inLanguage\":\"cs\"},{\"@type\":[\"Person\",\"Organization\"],\"@id\":\"https:\/\/madlenmakeup.com.ua\/#\/schema\/person\/49cd71213b472a6db978257e4616a5de\",\"name\":\"madlenmakeup\",\"image\":{\"@type\":\"ImageObject\",\"inLanguage\":\"cs\",\"@id\":\"https:\/\/madlenmakeup.com.ua\/#\/schema\/person\/image\/\",\"url\":\"https:\/\/madlenmakeup.com.ua\/wp-content\/uploads\/2023\/04\/cropped-cropped-madlen-logo-removebg-preview.png\",\"contentUrl\":\"https:\/\/madlenmakeup.com.ua\/wp-content\/uploads\/2023\/04\/cropped-cropped-madlen-logo-removebg-preview.png\",\"width\":296,\"height\":70,\"caption\":\"madlenmakeup\"},\"logo\":{\"@id\":\"https:\/\/madlenmakeup.com.ua\/#\/schema\/person\/image\/\"},\"sameAs\":[\"http:\/\/madlenmakeup.com.ua\"]}]}<\/script>\n<!-- \/ Yoast SEO plugin. -->","yoast_head_json":{"title":"Miss Tais 723 \u041e\u043b\u0456\u0432\u0435\u0446\u044c \u0434\u043b\u044f \u043e\u0447\u0435\u0439 - Madlen Cosmetics","description":"Miss Tais 723 \u043a\u0430\u0440\u0430\u043d\u0434\u0430\u0448 \u0434\u043b\u044f \u0433\u043b\u0430\u0437 \u043c\u043e\u0436\u043d\u043e \u043a\u0443\u043f\u0438\u0442\u044c \u043e\u043f\u0442\u043e\u043c. \u041d\u0438\u0437\u043a\u0438\u0435 \u0446\u0435\u043d\u044b. \u0411\u043e\u043b\u044c\u0448\u043e\u0439 \u0430\u0441\u0441\u043e\u0440\u0442\u0438\u043c\u0435\u043d\u0442 \u043a\u043e\u0441\u043c\u0435\u0442\u0438\u043a\u0438. \u0411\u044b\u0441\u0442\u0440\u0430\u044f \u0434\u043e\u0441\u0442\u0430\u0432\u043a\u0430. 100% \u043e\u0440\u0438\u0433\u0438\u043d\u0430\u043b \u0427\u0435\u0445\u0438\u044f.","robots":{"index":"index","follow":"follow","max-snippet":"max-snippet:-1","max-image-preview":"max-image-preview:large","max-video-preview":"max-video-preview:-1"},"canonical":"https:\/\/madlenmakeup.com.ua\/cz\/produkt\/miss-tais-723-olivets-dlya-ochej\/","og_locale":"cs_CZ","og_type":"article","og_title":"Miss Tais 723 \u041e\u043b\u0456\u0432\u0435\u0446\u044c \u0434\u043b\u044f \u043e\u0447\u0435\u0439 - Madlen Cosmetics","og_description":"Miss Tais 723 \u043a\u0430\u0440\u0430\u043d\u0434\u0430\u0448 \u0434\u043b\u044f \u0433\u043b\u0430\u0437 \u043c\u043e\u0436\u043d\u043e \u043a\u0443\u043f\u0438\u0442\u044c \u043e\u043f\u0442\u043e\u043c. \u041d\u0438\u0437\u043a\u0438\u0435 \u0446\u0435\u043d\u044b. \u0411\u043e\u043b\u044c\u0448\u043e\u0439 \u0430\u0441\u0441\u043e\u0440\u0442\u0438\u043c\u0435\u043d\u0442 \u043a\u043e\u0441\u043c\u0435\u0442\u0438\u043a\u0438. \u0411\u044b\u0441\u0442\u0440\u0430\u044f \u0434\u043e\u0441\u0442\u0430\u0432\u043a\u0430. 100% \u043e\u0440\u0438\u0433\u0438\u043d\u0430\u043b \u0427\u0435\u0445\u0438\u044f.","og_url":"https:\/\/madlenmakeup.com.ua\/cz\/produkt\/miss-tais-723-olivets-dlya-ochej\/","og_site_name":"Madlen Cosmetics","article_modified_time":"2025-08-16T07:55:54+00:00","og_image":[{"width":500,"height":500,"url":"https:\/\/madlenmakeup.com.ua\/wp-content\/uploads\/2024\/06\/miss-tais-723-karandash-dlya-glaz-sero-goluboj-perlamutrovyj.jpg","type":"image\/jpeg"}],"twitter_card":"summary_large_image","twitter_misc":{"Odhadovan\u00e1 doba \u010dten\u00ed":"1 minuta"},"schema":{"@context":"https:\/\/schema.org","@graph":[{"@type":"WebPage","@id":"https:\/\/madlenmakeup.com.ua\/product\/miss-tais-723-olivets-dlya-ochej\/","url":"https:\/\/madlenmakeup.com.ua\/product\/miss-tais-723-olivets-dlya-ochej\/","name":"Miss Tais 723 \u041e\u043b\u0456\u0432\u0435\u0446\u044c \u0434\u043b\u044f \u043e\u0447\u0435\u0439 - Madlen Cosmetics","isPartOf":{"@id":"https:\/\/madlenmakeup.com.ua\/#website"},"primaryImageOfPage":{"@id":"https:\/\/madlenmakeup.com.ua\/product\/miss-tais-723-olivets-dlya-ochej\/#primaryimage"},"image":{"@id":"https:\/\/madlenmakeup.com.ua\/product\/miss-tais-723-olivets-dlya-ochej\/#primaryimage"},"thumbnailUrl":"https:\/\/madlenmakeup.com.ua\/wp-content\/uploads\/2024\/06\/miss-tais-723-karandash-dlya-glaz-sero-goluboj-perlamutrovyj.jpg","datePublished":"2024-04-23T17:40:59+00:00","dateModified":"2025-08-16T07:55:54+00:00","description":"Miss Tais 723 \u043a\u0430\u0440\u0430\u043d\u0434\u0430\u0448 \u0434\u043b\u044f \u0433\u043b\u0430\u0437 \u043c\u043e\u0436\u043d\u043e \u043a\u0443\u043f\u0438\u0442\u044c \u043e\u043f\u0442\u043e\u043c. \u041d\u0438\u0437\u043a\u0438\u0435 \u0446\u0435\u043d\u044b. \u0411\u043e\u043b\u044c\u0448\u043e\u0439 \u0430\u0441\u0441\u043e\u0440\u0442\u0438\u043c\u0435\u043d\u0442 \u043a\u043e\u0441\u043c\u0435\u0442\u0438\u043a\u0438. \u0411\u044b\u0441\u0442\u0440\u0430\u044f \u0434\u043e\u0441\u0442\u0430\u0432\u043a\u0430. 100% \u043e\u0440\u0438\u0433\u0438\u043d\u0430\u043b \u0427\u0435\u0445\u0438\u044f.","breadcrumb":{"@id":"https:\/\/madlenmakeup.com.ua\/product\/miss-tais-723-olivets-dlya-ochej\/#breadcrumb"},"inLanguage":"cs","potentialAction":[{"@type":"ReadAction","target":["https:\/\/madlenmakeup.com.ua\/product\/miss-tais-723-olivets-dlya-ochej\/"]}]},{"@type":"ImageObject","inLanguage":"cs","@id":"https:\/\/madlenmakeup.com.ua\/product\/miss-tais-723-olivets-dlya-ochej\/#primaryimage","url":"https:\/\/madlenmakeup.com.ua\/wp-content\/uploads\/2024\/06\/miss-tais-723-karandash-dlya-glaz-sero-goluboj-perlamutrovyj.jpg","contentUrl":"https:\/\/madlenmakeup.com.ua\/wp-content\/uploads\/2024\/06\/miss-tais-723-karandash-dlya-glaz-sero-goluboj-perlamutrovyj.jpg","width":500,"height":500,"caption":"miss-tais-723-karandash-dlya-glaz-sero-goluboj-perlamutrovyj"},{"@type":"BreadcrumbList","@id":"https:\/\/madlenmakeup.com.ua\/product\/miss-tais-723-olivets-dlya-ochej\/#breadcrumb","itemListElement":[{"@type":"ListItem","position":1,"name":"\u0413\u043e\u043b\u043e\u0432\u043d\u0430","item":"https:\/\/madlenmakeup.com.ua\/"},{"@type":"ListItem","position":2,"name":"\u041c\u0430\u0433\u0430\u0437\u0438\u043d","item":"https:\/\/madlenmakeup.com.ua\/shop\/"},{"@type":"ListItem","position":3,"name":"Miss Tais 723 \u041e\u043b\u0456\u0432\u0435\u0446\u044c \u0434\u043b\u044f \u043e\u0447\u0435\u0439"}]},{"@type":"WebSite","@id":"https:\/\/madlenmakeup.com.ua\/#website","url":"https:\/\/madlenmakeup.com.ua\/","name":"Madlen Cosmetics","description":"\u041c\u0430\u0433\u0430\u0437\u0438\u043d \u043f\u0440\u043e\u0444\u0435\u0441\u0456\u0439\u043d\u043e\u0457 \u043a\u043e\u0441\u043c\u0435\u0442\u0438\u043a\u0438","publisher":{"@id":"https:\/\/madlenmakeup.com.ua\/#\/schema\/person\/49cd71213b472a6db978257e4616a5de"},"potentialAction":[{"@type":"SearchAction","target":{"@type":"EntryPoint","urlTemplate":"https:\/\/madlenmakeup.com.ua\/?s={search_term_string}"},"query-input":{"@type":"PropertyValueSpecification","valueRequired":true,"valueName":"search_term_string"}}],"inLanguage":"cs"},{"@type":["Person","Organization"],"@id":"https:\/\/madlenmakeup.com.ua\/#\/schema\/person\/49cd71213b472a6db978257e4616a5de","name":"madlenmakeup","image":{"@type":"ImageObject","inLanguage":"cs","@id":"https:\/\/madlenmakeup.com.ua\/#\/schema\/person\/image\/","url":"https:\/\/madlenmakeup.com.ua\/wp-content\/uploads\/2023\/04\/cropped-cropped-madlen-logo-removebg-preview.png","contentUrl":"https:\/\/madlenmakeup.com.ua\/wp-content\/uploads\/2023\/04\/cropped-cropped-madlen-logo-removebg-preview.png","width":296,"height":70,"caption":"madlenmakeup"},"logo":{"@id":"https:\/\/madlenmakeup.com.ua\/#\/schema\/person\/image\/"},"sameAs":["http:\/\/madlenmakeup.com.ua"]}]}},"_links":{"self":[{"href":"https:\/\/madlenmakeup.com.ua\/cz\/wp-json\/wp\/v2\/product\/7091","targetHints":{"allow":["GET"]}}],"collection":[{"href":"https:\/\/madlenmakeup.com.ua\/cz\/wp-json\/wp\/v2\/product"}],"about":[{"href":"https:\/\/madlenmakeup.com.ua\/cz\/wp-json\/wp\/v2\/types\/product"}],"replies":[{"embeddable":true,"href":"https:\/\/madlenmakeup.com.ua\/cz\/wp-json\/wp\/v2\/comments?post=7091"}],"version-history":[{"count":1,"href":"https:\/\/madlenmakeup.com.ua\/cz\/wp-json\/wp\/v2\/product\/7091\/revisions"}],"predecessor-version":[{"id":7093,"href":"https:\/\/madlenmakeup.com.ua\/cz\/wp-json\/wp\/v2\/product\/7091\/revisions\/7093"}],"wp:featuredmedia":[{"embeddable":true,"href":"https:\/\/madlenmakeup.com.ua\/cz\/wp-json\/wp\/v2\/media\/7092"}],"wp:attachment":[{"href":"https:\/\/madlenmakeup.com.ua\/cz\/wp-json\/wp\/v2\/media?parent=7091"}],"wp:term":[{"taxonomy":"product_cat","embeddable":true,"href":"https:\/\/madlenmakeup.com.ua\/cz\/wp-json\/wp\/v2\/product_cat?post=7091"},{"taxonomy":"product_tag","embeddable":true,"href":"https:\/\/madlenmakeup.com.ua\/cz\/wp-json\/wp\/v2\/product_tag?post=7091"}],"curies":[{"name":"wp","href":"https:\/\/api.w.org\/{rel}","templated":true}]}}