{"id":7586,"date":"2024-07-02T12:30:55","date_gmt":"2024-07-02T09:30:55","guid":{"rendered":"https:\/\/madlenmakeup.com.ua\/?post_type=product&#038;p=7586"},"modified":"2026-01-19T15:07:49","modified_gmt":"2026-01-19T13:07:49","slug":"olivets-dlya-konturu-ochej-slyzova-cascade-of-colours","status":"publish","type":"product","link":"https:\/\/madlenmakeup.com.ua\/cz\/produkt\/olivets-dlya-konturu-ochej-slyzova-cascade-of-colours\/","title":{"rendered":"\u041e\u043b\u0456\u0432\u0435\u0446\u044c \u0434\u043b\u044f \u043a\u043e\u043d\u0442\u0443\u0440\u0443 \u043e\u0447\u0435\u0439 (\u0421\u043b\u0438\u0437\u043e\u0432\u0430) Cascade of Colours Kajal"},"content":{"rendered":"<p><strong>\u041e\u043b\u0456\u0432\u0435\u0446\u044c Kajal \u201cCascade of Colours\u201d<\/strong>\u00a0\u2013 tu\u017eka pro profesion\u00e1ln\u00ed viz\u00e1\u017eisty vyroben\u00e1 z vysoce kvalitn\u00edch komponent\u016f. Bavln\u00edkov\u00fd a palmov\u00fd olej jsou hlavn\u00edmi slo\u017ekami elastick\u00e9ho a m\u011bkk\u00e9ho olova vyroben\u00e9ho z p\u0159\u00edrodn\u00edho vosku. Bezchybn\u00e9 slo\u017een\u00ed umo\u017e\u0148uje snadn\u00e9 a p\u0159esn\u00e9 konturov\u00e1n\u00ed. Olejov\u00e1 konzistence zaji\u0161\u0165uje snadn\u00e9 klouz\u00e1n\u00ed a p\u0159esn\u00e9 tvarov\u00e1n\u00ed.<br \/>\n<strong>Tu\u017eka m\u00e1 vod\u011bodolnou recepturu, co\u017e je samoz\u0159ejm\u011b ta nejd\u016fle\u017eit\u011bj\u0161\u00ed v\u00fdhoda p\u0159i pr\u00e1ci se sliznic\u00ed oka.<\/strong><\/p>\n<p>T\u0159pytiv\u00e9 tu\u017eky obsahuj\u00ed jemn\u011b mlet\u00e9 \u200b\u200bfluorescen\u010dn\u00ed l\u00e1tky a \u010d\u00e1ste\u010dky sl\u00eddy, kter\u00e9 dod\u00e1vaj\u00ed makeupu jedine\u010dn\u00e9 kouzlo.<\/p>\n<p>\u041e\u0441\u043d\u043e\u0432\u043d\u0438\u0439 \u0441\u043a\u043b\u0430\u0434 \u043e\u043b\u0456\u0432\u0446\u0456\u0432 \u201cCascade of Colours\u201d: Tocopheryl acetate, Silic, \u0432\u0456\u0442\u0430\u043c\u0456\u043d \u0415, Bisabolol, Lecithin, Cyclomethicone \u0442\u0430 dimethicone copolyol, Propylenglicol, \u041a\u0435\u0440\u0430\u043c\u0456\u0434\u0438 (\u0446\u0435\u0440\u0430\u043c\u0456\u0434\u0438), Carnauba and Candelila Oil.<\/p>\n<p>\u0421\u043e\u0441\u0442\u0430\u0432: CI 77499, CI 77266 (nano) acc. to Regulation EC 1223\/2009, Mica, CI 77510, Dimethicone, Synthetic Wax, Silica, Stearyl Dimethicone, Caprylic\/Capric Triglyceride.\u00a0<\/p>\n<p><strong>\u0417\u0410\u0421\u0422\u041e\u0421\u0423\u0412\u0410\u041d\u041d\u042f\u00a0<\/strong><br \/>\n\u2022 \u041c&#8217;\u044f\u043a\u0438\u0439 \u0442\u0430 \u043a\u0440\u0435\u043c\u043e\u0432\u0438\u0439\u00a0<br \/>\n\u2022 \u0412\u0456\u0434\u043c\u0456\u043d\u043d\u0430 \u0442\u0430 \u0440\u0456\u0432\u043d\u043e\u043c\u0456\u0440\u043d\u0430 \u043a\u043e\u043b\u0456\u0440\u043d\u0430 \u0432\u0456\u0434\u0434\u0430\u0447\u0430\u00a0<br \/>\n\u2022 \u0406\u043d\u0442\u0435\u043d\u0441\u0438\u0432\u043d\u0438\u0439 \u043a\u043e\u043b\u0456\u0440\u00a0<\/p>\n<p><strong>\u0425\u0430\u0440\u0430\u043a\u0442\u0435\u0440\u0438\u0441\u0442\u0438\u043a\u0438\u00a0<\/strong><br \/>\n\u2022 \u0432\u043e\u0434\u043e\u043d\u0435\u043f\u0440\u043e\u043d\u0438\u043a\u043d\u0438\u0439\u00a0<br \/>\n\u2022 10 \u0433\u043e\u0434\u0438\u043d; \u043f\u0456\u0434\u0432\u043e\u0434\u043a\u0430 \u0434\u043b\u044f \u043e\u0447\u0435\u0439\u00a0<br \/>\n\u2022 8 \u0433\u043e\u0434\u0438\u043d; \u043e\u0441\u043d\u043e\u0432\u0430 \u043f\u0456\u0434 \u0442\u0456\u043d\u0456\u00a0<\/p>\n<p><strong>Zem\u011b v\u00fdroby je N\u011bmecko.<br \/>\nM\u016f\u017eete nakupovat ve velk\u00e9m.<\/strong><\/p>","protected":false},"excerpt":{"rendered":"<p><img loading=\"lazy\" decoding=\"async\" class=\"\" src=\"\/wp-content\/uploads\/2023\/04\/1f1ea-1f1fa.png\" alt=\"\u042d\u043c\u043e\u0434\u0437\u0438 \ud83c\uddea\ud83c\uddfa Apple \u0438 iOS\" width=\"40\" height=\"40\" \/> <strong>Evropsk\u00e1 kvalita <\/strong><img loading=\"lazy\" decoding=\"async\" class=\"\" style=\"margin-bottom: 0px;\" src=\"\/wp-content\/uploads\/2023\/04\/1f1ea-1f1fa.png\" alt=\"\u042d\u043c\u043e\u0434\u0437\u0438 \ud83c\uddea\ud83c\uddfa Apple \u0438 iOS\" width=\"40\" height=\"40\" \/><\/p>","protected":false},"featured_media":7587,"comment_status":"open","ping_status":"closed","template":"","meta":{"site-sidebar-layout":"default","site-content-layout":"default","ast-global-header-display":"","ast-main-header-display":"","ast-hfb-above-header-display":"","ast-hfb-below-header-display":"","ast-hfb-mobile-header-display":"","site-post-title":"","ast-breadcrumbs-content":"","ast-featured-img":"","footer-sml-layout":"","theme-transparent-header-meta":"default","adv-header-id-meta":"","stick-header-meta":"","header-above-stick-meta":"","header-main-stick-meta":"","header-below-stick-meta":""},"product_cat":[28],"product_tag":[343,73,75],"class_list":{"0":"post-7586","1":"product","2":"type-product","3":"status-publish","4":"has-post-thumbnail","6":"product_brand-cascade-of-colours","7":"product_cat-ochi-madlen","8":"product_tag-use-dlya-ochej","9":"product_tag-usi-olivtsi-dlya-ochej","10":"product_tag-usi-olivtsi-dlya-ochej-cascade-of-colours","11":"desktop-align-left","12":"tablet-align-left","13":"mobile-align-left","15":"first","16":"instock","17":"shipping-taxable","18":"purchasable","19":"product-type-simple"},"yoast_head":"<!-- This site is optimized with the Yoast SEO plugin v25.6 - https:\/\/yoast.com\/wordpress\/plugins\/seo\/ -->\n<title>\u041e\u043b\u0456\u0432\u0435\u0446\u044c \u0434\u043b\u044f \u043a\u043e\u043d\u0442\u0443\u0440\u0443 \u043e\u0447\u0435\u0439 (\u0421\u043b\u0438\u0437\u043e\u0432\u0430) Cascade of Colours<\/title>\n<meta name=\"description\" content=\"\u041e\u043b\u0456\u0432\u0435\u0446\u044c \u0434\u043b\u044f \u043a\u043e\u043d\u0442\u0443\u0440\u0443 \u043e\u0447\u0435\u0439 (\u0421\u043b\u0438\u0437\u043e\u0432\u0430) Cascade of Colours \u043c\u043e\u0436\u043d\u0430 \u043f\u0440\u0438\u0434\u0431\u0430\u0442\u0438 \u043e\u043f\u0442\u043e\u043c. \u041d\u0438\u0437\u044c\u043a\u0456 \u0446\u0456\u043d\u0438. \u0412\u0435\u043b\u0438\u043a\u0438\u0439 \u0430\u0441\u043e\u0440\u0442\u0438\u043c\u0435\u043d\u0442\u0438 \u043a\u043e\u0441\u043c\u0435\u0442\u0438\u043a\u0438. \u0428\u0432\u0438\u0434\u043a\u0430 \u0434\u043e\u0441\u0442\u0430\u0432\u043a\u0430 \u043f\u043e \u0432\u0441\u0456\u0439 \u0423\u043a\u0440\u0430\u0457\u043d\u0456\" \/>\n<meta name=\"robots\" content=\"index, follow, max-snippet:-1, max-image-preview:large, max-video-preview:-1\" \/>\n<link rel=\"canonical\" href=\"https:\/\/madlenmakeup.com.ua\/cz\/produkt\/olivets-dlya-konturu-ochej-slyzova-cascade-of-colours\/\" \/>\n<meta property=\"og:locale\" content=\"cs_CZ\" \/>\n<meta property=\"og:type\" content=\"article\" \/>\n<meta property=\"og:title\" content=\"\u041e\u043b\u0456\u0432\u0435\u0446\u044c \u0434\u043b\u044f \u043a\u043e\u043d\u0442\u0443\u0440\u0443 \u043e\u0447\u0435\u0439 (\u0421\u043b\u0438\u0437\u043e\u0432\u0430) Cascade of Colours\" \/>\n<meta property=\"og:description\" content=\"\u041e\u043b\u0456\u0432\u0435\u0446\u044c \u0434\u043b\u044f \u043a\u043e\u043d\u0442\u0443\u0440\u0443 \u043e\u0447\u0435\u0439 (\u0421\u043b\u0438\u0437\u043e\u0432\u0430) Cascade of Colours \u043c\u043e\u0436\u043d\u0430 \u043f\u0440\u0438\u0434\u0431\u0430\u0442\u0438 \u043e\u043f\u0442\u043e\u043c. \u041d\u0438\u0437\u044c\u043a\u0456 \u0446\u0456\u043d\u0438. \u0412\u0435\u043b\u0438\u043a\u0438\u0439 \u0430\u0441\u043e\u0440\u0442\u0438\u043c\u0435\u043d\u0442\u0438 \u043a\u043e\u0441\u043c\u0435\u0442\u0438\u043a\u0438. \u0428\u0432\u0438\u0434\u043a\u0430 \u0434\u043e\u0441\u0442\u0430\u0432\u043a\u0430 \u043f\u043e \u0432\u0441\u0456\u0439 \u0423\u043a\u0440\u0430\u0457\u043d\u0456\" \/>\n<meta property=\"og:url\" content=\"https:\/\/madlenmakeup.com.ua\/cz\/produkt\/olivets-dlya-konturu-ochej-slyzova-cascade-of-colours\/\" \/>\n<meta property=\"og:site_name\" content=\"Madlen Cosmetics\" \/>\n<meta property=\"article:modified_time\" content=\"2026-01-19T13:07:49+00:00\" \/>\n<meta property=\"og:image\" content=\"https:\/\/madlenmakeup.com.ua\/wp-content\/uploads\/2025\/02\/Karandash-dlya-kontura-glaz-Slyzystoj-Cascade-of-Colours.jpg\" \/>\n\t<meta property=\"og:image:width\" content=\"1080\" \/>\n\t<meta property=\"og:image:height\" content=\"1075\" \/>\n\t<meta property=\"og:image:type\" content=\"image\/jpeg\" \/>\n<meta name=\"twitter:card\" content=\"summary_large_image\" \/>\n<meta name=\"twitter:label1\" content=\"Odhadovan\u00e1 doba \u010dten\u00ed\" \/>\n\t<meta name=\"twitter:data1\" content=\"2 minuty\" \/>\n<script type=\"application\/ld+json\" class=\"yoast-schema-graph\">{\"@context\":\"https:\/\/schema.org\",\"@graph\":[{\"@type\":\"WebPage\",\"@id\":\"https:\/\/madlenmakeup.com.ua\/product\/olivets-dlya-konturu-ochej-slyzova-cascade-of-colours\/\",\"url\":\"https:\/\/madlenmakeup.com.ua\/product\/olivets-dlya-konturu-ochej-slyzova-cascade-of-colours\/\",\"name\":\"\u041e\u043b\u0456\u0432\u0435\u0446\u044c \u0434\u043b\u044f \u043a\u043e\u043d\u0442\u0443\u0440\u0443 \u043e\u0447\u0435\u0439 (\u0421\u043b\u0438\u0437\u043e\u0432\u0430) Cascade of Colours\",\"isPartOf\":{\"@id\":\"https:\/\/madlenmakeup.com.ua\/#website\"},\"primaryImageOfPage\":{\"@id\":\"https:\/\/madlenmakeup.com.ua\/product\/olivets-dlya-konturu-ochej-slyzova-cascade-of-colours\/#primaryimage\"},\"image\":{\"@id\":\"https:\/\/madlenmakeup.com.ua\/product\/olivets-dlya-konturu-ochej-slyzova-cascade-of-colours\/#primaryimage\"},\"thumbnailUrl\":\"https:\/\/madlenmakeup.com.ua\/wp-content\/uploads\/2025\/02\/Karandash-dlya-kontura-glaz-Slyzystoj-Cascade-of-Colours.jpg\",\"datePublished\":\"2024-07-02T09:30:55+00:00\",\"dateModified\":\"2026-01-19T13:07:49+00:00\",\"description\":\"\u041e\u043b\u0456\u0432\u0435\u0446\u044c \u0434\u043b\u044f \u043a\u043e\u043d\u0442\u0443\u0440\u0443 \u043e\u0447\u0435\u0439 (\u0421\u043b\u0438\u0437\u043e\u0432\u0430) Cascade of Colours \u043c\u043e\u0436\u043d\u0430 \u043f\u0440\u0438\u0434\u0431\u0430\u0442\u0438 \u043e\u043f\u0442\u043e\u043c. \u041d\u0438\u0437\u044c\u043a\u0456 \u0446\u0456\u043d\u0438. \u0412\u0435\u043b\u0438\u043a\u0438\u0439 \u0430\u0441\u043e\u0440\u0442\u0438\u043c\u0435\u043d\u0442\u0438 \u043a\u043e\u0441\u043c\u0435\u0442\u0438\u043a\u0438. \u0428\u0432\u0438\u0434\u043a\u0430 \u0434\u043e\u0441\u0442\u0430\u0432\u043a\u0430 \u043f\u043e \u0432\u0441\u0456\u0439 \u0423\u043a\u0440\u0430\u0457\u043d\u0456\",\"breadcrumb\":{\"@id\":\"https:\/\/madlenmakeup.com.ua\/product\/olivets-dlya-konturu-ochej-slyzova-cascade-of-colours\/#breadcrumb\"},\"inLanguage\":\"cs\",\"potentialAction\":[{\"@type\":\"ReadAction\",\"target\":[\"https:\/\/madlenmakeup.com.ua\/product\/olivets-dlya-konturu-ochej-slyzova-cascade-of-colours\/\"]}]},{\"@type\":\"ImageObject\",\"inLanguage\":\"cs\",\"@id\":\"https:\/\/madlenmakeup.com.ua\/product\/olivets-dlya-konturu-ochej-slyzova-cascade-of-colours\/#primaryimage\",\"url\":\"https:\/\/madlenmakeup.com.ua\/wp-content\/uploads\/2025\/02\/Karandash-dlya-kontura-glaz-Slyzystoj-Cascade-of-Colours.jpg\",\"contentUrl\":\"https:\/\/madlenmakeup.com.ua\/wp-content\/uploads\/2025\/02\/Karandash-dlya-kontura-glaz-Slyzystoj-Cascade-of-Colours.jpg\",\"width\":1080,\"height\":1075,\"caption\":\"Karandash-dlya-kontura-glaz-Slyzystoj-Cascade-of-Colours\"},{\"@type\":\"BreadcrumbList\",\"@id\":\"https:\/\/madlenmakeup.com.ua\/product\/olivets-dlya-konturu-ochej-slyzova-cascade-of-colours\/#breadcrumb\",\"itemListElement\":[{\"@type\":\"ListItem\",\"position\":1,\"name\":\"\u0413\u043e\u043b\u043e\u0432\u043d\u0430\",\"item\":\"https:\/\/madlenmakeup.com.ua\/\"},{\"@type\":\"ListItem\",\"position\":2,\"name\":\"\u041c\u0430\u0433\u0430\u0437\u0438\u043d\",\"item\":\"https:\/\/madlenmakeup.com.ua\/shop\/\"},{\"@type\":\"ListItem\",\"position\":3,\"name\":\"\u041e\u043b\u0456\u0432\u0435\u0446\u044c \u0434\u043b\u044f \u043a\u043e\u043d\u0442\u0443\u0440\u0443 \u043e\u0447\u0435\u0439 (\u0421\u043b\u0438\u0437\u043e\u0432\u0430) Cascade of Colours Kajal\"}]},{\"@type\":\"WebSite\",\"@id\":\"https:\/\/madlenmakeup.com.ua\/#website\",\"url\":\"https:\/\/madlenmakeup.com.ua\/\",\"name\":\"Madlen Cosmetics\",\"description\":\"\u041c\u0430\u0433\u0430\u0437\u0438\u043d \u043f\u0440\u043e\u0444\u0435\u0441\u0456\u0439\u043d\u043e\u0457 \u043a\u043e\u0441\u043c\u0435\u0442\u0438\u043a\u0438\",\"publisher\":{\"@id\":\"https:\/\/madlenmakeup.com.ua\/#\/schema\/person\/49cd71213b472a6db978257e4616a5de\"},\"potentialAction\":[{\"@type\":\"SearchAction\",\"target\":{\"@type\":\"EntryPoint\",\"urlTemplate\":\"https:\/\/madlenmakeup.com.ua\/?s={search_term_string}\"},\"query-input\":{\"@type\":\"PropertyValueSpecification\",\"valueRequired\":true,\"valueName\":\"search_term_string\"}}],\"inLanguage\":\"cs\"},{\"@type\":[\"Person\",\"Organization\"],\"@id\":\"https:\/\/madlenmakeup.com.ua\/#\/schema\/person\/49cd71213b472a6db978257e4616a5de\",\"name\":\"madlenmakeup\",\"image\":{\"@type\":\"ImageObject\",\"inLanguage\":\"cs\",\"@id\":\"https:\/\/madlenmakeup.com.ua\/#\/schema\/person\/image\/\",\"url\":\"https:\/\/madlenmakeup.com.ua\/wp-content\/uploads\/2023\/04\/cropped-cropped-madlen-logo-removebg-preview.png\",\"contentUrl\":\"https:\/\/madlenmakeup.com.ua\/wp-content\/uploads\/2023\/04\/cropped-cropped-madlen-logo-removebg-preview.png\",\"width\":296,\"height\":70,\"caption\":\"madlenmakeup\"},\"logo\":{\"@id\":\"https:\/\/madlenmakeup.com.ua\/#\/schema\/person\/image\/\"},\"sameAs\":[\"http:\/\/madlenmakeup.com.ua\"]}]}<\/script>\n<!-- \/ Yoast SEO plugin. -->","yoast_head_json":{"title":"\u041e\u043b\u0456\u0432\u0435\u0446\u044c \u0434\u043b\u044f \u043a\u043e\u043d\u0442\u0443\u0440\u0443 \u043e\u0447\u0435\u0439 (\u0421\u043b\u0438\u0437\u043e\u0432\u0430) Cascade of Colours","description":"\u041e\u043b\u0456\u0432\u0435\u0446\u044c \u0434\u043b\u044f \u043a\u043e\u043d\u0442\u0443\u0440\u0443 \u043e\u0447\u0435\u0439 (\u0421\u043b\u0438\u0437\u043e\u0432\u0430) Cascade of Colours \u043c\u043e\u0436\u043d\u0430 \u043f\u0440\u0438\u0434\u0431\u0430\u0442\u0438 \u043e\u043f\u0442\u043e\u043c. \u041d\u0438\u0437\u044c\u043a\u0456 \u0446\u0456\u043d\u0438. \u0412\u0435\u043b\u0438\u043a\u0438\u0439 \u0430\u0441\u043e\u0440\u0442\u0438\u043c\u0435\u043d\u0442\u0438 \u043a\u043e\u0441\u043c\u0435\u0442\u0438\u043a\u0438. \u0428\u0432\u0438\u0434\u043a\u0430 \u0434\u043e\u0441\u0442\u0430\u0432\u043a\u0430 \u043f\u043e \u0432\u0441\u0456\u0439 \u0423\u043a\u0440\u0430\u0457\u043d\u0456","robots":{"index":"index","follow":"follow","max-snippet":"max-snippet:-1","max-image-preview":"max-image-preview:large","max-video-preview":"max-video-preview:-1"},"canonical":"https:\/\/madlenmakeup.com.ua\/cz\/produkt\/olivets-dlya-konturu-ochej-slyzova-cascade-of-colours\/","og_locale":"cs_CZ","og_type":"article","og_title":"\u041e\u043b\u0456\u0432\u0435\u0446\u044c \u0434\u043b\u044f \u043a\u043e\u043d\u0442\u0443\u0440\u0443 \u043e\u0447\u0435\u0439 (\u0421\u043b\u0438\u0437\u043e\u0432\u0430) Cascade of Colours","og_description":"\u041e\u043b\u0456\u0432\u0435\u0446\u044c \u0434\u043b\u044f \u043a\u043e\u043d\u0442\u0443\u0440\u0443 \u043e\u0447\u0435\u0439 (\u0421\u043b\u0438\u0437\u043e\u0432\u0430) Cascade of Colours \u043c\u043e\u0436\u043d\u0430 \u043f\u0440\u0438\u0434\u0431\u0430\u0442\u0438 \u043e\u043f\u0442\u043e\u043c. \u041d\u0438\u0437\u044c\u043a\u0456 \u0446\u0456\u043d\u0438. \u0412\u0435\u043b\u0438\u043a\u0438\u0439 \u0430\u0441\u043e\u0440\u0442\u0438\u043c\u0435\u043d\u0442\u0438 \u043a\u043e\u0441\u043c\u0435\u0442\u0438\u043a\u0438. \u0428\u0432\u0438\u0434\u043a\u0430 \u0434\u043e\u0441\u0442\u0430\u0432\u043a\u0430 \u043f\u043e \u0432\u0441\u0456\u0439 \u0423\u043a\u0440\u0430\u0457\u043d\u0456","og_url":"https:\/\/madlenmakeup.com.ua\/cz\/produkt\/olivets-dlya-konturu-ochej-slyzova-cascade-of-colours\/","og_site_name":"Madlen Cosmetics","article_modified_time":"2026-01-19T13:07:49+00:00","og_image":[{"width":1080,"height":1075,"url":"https:\/\/madlenmakeup.com.ua\/wp-content\/uploads\/2025\/02\/Karandash-dlya-kontura-glaz-Slyzystoj-Cascade-of-Colours.jpg","type":"image\/jpeg"}],"twitter_card":"summary_large_image","twitter_misc":{"Odhadovan\u00e1 doba \u010dten\u00ed":"2 minuty"},"schema":{"@context":"https:\/\/schema.org","@graph":[{"@type":"WebPage","@id":"https:\/\/madlenmakeup.com.ua\/product\/olivets-dlya-konturu-ochej-slyzova-cascade-of-colours\/","url":"https:\/\/madlenmakeup.com.ua\/product\/olivets-dlya-konturu-ochej-slyzova-cascade-of-colours\/","name":"\u041e\u043b\u0456\u0432\u0435\u0446\u044c \u0434\u043b\u044f \u043a\u043e\u043d\u0442\u0443\u0440\u0443 \u043e\u0447\u0435\u0439 (\u0421\u043b\u0438\u0437\u043e\u0432\u0430) Cascade of Colours","isPartOf":{"@id":"https:\/\/madlenmakeup.com.ua\/#website"},"primaryImageOfPage":{"@id":"https:\/\/madlenmakeup.com.ua\/product\/olivets-dlya-konturu-ochej-slyzova-cascade-of-colours\/#primaryimage"},"image":{"@id":"https:\/\/madlenmakeup.com.ua\/product\/olivets-dlya-konturu-ochej-slyzova-cascade-of-colours\/#primaryimage"},"thumbnailUrl":"https:\/\/madlenmakeup.com.ua\/wp-content\/uploads\/2025\/02\/Karandash-dlya-kontura-glaz-Slyzystoj-Cascade-of-Colours.jpg","datePublished":"2024-07-02T09:30:55+00:00","dateModified":"2026-01-19T13:07:49+00:00","description":"\u041e\u043b\u0456\u0432\u0435\u0446\u044c \u0434\u043b\u044f \u043a\u043e\u043d\u0442\u0443\u0440\u0443 \u043e\u0447\u0435\u0439 (\u0421\u043b\u0438\u0437\u043e\u0432\u0430) Cascade of Colours \u043c\u043e\u0436\u043d\u0430 \u043f\u0440\u0438\u0434\u0431\u0430\u0442\u0438 \u043e\u043f\u0442\u043e\u043c. \u041d\u0438\u0437\u044c\u043a\u0456 \u0446\u0456\u043d\u0438. \u0412\u0435\u043b\u0438\u043a\u0438\u0439 \u0430\u0441\u043e\u0440\u0442\u0438\u043c\u0435\u043d\u0442\u0438 \u043a\u043e\u0441\u043c\u0435\u0442\u0438\u043a\u0438. \u0428\u0432\u0438\u0434\u043a\u0430 \u0434\u043e\u0441\u0442\u0430\u0432\u043a\u0430 \u043f\u043e \u0432\u0441\u0456\u0439 \u0423\u043a\u0440\u0430\u0457\u043d\u0456","breadcrumb":{"@id":"https:\/\/madlenmakeup.com.ua\/product\/olivets-dlya-konturu-ochej-slyzova-cascade-of-colours\/#breadcrumb"},"inLanguage":"cs","potentialAction":[{"@type":"ReadAction","target":["https:\/\/madlenmakeup.com.ua\/product\/olivets-dlya-konturu-ochej-slyzova-cascade-of-colours\/"]}]},{"@type":"ImageObject","inLanguage":"cs","@id":"https:\/\/madlenmakeup.com.ua\/product\/olivets-dlya-konturu-ochej-slyzova-cascade-of-colours\/#primaryimage","url":"https:\/\/madlenmakeup.com.ua\/wp-content\/uploads\/2025\/02\/Karandash-dlya-kontura-glaz-Slyzystoj-Cascade-of-Colours.jpg","contentUrl":"https:\/\/madlenmakeup.com.ua\/wp-content\/uploads\/2025\/02\/Karandash-dlya-kontura-glaz-Slyzystoj-Cascade-of-Colours.jpg","width":1080,"height":1075,"caption":"Karandash-dlya-kontura-glaz-Slyzystoj-Cascade-of-Colours"},{"@type":"BreadcrumbList","@id":"https:\/\/madlenmakeup.com.ua\/product\/olivets-dlya-konturu-ochej-slyzova-cascade-of-colours\/#breadcrumb","itemListElement":[{"@type":"ListItem","position":1,"name":"\u0413\u043e\u043b\u043e\u0432\u043d\u0430","item":"https:\/\/madlenmakeup.com.ua\/"},{"@type":"ListItem","position":2,"name":"\u041c\u0430\u0433\u0430\u0437\u0438\u043d","item":"https:\/\/madlenmakeup.com.ua\/shop\/"},{"@type":"ListItem","position":3,"name":"\u041e\u043b\u0456\u0432\u0435\u0446\u044c \u0434\u043b\u044f \u043a\u043e\u043d\u0442\u0443\u0440\u0443 \u043e\u0447\u0435\u0439 (\u0421\u043b\u0438\u0437\u043e\u0432\u0430) Cascade of Colours Kajal"}]},{"@type":"WebSite","@id":"https:\/\/madlenmakeup.com.ua\/#website","url":"https:\/\/madlenmakeup.com.ua\/","name":"Madlen Cosmetics","description":"\u041c\u0430\u0433\u0430\u0437\u0438\u043d \u043f\u0440\u043e\u0444\u0435\u0441\u0456\u0439\u043d\u043e\u0457 \u043a\u043e\u0441\u043c\u0435\u0442\u0438\u043a\u0438","publisher":{"@id":"https:\/\/madlenmakeup.com.ua\/#\/schema\/person\/49cd71213b472a6db978257e4616a5de"},"potentialAction":[{"@type":"SearchAction","target":{"@type":"EntryPoint","urlTemplate":"https:\/\/madlenmakeup.com.ua\/?s={search_term_string}"},"query-input":{"@type":"PropertyValueSpecification","valueRequired":true,"valueName":"search_term_string"}}],"inLanguage":"cs"},{"@type":["Person","Organization"],"@id":"https:\/\/madlenmakeup.com.ua\/#\/schema\/person\/49cd71213b472a6db978257e4616a5de","name":"madlenmakeup","image":{"@type":"ImageObject","inLanguage":"cs","@id":"https:\/\/madlenmakeup.com.ua\/#\/schema\/person\/image\/","url":"https:\/\/madlenmakeup.com.ua\/wp-content\/uploads\/2023\/04\/cropped-cropped-madlen-logo-removebg-preview.png","contentUrl":"https:\/\/madlenmakeup.com.ua\/wp-content\/uploads\/2023\/04\/cropped-cropped-madlen-logo-removebg-preview.png","width":296,"height":70,"caption":"madlenmakeup"},"logo":{"@id":"https:\/\/madlenmakeup.com.ua\/#\/schema\/person\/image\/"},"sameAs":["http:\/\/madlenmakeup.com.ua"]}]}},"_links":{"self":[{"href":"https:\/\/madlenmakeup.com.ua\/cz\/wp-json\/wp\/v2\/product\/7586","targetHints":{"allow":["GET"]}}],"collection":[{"href":"https:\/\/madlenmakeup.com.ua\/cz\/wp-json\/wp\/v2\/product"}],"about":[{"href":"https:\/\/madlenmakeup.com.ua\/cz\/wp-json\/wp\/v2\/types\/product"}],"replies":[{"embeddable":true,"href":"https:\/\/madlenmakeup.com.ua\/cz\/wp-json\/wp\/v2\/comments?post=7586"}],"version-history":[{"count":3,"href":"https:\/\/madlenmakeup.com.ua\/cz\/wp-json\/wp\/v2\/product\/7586\/revisions"}],"predecessor-version":[{"id":7715,"href":"https:\/\/madlenmakeup.com.ua\/cz\/wp-json\/wp\/v2\/product\/7586\/revisions\/7715"}],"wp:featuredmedia":[{"embeddable":true,"href":"https:\/\/madlenmakeup.com.ua\/cz\/wp-json\/wp\/v2\/media\/7587"}],"wp:attachment":[{"href":"https:\/\/madlenmakeup.com.ua\/cz\/wp-json\/wp\/v2\/media?parent=7586"}],"wp:term":[{"taxonomy":"product_cat","embeddable":true,"href":"https:\/\/madlenmakeup.com.ua\/cz\/wp-json\/wp\/v2\/product_cat?post=7586"},{"taxonomy":"product_tag","embeddable":true,"href":"https:\/\/madlenmakeup.com.ua\/cz\/wp-json\/wp\/v2\/product_tag?post=7586"}],"curies":[{"name":"wp","href":"https:\/\/api.w.org\/{rel}","templated":true}]}}