{"id":7706,"date":"2025-02-27T21:11:07","date_gmt":"2025-02-27T19:11:07","guid":{"rendered":"https:\/\/madlenmakeup.com.ua\/?post_type=product&#038;p=7706"},"modified":"2025-11-03T13:31:51","modified_gmt":"2025-11-03T11:31:51","slug":"aden-cosmetics","status":"publish","type":"product","link":"https:\/\/madlenmakeup.com.ua\/cz\/produkt\/aden-cosmetics\/","title":{"rendered":"Aden Cosmetics \u041e\u043b\u0456\u0432\u0435\u0446\u044c \u0434\u043b\u044f \u0433\u0443\u0431 (63\/Bronze Sand) Lipliner Pencil"},"content":{"rendered":"<p>Aden Cosmetics \u041e\u043b\u0456\u0432\u0435\u0446\u044c \u0434\u043b\u044f \u0433\u0443\u0431 (63\/Bronze Sand)<br \/>\nKlasick\u00e1 vod\u011bodoln\u00e1 tu\u017eka na rty!<br \/>\n<a href=\"https:\/\/madlenmakeup.com.ua\/cz\/stitek-produktu\/usi-olivtsi-dlya-gub-aden-cosmetics\/\">Aden Cosmetics Lipliner Pencil<\/a> Tu\u017eka na rty poskytuje skv\u011blou a dlouhotrvaj\u00edc\u00ed intenzitu barvy. Vytvaruje vnit\u0159n\u00ed nebo vn\u011bj\u0161\u00ed konturu rt\u016f a vytvo\u0159\u00ed tak efekt zv\u011bt\u0161en\u00fdch rt\u016f, nebo ji m\u016f\u017eete pou\u017e\u00edt k \u00faprav\u011b barvy rt\u011bnky. Zvy\u0161uje trvanlivost rt\u011bnky. Tu\u017eka je hypoalergenn\u00ed.<\/p>\n<p>Intenzivn\u00ed, dlouhotrvaj\u00edc\u00ed odst\u00edny lze pou\u017e\u00edt k obrysu rt\u016f a zd\u016frazn\u011bn\u00ed barvy rt\u011bnky. A pokud si p\u0159ejete, m\u016f\u017eete vytvo\u0159it m\u00f3dn\u00ed gradientn\u00ed efekt, proto\u017ee tu\u017eka na rty Aden Cosmetics jemn\u011b kresl\u00ed a dokonale se rozt\u00edr\u00e1. <br \/>\nNyn\u00ed va\u0161e obl\u00edben\u00e1 rt\u011bnka z\u016fstane p\u0159esn\u011b tam, kde chcete, bez rozmaz\u00e1v\u00e1n\u00ed nebo st\u00e9k\u00e1n\u00ed!<br \/>\n<strong>sklad:<\/strong><br \/>\nhydrogenated palm kernel glycerides, hydrogenated vegetable oil, caprylic \/ capric tryglyceride, hydrogenated palm glycerides, rhus succedanea cera, rhus succedanea fruit wax, titanium dioxide, iron oxides, tocopherol, ascorbyl palmitate, mica, talc, ci 77510, ci 77891, ci 77499, ci77163, ci 77163, ci 77492, ci 77491.<\/p>\n<p>Aden Cosmetics \u041e\u043b\u0456\u0432\u0435\u0446\u044c \u0434\u043b\u044f \u0433\u0443\u0431 (63\/Bronze Sand) <a href=\"https:\/\/madlenmakeup.com.ua\/cz\/madlen-karandas-optovi-tsiny\/\"><strong>M\u016f\u017eete nakupovat velkoobchodn\u011b i maloobchodn\u011b.<\/strong><\/a><\/p>","protected":false},"excerpt":{"rendered":"<p><img loading=\"lazy\" decoding=\"async\" class=\"\" src=\"https:\/\/madlenmakeup.com.ua\/wp-content\/uploads\/2023\/04\/1f1ea-1f1fa.png\" alt=\"\u042d\u043c\u043e\u0434\u0437\u0438 \ud83c\uddea\ud83c\uddfa Apple \u0438 iOS\" width=\"40\" height=\"40\" \/>\u00a0<strong>Evropsk\u00e1 kvalita\u00a0<\/strong><img loading=\"lazy\" decoding=\"async\" class=\"\" src=\"https:\/\/madlenmakeup.com.ua\/wp-content\/uploads\/2023\/04\/1f1ea-1f1fa.png\" alt=\"\u042d\u043c\u043e\u0434\u0437\u0438 \ud83c\uddea\ud83c\uddfa Apple \u0438 iOS\" width=\"40\" height=\"40\" \/><\/p>","protected":false},"featured_media":7707,"comment_status":"open","ping_status":"closed","template":"","meta":{"site-sidebar-layout":"default","site-content-layout":"default","ast-global-header-display":"","ast-main-header-display":"","ast-hfb-above-header-display":"","ast-hfb-below-header-display":"","ast-hfb-mobile-header-display":"","site-post-title":"","ast-breadcrumbs-content":"","ast-featured-img":"","footer-sml-layout":"","theme-transparent-header-meta":"default","adv-header-id-meta":"","stick-header-meta":"","header-above-stick-meta":"","header-main-stick-meta":"","header-below-stick-meta":""},"product_cat":[39],"product_tag":[279,70,87],"class_list":{"0":"post-7706","1":"product","2":"type-product","3":"status-publish","4":"has-post-thumbnail","6":"product_brand-aden-cosmetics","7":"product_cat-huby-madlen","8":"product_tag-use-dlya-gub","9":"product_tag-vsi-olivtsi-dlya-gub","10":"product_tag-usi-olivtsi-dlya-gub-aden-cosmetics","11":"desktop-align-left","12":"tablet-align-left","13":"mobile-align-left","15":"first","16":"instock","17":"shipping-taxable","18":"purchasable","19":"product-type-simple"},"yoast_head":"<!-- This site is optimized with the Yoast SEO plugin v25.6 - https:\/\/yoast.com\/wordpress\/plugins\/seo\/ -->\n<title>Aden Cosmetics \u041e\u043b\u0456\u0432\u0435\u0446\u044c \u0434\u043b\u044f \u0433\u0443\u0431 63 Bronze Sand \u043e\u043f\u0442\u043e\u043c<\/title>\n<meta name=\"description\" content=\"Aden Cosmetics 63 Bronze Sand \u041e\u043b\u0456\u0432\u0435\u0446\u044c \u0434\u043b\u044f \u0433\u0443\u0431 Lipliner Pencil \u043f\u0440\u043e\u0434\u0430\u0454\u0442\u044c\u0441\u044f \u043e\u043f\u0442\u043e\u043c \u0442\u0430 \u0432 \u0440\u043e\u0437\u0434\u0440\u0456\u0431. \u041d\u0430\u0439\u043d\u0438\u0436\u0447\u0456 \u0446\u0456\u043d\u0438. \u0412\u0435\u043b\u0438\u043a\u0438\u0439 \u0430\u0441\u043e\u0440\u0442\u0438\u043c\u0435\u043d\u0442\u0438 \u043a\u043e\u0441\u043c\u0435\u0442\u0438\u043a\u0438. \u0428\u0432\u0438\u0434\u043a\u0430 \u0434\u043e\u0441\u0442\u0430\u0432\u043a\u0430\" \/>\n<meta name=\"robots\" content=\"index, follow, max-snippet:-1, max-image-preview:large, max-video-preview:-1\" \/>\n<link rel=\"canonical\" href=\"https:\/\/madlenmakeup.com.ua\/cz\/produkt\/aden-cosmetics\/\" \/>\n<meta property=\"og:locale\" content=\"cs_CZ\" \/>\n<meta property=\"og:type\" content=\"article\" \/>\n<meta property=\"og:title\" content=\"Aden Cosmetics \u041e\u043b\u0456\u0432\u0435\u0446\u044c \u0434\u043b\u044f \u0433\u0443\u0431 63 Bronze Sand \u043e\u043f\u0442\u043e\u043c\" \/>\n<meta property=\"og:description\" content=\"Aden Cosmetics 63 Bronze Sand \u041e\u043b\u0456\u0432\u0435\u0446\u044c \u0434\u043b\u044f \u0433\u0443\u0431 Lipliner Pencil \u043f\u0440\u043e\u0434\u0430\u0454\u0442\u044c\u0441\u044f \u043e\u043f\u0442\u043e\u043c \u0442\u0430 \u0432 \u0440\u043e\u0437\u0434\u0440\u0456\u0431. \u041d\u0430\u0439\u043d\u0438\u0436\u0447\u0456 \u0446\u0456\u043d\u0438. \u0412\u0435\u043b\u0438\u043a\u0438\u0439 \u0430\u0441\u043e\u0440\u0442\u0438\u043c\u0435\u043d\u0442\u0438 \u043a\u043e\u0441\u043c\u0435\u0442\u0438\u043a\u0438. \u0428\u0432\u0438\u0434\u043a\u0430 \u0434\u043e\u0441\u0442\u0430\u0432\u043a\u0430\" \/>\n<meta property=\"og:url\" content=\"https:\/\/madlenmakeup.com.ua\/cz\/produkt\/aden-cosmetics\/\" \/>\n<meta property=\"og:site_name\" content=\"Madlen Cosmetics\" \/>\n<meta property=\"article:modified_time\" content=\"2025-11-03T11:31:51+00:00\" \/>\n<meta property=\"og:image\" content=\"https:\/\/madlenmakeup.com.ua\/wp-content\/uploads\/2025\/02\/aden_lipliner_pencil_63_bronze_sand.jpg\" \/>\n\t<meta property=\"og:image:width\" content=\"1000\" \/>\n\t<meta property=\"og:image:height\" content=\"1000\" \/>\n\t<meta property=\"og:image:type\" content=\"image\/jpeg\" \/>\n<meta name=\"twitter:card\" content=\"summary_large_image\" \/>\n<meta name=\"twitter:label1\" content=\"Odhadovan\u00e1 doba \u010dten\u00ed\" \/>\n\t<meta name=\"twitter:data1\" content=\"2 minuty\" \/>\n<script type=\"application\/ld+json\" class=\"yoast-schema-graph\">{\"@context\":\"https:\/\/schema.org\",\"@graph\":[{\"@type\":\"WebPage\",\"@id\":\"https:\/\/madlenmakeup.com.ua\/product\/aden-cosmetics\/\",\"url\":\"https:\/\/madlenmakeup.com.ua\/product\/aden-cosmetics\/\",\"name\":\"Aden Cosmetics \u041e\u043b\u0456\u0432\u0435\u0446\u044c \u0434\u043b\u044f \u0433\u0443\u0431 63 Bronze Sand \u043e\u043f\u0442\u043e\u043c\",\"isPartOf\":{\"@id\":\"https:\/\/madlenmakeup.com.ua\/#website\"},\"primaryImageOfPage\":{\"@id\":\"https:\/\/madlenmakeup.com.ua\/product\/aden-cosmetics\/#primaryimage\"},\"image\":{\"@id\":\"https:\/\/madlenmakeup.com.ua\/product\/aden-cosmetics\/#primaryimage\"},\"thumbnailUrl\":\"https:\/\/madlenmakeup.com.ua\/wp-content\/uploads\/2025\/02\/aden_lipliner_pencil_63_bronze_sand.jpg\",\"datePublished\":\"2025-02-27T19:11:07+00:00\",\"dateModified\":\"2025-11-03T11:31:51+00:00\",\"description\":\"Aden Cosmetics 63 Bronze Sand \u041e\u043b\u0456\u0432\u0435\u0446\u044c \u0434\u043b\u044f \u0433\u0443\u0431 Lipliner Pencil \u043f\u0440\u043e\u0434\u0430\u0454\u0442\u044c\u0441\u044f \u043e\u043f\u0442\u043e\u043c \u0442\u0430 \u0432 \u0440\u043e\u0437\u0434\u0440\u0456\u0431. \u041d\u0430\u0439\u043d\u0438\u0436\u0447\u0456 \u0446\u0456\u043d\u0438. \u0412\u0435\u043b\u0438\u043a\u0438\u0439 \u0430\u0441\u043e\u0440\u0442\u0438\u043c\u0435\u043d\u0442\u0438 \u043a\u043e\u0441\u043c\u0435\u0442\u0438\u043a\u0438. \u0428\u0432\u0438\u0434\u043a\u0430 \u0434\u043e\u0441\u0442\u0430\u0432\u043a\u0430\",\"breadcrumb\":{\"@id\":\"https:\/\/madlenmakeup.com.ua\/product\/aden-cosmetics\/#breadcrumb\"},\"inLanguage\":\"cs\",\"potentialAction\":[{\"@type\":\"ReadAction\",\"target\":[\"https:\/\/madlenmakeup.com.ua\/product\/aden-cosmetics\/\"]}]},{\"@type\":\"ImageObject\",\"inLanguage\":\"cs\",\"@id\":\"https:\/\/madlenmakeup.com.ua\/product\/aden-cosmetics\/#primaryimage\",\"url\":\"https:\/\/madlenmakeup.com.ua\/wp-content\/uploads\/2025\/02\/aden_lipliner_pencil_63_bronze_sand.jpg\",\"contentUrl\":\"https:\/\/madlenmakeup.com.ua\/wp-content\/uploads\/2025\/02\/aden_lipliner_pencil_63_bronze_sand.jpg\",\"width\":1000,\"height\":1000,\"caption\":\"aden_lipliner_pencil_63_bronze_sand\"},{\"@type\":\"BreadcrumbList\",\"@id\":\"https:\/\/madlenmakeup.com.ua\/product\/aden-cosmetics\/#breadcrumb\",\"itemListElement\":[{\"@type\":\"ListItem\",\"position\":1,\"name\":\"\u0413\u043e\u043b\u043e\u0432\u043d\u0430\",\"item\":\"https:\/\/madlenmakeup.com.ua\/\"},{\"@type\":\"ListItem\",\"position\":2,\"name\":\"\u041c\u0430\u0433\u0430\u0437\u0438\u043d\",\"item\":\"https:\/\/madlenmakeup.com.ua\/shop\/\"},{\"@type\":\"ListItem\",\"position\":3,\"name\":\"Aden Cosmetics \u041e\u043b\u0456\u0432\u0435\u0446\u044c \u0434\u043b\u044f \u0433\u0443\u0431 (63\/Bronze Sand) Lipliner Pencil\"}]},{\"@type\":\"WebSite\",\"@id\":\"https:\/\/madlenmakeup.com.ua\/#website\",\"url\":\"https:\/\/madlenmakeup.com.ua\/\",\"name\":\"Madlen Cosmetics\",\"description\":\"\u041c\u0430\u0433\u0430\u0437\u0438\u043d \u043f\u0440\u043e\u0444\u0435\u0441\u0456\u0439\u043d\u043e\u0457 \u043a\u043e\u0441\u043c\u0435\u0442\u0438\u043a\u0438\",\"publisher\":{\"@id\":\"https:\/\/madlenmakeup.com.ua\/#\/schema\/person\/49cd71213b472a6db978257e4616a5de\"},\"potentialAction\":[{\"@type\":\"SearchAction\",\"target\":{\"@type\":\"EntryPoint\",\"urlTemplate\":\"https:\/\/madlenmakeup.com.ua\/?s={search_term_string}\"},\"query-input\":{\"@type\":\"PropertyValueSpecification\",\"valueRequired\":true,\"valueName\":\"search_term_string\"}}],\"inLanguage\":\"cs\"},{\"@type\":[\"Person\",\"Organization\"],\"@id\":\"https:\/\/madlenmakeup.com.ua\/#\/schema\/person\/49cd71213b472a6db978257e4616a5de\",\"name\":\"madlenmakeup\",\"image\":{\"@type\":\"ImageObject\",\"inLanguage\":\"cs\",\"@id\":\"https:\/\/madlenmakeup.com.ua\/#\/schema\/person\/image\/\",\"url\":\"https:\/\/madlenmakeup.com.ua\/wp-content\/uploads\/2023\/04\/cropped-cropped-madlen-logo-removebg-preview.png\",\"contentUrl\":\"https:\/\/madlenmakeup.com.ua\/wp-content\/uploads\/2023\/04\/cropped-cropped-madlen-logo-removebg-preview.png\",\"width\":296,\"height\":70,\"caption\":\"madlenmakeup\"},\"logo\":{\"@id\":\"https:\/\/madlenmakeup.com.ua\/#\/schema\/person\/image\/\"},\"sameAs\":[\"http:\/\/madlenmakeup.com.ua\"]}]}<\/script>\n<!-- \/ Yoast SEO plugin. -->","yoast_head_json":{"title":"Aden Cosmetics \u041e\u043b\u0456\u0432\u0435\u0446\u044c \u0434\u043b\u044f \u0433\u0443\u0431 63 Bronze Sand \u043e\u043f\u0442\u043e\u043c","description":"Aden Cosmetics 63 Bronze Sand \u041e\u043b\u0456\u0432\u0435\u0446\u044c \u0434\u043b\u044f \u0433\u0443\u0431 Lipliner Pencil \u043f\u0440\u043e\u0434\u0430\u0454\u0442\u044c\u0441\u044f \u043e\u043f\u0442\u043e\u043c \u0442\u0430 \u0432 \u0440\u043e\u0437\u0434\u0440\u0456\u0431. \u041d\u0430\u0439\u043d\u0438\u0436\u0447\u0456 \u0446\u0456\u043d\u0438. \u0412\u0435\u043b\u0438\u043a\u0438\u0439 \u0430\u0441\u043e\u0440\u0442\u0438\u043c\u0435\u043d\u0442\u0438 \u043a\u043e\u0441\u043c\u0435\u0442\u0438\u043a\u0438. \u0428\u0432\u0438\u0434\u043a\u0430 \u0434\u043e\u0441\u0442\u0430\u0432\u043a\u0430","robots":{"index":"index","follow":"follow","max-snippet":"max-snippet:-1","max-image-preview":"max-image-preview:large","max-video-preview":"max-video-preview:-1"},"canonical":"https:\/\/madlenmakeup.com.ua\/cz\/produkt\/aden-cosmetics\/","og_locale":"cs_CZ","og_type":"article","og_title":"Aden Cosmetics \u041e\u043b\u0456\u0432\u0435\u0446\u044c \u0434\u043b\u044f \u0433\u0443\u0431 63 Bronze Sand \u043e\u043f\u0442\u043e\u043c","og_description":"Aden Cosmetics 63 Bronze Sand \u041e\u043b\u0456\u0432\u0435\u0446\u044c \u0434\u043b\u044f \u0433\u0443\u0431 Lipliner Pencil \u043f\u0440\u043e\u0434\u0430\u0454\u0442\u044c\u0441\u044f \u043e\u043f\u0442\u043e\u043c \u0442\u0430 \u0432 \u0440\u043e\u0437\u0434\u0440\u0456\u0431. \u041d\u0430\u0439\u043d\u0438\u0436\u0447\u0456 \u0446\u0456\u043d\u0438. \u0412\u0435\u043b\u0438\u043a\u0438\u0439 \u0430\u0441\u043e\u0440\u0442\u0438\u043c\u0435\u043d\u0442\u0438 \u043a\u043e\u0441\u043c\u0435\u0442\u0438\u043a\u0438. \u0428\u0432\u0438\u0434\u043a\u0430 \u0434\u043e\u0441\u0442\u0430\u0432\u043a\u0430","og_url":"https:\/\/madlenmakeup.com.ua\/cz\/produkt\/aden-cosmetics\/","og_site_name":"Madlen Cosmetics","article_modified_time":"2025-11-03T11:31:51+00:00","og_image":[{"width":1000,"height":1000,"url":"https:\/\/madlenmakeup.com.ua\/wp-content\/uploads\/2025\/02\/aden_lipliner_pencil_63_bronze_sand.jpg","type":"image\/jpeg"}],"twitter_card":"summary_large_image","twitter_misc":{"Odhadovan\u00e1 doba \u010dten\u00ed":"2 minuty"},"schema":{"@context":"https:\/\/schema.org","@graph":[{"@type":"WebPage","@id":"https:\/\/madlenmakeup.com.ua\/product\/aden-cosmetics\/","url":"https:\/\/madlenmakeup.com.ua\/product\/aden-cosmetics\/","name":"Aden Cosmetics \u041e\u043b\u0456\u0432\u0435\u0446\u044c \u0434\u043b\u044f \u0433\u0443\u0431 63 Bronze Sand \u043e\u043f\u0442\u043e\u043c","isPartOf":{"@id":"https:\/\/madlenmakeup.com.ua\/#website"},"primaryImageOfPage":{"@id":"https:\/\/madlenmakeup.com.ua\/product\/aden-cosmetics\/#primaryimage"},"image":{"@id":"https:\/\/madlenmakeup.com.ua\/product\/aden-cosmetics\/#primaryimage"},"thumbnailUrl":"https:\/\/madlenmakeup.com.ua\/wp-content\/uploads\/2025\/02\/aden_lipliner_pencil_63_bronze_sand.jpg","datePublished":"2025-02-27T19:11:07+00:00","dateModified":"2025-11-03T11:31:51+00:00","description":"Aden Cosmetics 63 Bronze Sand \u041e\u043b\u0456\u0432\u0435\u0446\u044c \u0434\u043b\u044f \u0433\u0443\u0431 Lipliner Pencil \u043f\u0440\u043e\u0434\u0430\u0454\u0442\u044c\u0441\u044f \u043e\u043f\u0442\u043e\u043c \u0442\u0430 \u0432 \u0440\u043e\u0437\u0434\u0440\u0456\u0431. \u041d\u0430\u0439\u043d\u0438\u0436\u0447\u0456 \u0446\u0456\u043d\u0438. \u0412\u0435\u043b\u0438\u043a\u0438\u0439 \u0430\u0441\u043e\u0440\u0442\u0438\u043c\u0435\u043d\u0442\u0438 \u043a\u043e\u0441\u043c\u0435\u0442\u0438\u043a\u0438. \u0428\u0432\u0438\u0434\u043a\u0430 \u0434\u043e\u0441\u0442\u0430\u0432\u043a\u0430","breadcrumb":{"@id":"https:\/\/madlenmakeup.com.ua\/product\/aden-cosmetics\/#breadcrumb"},"inLanguage":"cs","potentialAction":[{"@type":"ReadAction","target":["https:\/\/madlenmakeup.com.ua\/product\/aden-cosmetics\/"]}]},{"@type":"ImageObject","inLanguage":"cs","@id":"https:\/\/madlenmakeup.com.ua\/product\/aden-cosmetics\/#primaryimage","url":"https:\/\/madlenmakeup.com.ua\/wp-content\/uploads\/2025\/02\/aden_lipliner_pencil_63_bronze_sand.jpg","contentUrl":"https:\/\/madlenmakeup.com.ua\/wp-content\/uploads\/2025\/02\/aden_lipliner_pencil_63_bronze_sand.jpg","width":1000,"height":1000,"caption":"aden_lipliner_pencil_63_bronze_sand"},{"@type":"BreadcrumbList","@id":"https:\/\/madlenmakeup.com.ua\/product\/aden-cosmetics\/#breadcrumb","itemListElement":[{"@type":"ListItem","position":1,"name":"\u0413\u043e\u043b\u043e\u0432\u043d\u0430","item":"https:\/\/madlenmakeup.com.ua\/"},{"@type":"ListItem","position":2,"name":"\u041c\u0430\u0433\u0430\u0437\u0438\u043d","item":"https:\/\/madlenmakeup.com.ua\/shop\/"},{"@type":"ListItem","position":3,"name":"Aden Cosmetics \u041e\u043b\u0456\u0432\u0435\u0446\u044c \u0434\u043b\u044f \u0433\u0443\u0431 (63\/Bronze Sand) Lipliner Pencil"}]},{"@type":"WebSite","@id":"https:\/\/madlenmakeup.com.ua\/#website","url":"https:\/\/madlenmakeup.com.ua\/","name":"Madlen Cosmetics","description":"\u041c\u0430\u0433\u0430\u0437\u0438\u043d \u043f\u0440\u043e\u0444\u0435\u0441\u0456\u0439\u043d\u043e\u0457 \u043a\u043e\u0441\u043c\u0435\u0442\u0438\u043a\u0438","publisher":{"@id":"https:\/\/madlenmakeup.com.ua\/#\/schema\/person\/49cd71213b472a6db978257e4616a5de"},"potentialAction":[{"@type":"SearchAction","target":{"@type":"EntryPoint","urlTemplate":"https:\/\/madlenmakeup.com.ua\/?s={search_term_string}"},"query-input":{"@type":"PropertyValueSpecification","valueRequired":true,"valueName":"search_term_string"}}],"inLanguage":"cs"},{"@type":["Person","Organization"],"@id":"https:\/\/madlenmakeup.com.ua\/#\/schema\/person\/49cd71213b472a6db978257e4616a5de","name":"madlenmakeup","image":{"@type":"ImageObject","inLanguage":"cs","@id":"https:\/\/madlenmakeup.com.ua\/#\/schema\/person\/image\/","url":"https:\/\/madlenmakeup.com.ua\/wp-content\/uploads\/2023\/04\/cropped-cropped-madlen-logo-removebg-preview.png","contentUrl":"https:\/\/madlenmakeup.com.ua\/wp-content\/uploads\/2023\/04\/cropped-cropped-madlen-logo-removebg-preview.png","width":296,"height":70,"caption":"madlenmakeup"},"logo":{"@id":"https:\/\/madlenmakeup.com.ua\/#\/schema\/person\/image\/"},"sameAs":["http:\/\/madlenmakeup.com.ua"]}]}},"_links":{"self":[{"href":"https:\/\/madlenmakeup.com.ua\/cz\/wp-json\/wp\/v2\/product\/7706","targetHints":{"allow":["GET"]}}],"collection":[{"href":"https:\/\/madlenmakeup.com.ua\/cz\/wp-json\/wp\/v2\/product"}],"about":[{"href":"https:\/\/madlenmakeup.com.ua\/cz\/wp-json\/wp\/v2\/types\/product"}],"replies":[{"embeddable":true,"href":"https:\/\/madlenmakeup.com.ua\/cz\/wp-json\/wp\/v2\/comments?post=7706"}],"version-history":[{"count":4,"href":"https:\/\/madlenmakeup.com.ua\/cz\/wp-json\/wp\/v2\/product\/7706\/revisions"}],"predecessor-version":[{"id":8370,"href":"https:\/\/madlenmakeup.com.ua\/cz\/wp-json\/wp\/v2\/product\/7706\/revisions\/8370"}],"wp:featuredmedia":[{"embeddable":true,"href":"https:\/\/madlenmakeup.com.ua\/cz\/wp-json\/wp\/v2\/media\/7707"}],"wp:attachment":[{"href":"https:\/\/madlenmakeup.com.ua\/cz\/wp-json\/wp\/v2\/media?parent=7706"}],"wp:term":[{"taxonomy":"product_cat","embeddable":true,"href":"https:\/\/madlenmakeup.com.ua\/cz\/wp-json\/wp\/v2\/product_cat?post=7706"},{"taxonomy":"product_tag","embeddable":true,"href":"https:\/\/madlenmakeup.com.ua\/cz\/wp-json\/wp\/v2\/product_tag?post=7706"}],"curies":[{"name":"wp","href":"https:\/\/api.w.org\/{rel}","templated":true}]}}