{"id":7863,"date":"2025-09-04T21:13:32","date_gmt":"2025-09-04T18:13:32","guid":{"rendered":"https:\/\/madlenmakeup.com.ua\/?post_type=product&#038;p=7863"},"modified":"2025-09-04T21:30:54","modified_gmt":"2025-09-04T18:30:54","slug":"sponzh-dlya-makiyazhu-la-rosa-spn-554","status":"publish","type":"product","link":"https:\/\/madlenmakeup.com.ua\/cz\/produkt\/sponzh-dlya-makiyazhu-la-rosa-spn-554\/","title":{"rendered":"Houbi\u010dka na make-up La Rosa SPN-554"},"content":{"rendered":"<p>Origin\u00e1ln\u00ed <a href=\"https:\/\/madlenmakeup.com.ua\/cz\/product_brand\/la-rosa\/\">houbi\u010dka La Rosa<\/a> stanie si\u0119 Twoim idealnym narz\u0119dziem, kt\u00f3re pomo\u017ce Ci stworzy\u0107 idealny makija\u017c. Niesamowity produkt kosmetyczny pozwala na nak\u0142adanie kosmetyk\u00f3w o r\u00f3\u017cnej konsystencji i nasyceniu.<br \/>\nUnik\u00e1tn\u00ed tvar tohoto p\u0159\u00edslu\u0161enstv\u00ed umo\u017e\u0148uje snadno a p\u0159esn\u011b nan\u00e1\u0161et make-up, rozt\u00edrat ho a vytv\u00e1\u0159et rovnom\u011brn\u00fd povlak bez ostr\u00fdch p\u0159echod\u016f. Houbi\u010dka je vyrobena z hust\u00e9ho hypoalergenn\u00edho materi\u00e1lu, bezpe\u010dn\u00e9ho pro poko\u017eku, kter\u00fd nezp\u016fsobuje zarudnut\u00ed ani podr\u00e1\u017ed\u011bn\u00ed. Produkt nevy\u017eaduje zvl\u00e1\u0161tn\u00ed p\u00e9\u010di, snadno se omyje a \u010dist\u00ed.<\/p>\n<p><strong>Vlastnosti houbi\u010dky La Rosa:<\/strong><\/p>\n<p>\u2013 m\u00e1 z\u00e1\u0159iv\u00e9 odst\u00edny;<br \/>\n\u2013 vyrobeno ze 100% polyuretanu bez latexu;<br \/>\n\u2013 vhodn\u00e9 pro dom\u00e1c\u00ed i profesion\u00e1ln\u00ed pou\u017eit\u00ed;<br \/>\n\u2013 umo\u017e\u0148uje pr\u00e1ci v such\u00e9m i mokr\u00e9m re\u017eimu;<br \/>\n\u2013 za mokra se zdvojn\u00e1sob\u00ed;<br \/>\n\u2013 elastick\u00e1 a m\u011bkk\u00e1 struktura dopl\u0148ku nedr\u00e1\u017ed\u00ed poko\u017eku;<br \/>\n\u2013 snadno se \u010dist\u00ed od zbytk\u016f dekorativn\u00edch produkt\u016f;<br \/>\n\u2013 neomezen\u00e1 doba u\u017e\u00edv\u00e1n\u00ed.<\/p>\n<p><strong>Zp\u016fsob aplikace.<\/strong> <br \/>\nNaneste mal\u00e9 mno\u017estv\u00ed make-upu na houbi\u010dku. Pot\u00e9 jemn\u00fdmi pohyby rozet\u0159ete po pleti p\u0159\u00edpravek v mas\u00e1\u017en\u00edch lini\u00edch. Pokud jsou na pleti ostr\u00e9 barevn\u00e9 p\u0159echody, vyhla\u010fte je houbi\u010dkou.<\/p>","protected":false},"excerpt":{"rendered":"<p>\u041e\u0440\u0438\u0433\u0456\u043d\u0430\u043b\u044c\u043d\u0438\u0439 \u0441\u043f\u043e\u043d\u0436 La Rosa \u0441\u0442\u0430\u043d\u0435 \u0432\u0430\u0448\u0438\u043c \u0456\u0434\u0435\u0430\u043b\u044c\u043d\u0438\u043c \u0456\u043d\u0441\u0442\u0440\u0443\u043c\u0435\u043d\u0442\u043e\u043c, \u044f\u043a\u0438\u0439 \u0434\u043e\u043f\u043e\u043c\u043e\u0436\u0435 \u0441\u0442\u0432\u043e\u0440\u0438\u0442\u0438 \u0456\u0434\u0435\u0430\u043b\u044c\u043d\u0438\u0439 \u043c\u0430\u043a\u0456\u044f\u0436. \u0414\u0438\u0432\u043e\u0432\u0438\u0436\u043d\u0438\u0439 \u0431&#8217;\u044e\u0442\u0456-\u043f\u0440\u043e\u0434\u0443\u043a\u0442 \u0434\u043e\u0437\u0432\u043e\u043b\u044f\u0454 \u043d\u0430\u043d\u043e\u0441\u0438\u0442\u0438 \u043a\u043e\u0441\u043c\u0435\u0442\u0438\u0447\u043d\u0456 \u0437\u0430\u0441\u043e\u0431\u0438 \u0440\u0456\u0437\u043d\u043e\u0457 \u043a\u043e\u043d\u0441\u0438\u0441\u0442\u0435\u043d\u0446\u0456\u0457 \u0442\u0430 \u043d\u0430\u0441\u0438\u0447\u0435\u043d\u043e\u0441\u0442\u0456. \u0423\u043d\u0456\u043a\u0430\u043b\u044c\u043d\u0430 \u0444\u043e\u0440\u043c\u0430 \u0430\u043a\u0441\u0435\u0441\u0443\u0430\u0440\u0430 \u0434\u043e\u0437\u0432\u043e\u043b\u044f\u0454 \u043b\u0435\u0433\u043a\u043e \u0442\u0430 \u0442\u043e\u0447\u043d\u043e \u043d\u0430\u043d\u043e\u0441\u0438\u0442\u0438 \u0442\u043e\u043d\u0430\u043b\u044c\u043d\u0456 \u0437\u0430\u0441\u043e\u0431\u0438, \u0440\u043e\u0437\u0442\u0443\u0448\u043e\u0432\u0443\u0432\u0430\u0442\u0438 \u0457\u0445, \u0441\u0442\u0432\u043e\u0440\u044e\u044e\u0447\u0438 \u0440\u0456\u0432\u043d\u043e\u043c\u0456\u0440\u043d\u0435 \u043f\u043e\u043a\u0440\u0438\u0442\u0442\u044f \u0431\u0435\u0437 \u0440\u0456\u0437\u043a\u0438\u0445 \u043f\u0435\u0440\u0435\u0445\u043e\u0434\u0456\u0432. \u041f\u0440\u0438 \u0432\u0438\u0433\u043e\u0442\u043e\u0432\u043b\u0435\u043d\u043d\u0456 \u0441\u043f\u043e\u043d\u0436\u0443 \u0432\u0438\u043a\u043e\u0440\u0438\u0441\u0442\u043e\u0432\u0443\u0432\u0430\u0432\u0441\u044f \u0449\u0456\u043b\u044c\u043d\u0438\u0439 \u0433\u0456\u043f\u043e\u0430\u043b\u0435\u0440\u0433\u0435\u043d\u043d\u0438\u0439 \u043c\u0430\u0442\u0435\u0440\u0456\u0430\u043b, \u0431\u0435\u0437\u043f\u0435\u0447\u043d\u0438\u0439 \u0434\u043b\u044f \u0448\u043a\u0456\u0440\u0438, \u0449\u043e \u043d\u0435 \u0432\u0438\u043a\u043b\u0438\u043a\u0430\u0454 \u043f\u043e\u0447\u0435\u0440\u0432\u043e\u043d\u0456\u043d\u043d\u044f &hellip;<\/p>\n<p class=\"read-more\"> <a class=\"\" href=\"https:\/\/madlenmakeup.com.ua\/cz\/produkt\/sponzh-dlya-makiyazhu-la-rosa-spn-554\/\"> <span class=\"screen-reader-text\">Houbi\u010dka na make-up La Rosa SPN-554<\/span> Pokra\u010dovat ve \u010dten\u00ed &raquo;<\/a><\/p>","protected":false},"featured_media":7864,"comment_status":"open","ping_status":"closed","template":"","meta":{"site-sidebar-layout":"default","site-content-layout":"default","ast-global-header-display":"","ast-main-header-display":"","ast-hfb-above-header-display":"","ast-hfb-below-header-display":"","ast-hfb-mobile-header-display":"","site-post-title":"","ast-breadcrumbs-content":"","ast-featured-img":"","footer-sml-layout":"","theme-transparent-header-meta":"default","adv-header-id-meta":"","stick-header-meta":"","header-above-stick-meta":"","header-main-stick-meta":"","header-below-stick-meta":""},"product_cat":[80],"product_tag":[90],"class_list":{"0":"post-7863","1":"product","2":"type-product","3":"status-publish","4":"has-post-thumbnail","6":"product_brand-la-rosa","7":"product_cat-dlya-oblychchya","8":"product_tag-usi-sponzhi-la-rosa","9":"desktop-align-left","10":"tablet-align-left","11":"mobile-align-left","13":"first","14":"instock","15":"sale","16":"shipping-taxable","17":"purchasable","18":"product-type-simple"},"yoast_head":"<!-- This site is optimized with the Yoast SEO plugin v25.6 - https:\/\/yoast.com\/wordpress\/plugins\/seo\/ -->\n<title>\u0421\u043f\u043e\u043d\u0436 \u0434\u043b\u044f \u043c\u0430\u043a\u0456\u044f\u0436\u0443 La Rosa SPN- 554 - Madlen Cosmetics<\/title>\n<meta name=\"description\" content=\"\u041e\u0440\u0438\u0433\u0456\u043d\u0430\u043b\u044c\u043d\u0438\u0439 \u0441\u043f\u043e\u043d\u0436 La Rosa SPN-554 \u0441\u0442\u0430\u043d\u0435 \u0432\u0430\u0448\u0438\u043c \u0456\u0434\u0435\u0430\u043b\u044c\u043d\u0438\u043c \u0456\u043d\u0441\u0442\u0440\u0443\u043c\u0435\u043d\u0442\u043e\u043c, \u044f\u043a\u0438\u0439 \u0434\u043e\u043f\u043e\u043c\u043e\u0436\u0435 \u0441\u0442\u0432\u043e\u0440\u0438\u0442\u0438 \u0456\u0434\u0435\u0430\u043b\u044c\u043d\u0438\u0439 \u043c\u0430\u043a\u0456\u044f\u0436. \u0404 \u043e\u043f\u0442. \u041d\u0438\u0437\u044c\u043a\u0456 \u0446\u0456\u043d\u0438.\" \/>\n<meta name=\"robots\" content=\"index, follow, max-snippet:-1, max-image-preview:large, max-video-preview:-1\" \/>\n<link rel=\"canonical\" href=\"https:\/\/madlenmakeup.com.ua\/cz\/produkt\/sponzh-dlya-makiyazhu-la-rosa-spn-554\/\" \/>\n<meta property=\"og:locale\" content=\"cs_CZ\" \/>\n<meta property=\"og:type\" content=\"article\" \/>\n<meta property=\"og:title\" content=\"\u0421\u043f\u043e\u043d\u0436 \u0434\u043b\u044f \u043c\u0430\u043a\u0456\u044f\u0436\u0443 La Rosa SPN- 554 - Madlen Cosmetics\" \/>\n<meta property=\"og:description\" content=\"\u041e\u0440\u0438\u0433\u0456\u043d\u0430\u043b\u044c\u043d\u0438\u0439 \u0441\u043f\u043e\u043d\u0436 La Rosa SPN-554 \u0441\u0442\u0430\u043d\u0435 \u0432\u0430\u0448\u0438\u043c \u0456\u0434\u0435\u0430\u043b\u044c\u043d\u0438\u043c \u0456\u043d\u0441\u0442\u0440\u0443\u043c\u0435\u043d\u0442\u043e\u043c, \u044f\u043a\u0438\u0439 \u0434\u043e\u043f\u043e\u043c\u043e\u0436\u0435 \u0441\u0442\u0432\u043e\u0440\u0438\u0442\u0438 \u0456\u0434\u0435\u0430\u043b\u044c\u043d\u0438\u0439 \u043c\u0430\u043a\u0456\u044f\u0436. \u0404 \u043e\u043f\u0442. \u041d\u0438\u0437\u044c\u043a\u0456 \u0446\u0456\u043d\u0438.\" \/>\n<meta property=\"og:url\" content=\"https:\/\/madlenmakeup.com.ua\/cz\/produkt\/sponzh-dlya-makiyazhu-la-rosa-spn-554\/\" \/>\n<meta property=\"og:site_name\" content=\"Madlen Cosmetics\" \/>\n<meta property=\"article:modified_time\" content=\"2025-09-04T18:30:54+00:00\" \/>\n<meta property=\"og:image\" content=\"https:\/\/madlenmakeup.com.ua\/wp-content\/uploads\/2025\/06\/sponzh-La-Rosa-mramor.jpg\" \/>\n\t<meta property=\"og:image:width\" content=\"709\" \/>\n\t<meta property=\"og:image:height\" content=\"709\" \/>\n\t<meta property=\"og:image:type\" content=\"image\/jpeg\" \/>\n<meta name=\"twitter:card\" content=\"summary_large_image\" \/>\n<meta name=\"twitter:label1\" content=\"Odhadovan\u00e1 doba \u010dten\u00ed\" \/>\n\t<meta name=\"twitter:data1\" content=\"1 minuta\" \/>\n<script type=\"application\/ld+json\" class=\"yoast-schema-graph\">{\"@context\":\"https:\/\/schema.org\",\"@graph\":[{\"@type\":\"WebPage\",\"@id\":\"https:\/\/madlenmakeup.com.ua\/product\/sponzh-dlya-makiyazhu-la-rosa-spn-554\/\",\"url\":\"https:\/\/madlenmakeup.com.ua\/product\/sponzh-dlya-makiyazhu-la-rosa-spn-554\/\",\"name\":\"\u0421\u043f\u043e\u043d\u0436 \u0434\u043b\u044f \u043c\u0430\u043a\u0456\u044f\u0436\u0443 La Rosa SPN- 554 - Madlen Cosmetics\",\"isPartOf\":{\"@id\":\"https:\/\/madlenmakeup.com.ua\/#website\"},\"primaryImageOfPage\":{\"@id\":\"https:\/\/madlenmakeup.com.ua\/product\/sponzh-dlya-makiyazhu-la-rosa-spn-554\/#primaryimage\"},\"image\":{\"@id\":\"https:\/\/madlenmakeup.com.ua\/product\/sponzh-dlya-makiyazhu-la-rosa-spn-554\/#primaryimage\"},\"thumbnailUrl\":\"https:\/\/madlenmakeup.com.ua\/wp-content\/uploads\/2025\/06\/sponzh-La-Rosa-mramor.jpg\",\"datePublished\":\"2025-09-04T18:13:32+00:00\",\"dateModified\":\"2025-09-04T18:30:54+00:00\",\"description\":\"\u041e\u0440\u0438\u0433\u0456\u043d\u0430\u043b\u044c\u043d\u0438\u0439 \u0441\u043f\u043e\u043d\u0436 La Rosa SPN-554 \u0441\u0442\u0430\u043d\u0435 \u0432\u0430\u0448\u0438\u043c \u0456\u0434\u0435\u0430\u043b\u044c\u043d\u0438\u043c \u0456\u043d\u0441\u0442\u0440\u0443\u043c\u0435\u043d\u0442\u043e\u043c, \u044f\u043a\u0438\u0439 \u0434\u043e\u043f\u043e\u043c\u043e\u0436\u0435 \u0441\u0442\u0432\u043e\u0440\u0438\u0442\u0438 \u0456\u0434\u0435\u0430\u043b\u044c\u043d\u0438\u0439 \u043c\u0430\u043a\u0456\u044f\u0436. \u0404 \u043e\u043f\u0442. \u041d\u0438\u0437\u044c\u043a\u0456 \u0446\u0456\u043d\u0438.\",\"breadcrumb\":{\"@id\":\"https:\/\/madlenmakeup.com.ua\/product\/sponzh-dlya-makiyazhu-la-rosa-spn-554\/#breadcrumb\"},\"inLanguage\":\"cs\",\"potentialAction\":[{\"@type\":\"ReadAction\",\"target\":[\"https:\/\/madlenmakeup.com.ua\/product\/sponzh-dlya-makiyazhu-la-rosa-spn-554\/\"]}]},{\"@type\":\"ImageObject\",\"inLanguage\":\"cs\",\"@id\":\"https:\/\/madlenmakeup.com.ua\/product\/sponzh-dlya-makiyazhu-la-rosa-spn-554\/#primaryimage\",\"url\":\"https:\/\/madlenmakeup.com.ua\/wp-content\/uploads\/2025\/06\/sponzh-La-Rosa-mramor.jpg\",\"contentUrl\":\"https:\/\/madlenmakeup.com.ua\/wp-content\/uploads\/2025\/06\/sponzh-La-Rosa-mramor.jpg\",\"width\":709,\"height\":709,\"caption\":\"sponzh-La-Rosa-mramor\"},{\"@type\":\"BreadcrumbList\",\"@id\":\"https:\/\/madlenmakeup.com.ua\/product\/sponzh-dlya-makiyazhu-la-rosa-spn-554\/#breadcrumb\",\"itemListElement\":[{\"@type\":\"ListItem\",\"position\":1,\"name\":\"\u0413\u043e\u043b\u043e\u0432\u043d\u0430\",\"item\":\"https:\/\/madlenmakeup.com.ua\/\"},{\"@type\":\"ListItem\",\"position\":2,\"name\":\"\u041c\u0430\u0433\u0430\u0437\u0438\u043d\",\"item\":\"https:\/\/madlenmakeup.com.ua\/shop\/\"},{\"@type\":\"ListItem\",\"position\":3,\"name\":\"\u0421\u043f\u043e\u043d\u0436 \u0434\u043b\u044f \u043c\u0430\u043a\u0456\u044f\u0436\u0443 La Rosa SPN- 554\"}]},{\"@type\":\"WebSite\",\"@id\":\"https:\/\/madlenmakeup.com.ua\/#website\",\"url\":\"https:\/\/madlenmakeup.com.ua\/\",\"name\":\"Madlen Cosmetics\",\"description\":\"\u041c\u0430\u0433\u0430\u0437\u0438\u043d \u043f\u0440\u043e\u0444\u0435\u0441\u0456\u0439\u043d\u043e\u0457 \u043a\u043e\u0441\u043c\u0435\u0442\u0438\u043a\u0438\",\"publisher\":{\"@id\":\"https:\/\/madlenmakeup.com.ua\/#\/schema\/person\/49cd71213b472a6db978257e4616a5de\"},\"potentialAction\":[{\"@type\":\"SearchAction\",\"target\":{\"@type\":\"EntryPoint\",\"urlTemplate\":\"https:\/\/madlenmakeup.com.ua\/?s={search_term_string}\"},\"query-input\":{\"@type\":\"PropertyValueSpecification\",\"valueRequired\":true,\"valueName\":\"search_term_string\"}}],\"inLanguage\":\"cs\"},{\"@type\":[\"Person\",\"Organization\"],\"@id\":\"https:\/\/madlenmakeup.com.ua\/#\/schema\/person\/49cd71213b472a6db978257e4616a5de\",\"name\":\"madlenmakeup\",\"image\":{\"@type\":\"ImageObject\",\"inLanguage\":\"cs\",\"@id\":\"https:\/\/madlenmakeup.com.ua\/#\/schema\/person\/image\/\",\"url\":\"https:\/\/madlenmakeup.com.ua\/wp-content\/uploads\/2023\/04\/cropped-cropped-madlen-logo-removebg-preview.png\",\"contentUrl\":\"https:\/\/madlenmakeup.com.ua\/wp-content\/uploads\/2023\/04\/cropped-cropped-madlen-logo-removebg-preview.png\",\"width\":296,\"height\":70,\"caption\":\"madlenmakeup\"},\"logo\":{\"@id\":\"https:\/\/madlenmakeup.com.ua\/#\/schema\/person\/image\/\"},\"sameAs\":[\"http:\/\/madlenmakeup.com.ua\"]}]}<\/script>\n<!-- \/ Yoast SEO plugin. -->","yoast_head_json":{"title":"\u0421\u043f\u043e\u043d\u0436 \u0434\u043b\u044f \u043c\u0430\u043a\u0456\u044f\u0436\u0443 La Rosa SPN- 554 - Madlen Cosmetics","description":"\u041e\u0440\u0438\u0433\u0456\u043d\u0430\u043b\u044c\u043d\u0438\u0439 \u0441\u043f\u043e\u043d\u0436 La Rosa SPN-554 \u0441\u0442\u0430\u043d\u0435 \u0432\u0430\u0448\u0438\u043c \u0456\u0434\u0435\u0430\u043b\u044c\u043d\u0438\u043c \u0456\u043d\u0441\u0442\u0440\u0443\u043c\u0435\u043d\u0442\u043e\u043c, \u044f\u043a\u0438\u0439 \u0434\u043e\u043f\u043e\u043c\u043e\u0436\u0435 \u0441\u0442\u0432\u043e\u0440\u0438\u0442\u0438 \u0456\u0434\u0435\u0430\u043b\u044c\u043d\u0438\u0439 \u043c\u0430\u043a\u0456\u044f\u0436. \u0404 \u043e\u043f\u0442. \u041d\u0438\u0437\u044c\u043a\u0456 \u0446\u0456\u043d\u0438.","robots":{"index":"index","follow":"follow","max-snippet":"max-snippet:-1","max-image-preview":"max-image-preview:large","max-video-preview":"max-video-preview:-1"},"canonical":"https:\/\/madlenmakeup.com.ua\/cz\/produkt\/sponzh-dlya-makiyazhu-la-rosa-spn-554\/","og_locale":"cs_CZ","og_type":"article","og_title":"\u0421\u043f\u043e\u043d\u0436 \u0434\u043b\u044f \u043c\u0430\u043a\u0456\u044f\u0436\u0443 La Rosa SPN- 554 - Madlen Cosmetics","og_description":"\u041e\u0440\u0438\u0433\u0456\u043d\u0430\u043b\u044c\u043d\u0438\u0439 \u0441\u043f\u043e\u043d\u0436 La Rosa SPN-554 \u0441\u0442\u0430\u043d\u0435 \u0432\u0430\u0448\u0438\u043c \u0456\u0434\u0435\u0430\u043b\u044c\u043d\u0438\u043c \u0456\u043d\u0441\u0442\u0440\u0443\u043c\u0435\u043d\u0442\u043e\u043c, \u044f\u043a\u0438\u0439 \u0434\u043e\u043f\u043e\u043c\u043e\u0436\u0435 \u0441\u0442\u0432\u043e\u0440\u0438\u0442\u0438 \u0456\u0434\u0435\u0430\u043b\u044c\u043d\u0438\u0439 \u043c\u0430\u043a\u0456\u044f\u0436. \u0404 \u043e\u043f\u0442. \u041d\u0438\u0437\u044c\u043a\u0456 \u0446\u0456\u043d\u0438.","og_url":"https:\/\/madlenmakeup.com.ua\/cz\/produkt\/sponzh-dlya-makiyazhu-la-rosa-spn-554\/","og_site_name":"Madlen Cosmetics","article_modified_time":"2025-09-04T18:30:54+00:00","og_image":[{"width":709,"height":709,"url":"https:\/\/madlenmakeup.com.ua\/wp-content\/uploads\/2025\/06\/sponzh-La-Rosa-mramor.jpg","type":"image\/jpeg"}],"twitter_card":"summary_large_image","twitter_misc":{"Odhadovan\u00e1 doba \u010dten\u00ed":"1 minuta"},"schema":{"@context":"https:\/\/schema.org","@graph":[{"@type":"WebPage","@id":"https:\/\/madlenmakeup.com.ua\/product\/sponzh-dlya-makiyazhu-la-rosa-spn-554\/","url":"https:\/\/madlenmakeup.com.ua\/product\/sponzh-dlya-makiyazhu-la-rosa-spn-554\/","name":"\u0421\u043f\u043e\u043d\u0436 \u0434\u043b\u044f \u043c\u0430\u043a\u0456\u044f\u0436\u0443 La Rosa SPN- 554 - Madlen Cosmetics","isPartOf":{"@id":"https:\/\/madlenmakeup.com.ua\/#website"},"primaryImageOfPage":{"@id":"https:\/\/madlenmakeup.com.ua\/product\/sponzh-dlya-makiyazhu-la-rosa-spn-554\/#primaryimage"},"image":{"@id":"https:\/\/madlenmakeup.com.ua\/product\/sponzh-dlya-makiyazhu-la-rosa-spn-554\/#primaryimage"},"thumbnailUrl":"https:\/\/madlenmakeup.com.ua\/wp-content\/uploads\/2025\/06\/sponzh-La-Rosa-mramor.jpg","datePublished":"2025-09-04T18:13:32+00:00","dateModified":"2025-09-04T18:30:54+00:00","description":"\u041e\u0440\u0438\u0433\u0456\u043d\u0430\u043b\u044c\u043d\u0438\u0439 \u0441\u043f\u043e\u043d\u0436 La Rosa SPN-554 \u0441\u0442\u0430\u043d\u0435 \u0432\u0430\u0448\u0438\u043c \u0456\u0434\u0435\u0430\u043b\u044c\u043d\u0438\u043c \u0456\u043d\u0441\u0442\u0440\u0443\u043c\u0435\u043d\u0442\u043e\u043c, \u044f\u043a\u0438\u0439 \u0434\u043e\u043f\u043e\u043c\u043e\u0436\u0435 \u0441\u0442\u0432\u043e\u0440\u0438\u0442\u0438 \u0456\u0434\u0435\u0430\u043b\u044c\u043d\u0438\u0439 \u043c\u0430\u043a\u0456\u044f\u0436. \u0404 \u043e\u043f\u0442. \u041d\u0438\u0437\u044c\u043a\u0456 \u0446\u0456\u043d\u0438.","breadcrumb":{"@id":"https:\/\/madlenmakeup.com.ua\/product\/sponzh-dlya-makiyazhu-la-rosa-spn-554\/#breadcrumb"},"inLanguage":"cs","potentialAction":[{"@type":"ReadAction","target":["https:\/\/madlenmakeup.com.ua\/product\/sponzh-dlya-makiyazhu-la-rosa-spn-554\/"]}]},{"@type":"ImageObject","inLanguage":"cs","@id":"https:\/\/madlenmakeup.com.ua\/product\/sponzh-dlya-makiyazhu-la-rosa-spn-554\/#primaryimage","url":"https:\/\/madlenmakeup.com.ua\/wp-content\/uploads\/2025\/06\/sponzh-La-Rosa-mramor.jpg","contentUrl":"https:\/\/madlenmakeup.com.ua\/wp-content\/uploads\/2025\/06\/sponzh-La-Rosa-mramor.jpg","width":709,"height":709,"caption":"sponzh-La-Rosa-mramor"},{"@type":"BreadcrumbList","@id":"https:\/\/madlenmakeup.com.ua\/product\/sponzh-dlya-makiyazhu-la-rosa-spn-554\/#breadcrumb","itemListElement":[{"@type":"ListItem","position":1,"name":"\u0413\u043e\u043b\u043e\u0432\u043d\u0430","item":"https:\/\/madlenmakeup.com.ua\/"},{"@type":"ListItem","position":2,"name":"\u041c\u0430\u0433\u0430\u0437\u0438\u043d","item":"https:\/\/madlenmakeup.com.ua\/shop\/"},{"@type":"ListItem","position":3,"name":"\u0421\u043f\u043e\u043d\u0436 \u0434\u043b\u044f \u043c\u0430\u043a\u0456\u044f\u0436\u0443 La Rosa SPN- 554"}]},{"@type":"WebSite","@id":"https:\/\/madlenmakeup.com.ua\/#website","url":"https:\/\/madlenmakeup.com.ua\/","name":"Madlen Cosmetics","description":"\u041c\u0430\u0433\u0430\u0437\u0438\u043d \u043f\u0440\u043e\u0444\u0435\u0441\u0456\u0439\u043d\u043e\u0457 \u043a\u043e\u0441\u043c\u0435\u0442\u0438\u043a\u0438","publisher":{"@id":"https:\/\/madlenmakeup.com.ua\/#\/schema\/person\/49cd71213b472a6db978257e4616a5de"},"potentialAction":[{"@type":"SearchAction","target":{"@type":"EntryPoint","urlTemplate":"https:\/\/madlenmakeup.com.ua\/?s={search_term_string}"},"query-input":{"@type":"PropertyValueSpecification","valueRequired":true,"valueName":"search_term_string"}}],"inLanguage":"cs"},{"@type":["Person","Organization"],"@id":"https:\/\/madlenmakeup.com.ua\/#\/schema\/person\/49cd71213b472a6db978257e4616a5de","name":"madlenmakeup","image":{"@type":"ImageObject","inLanguage":"cs","@id":"https:\/\/madlenmakeup.com.ua\/#\/schema\/person\/image\/","url":"https:\/\/madlenmakeup.com.ua\/wp-content\/uploads\/2023\/04\/cropped-cropped-madlen-logo-removebg-preview.png","contentUrl":"https:\/\/madlenmakeup.com.ua\/wp-content\/uploads\/2023\/04\/cropped-cropped-madlen-logo-removebg-preview.png","width":296,"height":70,"caption":"madlenmakeup"},"logo":{"@id":"https:\/\/madlenmakeup.com.ua\/#\/schema\/person\/image\/"},"sameAs":["http:\/\/madlenmakeup.com.ua"]}]}},"_links":{"self":[{"href":"https:\/\/madlenmakeup.com.ua\/cz\/wp-json\/wp\/v2\/product\/7863","targetHints":{"allow":["GET"]}}],"collection":[{"href":"https:\/\/madlenmakeup.com.ua\/cz\/wp-json\/wp\/v2\/product"}],"about":[{"href":"https:\/\/madlenmakeup.com.ua\/cz\/wp-json\/wp\/v2\/types\/product"}],"replies":[{"embeddable":true,"href":"https:\/\/madlenmakeup.com.ua\/cz\/wp-json\/wp\/v2\/comments?post=7863"}],"version-history":[{"count":2,"href":"https:\/\/madlenmakeup.com.ua\/cz\/wp-json\/wp\/v2\/product\/7863\/revisions"}],"predecessor-version":[{"id":7874,"href":"https:\/\/madlenmakeup.com.ua\/cz\/wp-json\/wp\/v2\/product\/7863\/revisions\/7874"}],"wp:featuredmedia":[{"embeddable":true,"href":"https:\/\/madlenmakeup.com.ua\/cz\/wp-json\/wp\/v2\/media\/7864"}],"wp:attachment":[{"href":"https:\/\/madlenmakeup.com.ua\/cz\/wp-json\/wp\/v2\/media?parent=7863"}],"wp:term":[{"taxonomy":"product_cat","embeddable":true,"href":"https:\/\/madlenmakeup.com.ua\/cz\/wp-json\/wp\/v2\/product_cat?post=7863"},{"taxonomy":"product_tag","embeddable":true,"href":"https:\/\/madlenmakeup.com.ua\/cz\/wp-json\/wp\/v2\/product_tag?post=7863"}],"curies":[{"name":"wp","href":"https:\/\/api.w.org\/{rel}","templated":true}]}}