{"id":8052,"date":"2025-07-27T15:33:08","date_gmt":"2025-07-27T12:33:08","guid":{"rendered":"https:\/\/madlenmakeup.com.ua\/?post_type=product&#038;p=8052"},"modified":"2025-07-27T16:13:29","modified_gmt":"2025-07-27T13:13:29","slug":"olivets-dlya-gub-rebel-kiss-02-lipliner-pencil","status":"publish","type":"product","link":"https:\/\/madlenmakeup.com.ua\/cz\/produkt\/olivets-dlya-gub-rebel-kiss-02-lipliner-pencil\/","title":{"rendered":"Tu\u017eka na rty Rebel Kiss 02 Lipliner Pencil"},"content":{"rendered":"<p><strong>Tu\u017eka na rty Rebel Kiss \u2013 V\u00e1\u0161 kl\u00ed\u010d k bezchybn\u00fdm rt\u016fm!<\/p>\n<p><\/strong>Vytvo\u0159te si dokonalou konturu a prodlu\u017ete v\u00fddr\u017e sv\u00e9 obl\u00edben\u00e9 rt\u011bnky s tu\u017ekami na rty Rebel Kiss. Ujistili jsme se, \u017ee si pro ka\u017edou z na\u0161ich rt\u011bnek najdete ten spr\u00e1vn\u00fd odst\u00edn tu\u017eky.<br \/>\nTo zaru\u010duje harmonick\u00e9 a bezchybn\u00e9 l\u00ed\u010den\u00ed rt\u016f.<\/p>\n<p><strong>Pro\u010d si vybrat Rebel Kiss?<br \/>\n\u00ab <\/strong>P\u0159esn\u00e1 aplikace: Snadno vytv\u00e1\u0159\u00ed z\u00e1\u0159ivou barvu a jasn\u00fd, nerozmaz\u00e1vaj\u00edc\u00ed se konturu.<br \/>\n<strong><br \/>\n\u00ab <\/strong>Dlouhotrvaj\u00edc\u00ed: Na\u0161e slo\u017een\u00ed uzamkne make-up pro bezchybn\u00fd v\u00fdsledek, kter\u00fd vydr\u017e\u00ed hodiny. Va\u0161e rty budou vypadat skv\u011ble po v\u011bt\u0161inu dne!<\/p>\n<p>\u00ab Pohodl\u00ed na rty: Obsahuje jemn\u00e9 pigmenty a p\u0159\u00edrodn\u00ed slo\u017eky, kter\u00e9 jsou \u0161etrn\u00e9 k va\u0161\u00ed citliv\u00e9 poko\u017ece.<\/p>\n<p><strong>Rebel Kiss<\/strong> \u2014 je kvalita, odolnost a p\u00e9\u010de v jedn\u00e9 tu\u017ece. Vyberte si sv\u016fj odst\u00edn a u\u017eijte si dokonal\u00fd make-up!<br \/>\n<strong><br \/>\n<\/strong><\/p>","protected":false},"excerpt":{"rendered":"<p><img loading=\"lazy\" decoding=\"async\" class=\"\" src=\"https:\/\/madlenmakeup.com.ua\/wp-content\/uploads\/2023\/04\/1f1ea-1f1fa.png\" alt=\"\u042d\u043c\u043e\u0434\u0437\u0438 \ud83c\uddea\ud83c\uddfa Apple \u0438 iOS\" width=\"40\" height=\"40\" \/>\u00a0<strong>Evropsk\u00e1 kvalita\u00a0<\/strong><img loading=\"lazy\" decoding=\"async\" class=\"\" src=\"https:\/\/madlenmakeup.com.ua\/wp-content\/uploads\/2023\/04\/1f1ea-1f1fa.png\" alt=\"\u042d\u043c\u043e\u0434\u0437\u0438 \ud83c\uddea\ud83c\uddfa Apple \u0438 iOS\" width=\"40\" height=\"40\" \/><\/p>","protected":false},"featured_media":8054,"comment_status":"open","ping_status":"closed","template":"","meta":{"site-sidebar-layout":"default","site-content-layout":"default","ast-global-header-display":"","ast-main-header-display":"","ast-hfb-above-header-display":"","ast-hfb-below-header-display":"","ast-hfb-mobile-header-display":"","site-post-title":"","ast-breadcrumbs-content":"","ast-featured-img":"","footer-sml-layout":"","theme-transparent-header-meta":"default","adv-header-id-meta":"","stick-header-meta":"","header-above-stick-meta":"","header-main-stick-meta":"","header-below-stick-meta":""},"product_cat":[39],"product_tag":[70,144],"class_list":{"0":"post-8052","1":"product","2":"type-product","3":"status-publish","4":"has-post-thumbnail","6":"product_brand-rebel-kiss","7":"product_cat-huby-madlen","8":"product_tag-vsi-olivtsi-dlya-gub","9":"product_tag-usi-olivtsi-dlya-gub-rebel-kiss","10":"desktop-align-left","11":"tablet-align-left","12":"mobile-align-left","14":"first","15":"instock","16":"shipping-taxable","17":"purchasable","18":"product-type-simple"},"yoast_head":"<!-- This site is optimized with the Yoast SEO plugin v25.6 - https:\/\/yoast.com\/wordpress\/plugins\/seo\/ -->\n<title>\u041e\u043b\u0456\u0432\u0435\u0446\u044c \u0434\u043b\u044f \u0433\u0443\u0431 Rebel Kiss 02 Lipliner Pencil - Madlen Cosmetics<\/title>\n<meta name=\"description\" content=\"\u041e\u043b\u0456\u0432\u0435\u0446\u044c \u0434\u043b\u044f \u0433\u0443\u0431 Rebel Kiss 02 \u043c\u043e\u0436\u043d\u043e \u043a\u0443\u043f\u0438\u0442\u0438 \u043e\u043f\u0442\u043e\u043c. \u041d\u0430\u0439\u043d\u0438\u0436\u0447\u0456 \u0446\u0456\u043d\u0438 \u043d\u0430 \u0432\u0441\u044e \u043a\u043e\u0441\u043c\u0435\u0442\u0438\u043a\u0443. \u0428\u0432\u0438\u0434\u043a\u0430 \u0434\u043e\u0441\u0442\u0430\u0432\u043a\u0430 \u043f\u043e \u0432\u0441\u0456\u0439 \u0423\u043a\u0440\u0430\u0457\u043d\u0456. 100% \u043e\u0440\u0438\u0433\u0456\u043d\u0430\u043b. \u041f\u043e\u0441\u0442\u0456\u0439\u043d\u0456 \u0437\u043d\u0438\u0436\u043a\u0438.\" \/>\n<meta name=\"robots\" content=\"index, follow, max-snippet:-1, max-image-preview:large, max-video-preview:-1\" \/>\n<link rel=\"canonical\" href=\"https:\/\/madlenmakeup.com.ua\/cz\/produkt\/olivets-dlya-gub-rebel-kiss-02-lipliner-pencil\/\" \/>\n<meta property=\"og:locale\" content=\"cs_CZ\" \/>\n<meta property=\"og:type\" content=\"article\" \/>\n<meta property=\"og:title\" content=\"\u041e\u043b\u0456\u0432\u0435\u0446\u044c \u0434\u043b\u044f \u0433\u0443\u0431 Rebel Kiss 02 Lipliner Pencil - Madlen Cosmetics\" \/>\n<meta property=\"og:description\" content=\"\u041e\u043b\u0456\u0432\u0435\u0446\u044c \u0434\u043b\u044f \u0433\u0443\u0431 Rebel Kiss 02 \u043c\u043e\u0436\u043d\u043e \u043a\u0443\u043f\u0438\u0442\u0438 \u043e\u043f\u0442\u043e\u043c. \u041d\u0430\u0439\u043d\u0438\u0436\u0447\u0456 \u0446\u0456\u043d\u0438 \u043d\u0430 \u0432\u0441\u044e \u043a\u043e\u0441\u043c\u0435\u0442\u0438\u043a\u0443. \u0428\u0432\u0438\u0434\u043a\u0430 \u0434\u043e\u0441\u0442\u0430\u0432\u043a\u0430 \u043f\u043e \u0432\u0441\u0456\u0439 \u0423\u043a\u0440\u0430\u0457\u043d\u0456. 100% \u043e\u0440\u0438\u0433\u0456\u043d\u0430\u043b. \u041f\u043e\u0441\u0442\u0456\u0439\u043d\u0456 \u0437\u043d\u0438\u0436\u043a\u0438.\" \/>\n<meta property=\"og:url\" content=\"https:\/\/madlenmakeup.com.ua\/cz\/produkt\/olivets-dlya-gub-rebel-kiss-02-lipliner-pencil\/\" \/>\n<meta property=\"og:site_name\" content=\"Madlen Cosmetics\" \/>\n<meta property=\"article:modified_time\" content=\"2025-07-27T13:13:29+00:00\" \/>\n<meta property=\"og:image\" content=\"https:\/\/madlenmakeup.com.ua\/wp-content\/uploads\/2025\/07\/rebel_kiss_lipliner_02.jpg\" \/>\n\t<meta property=\"og:image:width\" content=\"1333\" \/>\n\t<meta property=\"og:image:height\" content=\"1000\" \/>\n\t<meta property=\"og:image:type\" content=\"image\/jpeg\" \/>\n<meta name=\"twitter:card\" content=\"summary_large_image\" \/>\n<meta name=\"twitter:label1\" content=\"Odhadovan\u00e1 doba \u010dten\u00ed\" \/>\n\t<meta name=\"twitter:data1\" content=\"1 minuta\" \/>\n<script type=\"application\/ld+json\" class=\"yoast-schema-graph\">{\"@context\":\"https:\/\/schema.org\",\"@graph\":[{\"@type\":\"WebPage\",\"@id\":\"https:\/\/madlenmakeup.com.ua\/product\/olivets-dlya-gub-rebel-kiss-02-lipliner-pencil\/\",\"url\":\"https:\/\/madlenmakeup.com.ua\/product\/olivets-dlya-gub-rebel-kiss-02-lipliner-pencil\/\",\"name\":\"\u041e\u043b\u0456\u0432\u0435\u0446\u044c \u0434\u043b\u044f \u0433\u0443\u0431 Rebel Kiss 02 Lipliner Pencil - Madlen Cosmetics\",\"isPartOf\":{\"@id\":\"https:\/\/madlenmakeup.com.ua\/#website\"},\"primaryImageOfPage\":{\"@id\":\"https:\/\/madlenmakeup.com.ua\/product\/olivets-dlya-gub-rebel-kiss-02-lipliner-pencil\/#primaryimage\"},\"image\":{\"@id\":\"https:\/\/madlenmakeup.com.ua\/product\/olivets-dlya-gub-rebel-kiss-02-lipliner-pencil\/#primaryimage\"},\"thumbnailUrl\":\"https:\/\/madlenmakeup.com.ua\/wp-content\/uploads\/2025\/07\/rebel_kiss_lipliner_02.jpg\",\"datePublished\":\"2025-07-27T12:33:08+00:00\",\"dateModified\":\"2025-07-27T13:13:29+00:00\",\"description\":\"\u041e\u043b\u0456\u0432\u0435\u0446\u044c \u0434\u043b\u044f \u0433\u0443\u0431 Rebel Kiss 02 \u043c\u043e\u0436\u043d\u043e \u043a\u0443\u043f\u0438\u0442\u0438 \u043e\u043f\u0442\u043e\u043c. \u041d\u0430\u0439\u043d\u0438\u0436\u0447\u0456 \u0446\u0456\u043d\u0438 \u043d\u0430 \u0432\u0441\u044e \u043a\u043e\u0441\u043c\u0435\u0442\u0438\u043a\u0443. \u0428\u0432\u0438\u0434\u043a\u0430 \u0434\u043e\u0441\u0442\u0430\u0432\u043a\u0430 \u043f\u043e \u0432\u0441\u0456\u0439 \u0423\u043a\u0440\u0430\u0457\u043d\u0456. 100% \u043e\u0440\u0438\u0433\u0456\u043d\u0430\u043b. \u041f\u043e\u0441\u0442\u0456\u0439\u043d\u0456 \u0437\u043d\u0438\u0436\u043a\u0438.\",\"breadcrumb\":{\"@id\":\"https:\/\/madlenmakeup.com.ua\/product\/olivets-dlya-gub-rebel-kiss-02-lipliner-pencil\/#breadcrumb\"},\"inLanguage\":\"cs\",\"potentialAction\":[{\"@type\":\"ReadAction\",\"target\":[\"https:\/\/madlenmakeup.com.ua\/product\/olivets-dlya-gub-rebel-kiss-02-lipliner-pencil\/\"]}]},{\"@type\":\"ImageObject\",\"inLanguage\":\"cs\",\"@id\":\"https:\/\/madlenmakeup.com.ua\/product\/olivets-dlya-gub-rebel-kiss-02-lipliner-pencil\/#primaryimage\",\"url\":\"https:\/\/madlenmakeup.com.ua\/wp-content\/uploads\/2025\/07\/rebel_kiss_lipliner_02.jpg\",\"contentUrl\":\"https:\/\/madlenmakeup.com.ua\/wp-content\/uploads\/2025\/07\/rebel_kiss_lipliner_02.jpg\",\"width\":1333,\"height\":1000,\"caption\":\"\u041e\u043b\u0456\u0432\u0435\u0446\u044c \u0434\u043b\u044f \u0433\u0443\u0431 Rebel Kiss 02 Lipliner Pencil\"},{\"@type\":\"BreadcrumbList\",\"@id\":\"https:\/\/madlenmakeup.com.ua\/product\/olivets-dlya-gub-rebel-kiss-02-lipliner-pencil\/#breadcrumb\",\"itemListElement\":[{\"@type\":\"ListItem\",\"position\":1,\"name\":\"\u0413\u043e\u043b\u043e\u0432\u043d\u0430\",\"item\":\"https:\/\/madlenmakeup.com.ua\/\"},{\"@type\":\"ListItem\",\"position\":2,\"name\":\"\u041c\u0430\u0433\u0430\u0437\u0438\u043d\",\"item\":\"https:\/\/madlenmakeup.com.ua\/shop\/\"},{\"@type\":\"ListItem\",\"position\":3,\"name\":\"\u041e\u043b\u0456\u0432\u0435\u0446\u044c \u0434\u043b\u044f \u0433\u0443\u0431 Rebel Kiss 02 Lipliner Pencil\"}]},{\"@type\":\"WebSite\",\"@id\":\"https:\/\/madlenmakeup.com.ua\/#website\",\"url\":\"https:\/\/madlenmakeup.com.ua\/\",\"name\":\"Madlen Cosmetics\",\"description\":\"\u041c\u0430\u0433\u0430\u0437\u0438\u043d \u043f\u0440\u043e\u0444\u0435\u0441\u0456\u0439\u043d\u043e\u0457 \u043a\u043e\u0441\u043c\u0435\u0442\u0438\u043a\u0438\",\"publisher\":{\"@id\":\"https:\/\/madlenmakeup.com.ua\/#\/schema\/person\/49cd71213b472a6db978257e4616a5de\"},\"potentialAction\":[{\"@type\":\"SearchAction\",\"target\":{\"@type\":\"EntryPoint\",\"urlTemplate\":\"https:\/\/madlenmakeup.com.ua\/?s={search_term_string}\"},\"query-input\":{\"@type\":\"PropertyValueSpecification\",\"valueRequired\":true,\"valueName\":\"search_term_string\"}}],\"inLanguage\":\"cs\"},{\"@type\":[\"Person\",\"Organization\"],\"@id\":\"https:\/\/madlenmakeup.com.ua\/#\/schema\/person\/49cd71213b472a6db978257e4616a5de\",\"name\":\"madlenmakeup\",\"image\":{\"@type\":\"ImageObject\",\"inLanguage\":\"cs\",\"@id\":\"https:\/\/madlenmakeup.com.ua\/#\/schema\/person\/image\/\",\"url\":\"https:\/\/madlenmakeup.com.ua\/wp-content\/uploads\/2023\/04\/cropped-cropped-madlen-logo-removebg-preview.png\",\"contentUrl\":\"https:\/\/madlenmakeup.com.ua\/wp-content\/uploads\/2023\/04\/cropped-cropped-madlen-logo-removebg-preview.png\",\"width\":296,\"height\":70,\"caption\":\"madlenmakeup\"},\"logo\":{\"@id\":\"https:\/\/madlenmakeup.com.ua\/#\/schema\/person\/image\/\"},\"sameAs\":[\"http:\/\/madlenmakeup.com.ua\"]}]}<\/script>\n<!-- \/ Yoast SEO plugin. -->","yoast_head_json":{"title":"\u041e\u043b\u0456\u0432\u0435\u0446\u044c \u0434\u043b\u044f \u0433\u0443\u0431 Rebel Kiss 02 Lipliner Pencil - Madlen Cosmetics","description":"\u041e\u043b\u0456\u0432\u0435\u0446\u044c \u0434\u043b\u044f \u0433\u0443\u0431 Rebel Kiss 02 \u043c\u043e\u0436\u043d\u043e \u043a\u0443\u043f\u0438\u0442\u0438 \u043e\u043f\u0442\u043e\u043c. \u041d\u0430\u0439\u043d\u0438\u0436\u0447\u0456 \u0446\u0456\u043d\u0438 \u043d\u0430 \u0432\u0441\u044e \u043a\u043e\u0441\u043c\u0435\u0442\u0438\u043a\u0443. \u0428\u0432\u0438\u0434\u043a\u0430 \u0434\u043e\u0441\u0442\u0430\u0432\u043a\u0430 \u043f\u043e \u0432\u0441\u0456\u0439 \u0423\u043a\u0440\u0430\u0457\u043d\u0456. 100% \u043e\u0440\u0438\u0433\u0456\u043d\u0430\u043b. \u041f\u043e\u0441\u0442\u0456\u0439\u043d\u0456 \u0437\u043d\u0438\u0436\u043a\u0438.","robots":{"index":"index","follow":"follow","max-snippet":"max-snippet:-1","max-image-preview":"max-image-preview:large","max-video-preview":"max-video-preview:-1"},"canonical":"https:\/\/madlenmakeup.com.ua\/cz\/produkt\/olivets-dlya-gub-rebel-kiss-02-lipliner-pencil\/","og_locale":"cs_CZ","og_type":"article","og_title":"\u041e\u043b\u0456\u0432\u0435\u0446\u044c \u0434\u043b\u044f \u0433\u0443\u0431 Rebel Kiss 02 Lipliner Pencil - Madlen Cosmetics","og_description":"\u041e\u043b\u0456\u0432\u0435\u0446\u044c \u0434\u043b\u044f \u0433\u0443\u0431 Rebel Kiss 02 \u043c\u043e\u0436\u043d\u043e \u043a\u0443\u043f\u0438\u0442\u0438 \u043e\u043f\u0442\u043e\u043c. \u041d\u0430\u0439\u043d\u0438\u0436\u0447\u0456 \u0446\u0456\u043d\u0438 \u043d\u0430 \u0432\u0441\u044e \u043a\u043e\u0441\u043c\u0435\u0442\u0438\u043a\u0443. \u0428\u0432\u0438\u0434\u043a\u0430 \u0434\u043e\u0441\u0442\u0430\u0432\u043a\u0430 \u043f\u043e \u0432\u0441\u0456\u0439 \u0423\u043a\u0440\u0430\u0457\u043d\u0456. 100% \u043e\u0440\u0438\u0433\u0456\u043d\u0430\u043b. \u041f\u043e\u0441\u0442\u0456\u0439\u043d\u0456 \u0437\u043d\u0438\u0436\u043a\u0438.","og_url":"https:\/\/madlenmakeup.com.ua\/cz\/produkt\/olivets-dlya-gub-rebel-kiss-02-lipliner-pencil\/","og_site_name":"Madlen Cosmetics","article_modified_time":"2025-07-27T13:13:29+00:00","og_image":[{"width":1333,"height":1000,"url":"https:\/\/madlenmakeup.com.ua\/wp-content\/uploads\/2025\/07\/rebel_kiss_lipliner_02.jpg","type":"image\/jpeg"}],"twitter_card":"summary_large_image","twitter_misc":{"Odhadovan\u00e1 doba \u010dten\u00ed":"1 minuta"},"schema":{"@context":"https:\/\/schema.org","@graph":[{"@type":"WebPage","@id":"https:\/\/madlenmakeup.com.ua\/product\/olivets-dlya-gub-rebel-kiss-02-lipliner-pencil\/","url":"https:\/\/madlenmakeup.com.ua\/product\/olivets-dlya-gub-rebel-kiss-02-lipliner-pencil\/","name":"\u041e\u043b\u0456\u0432\u0435\u0446\u044c \u0434\u043b\u044f \u0433\u0443\u0431 Rebel Kiss 02 Lipliner Pencil - Madlen Cosmetics","isPartOf":{"@id":"https:\/\/madlenmakeup.com.ua\/#website"},"primaryImageOfPage":{"@id":"https:\/\/madlenmakeup.com.ua\/product\/olivets-dlya-gub-rebel-kiss-02-lipliner-pencil\/#primaryimage"},"image":{"@id":"https:\/\/madlenmakeup.com.ua\/product\/olivets-dlya-gub-rebel-kiss-02-lipliner-pencil\/#primaryimage"},"thumbnailUrl":"https:\/\/madlenmakeup.com.ua\/wp-content\/uploads\/2025\/07\/rebel_kiss_lipliner_02.jpg","datePublished":"2025-07-27T12:33:08+00:00","dateModified":"2025-07-27T13:13:29+00:00","description":"\u041e\u043b\u0456\u0432\u0435\u0446\u044c \u0434\u043b\u044f \u0433\u0443\u0431 Rebel Kiss 02 \u043c\u043e\u0436\u043d\u043e \u043a\u0443\u043f\u0438\u0442\u0438 \u043e\u043f\u0442\u043e\u043c. \u041d\u0430\u0439\u043d\u0438\u0436\u0447\u0456 \u0446\u0456\u043d\u0438 \u043d\u0430 \u0432\u0441\u044e \u043a\u043e\u0441\u043c\u0435\u0442\u0438\u043a\u0443. \u0428\u0432\u0438\u0434\u043a\u0430 \u0434\u043e\u0441\u0442\u0430\u0432\u043a\u0430 \u043f\u043e \u0432\u0441\u0456\u0439 \u0423\u043a\u0440\u0430\u0457\u043d\u0456. 100% \u043e\u0440\u0438\u0433\u0456\u043d\u0430\u043b. \u041f\u043e\u0441\u0442\u0456\u0439\u043d\u0456 \u0437\u043d\u0438\u0436\u043a\u0438.","breadcrumb":{"@id":"https:\/\/madlenmakeup.com.ua\/product\/olivets-dlya-gub-rebel-kiss-02-lipliner-pencil\/#breadcrumb"},"inLanguage":"cs","potentialAction":[{"@type":"ReadAction","target":["https:\/\/madlenmakeup.com.ua\/product\/olivets-dlya-gub-rebel-kiss-02-lipliner-pencil\/"]}]},{"@type":"ImageObject","inLanguage":"cs","@id":"https:\/\/madlenmakeup.com.ua\/product\/olivets-dlya-gub-rebel-kiss-02-lipliner-pencil\/#primaryimage","url":"https:\/\/madlenmakeup.com.ua\/wp-content\/uploads\/2025\/07\/rebel_kiss_lipliner_02.jpg","contentUrl":"https:\/\/madlenmakeup.com.ua\/wp-content\/uploads\/2025\/07\/rebel_kiss_lipliner_02.jpg","width":1333,"height":1000,"caption":"\u041e\u043b\u0456\u0432\u0435\u0446\u044c \u0434\u043b\u044f \u0433\u0443\u0431 Rebel Kiss 02 Lipliner Pencil"},{"@type":"BreadcrumbList","@id":"https:\/\/madlenmakeup.com.ua\/product\/olivets-dlya-gub-rebel-kiss-02-lipliner-pencil\/#breadcrumb","itemListElement":[{"@type":"ListItem","position":1,"name":"\u0413\u043e\u043b\u043e\u0432\u043d\u0430","item":"https:\/\/madlenmakeup.com.ua\/"},{"@type":"ListItem","position":2,"name":"\u041c\u0430\u0433\u0430\u0437\u0438\u043d","item":"https:\/\/madlenmakeup.com.ua\/shop\/"},{"@type":"ListItem","position":3,"name":"\u041e\u043b\u0456\u0432\u0435\u0446\u044c \u0434\u043b\u044f \u0433\u0443\u0431 Rebel Kiss 02 Lipliner Pencil"}]},{"@type":"WebSite","@id":"https:\/\/madlenmakeup.com.ua\/#website","url":"https:\/\/madlenmakeup.com.ua\/","name":"Madlen Cosmetics","description":"\u041c\u0430\u0433\u0430\u0437\u0438\u043d \u043f\u0440\u043e\u0444\u0435\u0441\u0456\u0439\u043d\u043e\u0457 \u043a\u043e\u0441\u043c\u0435\u0442\u0438\u043a\u0438","publisher":{"@id":"https:\/\/madlenmakeup.com.ua\/#\/schema\/person\/49cd71213b472a6db978257e4616a5de"},"potentialAction":[{"@type":"SearchAction","target":{"@type":"EntryPoint","urlTemplate":"https:\/\/madlenmakeup.com.ua\/?s={search_term_string}"},"query-input":{"@type":"PropertyValueSpecification","valueRequired":true,"valueName":"search_term_string"}}],"inLanguage":"cs"},{"@type":["Person","Organization"],"@id":"https:\/\/madlenmakeup.com.ua\/#\/schema\/person\/49cd71213b472a6db978257e4616a5de","name":"madlenmakeup","image":{"@type":"ImageObject","inLanguage":"cs","@id":"https:\/\/madlenmakeup.com.ua\/#\/schema\/person\/image\/","url":"https:\/\/madlenmakeup.com.ua\/wp-content\/uploads\/2023\/04\/cropped-cropped-madlen-logo-removebg-preview.png","contentUrl":"https:\/\/madlenmakeup.com.ua\/wp-content\/uploads\/2023\/04\/cropped-cropped-madlen-logo-removebg-preview.png","width":296,"height":70,"caption":"madlenmakeup"},"logo":{"@id":"https:\/\/madlenmakeup.com.ua\/#\/schema\/person\/image\/"},"sameAs":["http:\/\/madlenmakeup.com.ua"]}]}},"_links":{"self":[{"href":"https:\/\/madlenmakeup.com.ua\/cz\/wp-json\/wp\/v2\/product\/8052","targetHints":{"allow":["GET"]}}],"collection":[{"href":"https:\/\/madlenmakeup.com.ua\/cz\/wp-json\/wp\/v2\/product"}],"about":[{"href":"https:\/\/madlenmakeup.com.ua\/cz\/wp-json\/wp\/v2\/types\/product"}],"replies":[{"embeddable":true,"href":"https:\/\/madlenmakeup.com.ua\/cz\/wp-json\/wp\/v2\/comments?post=8052"}],"version-history":[{"count":2,"href":"https:\/\/madlenmakeup.com.ua\/cz\/wp-json\/wp\/v2\/product\/8052\/revisions"}],"predecessor-version":[{"id":8059,"href":"https:\/\/madlenmakeup.com.ua\/cz\/wp-json\/wp\/v2\/product\/8052\/revisions\/8059"}],"wp:featuredmedia":[{"embeddable":true,"href":"https:\/\/madlenmakeup.com.ua\/cz\/wp-json\/wp\/v2\/media\/8054"}],"wp:attachment":[{"href":"https:\/\/madlenmakeup.com.ua\/cz\/wp-json\/wp\/v2\/media?parent=8052"}],"wp:term":[{"taxonomy":"product_cat","embeddable":true,"href":"https:\/\/madlenmakeup.com.ua\/cz\/wp-json\/wp\/v2\/product_cat?post=8052"},{"taxonomy":"product_tag","embeddable":true,"href":"https:\/\/madlenmakeup.com.ua\/cz\/wp-json\/wp\/v2\/product_tag?post=8052"}],"curies":[{"name":"wp","href":"https:\/\/api.w.org\/{rel}","templated":true}]}}