{"id":212,"date":"2017-12-19T09:56:35","date_gmt":"2017-12-19T07:56:35","guid":{"rendered":"https:\/\/madlenmakeup.com.ua\/product\/lemons-tshirt\/"},"modified":"2025-11-06T21:22:53","modified_gmt":"2025-11-06T19:22:53","slug":"olivets-dlya-ochej-black-madlen","status":"publish","type":"product","link":"https:\/\/madlenmakeup.com.ua\/pl\/produkt\/olivets-dlya-ochej-black-madlen\/","title":{"rendered":"Kredka do oczu Black Madlen"},"content":{"rendered":"<p><strong>Profesjonalna kredka do oczu Madlen Czarny kolor<br \/>\n<\/strong>Przedstawiamy najpopularniejsz\u0105 na Ukrainie drewnian\u0105 kredk\u0119 do ust, oczu i brwi od marki Madlen. Po\u0142\u0105czenie idealnej hipoalergicznej formu\u0142y i korpusu z drzewa cedrowego kalifornijskiego sprawia, \u017ce \u200b\u200bwykonywanie makija\u017cu jest nie tylko wygodne, ale tak\u017ce preferowane przez kobiety o wra\u017cliwej sk\u00f3rze lub np. nosz\u0105ce szk\u0142a kontaktowe. Drzewo ma silne w\u0142a\u015bciwo\u015bci antyseptyczne, kt\u00f3re nie pozwala na namna\u017canie si\u0119 bakterii na powierzchni o\u0142owiu i jest doskona\u0142ym naturalnym konserwantem. Korpus o\u0142\u00f3wka pokryty jest nieszkodliwym przezroczystym lakierem. Idealnie zbilansowana formu\u0142a odpowiednia dla ka\u017cdego rodzaju sk\u00f3ry. \u0141atwe do ostrzenia.<\/p>\n<p class=\" translation-block\"><strong>Cechy o\u0142\u00f3wka Madlen<\/strong><br>\n- dzi\u0119ki mi\u0119kkiej konsystencji \u0142atwo si\u0119 aplikuje;<br>\n\u2013 delikatnie i g\u0142adko sunie po sk\u00f3rze;<br>\n\u2013 nasycona pigmentacja;<br>\n- doskona\u0142a stabilno\u015b\u0107;<br>\n- pozwala narysowa\u0107 wyra\u017any i schludny kontur;<br>\n\u2013 zapobiega rozprowadzaniu pomadki lub b\u0142yszczyka;<br>\n- mo\u017cna stosowa\u0107 samodzielnie bez innych produkt\u00f3w kosmetycznych;<br>\n- modeluje po\u017c\u0105dany kszta\u0142t.<\/p>\n<p>Kredki s\u0105 bardzo mi\u0119kkie, przyjemne w aplikacji, dobrze rysuj\u0105 kontur i dobrze wype\u0142niaj\u0105 powierzchni\u0119. Dzi\u0119ki temu mo\u017cna ich z \u0142atwo\u015bci\u0105 u\u017cywa\u0107 samodzielnie, jak matowej szminki. Dodatkowo odznaczaj\u0105 si\u0119 niesamowit\u0105 trwa\u0142o\u015bci\u0105.<\/p>\n<p>Wyprodukowano w Czeska Republika<\/p>","protected":false},"excerpt":{"rendered":"<p><img loading=\"lazy\" decoding=\"async\" class=\"\" src=\"\/wp-content\/uploads\/2023\/04\/1f1ea-1f1fa.png\" alt=\"\u042d\u043c\u043e\u0434\u0437\u0438 \ud83c\uddea\ud83c\uddfa Apple \u0438 iOS\" width=\"40\" height=\"40\" \/> <strong>Europejska jako\u015b\u0107 <\/strong><img loading=\"lazy\" decoding=\"async\" class=\"\" style=\"margin-bottom: 0px;\" src=\"\/wp-content\/uploads\/2023\/04\/1f1ea-1f1fa.png\" alt=\"\u042d\u043c\u043e\u0434\u0437\u0438 \ud83c\uddea\ud83c\uddfa Apple \u0438 iOS\" width=\"40\" height=\"40\" \/><\/p>","protected":false},"featured_media":5629,"comment_status":"open","ping_status":"closed","template":"","meta":{"site-sidebar-layout":"default","site-content-layout":"default","ast-global-header-display":"","ast-main-header-display":"","ast-hfb-above-header-display":"","ast-hfb-below-header-display":"","ast-hfb-mobile-header-display":"","site-post-title":"","ast-breadcrumbs-content":"","ast-featured-img":"","footer-sml-layout":"","theme-transparent-header-meta":"default","adv-header-id-meta":"","stick-header-meta":"default","header-above-stick-meta":"","header-main-stick-meta":"","header-below-stick-meta":""},"product_cat":[28],"product_tag":[343,73,126],"class_list":{"0":"post-212","1":"product","2":"type-product","3":"status-publish","4":"has-post-thumbnail","6":"product_brand-madlen","7":"product_cat-ochi-madlen","8":"product_tag-use-dlya-ochej","9":"product_tag-usi-olivtsi-dlya-ochej","10":"product_tag-usi-olivtsi-dlya-ochej-madlen","11":"desktop-align-left","12":"tablet-align-left","13":"mobile-align-left","15":"first","16":"instock","17":"shipping-taxable","18":"purchasable","19":"product-type-simple"},"yoast_head":"<!-- This site is optimized with the Yoast SEO plugin v25.6 - https:\/\/yoast.com\/wordpress\/plugins\/seo\/ -->\n<title>\u041f\u0440\u043e\u0444\u0435\u0441\u0456\u0439\u043d\u0438\u0439 \u041e\u043b\u0456\u0432\u0435\u0446\u044c \u0434\u043b\u044f \u043e\u0447\u0435\u0439 Black Madlen<\/title>\n<meta name=\"description\" content=\"\u041f\u0440\u0435\u0434\u0441\u0442\u0430\u0432\u043b\u044f\u0454\u043c\u043e \u043d\u0430\u0439\u043f\u043e\u043f\u0443\u043b\u044f\u0440\u043d\u0456\u0448\u0438\u0439 \u0432 \u0423\u043a\u0440\u0430\u0457\u043d\u0456 \u0434\u0435\u0440\u0435\u0432&#039;\u044f\u043d\u0438\u0439 \u043e\u043b\u0456\u0432\u0435\u0446\u044c \u0434\u043b\u044f \u0433\u0443\u0431, \u043e\u0447\u0435\u0439 \u0442\u0430 \u0431\u0440\u0456\u0432 \u0432\u0456\u0434 \u0431\u0440\u0435\u043d\u0434\u0443 Madlen. \u041f\u0440\u043e\u0434\u0430\u0454\u0442\u044c\u0441\u044f \u043e\u043f\u0442\u043e\u043c \u0442\u0430 \u0432 \u0440\u043e\u0437\u0434\u0440\u0456\u0431. \u0428\u0432\u0438\u0434\u043a\u0430 \u0434\u043e\u0441\u0442\u0430\u0432\u043a\u0430.\" \/>\n<meta name=\"robots\" content=\"index, follow, max-snippet:-1, max-image-preview:large, max-video-preview:-1\" \/>\n<link rel=\"canonical\" href=\"https:\/\/madlenmakeup.com.ua\/pl\/produkt\/olivets-dlya-ochej-black-madlen\/\" \/>\n<meta property=\"og:locale\" content=\"pl_PL\" \/>\n<meta property=\"og:type\" content=\"article\" \/>\n<meta property=\"og:title\" content=\"\u041f\u0440\u043e\u0444\u0435\u0441\u0456\u0439\u043d\u0438\u0439 \u041e\u043b\u0456\u0432\u0435\u0446\u044c \u0434\u043b\u044f \u043e\u0447\u0435\u0439 Black Madlen\" \/>\n<meta property=\"og:description\" content=\"\u041f\u0440\u0435\u0434\u0441\u0442\u0430\u0432\u043b\u044f\u0454\u043c\u043e \u043d\u0430\u0439\u043f\u043e\u043f\u0443\u043b\u044f\u0440\u043d\u0456\u0448\u0438\u0439 \u0432 \u0423\u043a\u0440\u0430\u0457\u043d\u0456 \u0434\u0435\u0440\u0435\u0432&#039;\u044f\u043d\u0438\u0439 \u043e\u043b\u0456\u0432\u0435\u0446\u044c \u0434\u043b\u044f \u0433\u0443\u0431, \u043e\u0447\u0435\u0439 \u0442\u0430 \u0431\u0440\u0456\u0432 \u0432\u0456\u0434 \u0431\u0440\u0435\u043d\u0434\u0443 Madlen. \u041f\u0440\u043e\u0434\u0430\u0454\u0442\u044c\u0441\u044f \u043e\u043f\u0442\u043e\u043c \u0442\u0430 \u0432 \u0440\u043e\u0437\u0434\u0440\u0456\u0431. \u0428\u0432\u0438\u0434\u043a\u0430 \u0434\u043e\u0441\u0442\u0430\u0432\u043a\u0430.\" \/>\n<meta property=\"og:url\" content=\"https:\/\/madlenmakeup.com.ua\/pl\/produkt\/olivets-dlya-ochej-black-madlen\/\" \/>\n<meta property=\"og:site_name\" content=\"Madlen Cosmetics\" \/>\n<meta property=\"article:modified_time\" content=\"2025-11-06T19:22:53+00:00\" \/>\n<meta property=\"og:image\" content=\"https:\/\/madlenmakeup.com.ua\/wp-content\/uploads\/2017\/12\/karandas-dlya-glaz-madlen-eyeliner-black.jpg\" \/>\n\t<meta property=\"og:image:width\" content=\"2000\" \/>\n\t<meta property=\"og:image:height\" content=\"2000\" \/>\n\t<meta property=\"og:image:type\" content=\"image\/jpeg\" \/>\n<meta name=\"twitter:card\" content=\"summary_large_image\" \/>\n<meta name=\"twitter:label1\" content=\"Szacowany czas czytania\" \/>\n\t<meta name=\"twitter:data1\" content=\"2 minuty\" \/>\n<script type=\"application\/ld+json\" class=\"yoast-schema-graph\">{\"@context\":\"https:\/\/schema.org\",\"@graph\":[{\"@type\":\"WebPage\",\"@id\":\"https:\/\/madlenmakeup.com.ua\/product\/olivets-dlya-ochej-black-madlen\/\",\"url\":\"https:\/\/madlenmakeup.com.ua\/product\/olivets-dlya-ochej-black-madlen\/\",\"name\":\"\u041f\u0440\u043e\u0444\u0435\u0441\u0456\u0439\u043d\u0438\u0439 \u041e\u043b\u0456\u0432\u0435\u0446\u044c \u0434\u043b\u044f \u043e\u0447\u0435\u0439 Black Madlen\",\"isPartOf\":{\"@id\":\"https:\/\/madlenmakeup.com.ua\/#website\"},\"primaryImageOfPage\":{\"@id\":\"https:\/\/madlenmakeup.com.ua\/product\/olivets-dlya-ochej-black-madlen\/#primaryimage\"},\"image\":{\"@id\":\"https:\/\/madlenmakeup.com.ua\/product\/olivets-dlya-ochej-black-madlen\/#primaryimage\"},\"thumbnailUrl\":\"https:\/\/madlenmakeup.com.ua\/wp-content\/uploads\/2017\/12\/karandas-dlya-glaz-madlen-eyeliner-black.jpg\",\"datePublished\":\"2017-12-19T07:56:35+00:00\",\"dateModified\":\"2025-11-06T19:22:53+00:00\",\"description\":\"\u041f\u0440\u0435\u0434\u0441\u0442\u0430\u0432\u043b\u044f\u0454\u043c\u043e \u043d\u0430\u0439\u043f\u043e\u043f\u0443\u043b\u044f\u0440\u043d\u0456\u0448\u0438\u0439 \u0432 \u0423\u043a\u0440\u0430\u0457\u043d\u0456 \u0434\u0435\u0440\u0435\u0432'\u044f\u043d\u0438\u0439 \u043e\u043b\u0456\u0432\u0435\u0446\u044c \u0434\u043b\u044f \u0433\u0443\u0431, \u043e\u0447\u0435\u0439 \u0442\u0430 \u0431\u0440\u0456\u0432 \u0432\u0456\u0434 \u0431\u0440\u0435\u043d\u0434\u0443 Madlen. \u041f\u0440\u043e\u0434\u0430\u0454\u0442\u044c\u0441\u044f \u043e\u043f\u0442\u043e\u043c \u0442\u0430 \u0432 \u0440\u043e\u0437\u0434\u0440\u0456\u0431. \u0428\u0432\u0438\u0434\u043a\u0430 \u0434\u043e\u0441\u0442\u0430\u0432\u043a\u0430.\",\"breadcrumb\":{\"@id\":\"https:\/\/madlenmakeup.com.ua\/product\/olivets-dlya-ochej-black-madlen\/#breadcrumb\"},\"inLanguage\":\"pl-PL\",\"potentialAction\":[{\"@type\":\"ReadAction\",\"target\":[\"https:\/\/madlenmakeup.com.ua\/product\/olivets-dlya-ochej-black-madlen\/\"]}]},{\"@type\":\"ImageObject\",\"inLanguage\":\"pl-PL\",\"@id\":\"https:\/\/madlenmakeup.com.ua\/product\/olivets-dlya-ochej-black-madlen\/#primaryimage\",\"url\":\"https:\/\/madlenmakeup.com.ua\/wp-content\/uploads\/2017\/12\/karandas-dlya-glaz-madlen-eyeliner-black.jpg\",\"contentUrl\":\"https:\/\/madlenmakeup.com.ua\/wp-content\/uploads\/2017\/12\/karandas-dlya-glaz-madlen-eyeliner-black.jpg\",\"width\":2000,\"height\":2000,\"caption\":\"https:\/\/misstais.com\"},{\"@type\":\"BreadcrumbList\",\"@id\":\"https:\/\/madlenmakeup.com.ua\/product\/olivets-dlya-ochej-black-madlen\/#breadcrumb\",\"itemListElement\":[{\"@type\":\"ListItem\",\"position\":1,\"name\":\"\u0413\u043e\u043b\u043e\u0432\u043d\u0430\",\"item\":\"https:\/\/madlenmakeup.com.ua\/\"},{\"@type\":\"ListItem\",\"position\":2,\"name\":\"\u041c\u0430\u0433\u0430\u0437\u0438\u043d\",\"item\":\"https:\/\/madlenmakeup.com.ua\/shop\/\"},{\"@type\":\"ListItem\",\"position\":3,\"name\":\"\u041e\u043b\u0456\u0432\u0435\u0446\u044c \u0434\u043b\u044f \u043e\u0447\u0435\u0439 Black Madlen\"}]},{\"@type\":\"WebSite\",\"@id\":\"https:\/\/madlenmakeup.com.ua\/#website\",\"url\":\"https:\/\/madlenmakeup.com.ua\/\",\"name\":\"Madlen Cosmetics\",\"description\":\"\u041c\u0430\u0433\u0430\u0437\u0438\u043d \u043f\u0440\u043e\u0444\u0435\u0441\u0456\u0439\u043d\u043e\u0457 \u043a\u043e\u0441\u043c\u0435\u0442\u0438\u043a\u0438\",\"publisher\":{\"@id\":\"https:\/\/madlenmakeup.com.ua\/#\/schema\/person\/49cd71213b472a6db978257e4616a5de\"},\"potentialAction\":[{\"@type\":\"SearchAction\",\"target\":{\"@type\":\"EntryPoint\",\"urlTemplate\":\"https:\/\/madlenmakeup.com.ua\/?s={search_term_string}\"},\"query-input\":{\"@type\":\"PropertyValueSpecification\",\"valueRequired\":true,\"valueName\":\"search_term_string\"}}],\"inLanguage\":\"pl-PL\"},{\"@type\":[\"Person\",\"Organization\"],\"@id\":\"https:\/\/madlenmakeup.com.ua\/#\/schema\/person\/49cd71213b472a6db978257e4616a5de\",\"name\":\"madlenmakeup\",\"image\":{\"@type\":\"ImageObject\",\"inLanguage\":\"pl-PL\",\"@id\":\"https:\/\/madlenmakeup.com.ua\/#\/schema\/person\/image\/\",\"url\":\"https:\/\/madlenmakeup.com.ua\/wp-content\/uploads\/2023\/04\/cropped-cropped-madlen-logo-removebg-preview.png\",\"contentUrl\":\"https:\/\/madlenmakeup.com.ua\/wp-content\/uploads\/2023\/04\/cropped-cropped-madlen-logo-removebg-preview.png\",\"width\":296,\"height\":70,\"caption\":\"madlenmakeup\"},\"logo\":{\"@id\":\"https:\/\/madlenmakeup.com.ua\/#\/schema\/person\/image\/\"},\"sameAs\":[\"http:\/\/madlenmakeup.com.ua\"]}]}<\/script>\n<!-- \/ Yoast SEO plugin. -->","yoast_head_json":{"title":"\u041f\u0440\u043e\u0444\u0435\u0441\u0456\u0439\u043d\u0438\u0439 \u041e\u043b\u0456\u0432\u0435\u0446\u044c \u0434\u043b\u044f \u043e\u0447\u0435\u0439 Black Madlen","description":"\u041f\u0440\u0435\u0434\u0441\u0442\u0430\u0432\u043b\u044f\u0454\u043c\u043e \u043d\u0430\u0439\u043f\u043e\u043f\u0443\u043b\u044f\u0440\u043d\u0456\u0448\u0438\u0439 \u0432 \u0423\u043a\u0440\u0430\u0457\u043d\u0456 \u0434\u0435\u0440\u0435\u0432'\u044f\u043d\u0438\u0439 \u043e\u043b\u0456\u0432\u0435\u0446\u044c \u0434\u043b\u044f \u0433\u0443\u0431, \u043e\u0447\u0435\u0439 \u0442\u0430 \u0431\u0440\u0456\u0432 \u0432\u0456\u0434 \u0431\u0440\u0435\u043d\u0434\u0443 Madlen. \u041f\u0440\u043e\u0434\u0430\u0454\u0442\u044c\u0441\u044f \u043e\u043f\u0442\u043e\u043c \u0442\u0430 \u0432 \u0440\u043e\u0437\u0434\u0440\u0456\u0431. \u0428\u0432\u0438\u0434\u043a\u0430 \u0434\u043e\u0441\u0442\u0430\u0432\u043a\u0430.","robots":{"index":"index","follow":"follow","max-snippet":"max-snippet:-1","max-image-preview":"max-image-preview:large","max-video-preview":"max-video-preview:-1"},"canonical":"https:\/\/madlenmakeup.com.ua\/pl\/produkt\/olivets-dlya-ochej-black-madlen\/","og_locale":"pl_PL","og_type":"article","og_title":"\u041f\u0440\u043e\u0444\u0435\u0441\u0456\u0439\u043d\u0438\u0439 \u041e\u043b\u0456\u0432\u0435\u0446\u044c \u0434\u043b\u044f \u043e\u0447\u0435\u0439 Black Madlen","og_description":"\u041f\u0440\u0435\u0434\u0441\u0442\u0430\u0432\u043b\u044f\u0454\u043c\u043e \u043d\u0430\u0439\u043f\u043e\u043f\u0443\u043b\u044f\u0440\u043d\u0456\u0448\u0438\u0439 \u0432 \u0423\u043a\u0440\u0430\u0457\u043d\u0456 \u0434\u0435\u0440\u0435\u0432'\u044f\u043d\u0438\u0439 \u043e\u043b\u0456\u0432\u0435\u0446\u044c \u0434\u043b\u044f \u0433\u0443\u0431, \u043e\u0447\u0435\u0439 \u0442\u0430 \u0431\u0440\u0456\u0432 \u0432\u0456\u0434 \u0431\u0440\u0435\u043d\u0434\u0443 Madlen. \u041f\u0440\u043e\u0434\u0430\u0454\u0442\u044c\u0441\u044f \u043e\u043f\u0442\u043e\u043c \u0442\u0430 \u0432 \u0440\u043e\u0437\u0434\u0440\u0456\u0431. \u0428\u0432\u0438\u0434\u043a\u0430 \u0434\u043e\u0441\u0442\u0430\u0432\u043a\u0430.","og_url":"https:\/\/madlenmakeup.com.ua\/pl\/produkt\/olivets-dlya-ochej-black-madlen\/","og_site_name":"Madlen Cosmetics","article_modified_time":"2025-11-06T19:22:53+00:00","og_image":[{"width":2000,"height":2000,"url":"https:\/\/madlenmakeup.com.ua\/wp-content\/uploads\/2017\/12\/karandas-dlya-glaz-madlen-eyeliner-black.jpg","type":"image\/jpeg"}],"twitter_card":"summary_large_image","twitter_misc":{"Szacowany czas czytania":"2 minuty"},"schema":{"@context":"https:\/\/schema.org","@graph":[{"@type":"WebPage","@id":"https:\/\/madlenmakeup.com.ua\/product\/olivets-dlya-ochej-black-madlen\/","url":"https:\/\/madlenmakeup.com.ua\/product\/olivets-dlya-ochej-black-madlen\/","name":"\u041f\u0440\u043e\u0444\u0435\u0441\u0456\u0439\u043d\u0438\u0439 \u041e\u043b\u0456\u0432\u0435\u0446\u044c \u0434\u043b\u044f \u043e\u0447\u0435\u0439 Black Madlen","isPartOf":{"@id":"https:\/\/madlenmakeup.com.ua\/#website"},"primaryImageOfPage":{"@id":"https:\/\/madlenmakeup.com.ua\/product\/olivets-dlya-ochej-black-madlen\/#primaryimage"},"image":{"@id":"https:\/\/madlenmakeup.com.ua\/product\/olivets-dlya-ochej-black-madlen\/#primaryimage"},"thumbnailUrl":"https:\/\/madlenmakeup.com.ua\/wp-content\/uploads\/2017\/12\/karandas-dlya-glaz-madlen-eyeliner-black.jpg","datePublished":"2017-12-19T07:56:35+00:00","dateModified":"2025-11-06T19:22:53+00:00","description":"\u041f\u0440\u0435\u0434\u0441\u0442\u0430\u0432\u043b\u044f\u0454\u043c\u043e \u043d\u0430\u0439\u043f\u043e\u043f\u0443\u043b\u044f\u0440\u043d\u0456\u0448\u0438\u0439 \u0432 \u0423\u043a\u0440\u0430\u0457\u043d\u0456 \u0434\u0435\u0440\u0435\u0432'\u044f\u043d\u0438\u0439 \u043e\u043b\u0456\u0432\u0435\u0446\u044c \u0434\u043b\u044f \u0433\u0443\u0431, \u043e\u0447\u0435\u0439 \u0442\u0430 \u0431\u0440\u0456\u0432 \u0432\u0456\u0434 \u0431\u0440\u0435\u043d\u0434\u0443 Madlen. \u041f\u0440\u043e\u0434\u0430\u0454\u0442\u044c\u0441\u044f \u043e\u043f\u0442\u043e\u043c \u0442\u0430 \u0432 \u0440\u043e\u0437\u0434\u0440\u0456\u0431. \u0428\u0432\u0438\u0434\u043a\u0430 \u0434\u043e\u0441\u0442\u0430\u0432\u043a\u0430.","breadcrumb":{"@id":"https:\/\/madlenmakeup.com.ua\/product\/olivets-dlya-ochej-black-madlen\/#breadcrumb"},"inLanguage":"pl-PL","potentialAction":[{"@type":"ReadAction","target":["https:\/\/madlenmakeup.com.ua\/product\/olivets-dlya-ochej-black-madlen\/"]}]},{"@type":"ImageObject","inLanguage":"pl-PL","@id":"https:\/\/madlenmakeup.com.ua\/product\/olivets-dlya-ochej-black-madlen\/#primaryimage","url":"https:\/\/madlenmakeup.com.ua\/wp-content\/uploads\/2017\/12\/karandas-dlya-glaz-madlen-eyeliner-black.jpg","contentUrl":"https:\/\/madlenmakeup.com.ua\/wp-content\/uploads\/2017\/12\/karandas-dlya-glaz-madlen-eyeliner-black.jpg","width":2000,"height":2000,"caption":"https:\/\/misstais.com"},{"@type":"BreadcrumbList","@id":"https:\/\/madlenmakeup.com.ua\/product\/olivets-dlya-ochej-black-madlen\/#breadcrumb","itemListElement":[{"@type":"ListItem","position":1,"name":"\u0413\u043e\u043b\u043e\u0432\u043d\u0430","item":"https:\/\/madlenmakeup.com.ua\/"},{"@type":"ListItem","position":2,"name":"\u041c\u0430\u0433\u0430\u0437\u0438\u043d","item":"https:\/\/madlenmakeup.com.ua\/shop\/"},{"@type":"ListItem","position":3,"name":"\u041e\u043b\u0456\u0432\u0435\u0446\u044c \u0434\u043b\u044f \u043e\u0447\u0435\u0439 Black Madlen"}]},{"@type":"WebSite","@id":"https:\/\/madlenmakeup.com.ua\/#website","url":"https:\/\/madlenmakeup.com.ua\/","name":"Madlen Cosmetics","description":"\u041c\u0430\u0433\u0430\u0437\u0438\u043d \u043f\u0440\u043e\u0444\u0435\u0441\u0456\u0439\u043d\u043e\u0457 \u043a\u043e\u0441\u043c\u0435\u0442\u0438\u043a\u0438","publisher":{"@id":"https:\/\/madlenmakeup.com.ua\/#\/schema\/person\/49cd71213b472a6db978257e4616a5de"},"potentialAction":[{"@type":"SearchAction","target":{"@type":"EntryPoint","urlTemplate":"https:\/\/madlenmakeup.com.ua\/?s={search_term_string}"},"query-input":{"@type":"PropertyValueSpecification","valueRequired":true,"valueName":"search_term_string"}}],"inLanguage":"pl-PL"},{"@type":["Person","Organization"],"@id":"https:\/\/madlenmakeup.com.ua\/#\/schema\/person\/49cd71213b472a6db978257e4616a5de","name":"madlenmakeup","image":{"@type":"ImageObject","inLanguage":"pl-PL","@id":"https:\/\/madlenmakeup.com.ua\/#\/schema\/person\/image\/","url":"https:\/\/madlenmakeup.com.ua\/wp-content\/uploads\/2023\/04\/cropped-cropped-madlen-logo-removebg-preview.png","contentUrl":"https:\/\/madlenmakeup.com.ua\/wp-content\/uploads\/2023\/04\/cropped-cropped-madlen-logo-removebg-preview.png","width":296,"height":70,"caption":"madlenmakeup"},"logo":{"@id":"https:\/\/madlenmakeup.com.ua\/#\/schema\/person\/image\/"},"sameAs":["http:\/\/madlenmakeup.com.ua"]}]}},"_links":{"self":[{"href":"https:\/\/madlenmakeup.com.ua\/pl\/wp-json\/wp\/v2\/product\/212","targetHints":{"allow":["GET"]}}],"collection":[{"href":"https:\/\/madlenmakeup.com.ua\/pl\/wp-json\/wp\/v2\/product"}],"about":[{"href":"https:\/\/madlenmakeup.com.ua\/pl\/wp-json\/wp\/v2\/types\/product"}],"replies":[{"embeddable":true,"href":"https:\/\/madlenmakeup.com.ua\/pl\/wp-json\/wp\/v2\/comments?post=212"}],"version-history":[{"count":9,"href":"https:\/\/madlenmakeup.com.ua\/pl\/wp-json\/wp\/v2\/product\/212\/revisions"}],"predecessor-version":[{"id":5126,"href":"https:\/\/madlenmakeup.com.ua\/pl\/wp-json\/wp\/v2\/product\/212\/revisions\/5126"}],"wp:featuredmedia":[{"embeddable":true,"href":"https:\/\/madlenmakeup.com.ua\/pl\/wp-json\/wp\/v2\/media\/5629"}],"wp:attachment":[{"href":"https:\/\/madlenmakeup.com.ua\/pl\/wp-json\/wp\/v2\/media?parent=212"}],"wp:term":[{"taxonomy":"product_cat","embeddable":true,"href":"https:\/\/madlenmakeup.com.ua\/pl\/wp-json\/wp\/v2\/product_cat?post=212"},{"taxonomy":"product_tag","embeddable":true,"href":"https:\/\/madlenmakeup.com.ua\/pl\/wp-json\/wp\/v2\/product_tag?post=212"}],"curies":[{"name":"wp","href":"https:\/\/api.w.org\/{rel}","templated":true}]}}