{"id":6264,"date":"2023-05-24T19:34:58","date_gmt":"2023-05-24T16:34:58","guid":{"rendered":"https:\/\/madlenmakeup.com.ua\/?post_type=product&#038;p=6264"},"modified":"2026-04-08T02:09:12","modified_gmt":"2026-04-07T23:09:12","slug":"kapsuly-dlya-volossya-stop-poshkodzhennya-sevich-vitamin-with-morocan-oil-30-sht-buzkovyj","status":"publish","type":"product","link":"https:\/\/madlenmakeup.com.ua\/pl\/produkt\/kapsuly-dlya-volossya-stop-poshkodzhennya-sevich-vitamin-with-morocan-oil-30-sht-buzkovyj\/","title":{"rendered":"Kapsu\u0142ki do w\u0142os\u00f3w \"STOP-Damage\" Sevich Witamina Z Olejkiem Maroka\u0144skim 30 szt Liliowy"},"content":{"rendered":"<p><strong>Kapsu\u0142ki do w\u0142os\u00f3w \u201eSTOP-Damage\u201d Sevich Witamina Z Olejem Maroka\u0144skim<\/strong><br \/>\n\u2764Do w\u0142os\u00f3w zniszczonych chemikaliami, urz\u0105dzeniami do koloryzacji i stylizacji. Stymuluje r\u00f3wnie\u017c proces ich regeneracji i intensywnie nawil\u017ca.<\/p>\n<p>\u2764Maroka\u0144ski leczniczy olejek (olejek arganowy) to jeden z najdro\u017cszych i rzadkich olejk\u00f3w, kt\u00f3ry wydaje si\u0119 by\u0107 stworzony przez natur\u0119 celowo do piel\u0119gnacji w\u0142os\u00f3w. Olejek maroka\u0144ski \u015bwietnie sprawdza si\u0119 w przypadku zniszczonych, suchych w\u0142os\u00f3w. Nadaje pasmom spr\u0119\u017cysto\u015b\u0107 i witalno\u015b\u0107. W wyniku jego stosowania znacznie zmniejsza si\u0119 \u0142amliwo\u015b\u0107 i wypadanie w\u0142os\u00f3w, zatrzymuje si\u0119 rozdwajanie ko\u0144c\u00f3wek.\u00a0<\/p>\n<p>\u2764Kapsu\u0142ki tworz\u0105 na powierzchni w\u0142osa niewidoczny film, kt\u00f3ry zatrzymuje naturaln\u0105 wilgo\u0107 i zapobiega agresywnemu dzia\u0142aniu czynnik\u00f3w zewn\u0119trznych.<\/p>\n<p>\u2764W\u0142osy staj\u0105 si\u0119 jedwabiste, mi\u0119kkie i b\u0142yszcz\u0105ce.<\/p>\n<p class=\" translation-block\">Po zastosowaniu kapsu\u0142ek piel\u0119gnacja w\u0142os\u00f3w stanie si\u0119 prawdziw\u0105 przyjemno\u015bci\u0105! Ka\u017cda kapsu\u0142ka zawiera witaminow\u0105 bomb\u0119 dla w\u0142os\u00f3w w postaci regeneruj\u0105cego olejku z naturalnymi dodatkami. Olejek b\u0142yskawicznie poprawia kondycj\u0119 w\u0142os\u00f3w, a tak\u017ce dzia\u0142a termoochronnie. Otulaj\u0105c ka\u017cdy w\u0142os, olej normalizuje gospodark\u0119 wodn\u0105 i procesy wymiany, nadaje lokom jedwabisty po\u0142ysk i si\u0142\u0119. Kapsu\u0142ki zapobiegaj\u0105 nadmiernemu puszeniu si\u0119 pasemek i \u201euszczelniaj\u0105\u201d ko\u0144c\u00f3wki. W efekcie w\u0142osy staj\u0105 si\u0119 mi\u0119kkie i \u0142amliwe. A przy regularnym stosowaniu kapsu\u0142ek b\u0119dziesz w stanie wyhodowa\u0107 po\u017c\u0105dan\u0105 d\u0142ugo\u015b\u0107, loki zawsze b\u0119d\u0105 Ci\u0119 zachwyca\u0107 \u017cywym i zadbanym wygl\u0105dem.<\/p>\n<p><em>Kapsu\u0142ki zawsze mo\u017cesz zabra\u0107 w podr\u00f3\u017c (wakacje, wyjazd s\u0142u\u017cbowy, weekend). Kilka kapsu\u0142ek nic nie wa\u017cy i nie zajmie du\u017co miejsca, a w\u0142osy b\u0119d\u0105 wygl\u0105da\u0107 na 100 w tym samym czasie.<\/em><\/p>\n<p><strong>JAK U\u017bYWA\u0106:<\/strong><\/p>\n<ul>\n<li>Umyj w\u0142osy i osusz r\u0119cznikiem.<\/li>\n<li>Odci\u0105\u0107 lub odkr\u0119ci\u0107 nakr\u0119tk\u0119 kapsu\u0142ki.<\/li>\n<li>\u015aci\u015bnij zawarto\u015b\u0107 w d\u0142oni, rozgrzej j\u0105 rozcieraj\u0105c d\u0142onie i na\u0142\u00f3\u017c na w\u0142osy, pozostawiaj\u0105c 10-15 cm od nasady.<\/li>\n<li>Nie zmywa\u0107!<\/li>\n<li>Wysusz w\u0142osy w zwyk\u0142y spos\u00f3b.<\/li>\n<li>Mo\u017ce by\u0107 stosowany przed i po czesaniu. Jest skuteczny r\u00f3wnie\u017c przy stosowaniu na suche w\u0142osy.<\/li>\n<\/ul>","protected":false},"excerpt":{"rendered":"<p>\u041a\u0430\u043f\u0441\u0443\u043b\u0438 \u0434\u043b\u044f \u0432\u043e\u043b\u043e\u0441\u0441\u044f \u00ab\u0421\u0422\u041e\u041f-\u041f\u043e\u0448\u043a\u043e\u0434\u0436\u0435\u043d\u043d\u044f\u00bb Sevich Vitamin With Morocan Oil \u2764\u0414\u043b\u044f \u0432\u043e\u043b\u043e\u0441\u0441\u044f, \u043f\u043e\u0448\u043a\u043e\u0434\u0436\u0435\u043d\u043e\u0433\u043e \u0445\u0456\u043c\u0456\u0454\u044e, \u0444\u0430\u0440\u0431\u0443\u0432\u0430\u043d\u043d\u044f\u043c \u0442\u0430 \u0441\u0442\u0430\u0439\u043b\u0438\u043d\u0433\u043e\u0432\u0438\u043c\u0438 \u043f\u0440\u0438\u043b\u0430\u0434\u0430\u043c\u0438. \u0422\u0430\u043a\u043e\u0436 \u0441\u0442\u0438\u043c\u0443\u043b\u044e\u0454 \u043f\u0440\u043e\u0446\u0435\u0441 \u0457\u0445 \u0432\u0456\u0434\u043d\u043e\u0432\u043b\u0435\u043d\u043d\u044f \u0442\u0430 \u0456\u043d\u0442\u0435\u043d\u0441\u0438\u0432\u043d\u043e \u0437\u0432\u043e\u043b\u043e\u0436\u0443\u0454. \u2764\u0426\u0456\u043b\u044e\u0449\u0430 \u043c\u0430\u0440\u043e\u043a\u043a\u0430\u043d\u0441\u044c\u043a\u0430 \u043e\u043b\u0456\u044f (\u043e\u043b\u0456\u044f \u0430\u0440\u0433\u0430\u043d\u0430) \u2013 \u043e\u0434\u043d\u0435 \u0437 \u043d\u0430\u0439\u0431\u0456\u043b\u044c\u0448 \u0434\u043e\u0440\u043e\u0433\u0438\u0445 \u0442\u0430 \u0440\u0456\u0434\u043a\u0456\u0441\u043d\u0456\u0445 \u043e\u043b\u0456\u0439, \u044f\u043a\u0430 \u043d\u0430\u0447\u0435 \u043d\u0430\u0432\u043c\u0438\u0441\u043d\u043e \u0441\u0442\u0432\u043e\u0440\u0435\u043d\u0430 \u043f\u0440\u0438\u0440\u043e\u0434\u043e\u044e \u0434\u043b\u044f \u0434\u043e\u0433\u043b\u044f\u0434\u0443 \u0437\u0430 \u0432\u043e\u043b\u043e\u0441\u0441\u044f\u043c. \u041c\u0430\u0440\u043e\u043a\u043a\u0430\u043d\u0441\u044c\u043a\u0430 \u043e\u043b\u0456\u044f \u0432\u0456\u0434\u043c\u0456\u043d\u043d\u043e \u0441\u043f\u0440\u0430\u0432\u043b\u044f\u0454\u0442\u044c\u0441\u044f \u0437 \u043f\u043e\u0448\u043a\u043e\u0434\u0436\u0435\u043d\u0438\u043c \u0441\u0443\u0445\u0438\u043c \u0432\u043e\u043b\u043e\u0441\u0441\u044f\u043c. &hellip;<\/p>\n<p class=\"read-more\"> <a class=\"\" href=\"https:\/\/madlenmakeup.com.ua\/pl\/produkt\/kapsuly-dlya-volossya-stop-poshkodzhennya-sevich-vitamin-with-morocan-oil-30-sht-buzkovyj\/\"> <span class=\"screen-reader-text\">Kapsu\u0142ki do w\u0142os\u00f3w \"STOP-Damage\" Sevich Witamina Z Olejkiem Maroka\u0144skim 30 szt Liliowy<\/span> Read More &raquo;<\/a><\/p>","protected":false},"featured_media":6265,"comment_status":"open","ping_status":"closed","template":"","meta":{"site-sidebar-layout":"default","site-content-layout":"default","ast-global-header-display":"","ast-main-header-display":"","ast-hfb-above-header-display":"","ast-hfb-below-header-display":"","ast-hfb-mobile-header-display":"","site-post-title":"","ast-breadcrumbs-content":"","ast-featured-img":"","footer-sml-layout":"","theme-transparent-header-meta":"default","adv-header-id-meta":"","stick-header-meta":"","header-above-stick-meta":"","header-main-stick-meta":"","header-below-stick-meta":""},"product_cat":[64],"product_tag":[],"class_list":{"0":"post-6264","1":"product","2":"type-product","3":"status-publish","4":"has-post-thumbnail","6":"product_brand-sevich-hair-vitamin","7":"product_cat-volossya","8":"desktop-align-left","9":"tablet-align-left","10":"mobile-align-left","12":"first","13":"outofstock","14":"shipping-taxable","15":"purchasable","16":"product-type-simple"},"yoast_head":"<!-- This site is optimized with the Yoast SEO plugin v25.6 - https:\/\/yoast.com\/wordpress\/plugins\/seo\/ -->\n<title>\u041a\u0430\u043f\u0441\u0443\u043b\u0438 \u0434\u043b\u044f \u0432\u043e\u043b\u043e\u0441\u0441\u044f Sevich Vitamin Morocan \u043e\u043f\u0442\u043e\u043c - Madlen Cosmetics<\/title>\n<meta name=\"description\" content=\"\u041a\u0430\u043f\u0441\u0443\u043b\u0438 \u0434\u043b\u044f \u0432\u043e\u043b\u043e\u0441\u0441\u044f \u00ab\u0421\u0422\u041e\u041f-\u041f\u043e\u0448\u043a\u043e\u0434\u0436\u0435\u043d\u043d\u044f\u00bb Sevich Vitamin With Morocan \u043f\u0440\u043e\u0434\u0430\u0454\u0442\u044c\u0441\u044f \u043e\u043f\u0442\u043e\u043c. \u041d\u0438\u0437\u044c\u043a\u0456 \u0446\u0456\u043d\u0438. \u0412\u0435\u043b\u0438\u043a\u0438\u0439 \u0430\u0441\u043e\u0440\u0442\u0438\u043c\u0435\u043d\u0442\u0438 \u043a\u043e\u0441\u043c\u0435\u0442\u0438\u043a\u0438. \u0428\u0432\u0438\u0434\u043a\u0430 \u0434\u043e\u0441\u0442\u0430\u0432\u043a\u0430.\" \/>\n<meta name=\"robots\" content=\"index, follow, max-snippet:-1, max-image-preview:large, max-video-preview:-1\" \/>\n<link rel=\"canonical\" href=\"https:\/\/madlenmakeup.com.ua\/pl\/produkt\/kapsuly-dlya-volossya-stop-poshkodzhennya-sevich-vitamin-with-morocan-oil-30-sht-buzkovyj\/\" \/>\n<meta property=\"og:locale\" content=\"pl_PL\" \/>\n<meta property=\"og:type\" content=\"article\" \/>\n<meta property=\"og:title\" content=\"\u041a\u0430\u043f\u0441\u0443\u043b\u0438 \u0434\u043b\u044f \u0432\u043e\u043b\u043e\u0441\u0441\u044f Sevich Vitamin Morocan \u043e\u043f\u0442\u043e\u043c - Madlen Cosmetics\" \/>\n<meta property=\"og:description\" content=\"\u041a\u0430\u043f\u0441\u0443\u043b\u0438 \u0434\u043b\u044f \u0432\u043e\u043b\u043e\u0441\u0441\u044f \u00ab\u0421\u0422\u041e\u041f-\u041f\u043e\u0448\u043a\u043e\u0434\u0436\u0435\u043d\u043d\u044f\u00bb Sevich Vitamin With Morocan \u043f\u0440\u043e\u0434\u0430\u0454\u0442\u044c\u0441\u044f \u043e\u043f\u0442\u043e\u043c. \u041d\u0438\u0437\u044c\u043a\u0456 \u0446\u0456\u043d\u0438. \u0412\u0435\u043b\u0438\u043a\u0438\u0439 \u0430\u0441\u043e\u0440\u0442\u0438\u043c\u0435\u043d\u0442\u0438 \u043a\u043e\u0441\u043c\u0435\u0442\u0438\u043a\u0438. \u0428\u0432\u0438\u0434\u043a\u0430 \u0434\u043e\u0441\u0442\u0430\u0432\u043a\u0430.\" \/>\n<meta property=\"og:url\" content=\"https:\/\/madlenmakeup.com.ua\/pl\/produkt\/kapsuly-dlya-volossya-stop-poshkodzhennya-sevich-vitamin-with-morocan-oil-30-sht-buzkovyj\/\" \/>\n<meta property=\"og:site_name\" content=\"Madlen Cosmetics\" \/>\n<meta property=\"article:modified_time\" content=\"2026-04-07T23:09:12+00:00\" \/>\n<meta property=\"og:image\" content=\"https:\/\/madlenmakeup.com.ua\/wp-content\/uploads\/2023\/05\/Kapsuly-dlya-okrashennyh-volos-Sevich-Hair-Vitamin-With-Morocan-Oil-30-shtuk-kapsul-optom.jpg\" \/>\n\t<meta property=\"og:image:width\" content=\"1080\" \/>\n\t<meta property=\"og:image:height\" content=\"1069\" \/>\n\t<meta property=\"og:image:type\" content=\"image\/jpeg\" \/>\n<meta name=\"twitter:card\" content=\"summary_large_image\" \/>\n<meta name=\"twitter:label1\" content=\"Szacowany czas czytania\" \/>\n\t<meta name=\"twitter:data1\" content=\"2 minuty\" \/>\n<script type=\"application\/ld+json\" class=\"yoast-schema-graph\">{\"@context\":\"https:\/\/schema.org\",\"@graph\":[{\"@type\":\"WebPage\",\"@id\":\"https:\/\/madlenmakeup.com.ua\/product\/kapsuly-dlya-volossya-stop-poshkodzhennya-sevich-vitamin-with-morocan-oil-30-sht-buzkovyj\/\",\"url\":\"https:\/\/madlenmakeup.com.ua\/product\/kapsuly-dlya-volossya-stop-poshkodzhennya-sevich-vitamin-with-morocan-oil-30-sht-buzkovyj\/\",\"name\":\"\u041a\u0430\u043f\u0441\u0443\u043b\u0438 \u0434\u043b\u044f \u0432\u043e\u043b\u043e\u0441\u0441\u044f Sevich Vitamin Morocan \u043e\u043f\u0442\u043e\u043c - Madlen Cosmetics\",\"isPartOf\":{\"@id\":\"https:\/\/madlenmakeup.com.ua\/#website\"},\"primaryImageOfPage\":{\"@id\":\"https:\/\/madlenmakeup.com.ua\/product\/kapsuly-dlya-volossya-stop-poshkodzhennya-sevich-vitamin-with-morocan-oil-30-sht-buzkovyj\/#primaryimage\"},\"image\":{\"@id\":\"https:\/\/madlenmakeup.com.ua\/product\/kapsuly-dlya-volossya-stop-poshkodzhennya-sevich-vitamin-with-morocan-oil-30-sht-buzkovyj\/#primaryimage\"},\"thumbnailUrl\":\"https:\/\/madlenmakeup.com.ua\/wp-content\/uploads\/2023\/05\/Kapsuly-dlya-okrashennyh-volos-Sevich-Hair-Vitamin-With-Morocan-Oil-30-shtuk-kapsul-optom.jpg\",\"datePublished\":\"2023-05-24T16:34:58+00:00\",\"dateModified\":\"2026-04-07T23:09:12+00:00\",\"description\":\"\u041a\u0430\u043f\u0441\u0443\u043b\u0438 \u0434\u043b\u044f \u0432\u043e\u043b\u043e\u0441\u0441\u044f \u00ab\u0421\u0422\u041e\u041f-\u041f\u043e\u0448\u043a\u043e\u0434\u0436\u0435\u043d\u043d\u044f\u00bb Sevich Vitamin With Morocan \u043f\u0440\u043e\u0434\u0430\u0454\u0442\u044c\u0441\u044f \u043e\u043f\u0442\u043e\u043c. \u041d\u0438\u0437\u044c\u043a\u0456 \u0446\u0456\u043d\u0438. \u0412\u0435\u043b\u0438\u043a\u0438\u0439 \u0430\u0441\u043e\u0440\u0442\u0438\u043c\u0435\u043d\u0442\u0438 \u043a\u043e\u0441\u043c\u0435\u0442\u0438\u043a\u0438. \u0428\u0432\u0438\u0434\u043a\u0430 \u0434\u043e\u0441\u0442\u0430\u0432\u043a\u0430.\",\"breadcrumb\":{\"@id\":\"https:\/\/madlenmakeup.com.ua\/product\/kapsuly-dlya-volossya-stop-poshkodzhennya-sevich-vitamin-with-morocan-oil-30-sht-buzkovyj\/#breadcrumb\"},\"inLanguage\":\"pl-PL\",\"potentialAction\":[{\"@type\":\"ReadAction\",\"target\":[\"https:\/\/madlenmakeup.com.ua\/product\/kapsuly-dlya-volossya-stop-poshkodzhennya-sevich-vitamin-with-morocan-oil-30-sht-buzkovyj\/\"]}]},{\"@type\":\"ImageObject\",\"inLanguage\":\"pl-PL\",\"@id\":\"https:\/\/madlenmakeup.com.ua\/product\/kapsuly-dlya-volossya-stop-poshkodzhennya-sevich-vitamin-with-morocan-oil-30-sht-buzkovyj\/#primaryimage\",\"url\":\"https:\/\/madlenmakeup.com.ua\/wp-content\/uploads\/2023\/05\/Kapsuly-dlya-okrashennyh-volos-Sevich-Hair-Vitamin-With-Morocan-Oil-30-shtuk-kapsul-optom.jpg\",\"contentUrl\":\"https:\/\/madlenmakeup.com.ua\/wp-content\/uploads\/2023\/05\/Kapsuly-dlya-okrashennyh-volos-Sevich-Hair-Vitamin-With-Morocan-Oil-30-shtuk-kapsul-optom.jpg\",\"width\":1080,\"height\":1069,\"caption\":\"\u041a\u0430\u043f\u0441\u0443\u043b\u0438 \u0434\u043b\u044f \u0432\u043e\u043b\u043e\u0441\u0441\u044f \u00ab\u0421\u0422\u041e\u041f-\u041f\u043e\u0448\u043a\u043e\u0434\u0436\u0435\u043d\u043d\u044f\u00bb Sevich Vitamin With Morocan Oil 30 \u0448\u0442 \u0411\u0443\u0437\u043a\u043e\u0432\u0438\u0439\"},{\"@type\":\"BreadcrumbList\",\"@id\":\"https:\/\/madlenmakeup.com.ua\/product\/kapsuly-dlya-volossya-stop-poshkodzhennya-sevich-vitamin-with-morocan-oil-30-sht-buzkovyj\/#breadcrumb\",\"itemListElement\":[{\"@type\":\"ListItem\",\"position\":1,\"name\":\"\u0413\u043e\u043b\u043e\u0432\u043d\u0430\",\"item\":\"https:\/\/madlenmakeup.com.ua\/\"},{\"@type\":\"ListItem\",\"position\":2,\"name\":\"\u041c\u0430\u0433\u0430\u0437\u0438\u043d\",\"item\":\"https:\/\/madlenmakeup.com.ua\/shop\/\"},{\"@type\":\"ListItem\",\"position\":3,\"name\":\"\u041a\u0430\u043f\u0441\u0443\u043b\u0438 \u0434\u043b\u044f \u0432\u043e\u043b\u043e\u0441\u0441\u044f \u00ab\u0421\u0422\u041e\u041f-\u041f\u043e\u0448\u043a\u043e\u0434\u0436\u0435\u043d\u043d\u044f\u00bb Sevich Vitamin With Morocan Oil 30 \u0448\u0442 \u0411\u0443\u0437\u043a\u043e\u0432\u0438\u0439\"}]},{\"@type\":\"WebSite\",\"@id\":\"https:\/\/madlenmakeup.com.ua\/#website\",\"url\":\"https:\/\/madlenmakeup.com.ua\/\",\"name\":\"Madlen Cosmetics\",\"description\":\"\u041c\u0430\u0433\u0430\u0437\u0438\u043d \u043f\u0440\u043e\u0444\u0435\u0441\u0456\u0439\u043d\u043e\u0457 \u043a\u043e\u0441\u043c\u0435\u0442\u0438\u043a\u0438\",\"publisher\":{\"@id\":\"https:\/\/madlenmakeup.com.ua\/#\/schema\/person\/49cd71213b472a6db978257e4616a5de\"},\"potentialAction\":[{\"@type\":\"SearchAction\",\"target\":{\"@type\":\"EntryPoint\",\"urlTemplate\":\"https:\/\/madlenmakeup.com.ua\/?s={search_term_string}\"},\"query-input\":{\"@type\":\"PropertyValueSpecification\",\"valueRequired\":true,\"valueName\":\"search_term_string\"}}],\"inLanguage\":\"pl-PL\"},{\"@type\":[\"Person\",\"Organization\"],\"@id\":\"https:\/\/madlenmakeup.com.ua\/#\/schema\/person\/49cd71213b472a6db978257e4616a5de\",\"name\":\"madlenmakeup\",\"image\":{\"@type\":\"ImageObject\",\"inLanguage\":\"pl-PL\",\"@id\":\"https:\/\/madlenmakeup.com.ua\/#\/schema\/person\/image\/\",\"url\":\"https:\/\/madlenmakeup.com.ua\/wp-content\/uploads\/2023\/04\/cropped-cropped-madlen-logo-removebg-preview.png\",\"contentUrl\":\"https:\/\/madlenmakeup.com.ua\/wp-content\/uploads\/2023\/04\/cropped-cropped-madlen-logo-removebg-preview.png\",\"width\":296,\"height\":70,\"caption\":\"madlenmakeup\"},\"logo\":{\"@id\":\"https:\/\/madlenmakeup.com.ua\/#\/schema\/person\/image\/\"},\"sameAs\":[\"http:\/\/madlenmakeup.com.ua\"]}]}<\/script>\n<!-- \/ Yoast SEO plugin. -->","yoast_head_json":{"title":"\u041a\u0430\u043f\u0441\u0443\u043b\u0438 \u0434\u043b\u044f \u0432\u043e\u043b\u043e\u0441\u0441\u044f Sevich Vitamin Morocan \u043e\u043f\u0442\u043e\u043c - Madlen Cosmetics","description":"\u041a\u0430\u043f\u0441\u0443\u043b\u0438 \u0434\u043b\u044f \u0432\u043e\u043b\u043e\u0441\u0441\u044f \u00ab\u0421\u0422\u041e\u041f-\u041f\u043e\u0448\u043a\u043e\u0434\u0436\u0435\u043d\u043d\u044f\u00bb Sevich Vitamin With Morocan \u043f\u0440\u043e\u0434\u0430\u0454\u0442\u044c\u0441\u044f \u043e\u043f\u0442\u043e\u043c. \u041d\u0438\u0437\u044c\u043a\u0456 \u0446\u0456\u043d\u0438. \u0412\u0435\u043b\u0438\u043a\u0438\u0439 \u0430\u0441\u043e\u0440\u0442\u0438\u043c\u0435\u043d\u0442\u0438 \u043a\u043e\u0441\u043c\u0435\u0442\u0438\u043a\u0438. \u0428\u0432\u0438\u0434\u043a\u0430 \u0434\u043e\u0441\u0442\u0430\u0432\u043a\u0430.","robots":{"index":"index","follow":"follow","max-snippet":"max-snippet:-1","max-image-preview":"max-image-preview:large","max-video-preview":"max-video-preview:-1"},"canonical":"https:\/\/madlenmakeup.com.ua\/pl\/produkt\/kapsuly-dlya-volossya-stop-poshkodzhennya-sevich-vitamin-with-morocan-oil-30-sht-buzkovyj\/","og_locale":"pl_PL","og_type":"article","og_title":"\u041a\u0430\u043f\u0441\u0443\u043b\u0438 \u0434\u043b\u044f \u0432\u043e\u043b\u043e\u0441\u0441\u044f Sevich Vitamin Morocan \u043e\u043f\u0442\u043e\u043c - Madlen Cosmetics","og_description":"\u041a\u0430\u043f\u0441\u0443\u043b\u0438 \u0434\u043b\u044f \u0432\u043e\u043b\u043e\u0441\u0441\u044f \u00ab\u0421\u0422\u041e\u041f-\u041f\u043e\u0448\u043a\u043e\u0434\u0436\u0435\u043d\u043d\u044f\u00bb Sevich Vitamin With Morocan \u043f\u0440\u043e\u0434\u0430\u0454\u0442\u044c\u0441\u044f \u043e\u043f\u0442\u043e\u043c. \u041d\u0438\u0437\u044c\u043a\u0456 \u0446\u0456\u043d\u0438. \u0412\u0435\u043b\u0438\u043a\u0438\u0439 \u0430\u0441\u043e\u0440\u0442\u0438\u043c\u0435\u043d\u0442\u0438 \u043a\u043e\u0441\u043c\u0435\u0442\u0438\u043a\u0438. \u0428\u0432\u0438\u0434\u043a\u0430 \u0434\u043e\u0441\u0442\u0430\u0432\u043a\u0430.","og_url":"https:\/\/madlenmakeup.com.ua\/pl\/produkt\/kapsuly-dlya-volossya-stop-poshkodzhennya-sevich-vitamin-with-morocan-oil-30-sht-buzkovyj\/","og_site_name":"Madlen Cosmetics","article_modified_time":"2026-04-07T23:09:12+00:00","og_image":[{"width":1080,"height":1069,"url":"https:\/\/madlenmakeup.com.ua\/wp-content\/uploads\/2023\/05\/Kapsuly-dlya-okrashennyh-volos-Sevich-Hair-Vitamin-With-Morocan-Oil-30-shtuk-kapsul-optom.jpg","type":"image\/jpeg"}],"twitter_card":"summary_large_image","twitter_misc":{"Szacowany czas czytania":"2 minuty"},"schema":{"@context":"https:\/\/schema.org","@graph":[{"@type":"WebPage","@id":"https:\/\/madlenmakeup.com.ua\/product\/kapsuly-dlya-volossya-stop-poshkodzhennya-sevich-vitamin-with-morocan-oil-30-sht-buzkovyj\/","url":"https:\/\/madlenmakeup.com.ua\/product\/kapsuly-dlya-volossya-stop-poshkodzhennya-sevich-vitamin-with-morocan-oil-30-sht-buzkovyj\/","name":"\u041a\u0430\u043f\u0441\u0443\u043b\u0438 \u0434\u043b\u044f \u0432\u043e\u043b\u043e\u0441\u0441\u044f Sevich Vitamin Morocan \u043e\u043f\u0442\u043e\u043c - Madlen Cosmetics","isPartOf":{"@id":"https:\/\/madlenmakeup.com.ua\/#website"},"primaryImageOfPage":{"@id":"https:\/\/madlenmakeup.com.ua\/product\/kapsuly-dlya-volossya-stop-poshkodzhennya-sevich-vitamin-with-morocan-oil-30-sht-buzkovyj\/#primaryimage"},"image":{"@id":"https:\/\/madlenmakeup.com.ua\/product\/kapsuly-dlya-volossya-stop-poshkodzhennya-sevich-vitamin-with-morocan-oil-30-sht-buzkovyj\/#primaryimage"},"thumbnailUrl":"https:\/\/madlenmakeup.com.ua\/wp-content\/uploads\/2023\/05\/Kapsuly-dlya-okrashennyh-volos-Sevich-Hair-Vitamin-With-Morocan-Oil-30-shtuk-kapsul-optom.jpg","datePublished":"2023-05-24T16:34:58+00:00","dateModified":"2026-04-07T23:09:12+00:00","description":"\u041a\u0430\u043f\u0441\u0443\u043b\u0438 \u0434\u043b\u044f \u0432\u043e\u043b\u043e\u0441\u0441\u044f \u00ab\u0421\u0422\u041e\u041f-\u041f\u043e\u0448\u043a\u043e\u0434\u0436\u0435\u043d\u043d\u044f\u00bb Sevich Vitamin With Morocan \u043f\u0440\u043e\u0434\u0430\u0454\u0442\u044c\u0441\u044f \u043e\u043f\u0442\u043e\u043c. \u041d\u0438\u0437\u044c\u043a\u0456 \u0446\u0456\u043d\u0438. \u0412\u0435\u043b\u0438\u043a\u0438\u0439 \u0430\u0441\u043e\u0440\u0442\u0438\u043c\u0435\u043d\u0442\u0438 \u043a\u043e\u0441\u043c\u0435\u0442\u0438\u043a\u0438. \u0428\u0432\u0438\u0434\u043a\u0430 \u0434\u043e\u0441\u0442\u0430\u0432\u043a\u0430.","breadcrumb":{"@id":"https:\/\/madlenmakeup.com.ua\/product\/kapsuly-dlya-volossya-stop-poshkodzhennya-sevich-vitamin-with-morocan-oil-30-sht-buzkovyj\/#breadcrumb"},"inLanguage":"pl-PL","potentialAction":[{"@type":"ReadAction","target":["https:\/\/madlenmakeup.com.ua\/product\/kapsuly-dlya-volossya-stop-poshkodzhennya-sevich-vitamin-with-morocan-oil-30-sht-buzkovyj\/"]}]},{"@type":"ImageObject","inLanguage":"pl-PL","@id":"https:\/\/madlenmakeup.com.ua\/product\/kapsuly-dlya-volossya-stop-poshkodzhennya-sevich-vitamin-with-morocan-oil-30-sht-buzkovyj\/#primaryimage","url":"https:\/\/madlenmakeup.com.ua\/wp-content\/uploads\/2023\/05\/Kapsuly-dlya-okrashennyh-volos-Sevich-Hair-Vitamin-With-Morocan-Oil-30-shtuk-kapsul-optom.jpg","contentUrl":"https:\/\/madlenmakeup.com.ua\/wp-content\/uploads\/2023\/05\/Kapsuly-dlya-okrashennyh-volos-Sevich-Hair-Vitamin-With-Morocan-Oil-30-shtuk-kapsul-optom.jpg","width":1080,"height":1069,"caption":"\u041a\u0430\u043f\u0441\u0443\u043b\u0438 \u0434\u043b\u044f \u0432\u043e\u043b\u043e\u0441\u0441\u044f \u00ab\u0421\u0422\u041e\u041f-\u041f\u043e\u0448\u043a\u043e\u0434\u0436\u0435\u043d\u043d\u044f\u00bb Sevich Vitamin With Morocan Oil 30 \u0448\u0442 \u0411\u0443\u0437\u043a\u043e\u0432\u0438\u0439"},{"@type":"BreadcrumbList","@id":"https:\/\/madlenmakeup.com.ua\/product\/kapsuly-dlya-volossya-stop-poshkodzhennya-sevich-vitamin-with-morocan-oil-30-sht-buzkovyj\/#breadcrumb","itemListElement":[{"@type":"ListItem","position":1,"name":"\u0413\u043e\u043b\u043e\u0432\u043d\u0430","item":"https:\/\/madlenmakeup.com.ua\/"},{"@type":"ListItem","position":2,"name":"\u041c\u0430\u0433\u0430\u0437\u0438\u043d","item":"https:\/\/madlenmakeup.com.ua\/shop\/"},{"@type":"ListItem","position":3,"name":"\u041a\u0430\u043f\u0441\u0443\u043b\u0438 \u0434\u043b\u044f \u0432\u043e\u043b\u043e\u0441\u0441\u044f \u00ab\u0421\u0422\u041e\u041f-\u041f\u043e\u0448\u043a\u043e\u0434\u0436\u0435\u043d\u043d\u044f\u00bb Sevich Vitamin With Morocan Oil 30 \u0448\u0442 \u0411\u0443\u0437\u043a\u043e\u0432\u0438\u0439"}]},{"@type":"WebSite","@id":"https:\/\/madlenmakeup.com.ua\/#website","url":"https:\/\/madlenmakeup.com.ua\/","name":"Madlen Cosmetics","description":"\u041c\u0430\u0433\u0430\u0437\u0438\u043d \u043f\u0440\u043e\u0444\u0435\u0441\u0456\u0439\u043d\u043e\u0457 \u043a\u043e\u0441\u043c\u0435\u0442\u0438\u043a\u0438","publisher":{"@id":"https:\/\/madlenmakeup.com.ua\/#\/schema\/person\/49cd71213b472a6db978257e4616a5de"},"potentialAction":[{"@type":"SearchAction","target":{"@type":"EntryPoint","urlTemplate":"https:\/\/madlenmakeup.com.ua\/?s={search_term_string}"},"query-input":{"@type":"PropertyValueSpecification","valueRequired":true,"valueName":"search_term_string"}}],"inLanguage":"pl-PL"},{"@type":["Person","Organization"],"@id":"https:\/\/madlenmakeup.com.ua\/#\/schema\/person\/49cd71213b472a6db978257e4616a5de","name":"madlenmakeup","image":{"@type":"ImageObject","inLanguage":"pl-PL","@id":"https:\/\/madlenmakeup.com.ua\/#\/schema\/person\/image\/","url":"https:\/\/madlenmakeup.com.ua\/wp-content\/uploads\/2023\/04\/cropped-cropped-madlen-logo-removebg-preview.png","contentUrl":"https:\/\/madlenmakeup.com.ua\/wp-content\/uploads\/2023\/04\/cropped-cropped-madlen-logo-removebg-preview.png","width":296,"height":70,"caption":"madlenmakeup"},"logo":{"@id":"https:\/\/madlenmakeup.com.ua\/#\/schema\/person\/image\/"},"sameAs":["http:\/\/madlenmakeup.com.ua"]}]}},"_links":{"self":[{"href":"https:\/\/madlenmakeup.com.ua\/pl\/wp-json\/wp\/v2\/product\/6264","targetHints":{"allow":["GET"]}}],"collection":[{"href":"https:\/\/madlenmakeup.com.ua\/pl\/wp-json\/wp\/v2\/product"}],"about":[{"href":"https:\/\/madlenmakeup.com.ua\/pl\/wp-json\/wp\/v2\/types\/product"}],"replies":[{"embeddable":true,"href":"https:\/\/madlenmakeup.com.ua\/pl\/wp-json\/wp\/v2\/comments?post=6264"}],"version-history":[{"count":1,"href":"https:\/\/madlenmakeup.com.ua\/pl\/wp-json\/wp\/v2\/product\/6264\/revisions"}],"predecessor-version":[{"id":6269,"href":"https:\/\/madlenmakeup.com.ua\/pl\/wp-json\/wp\/v2\/product\/6264\/revisions\/6269"}],"wp:featuredmedia":[{"embeddable":true,"href":"https:\/\/madlenmakeup.com.ua\/pl\/wp-json\/wp\/v2\/media\/6265"}],"wp:attachment":[{"href":"https:\/\/madlenmakeup.com.ua\/pl\/wp-json\/wp\/v2\/media?parent=6264"}],"wp:term":[{"taxonomy":"product_cat","embeddable":true,"href":"https:\/\/madlenmakeup.com.ua\/pl\/wp-json\/wp\/v2\/product_cat?post=6264"},{"taxonomy":"product_tag","embeddable":true,"href":"https:\/\/madlenmakeup.com.ua\/pl\/wp-json\/wp\/v2\/product_tag?post=6264"}],"curies":[{"name":"wp","href":"https:\/\/api.w.org\/{rel}","templated":true}]}}