{"id":6275,"date":"2023-05-24T21:57:26","date_gmt":"2023-05-24T18:57:26","guid":{"rendered":"https:\/\/madlenmakeup.com.ua\/?post_type=product&#038;p=6275"},"modified":"2026-04-08T02:11:14","modified_gmt":"2026-04-07T23:11:14","slug":"kapsuly-dlya-volossya-syayannya-koloru-sevich-vitamin-with-morocan-oil-camellia-oil-30-sht-zelenyj","status":"publish","type":"product","link":"https:\/\/madlenmakeup.com.ua\/pl\/produkt\/kapsuly-dlya-volossya-syayannya-koloru-sevich-vitamin-with-morocan-oil-camellia-oil-30-sht-zelenyj\/","title":{"rendered":"Sevich Kapsu\u0142ki do w\u0142os\u00f3w z olejkiem maroka\u0144skim i olejkiem kameliowym \u201eShine of Colour\u201d, 30 szt. Zielony"},"content":{"rendered":"<p><strong>Sevich Kapsu\u0142ki do w\u0142os\u00f3w z olejkiem maroka\u0144skim i olejkiem kameliowym \u201eShine of Colour\u201d<\/strong><\/p>\n<p>\u2764Do w\u0142os\u00f3w farbowanych i zniszczonych.<\/p>\n<p>\u2764Maroka\u0144ski olejek nawil\u017ca w\u0142osy i zatrzymuje wilgo\u0107 a\u017c do nast\u0119pnego mycia, nadaj\u0105c w\u0142osom blask i spr\u0119\u017cysto\u015b\u0107. Olejek z nasion kamelii zmi\u0119kcza pasemka, nadaje po\u0142ysk i usuwa rozdwojone ko\u0144c\u00f3wki na ca\u0142ej d\u0142ugo\u015bci.<\/p>\n<p>\u2764Kapsu\u0142ki tworz\u0105 na powierzchni w\u0142osa niewidoczny film, kt\u00f3ry zatrzymuje naturaln\u0105 wilgo\u0107 i zapobiega agresywnemu dzia\u0142aniu czynnik\u00f3w zewn\u0119trznych.<\/p>\n<p>\u2764W\u0142osy staj\u0105 si\u0119 l\u015bni\u0105ce, g\u0142adkie i elastyczne.\u00a0<\/p>\n<p class=\" translation-block\">Po zastosowaniu kapsu\u0142ek piel\u0119gnacja w\u0142os\u00f3w stanie si\u0119 prawdziw\u0105 przyjemno\u015bci\u0105! Ka\u017cda kapsu\u0142ka zawiera witaminow\u0105 bomb\u0119 dla w\u0142os\u00f3w w postaci regeneruj\u0105cego olejku z naturalnymi dodatkami. Olejek b\u0142yskawicznie poprawia kondycj\u0119 w\u0142os\u00f3w, a tak\u017ce dzia\u0142a termoochronnie. Otulaj\u0105c ka\u017cdy w\u0142os, olej normalizuje gospodark\u0119 wodn\u0105 i procesy wymiany, nadaje lokom jedwabisty po\u0142ysk i si\u0142\u0119. Kapsu\u0142ki zapobiegaj\u0105 nadmiernemu puszeniu si\u0119 pasemek i \u201euszczelniaj\u0105\u201d ko\u0144c\u00f3wki. W efekcie w\u0142osy staj\u0105 si\u0119 mi\u0119kkie i \u0142amliwe. A przy regularnym stosowaniu kapsu\u0142ek b\u0119dziesz w stanie wyhodowa\u0107 po\u017c\u0105dan\u0105 d\u0142ugo\u015b\u0107, loki zawsze b\u0119d\u0105 Ci\u0119 zachwyca\u0107 \u017cywym i zadbanym wygl\u0105dem.<\/p>\n<p><em>Kapsu\u0142ki zawsze mo\u017cesz zabra\u0107 w podr\u00f3\u017c (wakacje, wyjazd s\u0142u\u017cbowy, weekend). Kilka kapsu\u0142ek nic nie wa\u017cy i nie zajmie du\u017co miejsca, a w\u0142osy b\u0119d\u0105 wygl\u0105da\u0107 na 100 w tym samym czasie.<\/em><\/p>\n<p><strong>JAK U\u017bYWA\u0106:<\/strong><\/p>\n<ul>\n<li>Umyj w\u0142osy i osusz r\u0119cznikiem.<\/li>\n<li>Odci\u0105\u0107 lub odkr\u0119ci\u0107 nakr\u0119tk\u0119 kapsu\u0142ki.<\/li>\n<li>\u015aci\u015bnij zawarto\u015b\u0107 w d\u0142oni, rozgrzej j\u0105 rozcieraj\u0105c d\u0142onie i na\u0142\u00f3\u017c na w\u0142osy, pozostawiaj\u0105c 10-15 cm od nasady.<\/li>\n<li>Nie zmywa\u0107!<\/li>\n<li>Wysusz w\u0142osy w zwyk\u0142y spos\u00f3b.<\/li>\n<li>Mo\u017ce by\u0107 stosowany przed i po czesaniu. Jest skuteczny r\u00f3wnie\u017c przy stosowaniu na suche w\u0142osy.<\/li>\n<\/ul>","protected":false},"excerpt":{"rendered":"<p>\u041a\u0430\u043f\u0441\u0443\u043b\u0438 \u0434\u043b\u044f \u0432\u043e\u043b\u043e\u0441\u0441\u044f \u00ab\u0421\u044f\u044f\u043d\u043d\u044f \u043a\u043e\u043b\u044c\u043e\u0440\u0443\u00bb Sevich Vitamin With Morocan Oil &amp; Camellia Oil. \u2764\u0414\u043b\u044f \u0444\u0430\u0440\u0431\u043e\u0432\u0430\u043d\u043e\u0433\u043e \u043f\u043e\u0448\u043a\u043e\u0434\u0436\u0435\u043d\u043e\u0433\u043e \u0432\u043e\u043b\u043e\u0441\u0441\u044f. \u2764\u041c\u0430\u0440\u043e\u043a\u043a\u0430\u043d\u0441\u044c\u043a\u0430 \u043e\u043b\u0456\u044f \u0437\u0432\u043e\u043b\u043e\u0436\u0443\u0454 \u0432\u043e\u043b\u043e\u0441\u0441\u044f \u0456 \u0437\u0431\u0435\u0440\u0456\u0433\u0430\u0454 \u0432\u043e\u043b\u043e\u0433\u0443 \u0430\u0436 \u0434\u043e \u043d\u0430\u0441\u0442\u0443\u043f\u043d\u043e\u0433\u043e \u043c\u0438\u0442\u0442\u044f, \u043d\u0430\u0434\u0430\u044e\u0447\u0438 \u0432\u043e\u043b\u043e\u0441\u0441\u044e \u0441\u044f\u0439\u0432\u043e \u0456 \u0435\u043b\u0430\u0441\u0442\u0438\u0447\u043d\u0456\u0441\u0442\u044c. \u041e\u043b\u0456\u044f \u043d\u0430\u0441\u0456\u043d\u043d\u044f \u041a\u0430\u043c\u0435\u043b\u0456\u0457 \u043f\u043e\u043c&#8217;\u044f\u043a\u0448\u0443\u0454 \u043f\u0430\u0441\u043c\u0430, \u043d\u0430\u0434\u0430\u0454 \u0431\u043b\u0438\u0441\u043a\u0443 \u0456 \u043f\u0440\u0438\u0431\u0438\u0440\u0430\u0454 \u043f\u043e\u0441\u0456\u0447\u0435\u043d\u0456\u0441\u0442\u044c \u043f\u043e \u0432\u0441\u0456\u0439 \u0434\u043e\u0432\u0436\u0438\u043d\u0456. \u2764\u041a\u0430\u043f\u0441\u0443\u043b\u0438 \u0441\u0442\u0432\u043e\u0440\u044e\u044e\u0442\u044c \u043d\u0430 \u043f\u043e\u0432\u0435\u0440\u0445\u043d\u0456 \u0432\u043e\u043b\u043e\u0441\u0441\u044f \u043d\u0435\u0432\u0438\u0434\u0438\u043c\u0443 \u043f\u043b\u0456\u0432\u043a\u0443, \u044f\u043a\u0430 \u0443\u0442\u0440\u0438\u043c\u0443\u0454 &hellip;<\/p>\n<p class=\"read-more\"> <a class=\"\" href=\"https:\/\/madlenmakeup.com.ua\/pl\/produkt\/kapsuly-dlya-volossya-syayannya-koloru-sevich-vitamin-with-morocan-oil-camellia-oil-30-sht-zelenyj\/\"> <span class=\"screen-reader-text\">Sevich Kapsu\u0142ki do w\u0142os\u00f3w z olejkiem maroka\u0144skim i olejkiem kameliowym \u201eShine of Colour\u201d, 30 szt. Zielony<\/span> Read More &raquo;<\/a><\/p>","protected":false},"featured_media":6276,"comment_status":"open","ping_status":"closed","template":"","meta":{"site-sidebar-layout":"default","site-content-layout":"default","ast-global-header-display":"","ast-main-header-display":"","ast-hfb-above-header-display":"","ast-hfb-below-header-display":"","ast-hfb-mobile-header-display":"","site-post-title":"","ast-breadcrumbs-content":"","ast-featured-img":"","footer-sml-layout":"","theme-transparent-header-meta":"default","adv-header-id-meta":"","stick-header-meta":"","header-above-stick-meta":"","header-main-stick-meta":"","header-below-stick-meta":""},"product_cat":[64],"product_tag":[],"class_list":{"0":"post-6275","1":"product","2":"type-product","3":"status-publish","4":"has-post-thumbnail","6":"product_brand-sevich-hair-vitamin","7":"product_cat-volossya","8":"desktop-align-left","9":"tablet-align-left","10":"mobile-align-left","12":"first","13":"outofstock","14":"shipping-taxable","15":"purchasable","16":"product-type-simple"},"yoast_head":"<!-- This site is optimized with the Yoast SEO plugin v25.6 - https:\/\/yoast.com\/wordpress\/plugins\/seo\/ -->\n<title>\u041a\u0430\u043f\u0441\u0443\u043b\u0438 \u0434\u043b\u044f \u0432\u043e\u043b\u043e\u0441\u0441\u044f Sevich Vitamin Morocan \u043e\u043f\u0442\u043e\u043c - Madlen Cosmetics<\/title>\n<meta name=\"description\" content=\"\u041a\u0430\u043f\u0441\u0443\u043b\u0438 \u0434\u043b\u044f \u0432\u043e\u043b\u043e\u0441\u0441\u044f \u00ab\u0421\u044f\u044f\u043d\u043d\u044f \u043a\u043e\u043b\u044c\u043e\u0440\u0443\u00bb Sevich Vitamin With Morocan Oil &amp; Camellia Oil \u043f\u0440\u043e\u0434\u0430\u0454\u0442\u044c\u0441\u044f \u043e\u043f\u0442\u043e\u043c. \u041d\u0438\u0437\u044c\u043a\u0456 \u0446\u0456\u043d\u0438. \u0412\u0435\u043b\u0438\u043a\u0438\u0439 \u0430\u0441\u043e\u0440\u0442\u0438\u043c\u0435\u043d\u0442\u0438 \u043a\u043e\u0441\u043c\u0435\u0442\u0438\u043a\u0438.\" \/>\n<meta name=\"robots\" content=\"index, follow, max-snippet:-1, max-image-preview:large, max-video-preview:-1\" \/>\n<link rel=\"canonical\" href=\"https:\/\/madlenmakeup.com.ua\/pl\/produkt\/kapsuly-dlya-volossya-syayannya-koloru-sevich-vitamin-with-morocan-oil-camellia-oil-30-sht-zelenyj\/\" \/>\n<meta property=\"og:locale\" content=\"pl_PL\" \/>\n<meta property=\"og:type\" content=\"article\" \/>\n<meta property=\"og:title\" content=\"\u041a\u0430\u043f\u0441\u0443\u043b\u0438 \u0434\u043b\u044f \u0432\u043e\u043b\u043e\u0441\u0441\u044f Sevich Vitamin Morocan \u043e\u043f\u0442\u043e\u043c - Madlen Cosmetics\" \/>\n<meta property=\"og:description\" content=\"\u041a\u0430\u043f\u0441\u0443\u043b\u0438 \u0434\u043b\u044f \u0432\u043e\u043b\u043e\u0441\u0441\u044f \u00ab\u0421\u044f\u044f\u043d\u043d\u044f \u043a\u043e\u043b\u044c\u043e\u0440\u0443\u00bb Sevich Vitamin With Morocan Oil &amp; Camellia Oil \u043f\u0440\u043e\u0434\u0430\u0454\u0442\u044c\u0441\u044f \u043e\u043f\u0442\u043e\u043c. \u041d\u0438\u0437\u044c\u043a\u0456 \u0446\u0456\u043d\u0438. \u0412\u0435\u043b\u0438\u043a\u0438\u0439 \u0430\u0441\u043e\u0440\u0442\u0438\u043c\u0435\u043d\u0442\u0438 \u043a\u043e\u0441\u043c\u0435\u0442\u0438\u043a\u0438.\" \/>\n<meta property=\"og:url\" content=\"https:\/\/madlenmakeup.com.ua\/pl\/produkt\/kapsuly-dlya-volossya-syayannya-koloru-sevich-vitamin-with-morocan-oil-camellia-oil-30-sht-zelenyj\/\" \/>\n<meta property=\"og:site_name\" content=\"Madlen Cosmetics\" \/>\n<meta property=\"article:modified_time\" content=\"2026-04-07T23:11:14+00:00\" \/>\n<meta property=\"og:image\" content=\"https:\/\/madlenmakeup.com.ua\/wp-content\/uploads\/2023\/05\/Kapsuly-dlya-volos-Syyanye-tsveta-Sevich-Vitamin-With-Morocan-Oil-Camellia-Oil.jpg\" \/>\n\t<meta property=\"og:image:width\" content=\"1080\" \/>\n\t<meta property=\"og:image:height\" content=\"1071\" \/>\n\t<meta property=\"og:image:type\" content=\"image\/jpeg\" \/>\n<meta name=\"twitter:card\" content=\"summary_large_image\" \/>\n<meta name=\"twitter:label1\" content=\"Szacowany czas czytania\" \/>\n\t<meta name=\"twitter:data1\" content=\"2 minuty\" \/>\n<script type=\"application\/ld+json\" class=\"yoast-schema-graph\">{\"@context\":\"https:\/\/schema.org\",\"@graph\":[{\"@type\":\"WebPage\",\"@id\":\"https:\/\/madlenmakeup.com.ua\/product\/kapsuly-dlya-volossya-syayannya-koloru-sevich-vitamin-with-morocan-oil-camellia-oil-30-sht-zelenyj\/\",\"url\":\"https:\/\/madlenmakeup.com.ua\/product\/kapsuly-dlya-volossya-syayannya-koloru-sevich-vitamin-with-morocan-oil-camellia-oil-30-sht-zelenyj\/\",\"name\":\"\u041a\u0430\u043f\u0441\u0443\u043b\u0438 \u0434\u043b\u044f \u0432\u043e\u043b\u043e\u0441\u0441\u044f Sevich Vitamin Morocan \u043e\u043f\u0442\u043e\u043c - Madlen Cosmetics\",\"isPartOf\":{\"@id\":\"https:\/\/madlenmakeup.com.ua\/#website\"},\"primaryImageOfPage\":{\"@id\":\"https:\/\/madlenmakeup.com.ua\/product\/kapsuly-dlya-volossya-syayannya-koloru-sevich-vitamin-with-morocan-oil-camellia-oil-30-sht-zelenyj\/#primaryimage\"},\"image\":{\"@id\":\"https:\/\/madlenmakeup.com.ua\/product\/kapsuly-dlya-volossya-syayannya-koloru-sevich-vitamin-with-morocan-oil-camellia-oil-30-sht-zelenyj\/#primaryimage\"},\"thumbnailUrl\":\"https:\/\/madlenmakeup.com.ua\/wp-content\/uploads\/2023\/05\/Kapsuly-dlya-volos-Syyanye-tsveta-Sevich-Vitamin-With-Morocan-Oil-Camellia-Oil.jpg\",\"datePublished\":\"2023-05-24T18:57:26+00:00\",\"dateModified\":\"2026-04-07T23:11:14+00:00\",\"description\":\"\u041a\u0430\u043f\u0441\u0443\u043b\u0438 \u0434\u043b\u044f \u0432\u043e\u043b\u043e\u0441\u0441\u044f \u00ab\u0421\u044f\u044f\u043d\u043d\u044f \u043a\u043e\u043b\u044c\u043e\u0440\u0443\u00bb Sevich Vitamin With Morocan Oil & Camellia Oil \u043f\u0440\u043e\u0434\u0430\u0454\u0442\u044c\u0441\u044f \u043e\u043f\u0442\u043e\u043c. \u041d\u0438\u0437\u044c\u043a\u0456 \u0446\u0456\u043d\u0438. \u0412\u0435\u043b\u0438\u043a\u0438\u0439 \u0430\u0441\u043e\u0440\u0442\u0438\u043c\u0435\u043d\u0442\u0438 \u043a\u043e\u0441\u043c\u0435\u0442\u0438\u043a\u0438.\",\"breadcrumb\":{\"@id\":\"https:\/\/madlenmakeup.com.ua\/product\/kapsuly-dlya-volossya-syayannya-koloru-sevich-vitamin-with-morocan-oil-camellia-oil-30-sht-zelenyj\/#breadcrumb\"},\"inLanguage\":\"pl-PL\",\"potentialAction\":[{\"@type\":\"ReadAction\",\"target\":[\"https:\/\/madlenmakeup.com.ua\/product\/kapsuly-dlya-volossya-syayannya-koloru-sevich-vitamin-with-morocan-oil-camellia-oil-30-sht-zelenyj\/\"]}]},{\"@type\":\"ImageObject\",\"inLanguage\":\"pl-PL\",\"@id\":\"https:\/\/madlenmakeup.com.ua\/product\/kapsuly-dlya-volossya-syayannya-koloru-sevich-vitamin-with-morocan-oil-camellia-oil-30-sht-zelenyj\/#primaryimage\",\"url\":\"https:\/\/madlenmakeup.com.ua\/wp-content\/uploads\/2023\/05\/Kapsuly-dlya-volos-Syyanye-tsveta-Sevich-Vitamin-With-Morocan-Oil-Camellia-Oil.jpg\",\"contentUrl\":\"https:\/\/madlenmakeup.com.ua\/wp-content\/uploads\/2023\/05\/Kapsuly-dlya-volos-Syyanye-tsveta-Sevich-Vitamin-With-Morocan-Oil-Camellia-Oil.jpg\",\"width\":1080,\"height\":1071,\"caption\":\"\u041a\u0430\u043f\u0441\u0443\u043b\u0438 \u0434\u043b\u044f \u0432\u043e\u043b\u043e\u0441\u0441\u044f \u00ab\u0421\u044f\u044f\u043d\u043d\u044f \u043a\u043e\u043b\u044c\u043e\u0440\u0443\u00bb Sevich Vitamin With Morocan Oil &amp; Camellia Oil, 30 \u0448\u0442 \u0417\u0435\u043b\u0435\u043d\u0438\u0439\"},{\"@type\":\"BreadcrumbList\",\"@id\":\"https:\/\/madlenmakeup.com.ua\/product\/kapsuly-dlya-volossya-syayannya-koloru-sevich-vitamin-with-morocan-oil-camellia-oil-30-sht-zelenyj\/#breadcrumb\",\"itemListElement\":[{\"@type\":\"ListItem\",\"position\":1,\"name\":\"\u0413\u043e\u043b\u043e\u0432\u043d\u0430\",\"item\":\"https:\/\/madlenmakeup.com.ua\/\"},{\"@type\":\"ListItem\",\"position\":2,\"name\":\"\u041c\u0430\u0433\u0430\u0437\u0438\u043d\",\"item\":\"https:\/\/madlenmakeup.com.ua\/shop\/\"},{\"@type\":\"ListItem\",\"position\":3,\"name\":\"\u041a\u0430\u043f\u0441\u0443\u043b\u0438 \u0434\u043b\u044f \u0432\u043e\u043b\u043e\u0441\u0441\u044f \u00ab\u0421\u044f\u044f\u043d\u043d\u044f \u043a\u043e\u043b\u044c\u043e\u0440\u0443\u00bb Sevich Vitamin With Morocan Oil &#038; Camellia Oil, 30 \u0448\u0442 \u0417\u0435\u043b\u0435\u043d\u0438\u0439\"}]},{\"@type\":\"WebSite\",\"@id\":\"https:\/\/madlenmakeup.com.ua\/#website\",\"url\":\"https:\/\/madlenmakeup.com.ua\/\",\"name\":\"Madlen Cosmetics\",\"description\":\"\u041c\u0430\u0433\u0430\u0437\u0438\u043d \u043f\u0440\u043e\u0444\u0435\u0441\u0456\u0439\u043d\u043e\u0457 \u043a\u043e\u0441\u043c\u0435\u0442\u0438\u043a\u0438\",\"publisher\":{\"@id\":\"https:\/\/madlenmakeup.com.ua\/#\/schema\/person\/49cd71213b472a6db978257e4616a5de\"},\"potentialAction\":[{\"@type\":\"SearchAction\",\"target\":{\"@type\":\"EntryPoint\",\"urlTemplate\":\"https:\/\/madlenmakeup.com.ua\/?s={search_term_string}\"},\"query-input\":{\"@type\":\"PropertyValueSpecification\",\"valueRequired\":true,\"valueName\":\"search_term_string\"}}],\"inLanguage\":\"pl-PL\"},{\"@type\":[\"Person\",\"Organization\"],\"@id\":\"https:\/\/madlenmakeup.com.ua\/#\/schema\/person\/49cd71213b472a6db978257e4616a5de\",\"name\":\"madlenmakeup\",\"image\":{\"@type\":\"ImageObject\",\"inLanguage\":\"pl-PL\",\"@id\":\"https:\/\/madlenmakeup.com.ua\/#\/schema\/person\/image\/\",\"url\":\"https:\/\/madlenmakeup.com.ua\/wp-content\/uploads\/2023\/04\/cropped-cropped-madlen-logo-removebg-preview.png\",\"contentUrl\":\"https:\/\/madlenmakeup.com.ua\/wp-content\/uploads\/2023\/04\/cropped-cropped-madlen-logo-removebg-preview.png\",\"width\":296,\"height\":70,\"caption\":\"madlenmakeup\"},\"logo\":{\"@id\":\"https:\/\/madlenmakeup.com.ua\/#\/schema\/person\/image\/\"},\"sameAs\":[\"http:\/\/madlenmakeup.com.ua\"]}]}<\/script>\n<!-- \/ Yoast SEO plugin. -->","yoast_head_json":{"title":"\u041a\u0430\u043f\u0441\u0443\u043b\u0438 \u0434\u043b\u044f \u0432\u043e\u043b\u043e\u0441\u0441\u044f Sevich Vitamin Morocan \u043e\u043f\u0442\u043e\u043c - Madlen Cosmetics","description":"\u041a\u0430\u043f\u0441\u0443\u043b\u0438 \u0434\u043b\u044f \u0432\u043e\u043b\u043e\u0441\u0441\u044f \u00ab\u0421\u044f\u044f\u043d\u043d\u044f \u043a\u043e\u043b\u044c\u043e\u0440\u0443\u00bb Sevich Vitamin With Morocan Oil & Camellia Oil \u043f\u0440\u043e\u0434\u0430\u0454\u0442\u044c\u0441\u044f \u043e\u043f\u0442\u043e\u043c. \u041d\u0438\u0437\u044c\u043a\u0456 \u0446\u0456\u043d\u0438. \u0412\u0435\u043b\u0438\u043a\u0438\u0439 \u0430\u0441\u043e\u0440\u0442\u0438\u043c\u0435\u043d\u0442\u0438 \u043a\u043e\u0441\u043c\u0435\u0442\u0438\u043a\u0438.","robots":{"index":"index","follow":"follow","max-snippet":"max-snippet:-1","max-image-preview":"max-image-preview:large","max-video-preview":"max-video-preview:-1"},"canonical":"https:\/\/madlenmakeup.com.ua\/pl\/produkt\/kapsuly-dlya-volossya-syayannya-koloru-sevich-vitamin-with-morocan-oil-camellia-oil-30-sht-zelenyj\/","og_locale":"pl_PL","og_type":"article","og_title":"\u041a\u0430\u043f\u0441\u0443\u043b\u0438 \u0434\u043b\u044f \u0432\u043e\u043b\u043e\u0441\u0441\u044f Sevich Vitamin Morocan \u043e\u043f\u0442\u043e\u043c - Madlen Cosmetics","og_description":"\u041a\u0430\u043f\u0441\u0443\u043b\u0438 \u0434\u043b\u044f \u0432\u043e\u043b\u043e\u0441\u0441\u044f \u00ab\u0421\u044f\u044f\u043d\u043d\u044f \u043a\u043e\u043b\u044c\u043e\u0440\u0443\u00bb Sevich Vitamin With Morocan Oil & Camellia Oil \u043f\u0440\u043e\u0434\u0430\u0454\u0442\u044c\u0441\u044f \u043e\u043f\u0442\u043e\u043c. \u041d\u0438\u0437\u044c\u043a\u0456 \u0446\u0456\u043d\u0438. \u0412\u0435\u043b\u0438\u043a\u0438\u0439 \u0430\u0441\u043e\u0440\u0442\u0438\u043c\u0435\u043d\u0442\u0438 \u043a\u043e\u0441\u043c\u0435\u0442\u0438\u043a\u0438.","og_url":"https:\/\/madlenmakeup.com.ua\/pl\/produkt\/kapsuly-dlya-volossya-syayannya-koloru-sevich-vitamin-with-morocan-oil-camellia-oil-30-sht-zelenyj\/","og_site_name":"Madlen Cosmetics","article_modified_time":"2026-04-07T23:11:14+00:00","og_image":[{"width":1080,"height":1071,"url":"https:\/\/madlenmakeup.com.ua\/wp-content\/uploads\/2023\/05\/Kapsuly-dlya-volos-Syyanye-tsveta-Sevich-Vitamin-With-Morocan-Oil-Camellia-Oil.jpg","type":"image\/jpeg"}],"twitter_card":"summary_large_image","twitter_misc":{"Szacowany czas czytania":"2 minuty"},"schema":{"@context":"https:\/\/schema.org","@graph":[{"@type":"WebPage","@id":"https:\/\/madlenmakeup.com.ua\/product\/kapsuly-dlya-volossya-syayannya-koloru-sevich-vitamin-with-morocan-oil-camellia-oil-30-sht-zelenyj\/","url":"https:\/\/madlenmakeup.com.ua\/product\/kapsuly-dlya-volossya-syayannya-koloru-sevich-vitamin-with-morocan-oil-camellia-oil-30-sht-zelenyj\/","name":"\u041a\u0430\u043f\u0441\u0443\u043b\u0438 \u0434\u043b\u044f \u0432\u043e\u043b\u043e\u0441\u0441\u044f Sevich Vitamin Morocan \u043e\u043f\u0442\u043e\u043c - Madlen Cosmetics","isPartOf":{"@id":"https:\/\/madlenmakeup.com.ua\/#website"},"primaryImageOfPage":{"@id":"https:\/\/madlenmakeup.com.ua\/product\/kapsuly-dlya-volossya-syayannya-koloru-sevich-vitamin-with-morocan-oil-camellia-oil-30-sht-zelenyj\/#primaryimage"},"image":{"@id":"https:\/\/madlenmakeup.com.ua\/product\/kapsuly-dlya-volossya-syayannya-koloru-sevich-vitamin-with-morocan-oil-camellia-oil-30-sht-zelenyj\/#primaryimage"},"thumbnailUrl":"https:\/\/madlenmakeup.com.ua\/wp-content\/uploads\/2023\/05\/Kapsuly-dlya-volos-Syyanye-tsveta-Sevich-Vitamin-With-Morocan-Oil-Camellia-Oil.jpg","datePublished":"2023-05-24T18:57:26+00:00","dateModified":"2026-04-07T23:11:14+00:00","description":"\u041a\u0430\u043f\u0441\u0443\u043b\u0438 \u0434\u043b\u044f \u0432\u043e\u043b\u043e\u0441\u0441\u044f \u00ab\u0421\u044f\u044f\u043d\u043d\u044f \u043a\u043e\u043b\u044c\u043e\u0440\u0443\u00bb Sevich Vitamin With Morocan Oil & Camellia Oil \u043f\u0440\u043e\u0434\u0430\u0454\u0442\u044c\u0441\u044f \u043e\u043f\u0442\u043e\u043c. \u041d\u0438\u0437\u044c\u043a\u0456 \u0446\u0456\u043d\u0438. \u0412\u0435\u043b\u0438\u043a\u0438\u0439 \u0430\u0441\u043e\u0440\u0442\u0438\u043c\u0435\u043d\u0442\u0438 \u043a\u043e\u0441\u043c\u0435\u0442\u0438\u043a\u0438.","breadcrumb":{"@id":"https:\/\/madlenmakeup.com.ua\/product\/kapsuly-dlya-volossya-syayannya-koloru-sevich-vitamin-with-morocan-oil-camellia-oil-30-sht-zelenyj\/#breadcrumb"},"inLanguage":"pl-PL","potentialAction":[{"@type":"ReadAction","target":["https:\/\/madlenmakeup.com.ua\/product\/kapsuly-dlya-volossya-syayannya-koloru-sevich-vitamin-with-morocan-oil-camellia-oil-30-sht-zelenyj\/"]}]},{"@type":"ImageObject","inLanguage":"pl-PL","@id":"https:\/\/madlenmakeup.com.ua\/product\/kapsuly-dlya-volossya-syayannya-koloru-sevich-vitamin-with-morocan-oil-camellia-oil-30-sht-zelenyj\/#primaryimage","url":"https:\/\/madlenmakeup.com.ua\/wp-content\/uploads\/2023\/05\/Kapsuly-dlya-volos-Syyanye-tsveta-Sevich-Vitamin-With-Morocan-Oil-Camellia-Oil.jpg","contentUrl":"https:\/\/madlenmakeup.com.ua\/wp-content\/uploads\/2023\/05\/Kapsuly-dlya-volos-Syyanye-tsveta-Sevich-Vitamin-With-Morocan-Oil-Camellia-Oil.jpg","width":1080,"height":1071,"caption":"\u041a\u0430\u043f\u0441\u0443\u043b\u0438 \u0434\u043b\u044f \u0432\u043e\u043b\u043e\u0441\u0441\u044f \u00ab\u0421\u044f\u044f\u043d\u043d\u044f \u043a\u043e\u043b\u044c\u043e\u0440\u0443\u00bb Sevich Vitamin With Morocan Oil &amp; Camellia Oil, 30 \u0448\u0442 \u0417\u0435\u043b\u0435\u043d\u0438\u0439"},{"@type":"BreadcrumbList","@id":"https:\/\/madlenmakeup.com.ua\/product\/kapsuly-dlya-volossya-syayannya-koloru-sevich-vitamin-with-morocan-oil-camellia-oil-30-sht-zelenyj\/#breadcrumb","itemListElement":[{"@type":"ListItem","position":1,"name":"\u0413\u043e\u043b\u043e\u0432\u043d\u0430","item":"https:\/\/madlenmakeup.com.ua\/"},{"@type":"ListItem","position":2,"name":"\u041c\u0430\u0433\u0430\u0437\u0438\u043d","item":"https:\/\/madlenmakeup.com.ua\/shop\/"},{"@type":"ListItem","position":3,"name":"\u041a\u0430\u043f\u0441\u0443\u043b\u0438 \u0434\u043b\u044f \u0432\u043e\u043b\u043e\u0441\u0441\u044f \u00ab\u0421\u044f\u044f\u043d\u043d\u044f \u043a\u043e\u043b\u044c\u043e\u0440\u0443\u00bb Sevich Vitamin With Morocan Oil &#038; Camellia Oil, 30 \u0448\u0442 \u0417\u0435\u043b\u0435\u043d\u0438\u0439"}]},{"@type":"WebSite","@id":"https:\/\/madlenmakeup.com.ua\/#website","url":"https:\/\/madlenmakeup.com.ua\/","name":"Madlen Cosmetics","description":"\u041c\u0430\u0433\u0430\u0437\u0438\u043d \u043f\u0440\u043e\u0444\u0435\u0441\u0456\u0439\u043d\u043e\u0457 \u043a\u043e\u0441\u043c\u0435\u0442\u0438\u043a\u0438","publisher":{"@id":"https:\/\/madlenmakeup.com.ua\/#\/schema\/person\/49cd71213b472a6db978257e4616a5de"},"potentialAction":[{"@type":"SearchAction","target":{"@type":"EntryPoint","urlTemplate":"https:\/\/madlenmakeup.com.ua\/?s={search_term_string}"},"query-input":{"@type":"PropertyValueSpecification","valueRequired":true,"valueName":"search_term_string"}}],"inLanguage":"pl-PL"},{"@type":["Person","Organization"],"@id":"https:\/\/madlenmakeup.com.ua\/#\/schema\/person\/49cd71213b472a6db978257e4616a5de","name":"madlenmakeup","image":{"@type":"ImageObject","inLanguage":"pl-PL","@id":"https:\/\/madlenmakeup.com.ua\/#\/schema\/person\/image\/","url":"https:\/\/madlenmakeup.com.ua\/wp-content\/uploads\/2023\/04\/cropped-cropped-madlen-logo-removebg-preview.png","contentUrl":"https:\/\/madlenmakeup.com.ua\/wp-content\/uploads\/2023\/04\/cropped-cropped-madlen-logo-removebg-preview.png","width":296,"height":70,"caption":"madlenmakeup"},"logo":{"@id":"https:\/\/madlenmakeup.com.ua\/#\/schema\/person\/image\/"},"sameAs":["http:\/\/madlenmakeup.com.ua"]}]}},"_links":{"self":[{"href":"https:\/\/madlenmakeup.com.ua\/pl\/wp-json\/wp\/v2\/product\/6275","targetHints":{"allow":["GET"]}}],"collection":[{"href":"https:\/\/madlenmakeup.com.ua\/pl\/wp-json\/wp\/v2\/product"}],"about":[{"href":"https:\/\/madlenmakeup.com.ua\/pl\/wp-json\/wp\/v2\/types\/product"}],"replies":[{"embeddable":true,"href":"https:\/\/madlenmakeup.com.ua\/pl\/wp-json\/wp\/v2\/comments?post=6275"}],"version-history":[{"count":2,"href":"https:\/\/madlenmakeup.com.ua\/pl\/wp-json\/wp\/v2\/product\/6275\/revisions"}],"predecessor-version":[{"id":6324,"href":"https:\/\/madlenmakeup.com.ua\/pl\/wp-json\/wp\/v2\/product\/6275\/revisions\/6324"}],"wp:featuredmedia":[{"embeddable":true,"href":"https:\/\/madlenmakeup.com.ua\/pl\/wp-json\/wp\/v2\/media\/6276"}],"wp:attachment":[{"href":"https:\/\/madlenmakeup.com.ua\/pl\/wp-json\/wp\/v2\/media?parent=6275"}],"wp:term":[{"taxonomy":"product_cat","embeddable":true,"href":"https:\/\/madlenmakeup.com.ua\/pl\/wp-json\/wp\/v2\/product_cat?post=6275"},{"taxonomy":"product_tag","embeddable":true,"href":"https:\/\/madlenmakeup.com.ua\/pl\/wp-json\/wp\/v2\/product_tag?post=6275"}],"curies":[{"name":"wp","href":"https:\/\/api.w.org\/{rel}","templated":true}]}}