{"id":6566,"date":"2024-01-07T02:26:44","date_gmt":"2024-01-07T00:26:44","guid":{"rendered":"https:\/\/madlenmakeup.com.ua\/?post_type=product&#038;p=6566"},"modified":"2026-03-11T12:04:33","modified_gmt":"2026-03-11T10:04:33","slug":"pudrovyj-olivets-dlya-briv-113-madlen-powder-eyebrow-pencil","status":"publish","type":"product","link":"https:\/\/madlenmakeup.com.ua\/pl\/produkt\/pudrovyj-olivets-dlya-briv-113-madlen-powder-eyebrow-pencil\/","title":{"rendered":"Pudrowy o\u0142\u00f3wek do brwi 113 Madlen Powder Brow Pencil"},"content":{"rendered":"<p>Pudrowy o\u0142\u00f3wek do brwi 113 Madlen Powder Brow Pencil<br \/>\nChcesz, aby Twoje rysy twarzy by\u0142y bardziej wyraziste? Uzyskaj wysokiej jako\u015bci makija\u017c brwi. Wykorzystaj do tego nowo\u015b\u0107 od Madlen \u2013 kredk\u0119 do brwi w proszku. Spo\u015br\u00f3d trzech odcieni wybierz sw\u00f3j i odwa\u017cnie aplikuj poci\u0105gni\u0119cia \u2013 dodaj kolor i kszta\u0142t, a potem ciesz si\u0119 efektem.<br \/>\nPodstaw\u0105 o\u0142\u00f3wka do brwi jest drobno sprasowany puder, kt\u00f3ry idealnie si\u0119 rozprowadza, nie osypuje si\u0119, podkre\u015bla kontur brwi, definiuje kszta\u0142t i utrzymuje naturalny kolor. To ma\u0142e narz\u0119dzie kosmetyczne sprawia, \u017ce \u200b\u200brysy twarzy staj\u0105 si\u0119 bardziej wyraziste. Kredka do brwi Madlen Powder zapewnia d\u0142ugotrwa\u0142y kolor bez konieczno\u015bci poprawek.<br \/>\n\u041f\u0443\u0434\u0440\u043e\u0432\u0438\u0439 \u043e\u043b\u0456\u0432\u0435\u0446\u044c \u0434\u043b\u044f \u0431\u0440\u0456\u0432 113 Madlen Powder Eyebrow Pencil \u041c\u043e\u0436\u043d\u0430 \u043a\u0443\u043f\u0438\u0442\u0438 \u043e\u043f\u0442\u043e\u043c.<\/p>","protected":false},"excerpt":{"rendered":"<p><img loading=\"lazy\" decoding=\"async\" class=\"\" src=\"\/wp-content\/uploads\/2023\/04\/1f1ea-1f1fa.png\" alt=\"\u042d\u043c\u043e\u0434\u0437\u0438 \ud83c\uddea\ud83c\uddfa Apple \u0438 iOS\" width=\"40\" height=\"40\" \/> <strong>Europejska jako\u015b\u0107 <\/strong><img loading=\"lazy\" decoding=\"async\" class=\"\" style=\"margin-bottom: 0px;\" src=\"\/wp-content\/uploads\/2023\/04\/1f1ea-1f1fa.png\" alt=\"\u042d\u043c\u043e\u0434\u0437\u0438 \ud83c\uddea\ud83c\uddfa Apple \u0438 iOS\" width=\"40\" height=\"40\" \/><\/p>","protected":false},"featured_media":6568,"comment_status":"open","ping_status":"closed","template":"","meta":{"site-sidebar-layout":"default","site-content-layout":"default","ast-global-header-display":"","ast-main-header-display":"","ast-hfb-above-header-display":"","ast-hfb-below-header-display":"","ast-hfb-mobile-header-display":"","site-post-title":"","ast-breadcrumbs-content":"","ast-featured-img":"","footer-sml-layout":"","theme-transparent-header-meta":"default","adv-header-id-meta":"","stick-header-meta":"","header-above-stick-meta":"","header-main-stick-meta":"","header-below-stick-meta":""},"product_cat":[48],"product_tag":[341,71,77,131],"class_list":{"0":"post-6566","1":"product","2":"type-product","3":"status-publish","4":"has-post-thumbnail","6":"product_brand-madlen","7":"product_cat-brovy-madlen","8":"product_tag-use-dlya-briv","9":"product_tag-vsi-olivtsi-dlya-briv","10":"product_tag-usi-olivtsi-dlya-briv-madlen","11":"product_tag-usi-pudrovi-olivtsi-dlya-briv","12":"desktop-align-left","13":"tablet-align-left","14":"mobile-align-left","16":"first","17":"instock","18":"shipping-taxable","19":"purchasable","20":"product-type-simple"},"yoast_head":"<!-- This site is optimized with the Yoast SEO plugin v25.6 - https:\/\/yoast.com\/wordpress\/plugins\/seo\/ -->\n<title>\u041f\u0443\u0434\u0440\u043e\u0432\u0438\u0439 \u043e\u043b\u0456\u0432\u0435\u0446\u044c \u0434\u043b\u044f \u0431\u0440\u0456\u0432 113 Madlen Powder Eyebrow Pencil - Madlen Cosmetics<\/title>\n<meta name=\"description\" content=\"\u041f\u0443\u0434\u0440\u043e\u0432\u0438\u0439 \u043e\u043b\u0456\u0432\u0435\u0446\u044c \u0434\u043b\u044f \u0431\u0440\u0456\u0432 113 Madlen Powder Eyebrow Pencil \u043c\u043e\u0436\u043d\u0430 \u043a\u0443\u043f\u0438\u0442\u0438 \u043e\u043f\u0442\u043e\u043c. \u0412\u0435\u043b\u0438\u043a\u0438\u0439 \u0430\u0441\u043e\u0440\u0442\u0438\u043c\u0435\u043d\u0442 \u043a\u043e\u0441\u043c\u0456\u0442\u0438\u043a\u0438. \u041d\u0438\u0437\u044c\u043a\u0456 \u0446\u0456\u043d\u0438.\u041f\u0443\u0434\u0440\u043e\u0432\u044b\u0439 \u043a\u0430\u0440\u0430\u043d\u0434\u0430\u0448 \u0434\u043b\u044f \u0431\u0440\u043e\u0432\u0435\u0439 Madlen\" \/>\n<meta name=\"robots\" content=\"index, follow, max-snippet:-1, max-image-preview:large, max-video-preview:-1\" \/>\n<link rel=\"canonical\" href=\"https:\/\/madlenmakeup.com.ua\/pl\/produkt\/pudrovyj-olivets-dlya-briv-113-madlen-powder-eyebrow-pencil\/\" \/>\n<meta property=\"og:locale\" content=\"pl_PL\" \/>\n<meta property=\"og:type\" content=\"article\" \/>\n<meta property=\"og:title\" content=\"\u041f\u0443\u0434\u0440\u043e\u0432\u0438\u0439 \u043e\u043b\u0456\u0432\u0435\u0446\u044c \u0434\u043b\u044f \u0431\u0440\u0456\u0432 113 Madlen Powder Eyebrow Pencil - Madlen Cosmetics\" \/>\n<meta property=\"og:description\" content=\"\u041f\u0443\u0434\u0440\u043e\u0432\u0438\u0439 \u043e\u043b\u0456\u0432\u0435\u0446\u044c \u0434\u043b\u044f \u0431\u0440\u0456\u0432 113 Madlen Powder Eyebrow Pencil \u043c\u043e\u0436\u043d\u0430 \u043a\u0443\u043f\u0438\u0442\u0438 \u043e\u043f\u0442\u043e\u043c. \u0412\u0435\u043b\u0438\u043a\u0438\u0439 \u0430\u0441\u043e\u0440\u0442\u0438\u043c\u0435\u043d\u0442 \u043a\u043e\u0441\u043c\u0456\u0442\u0438\u043a\u0438. \u041d\u0438\u0437\u044c\u043a\u0456 \u0446\u0456\u043d\u0438.\u041f\u0443\u0434\u0440\u043e\u0432\u044b\u0439 \u043a\u0430\u0440\u0430\u043d\u0434\u0430\u0448 \u0434\u043b\u044f \u0431\u0440\u043e\u0432\u0435\u0439 Madlen\" \/>\n<meta property=\"og:url\" content=\"https:\/\/madlenmakeup.com.ua\/pl\/produkt\/pudrovyj-olivets-dlya-briv-113-madlen-powder-eyebrow-pencil\/\" \/>\n<meta property=\"og:site_name\" content=\"Madlen Cosmetics\" \/>\n<meta property=\"article:modified_time\" content=\"2026-03-11T10:04:33+00:00\" \/>\n<meta property=\"og:image\" content=\"https:\/\/madlenmakeup.com.ua\/wp-content\/uploads\/2024\/01\/Pudrovyj-karandash-dlya-brovej-113-Madlen-Powder-Eyebrow-Pencil-scaled.jpg\" \/>\n\t<meta property=\"og:image:width\" content=\"2560\" \/>\n\t<meta property=\"og:image:height\" content=\"2560\" \/>\n\t<meta property=\"og:image:type\" content=\"image\/jpeg\" \/>\n<meta name=\"twitter:card\" content=\"summary_large_image\" \/>\n<meta name=\"twitter:label1\" content=\"Szacowany czas czytania\" \/>\n\t<meta name=\"twitter:data1\" content=\"1 minuta\" \/>\n<script type=\"application\/ld+json\" class=\"yoast-schema-graph\">{\"@context\":\"https:\/\/schema.org\",\"@graph\":[{\"@type\":\"WebPage\",\"@id\":\"https:\/\/madlenmakeup.com.ua\/product\/pudrovyj-olivets-dlya-briv-113-madlen-powder-eyebrow-pencil\/\",\"url\":\"https:\/\/madlenmakeup.com.ua\/product\/pudrovyj-olivets-dlya-briv-113-madlen-powder-eyebrow-pencil\/\",\"name\":\"\u041f\u0443\u0434\u0440\u043e\u0432\u0438\u0439 \u043e\u043b\u0456\u0432\u0435\u0446\u044c \u0434\u043b\u044f \u0431\u0440\u0456\u0432 113 Madlen Powder Eyebrow Pencil - Madlen Cosmetics\",\"isPartOf\":{\"@id\":\"https:\/\/madlenmakeup.com.ua\/#website\"},\"primaryImageOfPage\":{\"@id\":\"https:\/\/madlenmakeup.com.ua\/product\/pudrovyj-olivets-dlya-briv-113-madlen-powder-eyebrow-pencil\/#primaryimage\"},\"image\":{\"@id\":\"https:\/\/madlenmakeup.com.ua\/product\/pudrovyj-olivets-dlya-briv-113-madlen-powder-eyebrow-pencil\/#primaryimage\"},\"thumbnailUrl\":\"https:\/\/madlenmakeup.com.ua\/wp-content\/uploads\/2024\/01\/Pudrovyj-karandash-dlya-brovej-113-Madlen-Powder-Eyebrow-Pencil-scaled.jpg\",\"datePublished\":\"2024-01-07T00:26:44+00:00\",\"dateModified\":\"2026-03-11T10:04:33+00:00\",\"description\":\"\u041f\u0443\u0434\u0440\u043e\u0432\u0438\u0439 \u043e\u043b\u0456\u0432\u0435\u0446\u044c \u0434\u043b\u044f \u0431\u0440\u0456\u0432 113 Madlen Powder Eyebrow Pencil \u043c\u043e\u0436\u043d\u0430 \u043a\u0443\u043f\u0438\u0442\u0438 \u043e\u043f\u0442\u043e\u043c. \u0412\u0435\u043b\u0438\u043a\u0438\u0439 \u0430\u0441\u043e\u0440\u0442\u0438\u043c\u0435\u043d\u0442 \u043a\u043e\u0441\u043c\u0456\u0442\u0438\u043a\u0438. \u041d\u0438\u0437\u044c\u043a\u0456 \u0446\u0456\u043d\u0438.\u041f\u0443\u0434\u0440\u043e\u0432\u044b\u0439 \u043a\u0430\u0440\u0430\u043d\u0434\u0430\u0448 \u0434\u043b\u044f \u0431\u0440\u043e\u0432\u0435\u0439 Madlen\",\"breadcrumb\":{\"@id\":\"https:\/\/madlenmakeup.com.ua\/product\/pudrovyj-olivets-dlya-briv-113-madlen-powder-eyebrow-pencil\/#breadcrumb\"},\"inLanguage\":\"pl-PL\",\"potentialAction\":[{\"@type\":\"ReadAction\",\"target\":[\"https:\/\/madlenmakeup.com.ua\/product\/pudrovyj-olivets-dlya-briv-113-madlen-powder-eyebrow-pencil\/\"]}]},{\"@type\":\"ImageObject\",\"inLanguage\":\"pl-PL\",\"@id\":\"https:\/\/madlenmakeup.com.ua\/product\/pudrovyj-olivets-dlya-briv-113-madlen-powder-eyebrow-pencil\/#primaryimage\",\"url\":\"https:\/\/madlenmakeup.com.ua\/wp-content\/uploads\/2024\/01\/Pudrovyj-karandash-dlya-brovej-113-Madlen-Powder-Eyebrow-Pencil-scaled.jpg\",\"contentUrl\":\"https:\/\/madlenmakeup.com.ua\/wp-content\/uploads\/2024\/01\/Pudrovyj-karandash-dlya-brovej-113-Madlen-Powder-Eyebrow-Pencil-scaled.jpg\",\"width\":2560,\"height\":2560,\"caption\":\"\u041f\u0443\u0434\u0440\u043e\u0432\u044b\u0439 \u043a\u0430\u0440\u0430\u043d\u0434\u0430\u0448 \u0434\u043b\u044f \u0431\u0440\u043e\u0432\u0435\u0439 113 Madlen Powder Eyebrow Pencil\"},{\"@type\":\"BreadcrumbList\",\"@id\":\"https:\/\/madlenmakeup.com.ua\/product\/pudrovyj-olivets-dlya-briv-113-madlen-powder-eyebrow-pencil\/#breadcrumb\",\"itemListElement\":[{\"@type\":\"ListItem\",\"position\":1,\"name\":\"\u0413\u043e\u043b\u043e\u0432\u043d\u0430\",\"item\":\"https:\/\/madlenmakeup.com.ua\/\"},{\"@type\":\"ListItem\",\"position\":2,\"name\":\"\u041c\u0430\u0433\u0430\u0437\u0438\u043d\",\"item\":\"https:\/\/madlenmakeup.com.ua\/shop\/\"},{\"@type\":\"ListItem\",\"position\":3,\"name\":\"\u041f\u0443\u0434\u0440\u043e\u0432\u0438\u0439 \u043e\u043b\u0456\u0432\u0435\u0446\u044c \u0434\u043b\u044f \u0431\u0440\u0456\u0432 113 Madlen Powder Eyebrow Pencil\"}]},{\"@type\":\"WebSite\",\"@id\":\"https:\/\/madlenmakeup.com.ua\/#website\",\"url\":\"https:\/\/madlenmakeup.com.ua\/\",\"name\":\"Madlen Cosmetics\",\"description\":\"\u041c\u0430\u0433\u0430\u0437\u0438\u043d \u043f\u0440\u043e\u0444\u0435\u0441\u0456\u0439\u043d\u043e\u0457 \u043a\u043e\u0441\u043c\u0435\u0442\u0438\u043a\u0438\",\"publisher\":{\"@id\":\"https:\/\/madlenmakeup.com.ua\/#\/schema\/person\/49cd71213b472a6db978257e4616a5de\"},\"potentialAction\":[{\"@type\":\"SearchAction\",\"target\":{\"@type\":\"EntryPoint\",\"urlTemplate\":\"https:\/\/madlenmakeup.com.ua\/?s={search_term_string}\"},\"query-input\":{\"@type\":\"PropertyValueSpecification\",\"valueRequired\":true,\"valueName\":\"search_term_string\"}}],\"inLanguage\":\"pl-PL\"},{\"@type\":[\"Person\",\"Organization\"],\"@id\":\"https:\/\/madlenmakeup.com.ua\/#\/schema\/person\/49cd71213b472a6db978257e4616a5de\",\"name\":\"madlenmakeup\",\"image\":{\"@type\":\"ImageObject\",\"inLanguage\":\"pl-PL\",\"@id\":\"https:\/\/madlenmakeup.com.ua\/#\/schema\/person\/image\/\",\"url\":\"https:\/\/madlenmakeup.com.ua\/wp-content\/uploads\/2023\/04\/cropped-cropped-madlen-logo-removebg-preview.png\",\"contentUrl\":\"https:\/\/madlenmakeup.com.ua\/wp-content\/uploads\/2023\/04\/cropped-cropped-madlen-logo-removebg-preview.png\",\"width\":296,\"height\":70,\"caption\":\"madlenmakeup\"},\"logo\":{\"@id\":\"https:\/\/madlenmakeup.com.ua\/#\/schema\/person\/image\/\"},\"sameAs\":[\"http:\/\/madlenmakeup.com.ua\"]}]}<\/script>\n<!-- \/ Yoast SEO plugin. -->","yoast_head_json":{"title":"\u041f\u0443\u0434\u0440\u043e\u0432\u0438\u0439 \u043e\u043b\u0456\u0432\u0435\u0446\u044c \u0434\u043b\u044f \u0431\u0440\u0456\u0432 113 Madlen Powder Eyebrow Pencil - Madlen Cosmetics","description":"\u041f\u0443\u0434\u0440\u043e\u0432\u0438\u0439 \u043e\u043b\u0456\u0432\u0435\u0446\u044c \u0434\u043b\u044f \u0431\u0440\u0456\u0432 113 Madlen Powder Eyebrow Pencil \u043c\u043e\u0436\u043d\u0430 \u043a\u0443\u043f\u0438\u0442\u0438 \u043e\u043f\u0442\u043e\u043c. \u0412\u0435\u043b\u0438\u043a\u0438\u0439 \u0430\u0441\u043e\u0440\u0442\u0438\u043c\u0435\u043d\u0442 \u043a\u043e\u0441\u043c\u0456\u0442\u0438\u043a\u0438. \u041d\u0438\u0437\u044c\u043a\u0456 \u0446\u0456\u043d\u0438.\u041f\u0443\u0434\u0440\u043e\u0432\u044b\u0439 \u043a\u0430\u0440\u0430\u043d\u0434\u0430\u0448 \u0434\u043b\u044f \u0431\u0440\u043e\u0432\u0435\u0439 Madlen","robots":{"index":"index","follow":"follow","max-snippet":"max-snippet:-1","max-image-preview":"max-image-preview:large","max-video-preview":"max-video-preview:-1"},"canonical":"https:\/\/madlenmakeup.com.ua\/pl\/produkt\/pudrovyj-olivets-dlya-briv-113-madlen-powder-eyebrow-pencil\/","og_locale":"pl_PL","og_type":"article","og_title":"\u041f\u0443\u0434\u0440\u043e\u0432\u0438\u0439 \u043e\u043b\u0456\u0432\u0435\u0446\u044c \u0434\u043b\u044f \u0431\u0440\u0456\u0432 113 Madlen Powder Eyebrow Pencil - Madlen Cosmetics","og_description":"\u041f\u0443\u0434\u0440\u043e\u0432\u0438\u0439 \u043e\u043b\u0456\u0432\u0435\u0446\u044c \u0434\u043b\u044f \u0431\u0440\u0456\u0432 113 Madlen Powder Eyebrow Pencil \u043c\u043e\u0436\u043d\u0430 \u043a\u0443\u043f\u0438\u0442\u0438 \u043e\u043f\u0442\u043e\u043c. \u0412\u0435\u043b\u0438\u043a\u0438\u0439 \u0430\u0441\u043e\u0440\u0442\u0438\u043c\u0435\u043d\u0442 \u043a\u043e\u0441\u043c\u0456\u0442\u0438\u043a\u0438. \u041d\u0438\u0437\u044c\u043a\u0456 \u0446\u0456\u043d\u0438.\u041f\u0443\u0434\u0440\u043e\u0432\u044b\u0439 \u043a\u0430\u0440\u0430\u043d\u0434\u0430\u0448 \u0434\u043b\u044f \u0431\u0440\u043e\u0432\u0435\u0439 Madlen","og_url":"https:\/\/madlenmakeup.com.ua\/pl\/produkt\/pudrovyj-olivets-dlya-briv-113-madlen-powder-eyebrow-pencil\/","og_site_name":"Madlen Cosmetics","article_modified_time":"2026-03-11T10:04:33+00:00","og_image":[{"width":2560,"height":2560,"url":"https:\/\/madlenmakeup.com.ua\/wp-content\/uploads\/2024\/01\/Pudrovyj-karandash-dlya-brovej-113-Madlen-Powder-Eyebrow-Pencil-scaled.jpg","type":"image\/jpeg"}],"twitter_card":"summary_large_image","twitter_misc":{"Szacowany czas czytania":"1 minuta"},"schema":{"@context":"https:\/\/schema.org","@graph":[{"@type":"WebPage","@id":"https:\/\/madlenmakeup.com.ua\/product\/pudrovyj-olivets-dlya-briv-113-madlen-powder-eyebrow-pencil\/","url":"https:\/\/madlenmakeup.com.ua\/product\/pudrovyj-olivets-dlya-briv-113-madlen-powder-eyebrow-pencil\/","name":"\u041f\u0443\u0434\u0440\u043e\u0432\u0438\u0439 \u043e\u043b\u0456\u0432\u0435\u0446\u044c \u0434\u043b\u044f \u0431\u0440\u0456\u0432 113 Madlen Powder Eyebrow Pencil - Madlen Cosmetics","isPartOf":{"@id":"https:\/\/madlenmakeup.com.ua\/#website"},"primaryImageOfPage":{"@id":"https:\/\/madlenmakeup.com.ua\/product\/pudrovyj-olivets-dlya-briv-113-madlen-powder-eyebrow-pencil\/#primaryimage"},"image":{"@id":"https:\/\/madlenmakeup.com.ua\/product\/pudrovyj-olivets-dlya-briv-113-madlen-powder-eyebrow-pencil\/#primaryimage"},"thumbnailUrl":"https:\/\/madlenmakeup.com.ua\/wp-content\/uploads\/2024\/01\/Pudrovyj-karandash-dlya-brovej-113-Madlen-Powder-Eyebrow-Pencil-scaled.jpg","datePublished":"2024-01-07T00:26:44+00:00","dateModified":"2026-03-11T10:04:33+00:00","description":"\u041f\u0443\u0434\u0440\u043e\u0432\u0438\u0439 \u043e\u043b\u0456\u0432\u0435\u0446\u044c \u0434\u043b\u044f \u0431\u0440\u0456\u0432 113 Madlen Powder Eyebrow Pencil \u043c\u043e\u0436\u043d\u0430 \u043a\u0443\u043f\u0438\u0442\u0438 \u043e\u043f\u0442\u043e\u043c. \u0412\u0435\u043b\u0438\u043a\u0438\u0439 \u0430\u0441\u043e\u0440\u0442\u0438\u043c\u0435\u043d\u0442 \u043a\u043e\u0441\u043c\u0456\u0442\u0438\u043a\u0438. \u041d\u0438\u0437\u044c\u043a\u0456 \u0446\u0456\u043d\u0438.\u041f\u0443\u0434\u0440\u043e\u0432\u044b\u0439 \u043a\u0430\u0440\u0430\u043d\u0434\u0430\u0448 \u0434\u043b\u044f \u0431\u0440\u043e\u0432\u0435\u0439 Madlen","breadcrumb":{"@id":"https:\/\/madlenmakeup.com.ua\/product\/pudrovyj-olivets-dlya-briv-113-madlen-powder-eyebrow-pencil\/#breadcrumb"},"inLanguage":"pl-PL","potentialAction":[{"@type":"ReadAction","target":["https:\/\/madlenmakeup.com.ua\/product\/pudrovyj-olivets-dlya-briv-113-madlen-powder-eyebrow-pencil\/"]}]},{"@type":"ImageObject","inLanguage":"pl-PL","@id":"https:\/\/madlenmakeup.com.ua\/product\/pudrovyj-olivets-dlya-briv-113-madlen-powder-eyebrow-pencil\/#primaryimage","url":"https:\/\/madlenmakeup.com.ua\/wp-content\/uploads\/2024\/01\/Pudrovyj-karandash-dlya-brovej-113-Madlen-Powder-Eyebrow-Pencil-scaled.jpg","contentUrl":"https:\/\/madlenmakeup.com.ua\/wp-content\/uploads\/2024\/01\/Pudrovyj-karandash-dlya-brovej-113-Madlen-Powder-Eyebrow-Pencil-scaled.jpg","width":2560,"height":2560,"caption":"\u041f\u0443\u0434\u0440\u043e\u0432\u044b\u0439 \u043a\u0430\u0440\u0430\u043d\u0434\u0430\u0448 \u0434\u043b\u044f \u0431\u0440\u043e\u0432\u0435\u0439 113 Madlen Powder Eyebrow Pencil"},{"@type":"BreadcrumbList","@id":"https:\/\/madlenmakeup.com.ua\/product\/pudrovyj-olivets-dlya-briv-113-madlen-powder-eyebrow-pencil\/#breadcrumb","itemListElement":[{"@type":"ListItem","position":1,"name":"\u0413\u043e\u043b\u043e\u0432\u043d\u0430","item":"https:\/\/madlenmakeup.com.ua\/"},{"@type":"ListItem","position":2,"name":"\u041c\u0430\u0433\u0430\u0437\u0438\u043d","item":"https:\/\/madlenmakeup.com.ua\/shop\/"},{"@type":"ListItem","position":3,"name":"\u041f\u0443\u0434\u0440\u043e\u0432\u0438\u0439 \u043e\u043b\u0456\u0432\u0435\u0446\u044c \u0434\u043b\u044f \u0431\u0440\u0456\u0432 113 Madlen Powder Eyebrow Pencil"}]},{"@type":"WebSite","@id":"https:\/\/madlenmakeup.com.ua\/#website","url":"https:\/\/madlenmakeup.com.ua\/","name":"Madlen Cosmetics","description":"\u041c\u0430\u0433\u0430\u0437\u0438\u043d \u043f\u0440\u043e\u0444\u0435\u0441\u0456\u0439\u043d\u043e\u0457 \u043a\u043e\u0441\u043c\u0435\u0442\u0438\u043a\u0438","publisher":{"@id":"https:\/\/madlenmakeup.com.ua\/#\/schema\/person\/49cd71213b472a6db978257e4616a5de"},"potentialAction":[{"@type":"SearchAction","target":{"@type":"EntryPoint","urlTemplate":"https:\/\/madlenmakeup.com.ua\/?s={search_term_string}"},"query-input":{"@type":"PropertyValueSpecification","valueRequired":true,"valueName":"search_term_string"}}],"inLanguage":"pl-PL"},{"@type":["Person","Organization"],"@id":"https:\/\/madlenmakeup.com.ua\/#\/schema\/person\/49cd71213b472a6db978257e4616a5de","name":"madlenmakeup","image":{"@type":"ImageObject","inLanguage":"pl-PL","@id":"https:\/\/madlenmakeup.com.ua\/#\/schema\/person\/image\/","url":"https:\/\/madlenmakeup.com.ua\/wp-content\/uploads\/2023\/04\/cropped-cropped-madlen-logo-removebg-preview.png","contentUrl":"https:\/\/madlenmakeup.com.ua\/wp-content\/uploads\/2023\/04\/cropped-cropped-madlen-logo-removebg-preview.png","width":296,"height":70,"caption":"madlenmakeup"},"logo":{"@id":"https:\/\/madlenmakeup.com.ua\/#\/schema\/person\/image\/"},"sameAs":["http:\/\/madlenmakeup.com.ua"]}]}},"_links":{"self":[{"href":"https:\/\/madlenmakeup.com.ua\/pl\/wp-json\/wp\/v2\/product\/6566","targetHints":{"allow":["GET"]}}],"collection":[{"href":"https:\/\/madlenmakeup.com.ua\/pl\/wp-json\/wp\/v2\/product"}],"about":[{"href":"https:\/\/madlenmakeup.com.ua\/pl\/wp-json\/wp\/v2\/types\/product"}],"replies":[{"embeddable":true,"href":"https:\/\/madlenmakeup.com.ua\/pl\/wp-json\/wp\/v2\/comments?post=6566"}],"version-history":[{"count":3,"href":"https:\/\/madlenmakeup.com.ua\/pl\/wp-json\/wp\/v2\/product\/6566\/revisions"}],"predecessor-version":[{"id":8393,"href":"https:\/\/madlenmakeup.com.ua\/pl\/wp-json\/wp\/v2\/product\/6566\/revisions\/8393"}],"wp:featuredmedia":[{"embeddable":true,"href":"https:\/\/madlenmakeup.com.ua\/pl\/wp-json\/wp\/v2\/media\/6568"}],"wp:attachment":[{"href":"https:\/\/madlenmakeup.com.ua\/pl\/wp-json\/wp\/v2\/media?parent=6566"}],"wp:term":[{"taxonomy":"product_cat","embeddable":true,"href":"https:\/\/madlenmakeup.com.ua\/pl\/wp-json\/wp\/v2\/product_cat?post=6566"},{"taxonomy":"product_tag","embeddable":true,"href":"https:\/\/madlenmakeup.com.ua\/pl\/wp-json\/wp\/v2\/product_tag?post=6566"}],"curies":[{"name":"wp","href":"https:\/\/api.w.org\/{rel}","templated":true}]}}