{"id":6598,"date":"2024-03-13T20:02:31","date_gmt":"2024-03-13T18:02:31","guid":{"rendered":"https:\/\/madlenmakeup.com.ua\/?post_type=product&#038;p=6598"},"modified":"2026-01-14T17:01:32","modified_gmt":"2026-01-14T15:01:32","slug":"003-olivets-dlya-briv-cascade-of-colours","status":"publish","type":"product","link":"https:\/\/madlenmakeup.com.ua\/pl\/produkt\/003-olivets-dlya-briv-cascade-of-colours\/","title":{"rendered":"Kredka do brwi 003 Cascade of Colors"},"content":{"rendered":"<p><strong>Kredka do brwi Cascade of Colours 003<\/strong><br \/>\nJe\u015bli do niedawna brwi czasami wype\u0142niano kredkami do oczu, teraz dost\u0119pne s\u0105 specjalne pigmenty, kt\u00f3re najlepiej nadaj\u0105 si\u0119 do tego celu. Kredki do brwi Cascade of Colors zdoby\u0142y mi\u0142o\u015b\u0107 milion\u00f3w fan\u00f3w na ca\u0142ym \u015bwiecie z kilku powod\u00f3w.\u00a0 \u00a0<br \/>\nPo pierwsze, maj\u0105 bardziej stabiln\u0105 i naturaln\u0105 kolorystyk\u0119, dzi\u0119ki czemu mo\u017cna dobra\u0107 o\u0142\u00f3wek do ka\u017cdego typu wygl\u0105du. Po drugie, Cascade of Colours nie rozmazuje si\u0119, pozwala na cienko i precyzyjnie narysowa\u0107 kresk\u0119, a w razie potrzeby jest dobrze cieniowana. Wspania\u0142a kredka Cascade of Colours to uniwersalne narz\u0119dzie do wykonania pi\u0119knego makija\u017cu brwi. Dzi\u0119ki niemu Tw\u00f3j wygl\u0105d stanie si\u0119 jeszcze bardziej wyrazisty i jasny.<\/p>\n<p><strong>Krajem produkcji s\u0105 Niemcy.<\/strong><br \/>\n<strong>Sprzedawane hurtowo i detalicznie.<\/strong><\/p>","protected":false},"excerpt":{"rendered":"<p><img loading=\"lazy\" decoding=\"async\" class=\"\" src=\"\/wp-content\/uploads\/2023\/04\/1f1ea-1f1fa.png\" alt=\"\u042d\u043c\u043e\u0434\u0437\u0438 \ud83c\uddea\ud83c\uddfa Apple \u0438 iOS\" width=\"40\" height=\"40\" \/> <strong>Europejska jako\u015b\u0107 <\/strong><img loading=\"lazy\" decoding=\"async\" class=\"\" style=\"margin-bottom: 0px;\" src=\"\/wp-content\/uploads\/2023\/04\/1f1ea-1f1fa.png\" alt=\"\u042d\u043c\u043e\u0434\u0437\u0438 \ud83c\uddea\ud83c\uddfa Apple \u0438 iOS\" width=\"40\" height=\"40\" \/><\/p>","protected":false},"featured_media":6605,"comment_status":"open","ping_status":"closed","template":"","meta":{"site-sidebar-layout":"default","site-content-layout":"default","ast-global-header-display":"","ast-main-header-display":"","ast-hfb-above-header-display":"","ast-hfb-below-header-display":"","ast-hfb-mobile-header-display":"","site-post-title":"","ast-breadcrumbs-content":"","ast-featured-img":"","footer-sml-layout":"","theme-transparent-header-meta":"default","adv-header-id-meta":"","stick-header-meta":"","header-above-stick-meta":"","header-main-stick-meta":"","header-below-stick-meta":""},"product_cat":[48],"product_tag":[341,71,76],"class_list":{"0":"post-6598","1":"product","2":"type-product","3":"status-publish","4":"has-post-thumbnail","6":"product_brand-cascade-of-colours","7":"product_cat-brovy-madlen","8":"product_tag-use-dlya-briv","9":"product_tag-vsi-olivtsi-dlya-briv","10":"product_tag-usi-olivtsi-dlya-briv-cascade-of-colours","11":"desktop-align-left","12":"tablet-align-left","13":"mobile-align-left","15":"first","16":"outofstock","17":"shipping-taxable","18":"purchasable","19":"product-type-simple"},"yoast_head":"<!-- This site is optimized with the Yoast SEO plugin v25.6 - https:\/\/yoast.com\/wordpress\/plugins\/seo\/ -->\n<title>\u041e\u043b\u0456\u0432\u0435\u0446\u044c \u0434\u043b\u044f \u0431\u0440\u0456\u0432 003 Cascade of Colours - Madlen Cosmetics<\/title>\n<meta name=\"description\" content=\"\u041e\u043b\u0456\u0432\u0435\u0446\u044c \u0434\u043b\u044f \u0431\u0440\u0456\u0432 003 Cascade of Colours \u043c\u043e\u0436\u043d\u0430 \u043f\u0440\u0438\u0434\u0431\u0430\u0442\u0438 \u043e\u043f\u0442\u043e\u043c. \u041d\u0438\u0437\u044c\u043a\u0456 \u0446\u0456\u043d\u0438. \u0412\u0435\u043b\u0438\u043a\u0438\u0439 \u0430\u0441\u043e\u0440\u0442\u0438\u043c\u0435\u043d\u0442\u0438 \u043a\u043e\u0441\u043c\u0435\u0442\u0438\u043a\u0438. \u0428\u0432\u0438\u0434\u043a\u0430 \u0434\u043e\u0441\u0442\u0430\u0432\u043a\u0430 \u043f\u043e \u0432\u0441\u0456\u0439 \u0423\u043a\u0440\u0430\u0457\u043d\u0456\" \/>\n<meta name=\"robots\" content=\"index, follow, max-snippet:-1, max-image-preview:large, max-video-preview:-1\" \/>\n<link rel=\"canonical\" href=\"https:\/\/madlenmakeup.com.ua\/pl\/produkt\/003-olivets-dlya-briv-cascade-of-colours\/\" \/>\n<meta property=\"og:locale\" content=\"pl_PL\" \/>\n<meta property=\"og:type\" content=\"article\" \/>\n<meta property=\"og:title\" content=\"\u041e\u043b\u0456\u0432\u0435\u0446\u044c \u0434\u043b\u044f \u0431\u0440\u0456\u0432 003 Cascade of Colours - Madlen Cosmetics\" \/>\n<meta property=\"og:description\" content=\"\u041e\u043b\u0456\u0432\u0435\u0446\u044c \u0434\u043b\u044f \u0431\u0440\u0456\u0432 003 Cascade of Colours \u043c\u043e\u0436\u043d\u0430 \u043f\u0440\u0438\u0434\u0431\u0430\u0442\u0438 \u043e\u043f\u0442\u043e\u043c. \u041d\u0438\u0437\u044c\u043a\u0456 \u0446\u0456\u043d\u0438. \u0412\u0435\u043b\u0438\u043a\u0438\u0439 \u0430\u0441\u043e\u0440\u0442\u0438\u043c\u0435\u043d\u0442\u0438 \u043a\u043e\u0441\u043c\u0435\u0442\u0438\u043a\u0438. \u0428\u0432\u0438\u0434\u043a\u0430 \u0434\u043e\u0441\u0442\u0430\u0432\u043a\u0430 \u043f\u043e \u0432\u0441\u0456\u0439 \u0423\u043a\u0440\u0430\u0457\u043d\u0456\" \/>\n<meta property=\"og:url\" content=\"https:\/\/madlenmakeup.com.ua\/pl\/produkt\/003-olivets-dlya-briv-cascade-of-colours\/\" \/>\n<meta property=\"og:site_name\" content=\"Madlen Cosmetics\" \/>\n<meta property=\"article:modified_time\" content=\"2026-01-14T15:01:32+00:00\" \/>\n<meta property=\"og:image\" content=\"https:\/\/madlenmakeup.com.ua\/wp-content\/uploads\/2024\/03\/003-Karandash-dlya-brovej-Cascade-of-Colours-003.jpg\" \/>\n\t<meta property=\"og:image:width\" content=\"1080\" \/>\n\t<meta property=\"og:image:height\" content=\"1073\" \/>\n\t<meta property=\"og:image:type\" content=\"image\/jpeg\" \/>\n<meta name=\"twitter:card\" content=\"summary_large_image\" \/>\n<meta name=\"twitter:label1\" content=\"Szacowany czas czytania\" \/>\n\t<meta name=\"twitter:data1\" content=\"1 minuta\" \/>\n<script type=\"application\/ld+json\" class=\"yoast-schema-graph\">{\"@context\":\"https:\/\/schema.org\",\"@graph\":[{\"@type\":\"WebPage\",\"@id\":\"https:\/\/madlenmakeup.com.ua\/product\/003-olivets-dlya-briv-cascade-of-colours\/\",\"url\":\"https:\/\/madlenmakeup.com.ua\/product\/003-olivets-dlya-briv-cascade-of-colours\/\",\"name\":\"\u041e\u043b\u0456\u0432\u0435\u0446\u044c \u0434\u043b\u044f \u0431\u0440\u0456\u0432 003 Cascade of Colours - Madlen Cosmetics\",\"isPartOf\":{\"@id\":\"https:\/\/madlenmakeup.com.ua\/#website\"},\"primaryImageOfPage\":{\"@id\":\"https:\/\/madlenmakeup.com.ua\/product\/003-olivets-dlya-briv-cascade-of-colours\/#primaryimage\"},\"image\":{\"@id\":\"https:\/\/madlenmakeup.com.ua\/product\/003-olivets-dlya-briv-cascade-of-colours\/#primaryimage\"},\"thumbnailUrl\":\"https:\/\/madlenmakeup.com.ua\/wp-content\/uploads\/2024\/03\/003-Karandash-dlya-brovej-Cascade-of-Colours-003.jpg\",\"datePublished\":\"2024-03-13T18:02:31+00:00\",\"dateModified\":\"2026-01-14T15:01:32+00:00\",\"description\":\"\u041e\u043b\u0456\u0432\u0435\u0446\u044c \u0434\u043b\u044f \u0431\u0440\u0456\u0432 003 Cascade of Colours \u043c\u043e\u0436\u043d\u0430 \u043f\u0440\u0438\u0434\u0431\u0430\u0442\u0438 \u043e\u043f\u0442\u043e\u043c. \u041d\u0438\u0437\u044c\u043a\u0456 \u0446\u0456\u043d\u0438. \u0412\u0435\u043b\u0438\u043a\u0438\u0439 \u0430\u0441\u043e\u0440\u0442\u0438\u043c\u0435\u043d\u0442\u0438 \u043a\u043e\u0441\u043c\u0435\u0442\u0438\u043a\u0438. \u0428\u0432\u0438\u0434\u043a\u0430 \u0434\u043e\u0441\u0442\u0430\u0432\u043a\u0430 \u043f\u043e \u0432\u0441\u0456\u0439 \u0423\u043a\u0440\u0430\u0457\u043d\u0456\",\"breadcrumb\":{\"@id\":\"https:\/\/madlenmakeup.com.ua\/product\/003-olivets-dlya-briv-cascade-of-colours\/#breadcrumb\"},\"inLanguage\":\"pl-PL\",\"potentialAction\":[{\"@type\":\"ReadAction\",\"target\":[\"https:\/\/madlenmakeup.com.ua\/product\/003-olivets-dlya-briv-cascade-of-colours\/\"]}]},{\"@type\":\"ImageObject\",\"inLanguage\":\"pl-PL\",\"@id\":\"https:\/\/madlenmakeup.com.ua\/product\/003-olivets-dlya-briv-cascade-of-colours\/#primaryimage\",\"url\":\"https:\/\/madlenmakeup.com.ua\/wp-content\/uploads\/2024\/03\/003-Karandash-dlya-brovej-Cascade-of-Colours-003.jpg\",\"contentUrl\":\"https:\/\/madlenmakeup.com.ua\/wp-content\/uploads\/2024\/03\/003-Karandash-dlya-brovej-Cascade-of-Colours-003.jpg\",\"width\":1080,\"height\":1073,\"caption\":\"003 \u041a\u0430\u0440\u0430\u043d\u0434\u0430\u0448 \u0434\u043b\u044f \u0411\u0440\u043e\u0432\u0435\u0439 Cascade of Colours 003\"},{\"@type\":\"BreadcrumbList\",\"@id\":\"https:\/\/madlenmakeup.com.ua\/product\/003-olivets-dlya-briv-cascade-of-colours\/#breadcrumb\",\"itemListElement\":[{\"@type\":\"ListItem\",\"position\":1,\"name\":\"\u0413\u043e\u043b\u043e\u0432\u043d\u0430\",\"item\":\"https:\/\/madlenmakeup.com.ua\/\"},{\"@type\":\"ListItem\",\"position\":2,\"name\":\"\u041c\u0430\u0433\u0430\u0437\u0438\u043d\",\"item\":\"https:\/\/madlenmakeup.com.ua\/shop\/\"},{\"@type\":\"ListItem\",\"position\":3,\"name\":\"\u041e\u043b\u0456\u0432\u0435\u0446\u044c \u0434\u043b\u044f \u0431\u0440\u0456\u0432 003 Cascade of Colours\"}]},{\"@type\":\"WebSite\",\"@id\":\"https:\/\/madlenmakeup.com.ua\/#website\",\"url\":\"https:\/\/madlenmakeup.com.ua\/\",\"name\":\"Madlen Cosmetics\",\"description\":\"\u041c\u0430\u0433\u0430\u0437\u0438\u043d \u043f\u0440\u043e\u0444\u0435\u0441\u0456\u0439\u043d\u043e\u0457 \u043a\u043e\u0441\u043c\u0435\u0442\u0438\u043a\u0438\",\"publisher\":{\"@id\":\"https:\/\/madlenmakeup.com.ua\/#\/schema\/person\/49cd71213b472a6db978257e4616a5de\"},\"potentialAction\":[{\"@type\":\"SearchAction\",\"target\":{\"@type\":\"EntryPoint\",\"urlTemplate\":\"https:\/\/madlenmakeup.com.ua\/?s={search_term_string}\"},\"query-input\":{\"@type\":\"PropertyValueSpecification\",\"valueRequired\":true,\"valueName\":\"search_term_string\"}}],\"inLanguage\":\"pl-PL\"},{\"@type\":[\"Person\",\"Organization\"],\"@id\":\"https:\/\/madlenmakeup.com.ua\/#\/schema\/person\/49cd71213b472a6db978257e4616a5de\",\"name\":\"madlenmakeup\",\"image\":{\"@type\":\"ImageObject\",\"inLanguage\":\"pl-PL\",\"@id\":\"https:\/\/madlenmakeup.com.ua\/#\/schema\/person\/image\/\",\"url\":\"https:\/\/madlenmakeup.com.ua\/wp-content\/uploads\/2023\/04\/cropped-cropped-madlen-logo-removebg-preview.png\",\"contentUrl\":\"https:\/\/madlenmakeup.com.ua\/wp-content\/uploads\/2023\/04\/cropped-cropped-madlen-logo-removebg-preview.png\",\"width\":296,\"height\":70,\"caption\":\"madlenmakeup\"},\"logo\":{\"@id\":\"https:\/\/madlenmakeup.com.ua\/#\/schema\/person\/image\/\"},\"sameAs\":[\"http:\/\/madlenmakeup.com.ua\"]}]}<\/script>\n<!-- \/ Yoast SEO plugin. -->","yoast_head_json":{"title":"\u041e\u043b\u0456\u0432\u0435\u0446\u044c \u0434\u043b\u044f \u0431\u0440\u0456\u0432 003 Cascade of Colours - Madlen Cosmetics","description":"\u041e\u043b\u0456\u0432\u0435\u0446\u044c \u0434\u043b\u044f \u0431\u0440\u0456\u0432 003 Cascade of Colours \u043c\u043e\u0436\u043d\u0430 \u043f\u0440\u0438\u0434\u0431\u0430\u0442\u0438 \u043e\u043f\u0442\u043e\u043c. \u041d\u0438\u0437\u044c\u043a\u0456 \u0446\u0456\u043d\u0438. \u0412\u0435\u043b\u0438\u043a\u0438\u0439 \u0430\u0441\u043e\u0440\u0442\u0438\u043c\u0435\u043d\u0442\u0438 \u043a\u043e\u0441\u043c\u0435\u0442\u0438\u043a\u0438. \u0428\u0432\u0438\u0434\u043a\u0430 \u0434\u043e\u0441\u0442\u0430\u0432\u043a\u0430 \u043f\u043e \u0432\u0441\u0456\u0439 \u0423\u043a\u0440\u0430\u0457\u043d\u0456","robots":{"index":"index","follow":"follow","max-snippet":"max-snippet:-1","max-image-preview":"max-image-preview:large","max-video-preview":"max-video-preview:-1"},"canonical":"https:\/\/madlenmakeup.com.ua\/pl\/produkt\/003-olivets-dlya-briv-cascade-of-colours\/","og_locale":"pl_PL","og_type":"article","og_title":"\u041e\u043b\u0456\u0432\u0435\u0446\u044c \u0434\u043b\u044f \u0431\u0440\u0456\u0432 003 Cascade of Colours - Madlen Cosmetics","og_description":"\u041e\u043b\u0456\u0432\u0435\u0446\u044c \u0434\u043b\u044f \u0431\u0440\u0456\u0432 003 Cascade of Colours \u043c\u043e\u0436\u043d\u0430 \u043f\u0440\u0438\u0434\u0431\u0430\u0442\u0438 \u043e\u043f\u0442\u043e\u043c. \u041d\u0438\u0437\u044c\u043a\u0456 \u0446\u0456\u043d\u0438. \u0412\u0435\u043b\u0438\u043a\u0438\u0439 \u0430\u0441\u043e\u0440\u0442\u0438\u043c\u0435\u043d\u0442\u0438 \u043a\u043e\u0441\u043c\u0435\u0442\u0438\u043a\u0438. \u0428\u0432\u0438\u0434\u043a\u0430 \u0434\u043e\u0441\u0442\u0430\u0432\u043a\u0430 \u043f\u043e \u0432\u0441\u0456\u0439 \u0423\u043a\u0440\u0430\u0457\u043d\u0456","og_url":"https:\/\/madlenmakeup.com.ua\/pl\/produkt\/003-olivets-dlya-briv-cascade-of-colours\/","og_site_name":"Madlen Cosmetics","article_modified_time":"2026-01-14T15:01:32+00:00","og_image":[{"width":1080,"height":1073,"url":"https:\/\/madlenmakeup.com.ua\/wp-content\/uploads\/2024\/03\/003-Karandash-dlya-brovej-Cascade-of-Colours-003.jpg","type":"image\/jpeg"}],"twitter_card":"summary_large_image","twitter_misc":{"Szacowany czas czytania":"1 minuta"},"schema":{"@context":"https:\/\/schema.org","@graph":[{"@type":"WebPage","@id":"https:\/\/madlenmakeup.com.ua\/product\/003-olivets-dlya-briv-cascade-of-colours\/","url":"https:\/\/madlenmakeup.com.ua\/product\/003-olivets-dlya-briv-cascade-of-colours\/","name":"\u041e\u043b\u0456\u0432\u0435\u0446\u044c \u0434\u043b\u044f \u0431\u0440\u0456\u0432 003 Cascade of Colours - Madlen Cosmetics","isPartOf":{"@id":"https:\/\/madlenmakeup.com.ua\/#website"},"primaryImageOfPage":{"@id":"https:\/\/madlenmakeup.com.ua\/product\/003-olivets-dlya-briv-cascade-of-colours\/#primaryimage"},"image":{"@id":"https:\/\/madlenmakeup.com.ua\/product\/003-olivets-dlya-briv-cascade-of-colours\/#primaryimage"},"thumbnailUrl":"https:\/\/madlenmakeup.com.ua\/wp-content\/uploads\/2024\/03\/003-Karandash-dlya-brovej-Cascade-of-Colours-003.jpg","datePublished":"2024-03-13T18:02:31+00:00","dateModified":"2026-01-14T15:01:32+00:00","description":"\u041e\u043b\u0456\u0432\u0435\u0446\u044c \u0434\u043b\u044f \u0431\u0440\u0456\u0432 003 Cascade of Colours \u043c\u043e\u0436\u043d\u0430 \u043f\u0440\u0438\u0434\u0431\u0430\u0442\u0438 \u043e\u043f\u0442\u043e\u043c. \u041d\u0438\u0437\u044c\u043a\u0456 \u0446\u0456\u043d\u0438. \u0412\u0435\u043b\u0438\u043a\u0438\u0439 \u0430\u0441\u043e\u0440\u0442\u0438\u043c\u0435\u043d\u0442\u0438 \u043a\u043e\u0441\u043c\u0435\u0442\u0438\u043a\u0438. \u0428\u0432\u0438\u0434\u043a\u0430 \u0434\u043e\u0441\u0442\u0430\u0432\u043a\u0430 \u043f\u043e \u0432\u0441\u0456\u0439 \u0423\u043a\u0440\u0430\u0457\u043d\u0456","breadcrumb":{"@id":"https:\/\/madlenmakeup.com.ua\/product\/003-olivets-dlya-briv-cascade-of-colours\/#breadcrumb"},"inLanguage":"pl-PL","potentialAction":[{"@type":"ReadAction","target":["https:\/\/madlenmakeup.com.ua\/product\/003-olivets-dlya-briv-cascade-of-colours\/"]}]},{"@type":"ImageObject","inLanguage":"pl-PL","@id":"https:\/\/madlenmakeup.com.ua\/product\/003-olivets-dlya-briv-cascade-of-colours\/#primaryimage","url":"https:\/\/madlenmakeup.com.ua\/wp-content\/uploads\/2024\/03\/003-Karandash-dlya-brovej-Cascade-of-Colours-003.jpg","contentUrl":"https:\/\/madlenmakeup.com.ua\/wp-content\/uploads\/2024\/03\/003-Karandash-dlya-brovej-Cascade-of-Colours-003.jpg","width":1080,"height":1073,"caption":"003 \u041a\u0430\u0440\u0430\u043d\u0434\u0430\u0448 \u0434\u043b\u044f \u0411\u0440\u043e\u0432\u0435\u0439 Cascade of Colours 003"},{"@type":"BreadcrumbList","@id":"https:\/\/madlenmakeup.com.ua\/product\/003-olivets-dlya-briv-cascade-of-colours\/#breadcrumb","itemListElement":[{"@type":"ListItem","position":1,"name":"\u0413\u043e\u043b\u043e\u0432\u043d\u0430","item":"https:\/\/madlenmakeup.com.ua\/"},{"@type":"ListItem","position":2,"name":"\u041c\u0430\u0433\u0430\u0437\u0438\u043d","item":"https:\/\/madlenmakeup.com.ua\/shop\/"},{"@type":"ListItem","position":3,"name":"\u041e\u043b\u0456\u0432\u0435\u0446\u044c \u0434\u043b\u044f \u0431\u0440\u0456\u0432 003 Cascade of Colours"}]},{"@type":"WebSite","@id":"https:\/\/madlenmakeup.com.ua\/#website","url":"https:\/\/madlenmakeup.com.ua\/","name":"Madlen Cosmetics","description":"\u041c\u0430\u0433\u0430\u0437\u0438\u043d \u043f\u0440\u043e\u0444\u0435\u0441\u0456\u0439\u043d\u043e\u0457 \u043a\u043e\u0441\u043c\u0435\u0442\u0438\u043a\u0438","publisher":{"@id":"https:\/\/madlenmakeup.com.ua\/#\/schema\/person\/49cd71213b472a6db978257e4616a5de"},"potentialAction":[{"@type":"SearchAction","target":{"@type":"EntryPoint","urlTemplate":"https:\/\/madlenmakeup.com.ua\/?s={search_term_string}"},"query-input":{"@type":"PropertyValueSpecification","valueRequired":true,"valueName":"search_term_string"}}],"inLanguage":"pl-PL"},{"@type":["Person","Organization"],"@id":"https:\/\/madlenmakeup.com.ua\/#\/schema\/person\/49cd71213b472a6db978257e4616a5de","name":"madlenmakeup","image":{"@type":"ImageObject","inLanguage":"pl-PL","@id":"https:\/\/madlenmakeup.com.ua\/#\/schema\/person\/image\/","url":"https:\/\/madlenmakeup.com.ua\/wp-content\/uploads\/2023\/04\/cropped-cropped-madlen-logo-removebg-preview.png","contentUrl":"https:\/\/madlenmakeup.com.ua\/wp-content\/uploads\/2023\/04\/cropped-cropped-madlen-logo-removebg-preview.png","width":296,"height":70,"caption":"madlenmakeup"},"logo":{"@id":"https:\/\/madlenmakeup.com.ua\/#\/schema\/person\/image\/"},"sameAs":["http:\/\/madlenmakeup.com.ua"]}]}},"_links":{"self":[{"href":"https:\/\/madlenmakeup.com.ua\/pl\/wp-json\/wp\/v2\/product\/6598","targetHints":{"allow":["GET"]}}],"collection":[{"href":"https:\/\/madlenmakeup.com.ua\/pl\/wp-json\/wp\/v2\/product"}],"about":[{"href":"https:\/\/madlenmakeup.com.ua\/pl\/wp-json\/wp\/v2\/types\/product"}],"replies":[{"embeddable":true,"href":"https:\/\/madlenmakeup.com.ua\/pl\/wp-json\/wp\/v2\/comments?post=6598"}],"version-history":[{"count":3,"href":"https:\/\/madlenmakeup.com.ua\/pl\/wp-json\/wp\/v2\/product\/6598\/revisions"}],"predecessor-version":[{"id":7114,"href":"https:\/\/madlenmakeup.com.ua\/pl\/wp-json\/wp\/v2\/product\/6598\/revisions\/7114"}],"wp:featuredmedia":[{"embeddable":true,"href":"https:\/\/madlenmakeup.com.ua\/pl\/wp-json\/wp\/v2\/media\/6605"}],"wp:attachment":[{"href":"https:\/\/madlenmakeup.com.ua\/pl\/wp-json\/wp\/v2\/media?parent=6598"}],"wp:term":[{"taxonomy":"product_cat","embeddable":true,"href":"https:\/\/madlenmakeup.com.ua\/pl\/wp-json\/wp\/v2\/product_cat?post=6598"},{"taxonomy":"product_tag","embeddable":true,"href":"https:\/\/madlenmakeup.com.ua\/pl\/wp-json\/wp\/v2\/product_tag?post=6598"}],"curies":[{"name":"wp","href":"https:\/\/api.w.org\/{rel}","templated":true}]}}