{"id":6722,"date":"2024-04-23T22:24:17","date_gmt":"2024-04-23T19:24:17","guid":{"rendered":"https:\/\/madlenmakeup.com.ua\/?post_type=product&#038;p=6722"},"modified":"2025-12-03T00:15:41","modified_gmt":"2025-12-02T22:15:41","slug":"miss-tais-741-olivets-dlya-briv","status":"publish","type":"product","link":"https:\/\/madlenmakeup.com.ua\/pl\/produkt\/miss-tais-741-olivets-dlya-briv\/","title":{"rendered":"Miss Tais 741 Kredka do brwi"},"content":{"rendered":"<p>Brwi s\u0105 ram\u0105 naszej twarzy. Ich dok\u0142adno\u015b\u0107 i kszta\u0142t zale\u017c\u0105 nie tylko od pracy p\u0119set\u0105, ale tak\u017ce od pi\u0119knego makija\u017cu. Marka <strong>Miss Tais<\/strong> wypu\u015bci\u0142a wodoodporn\u0105 kredk\u0119 do brwi, za pomoc\u0105 kt\u00f3rej mo\u017cna nada\u0107 im po\u017c\u0105dany kszta\u0142t i uczyni\u0107 ich odcie\u0144 bardziej nasyconym. Dzi\u0119ki formule rysik swobodnie przesuwa si\u0119 po powierzchni sk\u00f3ry i pomi\u0119dzy w\u0142oskami, nie rani\u0105c ich. Od teraz b\u0119dziesz pi\u0119kna przy ka\u017cdej pogodzie!<\/p>\n<p><a href=\"https:\/\/pomadashop.com\/ua\/g87373180-brovi\"><strong>Cechy kredki do brwi Miss Tais:<\/strong><\/a><\/p>\n<p><em>\u2013 o\u0142\u00f3wek jest szczeg\u00f3lnie trwa\u0142y;<\/em><br \/>\n<em>- r\u00f3\u017cnorodno\u015b\u0107 odcieni pozwala wybra\u0107 dok\u0142adnie ten, kt\u00f3rego potrzebujesz;<\/em><br \/>\n<em>- wygodnie jest pracowa\u0107 zar\u00f3wno z technikami nak\u0142adania cieni, jak i w\u0142os\u00f3w;<\/em><br \/>\n<em>\u2013 pomaga u\u0142o\u017cy\u0107 w\u0142osy we w\u0142a\u015bciwym kierunku;<\/em><br \/>\n<em>- nie uszkadza struktury w\u0142os\u00f3w;<\/em><br \/>\n<em>- pomaga poszerzy\u0107 kszta\u0142t i wizualnie grubszy;<\/em><\/p>","protected":false},"excerpt":{"rendered":"<p><img loading=\"lazy\" decoding=\"async\" class=\"\" src=\"https:\/\/madlenmakeup.com.ua\/wp-content\/uploads\/2023\/04\/1f1ea-1f1fa.png\" alt=\"\u042d\u043c\u043e\u0434\u0437\u0438 \ud83c\uddea\ud83c\uddfa Apple \u0438 iOS\" width=\"40\" height=\"40\" \/>\u00a0<strong>Europejska jako\u015b\u0107\u00a0<\/strong><img loading=\"lazy\" decoding=\"async\" class=\"\" src=\"https:\/\/madlenmakeup.com.ua\/wp-content\/uploads\/2023\/04\/1f1ea-1f1fa.png\" alt=\"\u042d\u043c\u043e\u0434\u0437\u0438 \ud83c\uddea\ud83c\uddfa Apple \u0438 iOS\" width=\"40\" height=\"40\" \/><\/p>","protected":false},"featured_media":6723,"comment_status":"open","ping_status":"closed","template":"","meta":{"site-sidebar-layout":"default","site-content-layout":"default","ast-global-header-display":"","ast-main-header-display":"","ast-hfb-above-header-display":"","ast-hfb-below-header-display":"","ast-hfb-mobile-header-display":"","site-post-title":"","ast-breadcrumbs-content":"","ast-featured-img":"","footer-sml-layout":"","theme-transparent-header-meta":"default","adv-header-id-meta":"","stick-header-meta":"","header-above-stick-meta":"","header-main-stick-meta":"","header-below-stick-meta":""},"product_cat":[48],"product_tag":[71,72],"class_list":{"0":"post-6722","1":"product","2":"type-product","3":"status-publish","4":"has-post-thumbnail","6":"product_brand-miss-tais","7":"product_cat-brovy-madlen","8":"product_tag-vsi-olivtsi-dlya-briv","9":"product_tag-vsi-olivtsi-dlya-briv-miss-tais","10":"desktop-align-left","11":"tablet-align-left","12":"mobile-align-left","14":"first","15":"outofstock","16":"shipping-taxable","17":"purchasable","18":"product-type-simple"},"yoast_head":"<!-- This site is optimized with the Yoast SEO plugin v25.6 - https:\/\/yoast.com\/wordpress\/plugins\/seo\/ -->\n<title>Miss Tais 741 \u041e\u043b\u0456\u0432\u0435\u0446\u044c \u0434\u043b\u044f \u0431\u0440\u0456\u0432 - Madlen Cosmetics<\/title>\n<meta name=\"description\" content=\"Miss Tais 741 \u043a\u0430\u0440\u0430\u043d\u0434\u0430\u0448 \u0434\u043b\u044f \u0431\u0440\u043e\u0432\u0435\u0439 \u043c\u043e\u0436\u043d\u043e \u043a\u0443\u043f\u0438\u0442\u044c \u043e\u043f\u0442\u043e\u043c. \u041d\u0438\u0437\u043a\u0438\u0435 \u0446\u0435\u043d\u044b. \u0411\u043e\u043b\u044c\u0448\u043e\u0439 \u0430\u0441\u0441\u043e\u0440\u0442\u0438\u043c\u0435\u043d\u0442 \u043a\u043e\u0441\u043c\u0435\u0442\u0438\u043a\u0438. 100% \u043e\u0440\u0438\u0433\u0438\u043d\u0430\u043b \u0427\u0435\u0445\u0438\u044f. \u0411\u044b\u0441\u0442\u0440\u0430\u044f \u0434\u043e\u0441\u0442\u0430\u0432\u043a\u0430 \u043f\u043e \u0432\u0441\u0435\u0439 \u0423\u043a\u0440\u0430\u0438\u043d\u0435.\" \/>\n<meta name=\"robots\" content=\"index, follow, max-snippet:-1, max-image-preview:large, max-video-preview:-1\" \/>\n<link rel=\"canonical\" href=\"https:\/\/madlenmakeup.com.ua\/pl\/produkt\/miss-tais-741-olivets-dlya-briv\/\" \/>\n<meta property=\"og:locale\" content=\"pl_PL\" \/>\n<meta property=\"og:type\" content=\"article\" \/>\n<meta property=\"og:title\" content=\"Miss Tais 741 \u041e\u043b\u0456\u0432\u0435\u0446\u044c \u0434\u043b\u044f \u0431\u0440\u0456\u0432 - Madlen Cosmetics\" \/>\n<meta property=\"og:description\" content=\"Miss Tais 741 \u043a\u0430\u0440\u0430\u043d\u0434\u0430\u0448 \u0434\u043b\u044f \u0431\u0440\u043e\u0432\u0435\u0439 \u043c\u043e\u0436\u043d\u043e \u043a\u0443\u043f\u0438\u0442\u044c \u043e\u043f\u0442\u043e\u043c. \u041d\u0438\u0437\u043a\u0438\u0435 \u0446\u0435\u043d\u044b. \u0411\u043e\u043b\u044c\u0448\u043e\u0439 \u0430\u0441\u0441\u043e\u0440\u0442\u0438\u043c\u0435\u043d\u0442 \u043a\u043e\u0441\u043c\u0435\u0442\u0438\u043a\u0438. 100% \u043e\u0440\u0438\u0433\u0438\u043d\u0430\u043b \u0427\u0435\u0445\u0438\u044f. \u0411\u044b\u0441\u0442\u0440\u0430\u044f \u0434\u043e\u0441\u0442\u0430\u0432\u043a\u0430 \u043f\u043e \u0432\u0441\u0435\u0439 \u0423\u043a\u0440\u0430\u0438\u043d\u0435.\" \/>\n<meta property=\"og:url\" content=\"https:\/\/madlenmakeup.com.ua\/pl\/produkt\/miss-tais-741-olivets-dlya-briv\/\" \/>\n<meta property=\"og:site_name\" content=\"Madlen Cosmetics\" \/>\n<meta property=\"article:modified_time\" content=\"2025-12-02T22:15:41+00:00\" \/>\n<meta property=\"og:image\" content=\"https:\/\/madlenmakeup.com.ua\/wp-content\/uploads\/2024\/04\/miss-tais-741-karandash-dlya-brovej.jpg\" \/>\n\t<meta property=\"og:image:width\" content=\"500\" \/>\n\t<meta property=\"og:image:height\" content=\"500\" \/>\n\t<meta property=\"og:image:type\" content=\"image\/jpeg\" \/>\n<meta name=\"twitter:card\" content=\"summary_large_image\" \/>\n<meta name=\"twitter:label1\" content=\"Szacowany czas czytania\" \/>\n\t<meta name=\"twitter:data1\" content=\"1 minuta\" \/>\n<script type=\"application\/ld+json\" class=\"yoast-schema-graph\">{\"@context\":\"https:\/\/schema.org\",\"@graph\":[{\"@type\":\"WebPage\",\"@id\":\"https:\/\/madlenmakeup.com.ua\/product\/miss-tais-741-olivets-dlya-briv\/\",\"url\":\"https:\/\/madlenmakeup.com.ua\/product\/miss-tais-741-olivets-dlya-briv\/\",\"name\":\"Miss Tais 741 \u041e\u043b\u0456\u0432\u0435\u0446\u044c \u0434\u043b\u044f \u0431\u0440\u0456\u0432 - Madlen Cosmetics\",\"isPartOf\":{\"@id\":\"https:\/\/madlenmakeup.com.ua\/#website\"},\"primaryImageOfPage\":{\"@id\":\"https:\/\/madlenmakeup.com.ua\/product\/miss-tais-741-olivets-dlya-briv\/#primaryimage\"},\"image\":{\"@id\":\"https:\/\/madlenmakeup.com.ua\/product\/miss-tais-741-olivets-dlya-briv\/#primaryimage\"},\"thumbnailUrl\":\"https:\/\/madlenmakeup.com.ua\/wp-content\/uploads\/2024\/04\/miss-tais-741-karandash-dlya-brovej.jpg\",\"datePublished\":\"2024-04-23T19:24:17+00:00\",\"dateModified\":\"2025-12-02T22:15:41+00:00\",\"description\":\"Miss Tais 741 \u043a\u0430\u0440\u0430\u043d\u0434\u0430\u0448 \u0434\u043b\u044f \u0431\u0440\u043e\u0432\u0435\u0439 \u043c\u043e\u0436\u043d\u043e \u043a\u0443\u043f\u0438\u0442\u044c \u043e\u043f\u0442\u043e\u043c. \u041d\u0438\u0437\u043a\u0438\u0435 \u0446\u0435\u043d\u044b. \u0411\u043e\u043b\u044c\u0448\u043e\u0439 \u0430\u0441\u0441\u043e\u0440\u0442\u0438\u043c\u0435\u043d\u0442 \u043a\u043e\u0441\u043c\u0435\u0442\u0438\u043a\u0438. 100% \u043e\u0440\u0438\u0433\u0438\u043d\u0430\u043b \u0427\u0435\u0445\u0438\u044f. \u0411\u044b\u0441\u0442\u0440\u0430\u044f \u0434\u043e\u0441\u0442\u0430\u0432\u043a\u0430 \u043f\u043e \u0432\u0441\u0435\u0439 \u0423\u043a\u0440\u0430\u0438\u043d\u0435.\",\"breadcrumb\":{\"@id\":\"https:\/\/madlenmakeup.com.ua\/product\/miss-tais-741-olivets-dlya-briv\/#breadcrumb\"},\"inLanguage\":\"pl-PL\",\"potentialAction\":[{\"@type\":\"ReadAction\",\"target\":[\"https:\/\/madlenmakeup.com.ua\/product\/miss-tais-741-olivets-dlya-briv\/\"]}]},{\"@type\":\"ImageObject\",\"inLanguage\":\"pl-PL\",\"@id\":\"https:\/\/madlenmakeup.com.ua\/product\/miss-tais-741-olivets-dlya-briv\/#primaryimage\",\"url\":\"https:\/\/madlenmakeup.com.ua\/wp-content\/uploads\/2024\/04\/miss-tais-741-karandash-dlya-brovej.jpg\",\"contentUrl\":\"https:\/\/madlenmakeup.com.ua\/wp-content\/uploads\/2024\/04\/miss-tais-741-karandash-dlya-brovej.jpg\",\"width\":500,\"height\":500,\"caption\":\"miss-tais-741-karandash-dlya-brovej\"},{\"@type\":\"BreadcrumbList\",\"@id\":\"https:\/\/madlenmakeup.com.ua\/product\/miss-tais-741-olivets-dlya-briv\/#breadcrumb\",\"itemListElement\":[{\"@type\":\"ListItem\",\"position\":1,\"name\":\"\u0413\u043e\u043b\u043e\u0432\u043d\u0430\",\"item\":\"https:\/\/madlenmakeup.com.ua\/\"},{\"@type\":\"ListItem\",\"position\":2,\"name\":\"\u041c\u0430\u0433\u0430\u0437\u0438\u043d\",\"item\":\"https:\/\/madlenmakeup.com.ua\/shop\/\"},{\"@type\":\"ListItem\",\"position\":3,\"name\":\"Miss Tais 741 \u041e\u043b\u0456\u0432\u0435\u0446\u044c \u0434\u043b\u044f \u0431\u0440\u0456\u0432\"}]},{\"@type\":\"WebSite\",\"@id\":\"https:\/\/madlenmakeup.com.ua\/#website\",\"url\":\"https:\/\/madlenmakeup.com.ua\/\",\"name\":\"Madlen Cosmetics\",\"description\":\"\u041c\u0430\u0433\u0430\u0437\u0438\u043d \u043f\u0440\u043e\u0444\u0435\u0441\u0456\u0439\u043d\u043e\u0457 \u043a\u043e\u0441\u043c\u0435\u0442\u0438\u043a\u0438\",\"publisher\":{\"@id\":\"https:\/\/madlenmakeup.com.ua\/#\/schema\/person\/49cd71213b472a6db978257e4616a5de\"},\"potentialAction\":[{\"@type\":\"SearchAction\",\"target\":{\"@type\":\"EntryPoint\",\"urlTemplate\":\"https:\/\/madlenmakeup.com.ua\/?s={search_term_string}\"},\"query-input\":{\"@type\":\"PropertyValueSpecification\",\"valueRequired\":true,\"valueName\":\"search_term_string\"}}],\"inLanguage\":\"pl-PL\"},{\"@type\":[\"Person\",\"Organization\"],\"@id\":\"https:\/\/madlenmakeup.com.ua\/#\/schema\/person\/49cd71213b472a6db978257e4616a5de\",\"name\":\"madlenmakeup\",\"image\":{\"@type\":\"ImageObject\",\"inLanguage\":\"pl-PL\",\"@id\":\"https:\/\/madlenmakeup.com.ua\/#\/schema\/person\/image\/\",\"url\":\"https:\/\/madlenmakeup.com.ua\/wp-content\/uploads\/2023\/04\/cropped-cropped-madlen-logo-removebg-preview.png\",\"contentUrl\":\"https:\/\/madlenmakeup.com.ua\/wp-content\/uploads\/2023\/04\/cropped-cropped-madlen-logo-removebg-preview.png\",\"width\":296,\"height\":70,\"caption\":\"madlenmakeup\"},\"logo\":{\"@id\":\"https:\/\/madlenmakeup.com.ua\/#\/schema\/person\/image\/\"},\"sameAs\":[\"http:\/\/madlenmakeup.com.ua\"]}]}<\/script>\n<!-- \/ Yoast SEO plugin. -->","yoast_head_json":{"title":"Miss Tais 741 \u041e\u043b\u0456\u0432\u0435\u0446\u044c \u0434\u043b\u044f \u0431\u0440\u0456\u0432 - Madlen Cosmetics","description":"Miss Tais 741 \u043a\u0430\u0440\u0430\u043d\u0434\u0430\u0448 \u0434\u043b\u044f \u0431\u0440\u043e\u0432\u0435\u0439 \u043c\u043e\u0436\u043d\u043e \u043a\u0443\u043f\u0438\u0442\u044c \u043e\u043f\u0442\u043e\u043c. \u041d\u0438\u0437\u043a\u0438\u0435 \u0446\u0435\u043d\u044b. \u0411\u043e\u043b\u044c\u0448\u043e\u0439 \u0430\u0441\u0441\u043e\u0440\u0442\u0438\u043c\u0435\u043d\u0442 \u043a\u043e\u0441\u043c\u0435\u0442\u0438\u043a\u0438. 100% \u043e\u0440\u0438\u0433\u0438\u043d\u0430\u043b \u0427\u0435\u0445\u0438\u044f. \u0411\u044b\u0441\u0442\u0440\u0430\u044f \u0434\u043e\u0441\u0442\u0430\u0432\u043a\u0430 \u043f\u043e \u0432\u0441\u0435\u0439 \u0423\u043a\u0440\u0430\u0438\u043d\u0435.","robots":{"index":"index","follow":"follow","max-snippet":"max-snippet:-1","max-image-preview":"max-image-preview:large","max-video-preview":"max-video-preview:-1"},"canonical":"https:\/\/madlenmakeup.com.ua\/pl\/produkt\/miss-tais-741-olivets-dlya-briv\/","og_locale":"pl_PL","og_type":"article","og_title":"Miss Tais 741 \u041e\u043b\u0456\u0432\u0435\u0446\u044c \u0434\u043b\u044f \u0431\u0440\u0456\u0432 - Madlen Cosmetics","og_description":"Miss Tais 741 \u043a\u0430\u0440\u0430\u043d\u0434\u0430\u0448 \u0434\u043b\u044f \u0431\u0440\u043e\u0432\u0435\u0439 \u043c\u043e\u0436\u043d\u043e \u043a\u0443\u043f\u0438\u0442\u044c \u043e\u043f\u0442\u043e\u043c. \u041d\u0438\u0437\u043a\u0438\u0435 \u0446\u0435\u043d\u044b. \u0411\u043e\u043b\u044c\u0448\u043e\u0439 \u0430\u0441\u0441\u043e\u0440\u0442\u0438\u043c\u0435\u043d\u0442 \u043a\u043e\u0441\u043c\u0435\u0442\u0438\u043a\u0438. 100% \u043e\u0440\u0438\u0433\u0438\u043d\u0430\u043b \u0427\u0435\u0445\u0438\u044f. \u0411\u044b\u0441\u0442\u0440\u0430\u044f \u0434\u043e\u0441\u0442\u0430\u0432\u043a\u0430 \u043f\u043e \u0432\u0441\u0435\u0439 \u0423\u043a\u0440\u0430\u0438\u043d\u0435.","og_url":"https:\/\/madlenmakeup.com.ua\/pl\/produkt\/miss-tais-741-olivets-dlya-briv\/","og_site_name":"Madlen Cosmetics","article_modified_time":"2025-12-02T22:15:41+00:00","og_image":[{"width":500,"height":500,"url":"https:\/\/madlenmakeup.com.ua\/wp-content\/uploads\/2024\/04\/miss-tais-741-karandash-dlya-brovej.jpg","type":"image\/jpeg"}],"twitter_card":"summary_large_image","twitter_misc":{"Szacowany czas czytania":"1 minuta"},"schema":{"@context":"https:\/\/schema.org","@graph":[{"@type":"WebPage","@id":"https:\/\/madlenmakeup.com.ua\/product\/miss-tais-741-olivets-dlya-briv\/","url":"https:\/\/madlenmakeup.com.ua\/product\/miss-tais-741-olivets-dlya-briv\/","name":"Miss Tais 741 \u041e\u043b\u0456\u0432\u0435\u0446\u044c \u0434\u043b\u044f \u0431\u0440\u0456\u0432 - Madlen Cosmetics","isPartOf":{"@id":"https:\/\/madlenmakeup.com.ua\/#website"},"primaryImageOfPage":{"@id":"https:\/\/madlenmakeup.com.ua\/product\/miss-tais-741-olivets-dlya-briv\/#primaryimage"},"image":{"@id":"https:\/\/madlenmakeup.com.ua\/product\/miss-tais-741-olivets-dlya-briv\/#primaryimage"},"thumbnailUrl":"https:\/\/madlenmakeup.com.ua\/wp-content\/uploads\/2024\/04\/miss-tais-741-karandash-dlya-brovej.jpg","datePublished":"2024-04-23T19:24:17+00:00","dateModified":"2025-12-02T22:15:41+00:00","description":"Miss Tais 741 \u043a\u0430\u0440\u0430\u043d\u0434\u0430\u0448 \u0434\u043b\u044f \u0431\u0440\u043e\u0432\u0435\u0439 \u043c\u043e\u0436\u043d\u043e \u043a\u0443\u043f\u0438\u0442\u044c \u043e\u043f\u0442\u043e\u043c. \u041d\u0438\u0437\u043a\u0438\u0435 \u0446\u0435\u043d\u044b. \u0411\u043e\u043b\u044c\u0448\u043e\u0439 \u0430\u0441\u0441\u043e\u0440\u0442\u0438\u043c\u0435\u043d\u0442 \u043a\u043e\u0441\u043c\u0435\u0442\u0438\u043a\u0438. 100% \u043e\u0440\u0438\u0433\u0438\u043d\u0430\u043b \u0427\u0435\u0445\u0438\u044f. \u0411\u044b\u0441\u0442\u0440\u0430\u044f \u0434\u043e\u0441\u0442\u0430\u0432\u043a\u0430 \u043f\u043e \u0432\u0441\u0435\u0439 \u0423\u043a\u0440\u0430\u0438\u043d\u0435.","breadcrumb":{"@id":"https:\/\/madlenmakeup.com.ua\/product\/miss-tais-741-olivets-dlya-briv\/#breadcrumb"},"inLanguage":"pl-PL","potentialAction":[{"@type":"ReadAction","target":["https:\/\/madlenmakeup.com.ua\/product\/miss-tais-741-olivets-dlya-briv\/"]}]},{"@type":"ImageObject","inLanguage":"pl-PL","@id":"https:\/\/madlenmakeup.com.ua\/product\/miss-tais-741-olivets-dlya-briv\/#primaryimage","url":"https:\/\/madlenmakeup.com.ua\/wp-content\/uploads\/2024\/04\/miss-tais-741-karandash-dlya-brovej.jpg","contentUrl":"https:\/\/madlenmakeup.com.ua\/wp-content\/uploads\/2024\/04\/miss-tais-741-karandash-dlya-brovej.jpg","width":500,"height":500,"caption":"miss-tais-741-karandash-dlya-brovej"},{"@type":"BreadcrumbList","@id":"https:\/\/madlenmakeup.com.ua\/product\/miss-tais-741-olivets-dlya-briv\/#breadcrumb","itemListElement":[{"@type":"ListItem","position":1,"name":"\u0413\u043e\u043b\u043e\u0432\u043d\u0430","item":"https:\/\/madlenmakeup.com.ua\/"},{"@type":"ListItem","position":2,"name":"\u041c\u0430\u0433\u0430\u0437\u0438\u043d","item":"https:\/\/madlenmakeup.com.ua\/shop\/"},{"@type":"ListItem","position":3,"name":"Miss Tais 741 \u041e\u043b\u0456\u0432\u0435\u0446\u044c \u0434\u043b\u044f \u0431\u0440\u0456\u0432"}]},{"@type":"WebSite","@id":"https:\/\/madlenmakeup.com.ua\/#website","url":"https:\/\/madlenmakeup.com.ua\/","name":"Madlen Cosmetics","description":"\u041c\u0430\u0433\u0430\u0437\u0438\u043d \u043f\u0440\u043e\u0444\u0435\u0441\u0456\u0439\u043d\u043e\u0457 \u043a\u043e\u0441\u043c\u0435\u0442\u0438\u043a\u0438","publisher":{"@id":"https:\/\/madlenmakeup.com.ua\/#\/schema\/person\/49cd71213b472a6db978257e4616a5de"},"potentialAction":[{"@type":"SearchAction","target":{"@type":"EntryPoint","urlTemplate":"https:\/\/madlenmakeup.com.ua\/?s={search_term_string}"},"query-input":{"@type":"PropertyValueSpecification","valueRequired":true,"valueName":"search_term_string"}}],"inLanguage":"pl-PL"},{"@type":["Person","Organization"],"@id":"https:\/\/madlenmakeup.com.ua\/#\/schema\/person\/49cd71213b472a6db978257e4616a5de","name":"madlenmakeup","image":{"@type":"ImageObject","inLanguage":"pl-PL","@id":"https:\/\/madlenmakeup.com.ua\/#\/schema\/person\/image\/","url":"https:\/\/madlenmakeup.com.ua\/wp-content\/uploads\/2023\/04\/cropped-cropped-madlen-logo-removebg-preview.png","contentUrl":"https:\/\/madlenmakeup.com.ua\/wp-content\/uploads\/2023\/04\/cropped-cropped-madlen-logo-removebg-preview.png","width":296,"height":70,"caption":"madlenmakeup"},"logo":{"@id":"https:\/\/madlenmakeup.com.ua\/#\/schema\/person\/image\/"},"sameAs":["http:\/\/madlenmakeup.com.ua"]}]}},"_links":{"self":[{"href":"https:\/\/madlenmakeup.com.ua\/pl\/wp-json\/wp\/v2\/product\/6722","targetHints":{"allow":["GET"]}}],"collection":[{"href":"https:\/\/madlenmakeup.com.ua\/pl\/wp-json\/wp\/v2\/product"}],"about":[{"href":"https:\/\/madlenmakeup.com.ua\/pl\/wp-json\/wp\/v2\/types\/product"}],"replies":[{"embeddable":true,"href":"https:\/\/madlenmakeup.com.ua\/pl\/wp-json\/wp\/v2\/comments?post=6722"}],"version-history":[{"count":2,"href":"https:\/\/madlenmakeup.com.ua\/pl\/wp-json\/wp\/v2\/product\/6722\/revisions"}],"predecessor-version":[{"id":8498,"href":"https:\/\/madlenmakeup.com.ua\/pl\/wp-json\/wp\/v2\/product\/6722\/revisions\/8498"}],"wp:featuredmedia":[{"embeddable":true,"href":"https:\/\/madlenmakeup.com.ua\/pl\/wp-json\/wp\/v2\/media\/6723"}],"wp:attachment":[{"href":"https:\/\/madlenmakeup.com.ua\/pl\/wp-json\/wp\/v2\/media?parent=6722"}],"wp:term":[{"taxonomy":"product_cat","embeddable":true,"href":"https:\/\/madlenmakeup.com.ua\/pl\/wp-json\/wp\/v2\/product_cat?post=6722"},{"taxonomy":"product_tag","embeddable":true,"href":"https:\/\/madlenmakeup.com.ua\/pl\/wp-json\/wp\/v2\/product_tag?post=6722"}],"curies":[{"name":"wp","href":"https:\/\/api.w.org\/{rel}","templated":true}]}}