{"id":6759,"date":"2024-05-12T22:10:20","date_gmt":"2024-05-12T19:10:20","guid":{"rendered":"https:\/\/madlenmakeup.com.ua\/?post_type=product&#038;p=6759"},"modified":"2025-08-16T16:32:09","modified_gmt":"2025-08-16T13:32:09","slug":"miss-tais-881-pudrovyj-olivets-dlya-briv","status":"publish","type":"product","link":"https:\/\/madlenmakeup.com.ua\/pl\/produkt\/miss-tais-881-pudrovyj-olivets-dlya-briv\/","title":{"rendered":"Miss Tais 881 Powder Kredka do brwi"},"content":{"rendered":"<p>Brwi nadaj\u0105 charakteru ca\u0142emu zdj\u0119ciu, dlatego nie nale\u017cy lekcewa\u017cy\u0107 ich roli w makija\u017cu.<br \/>\nPi\u0119kne brwi to jeden z g\u0142\u00f3wnych akcent\u00f3w kobiecej twarzy, dlatego wiza\u017cy\u015bci zwracaj\u0105 na nie szczeg\u00f3ln\u0105 uwag\u0119.<br \/>\nProfesjonalna kredka do brwi Miss Tais, popularnej w\u015br\u00f3d fashionistek na ca\u0142ym \u015bwiecie, pomo\u017ce Ci stworzy\u0107 nieskaziteln\u0105 kresk\u0119, nada w\u0142osom wizualn\u0105 g\u0119sto\u015b\u0107 i naturalny, ale bogaty odcie\u0144.<br \/>\n<strong>Miss Tais Eyebrow Powder Pencil<\/strong> uzupe\u0142niona o wygodn\u0105 szczoteczk\u0119, kt\u00f3ra doskonale rozdziela w\u0142oski i pi\u0119knie je uk\u0142ada przed farbowaniem. O\u0142\u00f3wek charakteryzuje si\u0119 doskona\u0142\u0105 stabilno\u015bci\u0105, dzi\u0119ki czemu dobrze wytrzymuje ca\u0142y dzie\u0144, nie reaguj\u0105c na agresywne czynniki \u015brodowiskowe. Ten produkt kosmetyk\u00f3w dekoracyjnych pomaga stworzy\u0107 pi\u0119kne wieczorowe i codzienne stylizacje, wprowadzi\u0107 odpowiednie akcenty w makija\u017cu, podkre\u015bli\u0107 i uwydatni\u0107 naturalne pi\u0119kno.<\/p>\n<p><strong>Osobliwo\u015bci Miss Tais Eyebrow Powder Pencil:<br \/>\n<\/strong>\u2013 o\u0142\u00f3wek umo\u017cliwia rysowanie pojedynczych w\u0142osk\u00f3w;<br \/>\n- wizualnie tworzy dodatkow\u0105 obj\u0119to\u015b\u0107 i maksymaln\u0105 puszysto\u015b\u0107;<br \/>\n- \u0142atwo rozprowadzany i mieszany;<br \/>\n\u2013 Stabilna formu\u0142a;<br \/>\n\u2013 kremowa konsystencja po aplikacji zamienia si\u0119 w puder;<br \/>\n\u2013 Wygodna szczoteczka pozwala dopasowa\u0107 kszta\u0142t brwi i nada\u0107 im schludny wygl\u0105d;<br \/>\n\u2013 Paleta kredek pudrowych w 5 odcieniach #881 #882 #883 #884 #885.<br \/>\n<strong>Sprzedawane hurtowo i detalicznie.<br \/>\n<\/strong><\/p>\n<pre id=\"tw-target-text\" class=\"tw-data-text tw-text-large tw-ta\" dir=\"ltr\" data-placeholder=\"\u041f\u0435\u0440\u0435\u0432\u043e\u0434\" aria-label=\"\u041f\u0435\u0440\u0435\u0432\u0435\u0434\u0435\u043d\u043d\u044b\u0439 \u0442\u0435\u043a\u0441\u0442\" data-ved=\"2ahUKEwjVvo_R1YiGAxVqh_0HHSgyAT8Q3ewLegQIBRAU\">\u00a0<\/pre>","protected":false},"excerpt":{"rendered":"<p><img loading=\"lazy\" decoding=\"async\" class=\"\" src=\"https:\/\/madlenmakeup.com.ua\/wp-content\/uploads\/2023\/04\/1f1ea-1f1fa.png\" alt=\"\u042d\u043c\u043e\u0434\u0437\u0438 \ud83c\uddea\ud83c\uddfa Apple \u0438 iOS\" width=\"40\" height=\"40\" \/>\u00a0<strong>Europejska jako\u015b\u0107\u00a0<\/strong><img loading=\"lazy\" decoding=\"async\" class=\"\" src=\"https:\/\/madlenmakeup.com.ua\/wp-content\/uploads\/2023\/04\/1f1ea-1f1fa.png\" alt=\"\u042d\u043c\u043e\u0434\u0437\u0438 \ud83c\uddea\ud83c\uddfa Apple \u0438 iOS\" width=\"40\" height=\"40\" \/><\/p>","protected":false},"featured_media":6801,"comment_status":"open","ping_status":"closed","template":"","meta":{"site-sidebar-layout":"default","site-content-layout":"default","ast-global-header-display":"","ast-main-header-display":"","ast-hfb-above-header-display":"","ast-hfb-below-header-display":"","ast-hfb-mobile-header-display":"","site-post-title":"","ast-breadcrumbs-content":"","ast-featured-img":"","footer-sml-layout":"","theme-transparent-header-meta":"default","adv-header-id-meta":"","stick-header-meta":"","header-above-stick-meta":"","header-main-stick-meta":"","header-below-stick-meta":""},"product_cat":[48],"product_tag":[71,72],"class_list":{"0":"post-6759","1":"product","2":"type-product","3":"status-publish","4":"has-post-thumbnail","6":"product_brand-miss-tais","7":"product_cat-brovy-madlen","8":"product_tag-vsi-olivtsi-dlya-briv","9":"product_tag-vsi-olivtsi-dlya-briv-miss-tais","10":"desktop-align-left","11":"tablet-align-left","12":"mobile-align-left","14":"first","15":"instock","16":"sale","17":"shipping-taxable","18":"purchasable","19":"product-type-simple"},"yoast_head":"<!-- This site is optimized with the Yoast SEO plugin v25.6 - https:\/\/yoast.com\/wordpress\/plugins\/seo\/ -->\n<title>Miss Tais 881 \u041f\u0443\u0434\u0440\u043e\u0432\u0438\u0439 \u043e\u043b\u0456\u0432\u0435\u0446\u044c \u0434\u043b\u044f \u0431\u0440\u0456\u0432 - Madlen Cosmetics<\/title>\n<meta name=\"description\" content=\"Miss Tais 881 \u041f\u0443\u0434\u0440\u043e\u0432\u0438\u0439 \u043e\u043b\u0456\u0432\u0435\u0446\u044c \u0434\u043b\u044f \u0431\u0440\u0456\u0432 \u043c\u043e\u0436\u043d\u0430 \u043a\u0443\u043f\u0438\u0442\u0438 \u043e\u043f\u0442\u043e\u043c \u0442\u0430 \u0432 \u0440\u043e\u0437\u0434\u0440\u0456\u0431. \u041d\u0438\u0437\u044c\u043a\u0456 \u0446\u0456\u043d\u0438. \u0412\u0435\u043b\u0438\u043a\u0438\u0439 \u0430\u0441\u043e\u0440\u0442\u0438\u043c\u0435\u043d\u0442 \u043a\u043e\u0441\u043c\u0435\u0442\u0438\u043a\u0438. \u0428\u0432\u0438\u0434\u043a\u0430 \u0434\u043e\u0441\u0442\u0430\u0432\u043a\u0430. 100% \u043e\u0440\u0438\u0433\u0456\u043d\u0430\u043b.\" \/>\n<meta name=\"robots\" content=\"index, follow, max-snippet:-1, max-image-preview:large, max-video-preview:-1\" \/>\n<link rel=\"canonical\" href=\"https:\/\/madlenmakeup.com.ua\/pl\/produkt\/miss-tais-881-pudrovyj-olivets-dlya-briv\/\" \/>\n<meta property=\"og:locale\" content=\"pl_PL\" \/>\n<meta property=\"og:type\" content=\"article\" \/>\n<meta property=\"og:title\" content=\"Miss Tais 881 \u041f\u0443\u0434\u0440\u043e\u0432\u0438\u0439 \u043e\u043b\u0456\u0432\u0435\u0446\u044c \u0434\u043b\u044f \u0431\u0440\u0456\u0432 - Madlen Cosmetics\" \/>\n<meta property=\"og:description\" content=\"Miss Tais 881 \u041f\u0443\u0434\u0440\u043e\u0432\u0438\u0439 \u043e\u043b\u0456\u0432\u0435\u0446\u044c \u0434\u043b\u044f \u0431\u0440\u0456\u0432 \u043c\u043e\u0436\u043d\u0430 \u043a\u0443\u043f\u0438\u0442\u0438 \u043e\u043f\u0442\u043e\u043c \u0442\u0430 \u0432 \u0440\u043e\u0437\u0434\u0440\u0456\u0431. \u041d\u0438\u0437\u044c\u043a\u0456 \u0446\u0456\u043d\u0438. \u0412\u0435\u043b\u0438\u043a\u0438\u0439 \u0430\u0441\u043e\u0440\u0442\u0438\u043c\u0435\u043d\u0442 \u043a\u043e\u0441\u043c\u0435\u0442\u0438\u043a\u0438. \u0428\u0432\u0438\u0434\u043a\u0430 \u0434\u043e\u0441\u0442\u0430\u0432\u043a\u0430. 100% \u043e\u0440\u0438\u0433\u0456\u043d\u0430\u043b.\" \/>\n<meta property=\"og:url\" content=\"https:\/\/madlenmakeup.com.ua\/pl\/produkt\/miss-tais-881-pudrovyj-olivets-dlya-briv\/\" \/>\n<meta property=\"og:site_name\" content=\"Madlen Cosmetics\" \/>\n<meta property=\"article:modified_time\" content=\"2025-08-16T13:32:09+00:00\" \/>\n<meta property=\"og:image\" content=\"https:\/\/madlenmakeup.com.ua\/wp-content\/uploads\/2024\/05\/miss-tais-881-882-883-884-885-pudrovyj-karandash-dlya-brovej-novynka.webp\" \/>\n\t<meta property=\"og:image:width\" content=\"1080\" \/>\n\t<meta property=\"og:image:height\" content=\"1350\" \/>\n\t<meta property=\"og:image:type\" content=\"image\/webp\" \/>\n<meta name=\"twitter:card\" content=\"summary_large_image\" \/>\n<meta name=\"twitter:label1\" content=\"Szacowany czas czytania\" \/>\n\t<meta name=\"twitter:data1\" content=\"2 minuty\" \/>\n<script type=\"application\/ld+json\" class=\"yoast-schema-graph\">{\"@context\":\"https:\/\/schema.org\",\"@graph\":[{\"@type\":\"WebPage\",\"@id\":\"https:\/\/madlenmakeup.com.ua\/product\/miss-tais-881-pudrovyj-olivets-dlya-briv\/\",\"url\":\"https:\/\/madlenmakeup.com.ua\/product\/miss-tais-881-pudrovyj-olivets-dlya-briv\/\",\"name\":\"Miss Tais 881 \u041f\u0443\u0434\u0440\u043e\u0432\u0438\u0439 \u043e\u043b\u0456\u0432\u0435\u0446\u044c \u0434\u043b\u044f \u0431\u0440\u0456\u0432 - Madlen Cosmetics\",\"isPartOf\":{\"@id\":\"https:\/\/madlenmakeup.com.ua\/#website\"},\"primaryImageOfPage\":{\"@id\":\"https:\/\/madlenmakeup.com.ua\/product\/miss-tais-881-pudrovyj-olivets-dlya-briv\/#primaryimage\"},\"image\":{\"@id\":\"https:\/\/madlenmakeup.com.ua\/product\/miss-tais-881-pudrovyj-olivets-dlya-briv\/#primaryimage\"},\"thumbnailUrl\":\"https:\/\/madlenmakeup.com.ua\/wp-content\/uploads\/2024\/05\/miss-tais-881-882-883-884-885-pudrovyj-karandash-dlya-brovej-novynka.webp\",\"datePublished\":\"2024-05-12T19:10:20+00:00\",\"dateModified\":\"2025-08-16T13:32:09+00:00\",\"description\":\"Miss Tais 881 \u041f\u0443\u0434\u0440\u043e\u0432\u0438\u0439 \u043e\u043b\u0456\u0432\u0435\u0446\u044c \u0434\u043b\u044f \u0431\u0440\u0456\u0432 \u043c\u043e\u0436\u043d\u0430 \u043a\u0443\u043f\u0438\u0442\u0438 \u043e\u043f\u0442\u043e\u043c \u0442\u0430 \u0432 \u0440\u043e\u0437\u0434\u0440\u0456\u0431. \u041d\u0438\u0437\u044c\u043a\u0456 \u0446\u0456\u043d\u0438. \u0412\u0435\u043b\u0438\u043a\u0438\u0439 \u0430\u0441\u043e\u0440\u0442\u0438\u043c\u0435\u043d\u0442 \u043a\u043e\u0441\u043c\u0435\u0442\u0438\u043a\u0438. \u0428\u0432\u0438\u0434\u043a\u0430 \u0434\u043e\u0441\u0442\u0430\u0432\u043a\u0430. 100% \u043e\u0440\u0438\u0433\u0456\u043d\u0430\u043b.\",\"breadcrumb\":{\"@id\":\"https:\/\/madlenmakeup.com.ua\/product\/miss-tais-881-pudrovyj-olivets-dlya-briv\/#breadcrumb\"},\"inLanguage\":\"pl-PL\",\"potentialAction\":[{\"@type\":\"ReadAction\",\"target\":[\"https:\/\/madlenmakeup.com.ua\/product\/miss-tais-881-pudrovyj-olivets-dlya-briv\/\"]}]},{\"@type\":\"ImageObject\",\"inLanguage\":\"pl-PL\",\"@id\":\"https:\/\/madlenmakeup.com.ua\/product\/miss-tais-881-pudrovyj-olivets-dlya-briv\/#primaryimage\",\"url\":\"https:\/\/madlenmakeup.com.ua\/wp-content\/uploads\/2024\/05\/miss-tais-881-882-883-884-885-pudrovyj-karandash-dlya-brovej-novynka.webp\",\"contentUrl\":\"https:\/\/madlenmakeup.com.ua\/wp-content\/uploads\/2024\/05\/miss-tais-881-882-883-884-885-pudrovyj-karandash-dlya-brovej-novynka.webp\",\"width\":1080,\"height\":1350,\"caption\":\"miss-tais-881-882-883-884-885-pudrovyj-karandash-dlya-brovej-novynka\"},{\"@type\":\"BreadcrumbList\",\"@id\":\"https:\/\/madlenmakeup.com.ua\/product\/miss-tais-881-pudrovyj-olivets-dlya-briv\/#breadcrumb\",\"itemListElement\":[{\"@type\":\"ListItem\",\"position\":1,\"name\":\"\u0413\u043e\u043b\u043e\u0432\u043d\u0430\",\"item\":\"https:\/\/madlenmakeup.com.ua\/\"},{\"@type\":\"ListItem\",\"position\":2,\"name\":\"\u041c\u0430\u0433\u0430\u0437\u0438\u043d\",\"item\":\"https:\/\/madlenmakeup.com.ua\/shop\/\"},{\"@type\":\"ListItem\",\"position\":3,\"name\":\"Miss Tais 881 \u041f\u0443\u0434\u0440\u043e\u0432\u0438\u0439 \u043e\u043b\u0456\u0432\u0435\u0446\u044c \u0434\u043b\u044f \u0431\u0440\u0456\u0432\"}]},{\"@type\":\"WebSite\",\"@id\":\"https:\/\/madlenmakeup.com.ua\/#website\",\"url\":\"https:\/\/madlenmakeup.com.ua\/\",\"name\":\"Madlen Cosmetics\",\"description\":\"\u041c\u0430\u0433\u0430\u0437\u0438\u043d \u043f\u0440\u043e\u0444\u0435\u0441\u0456\u0439\u043d\u043e\u0457 \u043a\u043e\u0441\u043c\u0435\u0442\u0438\u043a\u0438\",\"publisher\":{\"@id\":\"https:\/\/madlenmakeup.com.ua\/#\/schema\/person\/49cd71213b472a6db978257e4616a5de\"},\"potentialAction\":[{\"@type\":\"SearchAction\",\"target\":{\"@type\":\"EntryPoint\",\"urlTemplate\":\"https:\/\/madlenmakeup.com.ua\/?s={search_term_string}\"},\"query-input\":{\"@type\":\"PropertyValueSpecification\",\"valueRequired\":true,\"valueName\":\"search_term_string\"}}],\"inLanguage\":\"pl-PL\"},{\"@type\":[\"Person\",\"Organization\"],\"@id\":\"https:\/\/madlenmakeup.com.ua\/#\/schema\/person\/49cd71213b472a6db978257e4616a5de\",\"name\":\"madlenmakeup\",\"image\":{\"@type\":\"ImageObject\",\"inLanguage\":\"pl-PL\",\"@id\":\"https:\/\/madlenmakeup.com.ua\/#\/schema\/person\/image\/\",\"url\":\"https:\/\/madlenmakeup.com.ua\/wp-content\/uploads\/2023\/04\/cropped-cropped-madlen-logo-removebg-preview.png\",\"contentUrl\":\"https:\/\/madlenmakeup.com.ua\/wp-content\/uploads\/2023\/04\/cropped-cropped-madlen-logo-removebg-preview.png\",\"width\":296,\"height\":70,\"caption\":\"madlenmakeup\"},\"logo\":{\"@id\":\"https:\/\/madlenmakeup.com.ua\/#\/schema\/person\/image\/\"},\"sameAs\":[\"http:\/\/madlenmakeup.com.ua\"]}]}<\/script>\n<!-- \/ Yoast SEO plugin. -->","yoast_head_json":{"title":"Miss Tais 881 \u041f\u0443\u0434\u0440\u043e\u0432\u0438\u0439 \u043e\u043b\u0456\u0432\u0435\u0446\u044c \u0434\u043b\u044f \u0431\u0440\u0456\u0432 - Madlen Cosmetics","description":"Miss Tais 881 \u041f\u0443\u0434\u0440\u043e\u0432\u0438\u0439 \u043e\u043b\u0456\u0432\u0435\u0446\u044c \u0434\u043b\u044f \u0431\u0440\u0456\u0432 \u043c\u043e\u0436\u043d\u0430 \u043a\u0443\u043f\u0438\u0442\u0438 \u043e\u043f\u0442\u043e\u043c \u0442\u0430 \u0432 \u0440\u043e\u0437\u0434\u0440\u0456\u0431. \u041d\u0438\u0437\u044c\u043a\u0456 \u0446\u0456\u043d\u0438. \u0412\u0435\u043b\u0438\u043a\u0438\u0439 \u0430\u0441\u043e\u0440\u0442\u0438\u043c\u0435\u043d\u0442 \u043a\u043e\u0441\u043c\u0435\u0442\u0438\u043a\u0438. \u0428\u0432\u0438\u0434\u043a\u0430 \u0434\u043e\u0441\u0442\u0430\u0432\u043a\u0430. 100% \u043e\u0440\u0438\u0433\u0456\u043d\u0430\u043b.","robots":{"index":"index","follow":"follow","max-snippet":"max-snippet:-1","max-image-preview":"max-image-preview:large","max-video-preview":"max-video-preview:-1"},"canonical":"https:\/\/madlenmakeup.com.ua\/pl\/produkt\/miss-tais-881-pudrovyj-olivets-dlya-briv\/","og_locale":"pl_PL","og_type":"article","og_title":"Miss Tais 881 \u041f\u0443\u0434\u0440\u043e\u0432\u0438\u0439 \u043e\u043b\u0456\u0432\u0435\u0446\u044c \u0434\u043b\u044f \u0431\u0440\u0456\u0432 - Madlen Cosmetics","og_description":"Miss Tais 881 \u041f\u0443\u0434\u0440\u043e\u0432\u0438\u0439 \u043e\u043b\u0456\u0432\u0435\u0446\u044c \u0434\u043b\u044f \u0431\u0440\u0456\u0432 \u043c\u043e\u0436\u043d\u0430 \u043a\u0443\u043f\u0438\u0442\u0438 \u043e\u043f\u0442\u043e\u043c \u0442\u0430 \u0432 \u0440\u043e\u0437\u0434\u0440\u0456\u0431. \u041d\u0438\u0437\u044c\u043a\u0456 \u0446\u0456\u043d\u0438. \u0412\u0435\u043b\u0438\u043a\u0438\u0439 \u0430\u0441\u043e\u0440\u0442\u0438\u043c\u0435\u043d\u0442 \u043a\u043e\u0441\u043c\u0435\u0442\u0438\u043a\u0438. \u0428\u0432\u0438\u0434\u043a\u0430 \u0434\u043e\u0441\u0442\u0430\u0432\u043a\u0430. 100% \u043e\u0440\u0438\u0433\u0456\u043d\u0430\u043b.","og_url":"https:\/\/madlenmakeup.com.ua\/pl\/produkt\/miss-tais-881-pudrovyj-olivets-dlya-briv\/","og_site_name":"Madlen Cosmetics","article_modified_time":"2025-08-16T13:32:09+00:00","og_image":[{"width":1080,"height":1350,"url":"https:\/\/madlenmakeup.com.ua\/wp-content\/uploads\/2024\/05\/miss-tais-881-882-883-884-885-pudrovyj-karandash-dlya-brovej-novynka.webp","type":"image\/webp"}],"twitter_card":"summary_large_image","twitter_misc":{"Szacowany czas czytania":"2 minuty"},"schema":{"@context":"https:\/\/schema.org","@graph":[{"@type":"WebPage","@id":"https:\/\/madlenmakeup.com.ua\/product\/miss-tais-881-pudrovyj-olivets-dlya-briv\/","url":"https:\/\/madlenmakeup.com.ua\/product\/miss-tais-881-pudrovyj-olivets-dlya-briv\/","name":"Miss Tais 881 \u041f\u0443\u0434\u0440\u043e\u0432\u0438\u0439 \u043e\u043b\u0456\u0432\u0435\u0446\u044c \u0434\u043b\u044f \u0431\u0440\u0456\u0432 - Madlen Cosmetics","isPartOf":{"@id":"https:\/\/madlenmakeup.com.ua\/#website"},"primaryImageOfPage":{"@id":"https:\/\/madlenmakeup.com.ua\/product\/miss-tais-881-pudrovyj-olivets-dlya-briv\/#primaryimage"},"image":{"@id":"https:\/\/madlenmakeup.com.ua\/product\/miss-tais-881-pudrovyj-olivets-dlya-briv\/#primaryimage"},"thumbnailUrl":"https:\/\/madlenmakeup.com.ua\/wp-content\/uploads\/2024\/05\/miss-tais-881-882-883-884-885-pudrovyj-karandash-dlya-brovej-novynka.webp","datePublished":"2024-05-12T19:10:20+00:00","dateModified":"2025-08-16T13:32:09+00:00","description":"Miss Tais 881 \u041f\u0443\u0434\u0440\u043e\u0432\u0438\u0439 \u043e\u043b\u0456\u0432\u0435\u0446\u044c \u0434\u043b\u044f \u0431\u0440\u0456\u0432 \u043c\u043e\u0436\u043d\u0430 \u043a\u0443\u043f\u0438\u0442\u0438 \u043e\u043f\u0442\u043e\u043c \u0442\u0430 \u0432 \u0440\u043e\u0437\u0434\u0440\u0456\u0431. \u041d\u0438\u0437\u044c\u043a\u0456 \u0446\u0456\u043d\u0438. \u0412\u0435\u043b\u0438\u043a\u0438\u0439 \u0430\u0441\u043e\u0440\u0442\u0438\u043c\u0435\u043d\u0442 \u043a\u043e\u0441\u043c\u0435\u0442\u0438\u043a\u0438. \u0428\u0432\u0438\u0434\u043a\u0430 \u0434\u043e\u0441\u0442\u0430\u0432\u043a\u0430. 100% \u043e\u0440\u0438\u0433\u0456\u043d\u0430\u043b.","breadcrumb":{"@id":"https:\/\/madlenmakeup.com.ua\/product\/miss-tais-881-pudrovyj-olivets-dlya-briv\/#breadcrumb"},"inLanguage":"pl-PL","potentialAction":[{"@type":"ReadAction","target":["https:\/\/madlenmakeup.com.ua\/product\/miss-tais-881-pudrovyj-olivets-dlya-briv\/"]}]},{"@type":"ImageObject","inLanguage":"pl-PL","@id":"https:\/\/madlenmakeup.com.ua\/product\/miss-tais-881-pudrovyj-olivets-dlya-briv\/#primaryimage","url":"https:\/\/madlenmakeup.com.ua\/wp-content\/uploads\/2024\/05\/miss-tais-881-882-883-884-885-pudrovyj-karandash-dlya-brovej-novynka.webp","contentUrl":"https:\/\/madlenmakeup.com.ua\/wp-content\/uploads\/2024\/05\/miss-tais-881-882-883-884-885-pudrovyj-karandash-dlya-brovej-novynka.webp","width":1080,"height":1350,"caption":"miss-tais-881-882-883-884-885-pudrovyj-karandash-dlya-brovej-novynka"},{"@type":"BreadcrumbList","@id":"https:\/\/madlenmakeup.com.ua\/product\/miss-tais-881-pudrovyj-olivets-dlya-briv\/#breadcrumb","itemListElement":[{"@type":"ListItem","position":1,"name":"\u0413\u043e\u043b\u043e\u0432\u043d\u0430","item":"https:\/\/madlenmakeup.com.ua\/"},{"@type":"ListItem","position":2,"name":"\u041c\u0430\u0433\u0430\u0437\u0438\u043d","item":"https:\/\/madlenmakeup.com.ua\/shop\/"},{"@type":"ListItem","position":3,"name":"Miss Tais 881 \u041f\u0443\u0434\u0440\u043e\u0432\u0438\u0439 \u043e\u043b\u0456\u0432\u0435\u0446\u044c \u0434\u043b\u044f \u0431\u0440\u0456\u0432"}]},{"@type":"WebSite","@id":"https:\/\/madlenmakeup.com.ua\/#website","url":"https:\/\/madlenmakeup.com.ua\/","name":"Madlen Cosmetics","description":"\u041c\u0430\u0433\u0430\u0437\u0438\u043d \u043f\u0440\u043e\u0444\u0435\u0441\u0456\u0439\u043d\u043e\u0457 \u043a\u043e\u0441\u043c\u0435\u0442\u0438\u043a\u0438","publisher":{"@id":"https:\/\/madlenmakeup.com.ua\/#\/schema\/person\/49cd71213b472a6db978257e4616a5de"},"potentialAction":[{"@type":"SearchAction","target":{"@type":"EntryPoint","urlTemplate":"https:\/\/madlenmakeup.com.ua\/?s={search_term_string}"},"query-input":{"@type":"PropertyValueSpecification","valueRequired":true,"valueName":"search_term_string"}}],"inLanguage":"pl-PL"},{"@type":["Person","Organization"],"@id":"https:\/\/madlenmakeup.com.ua\/#\/schema\/person\/49cd71213b472a6db978257e4616a5de","name":"madlenmakeup","image":{"@type":"ImageObject","inLanguage":"pl-PL","@id":"https:\/\/madlenmakeup.com.ua\/#\/schema\/person\/image\/","url":"https:\/\/madlenmakeup.com.ua\/wp-content\/uploads\/2023\/04\/cropped-cropped-madlen-logo-removebg-preview.png","contentUrl":"https:\/\/madlenmakeup.com.ua\/wp-content\/uploads\/2023\/04\/cropped-cropped-madlen-logo-removebg-preview.png","width":296,"height":70,"caption":"madlenmakeup"},"logo":{"@id":"https:\/\/madlenmakeup.com.ua\/#\/schema\/person\/image\/"},"sameAs":["http:\/\/madlenmakeup.com.ua"]}]}},"_links":{"self":[{"href":"https:\/\/madlenmakeup.com.ua\/pl\/wp-json\/wp\/v2\/product\/6759","targetHints":{"allow":["GET"]}}],"collection":[{"href":"https:\/\/madlenmakeup.com.ua\/pl\/wp-json\/wp\/v2\/product"}],"about":[{"href":"https:\/\/madlenmakeup.com.ua\/pl\/wp-json\/wp\/v2\/types\/product"}],"replies":[{"embeddable":true,"href":"https:\/\/madlenmakeup.com.ua\/pl\/wp-json\/wp\/v2\/comments?post=6759"}],"version-history":[{"count":5,"href":"https:\/\/madlenmakeup.com.ua\/pl\/wp-json\/wp\/v2\/product\/6759\/revisions"}],"predecessor-version":[{"id":6763,"href":"https:\/\/madlenmakeup.com.ua\/pl\/wp-json\/wp\/v2\/product\/6759\/revisions\/6763"}],"wp:featuredmedia":[{"embeddable":true,"href":"https:\/\/madlenmakeup.com.ua\/pl\/wp-json\/wp\/v2\/media\/6801"}],"wp:attachment":[{"href":"https:\/\/madlenmakeup.com.ua\/pl\/wp-json\/wp\/v2\/media?parent=6759"}],"wp:term":[{"taxonomy":"product_cat","embeddable":true,"href":"https:\/\/madlenmakeup.com.ua\/pl\/wp-json\/wp\/v2\/product_cat?post=6759"},{"taxonomy":"product_tag","embeddable":true,"href":"https:\/\/madlenmakeup.com.ua\/pl\/wp-json\/wp\/v2\/product_tag?post=6759"}],"curies":[{"name":"wp","href":"https:\/\/api.w.org\/{rel}","templated":true}]}}