{"id":7004,"date":"2024-04-23T12:27:25","date_gmt":"2024-04-23T09:27:25","guid":{"rendered":"https:\/\/madlenmakeup.com.ua\/?post_type=product&#038;p=7004"},"modified":"2025-08-15T20:49:20","modified_gmt":"2025-08-15T17:49:20","slug":"miss-tais-704-olivets-dlya-ochej","status":"publish","type":"product","link":"https:\/\/madlenmakeup.com.ua\/pl\/produkt\/miss-tais-704-olivets-dlya-ochej\/","title":{"rendered":"Miss Tais 704 Kredka do oczu"},"content":{"rendered":"<p>Unikalny \u201enaturalny\u201d design. Pi\u0119kny mi\u0119kki o\u0142\u00f3wek o bardzo bogatej kolorystyce. Po\u0142\u0105czenie idealnej hipoalergicznej formu\u0142y i drewnianego korpusu wykonanego z cedru kalifornijskiego sprawia, \u017ce \u200b\u200bmakija\u017c jest nie tylko wygodny, ale tak\u017ce po\u017c\u0105dany przez kobiety o wra\u017cliwej sk\u00f3rze lub soczewkach kontaktowych. Drewno posiada najsilniejsze w\u0142a\u015bciwo\u015bci antyseptyczne, co zapobiega namna\u017caniu si\u0119 bakterii na powierzchni \u0142upka i jest doskona\u0142ym naturalnym \u015brodkiem konserwuj\u0105cym. Korpus o\u0142\u00f3wka pokryty jest nieszkodliwym przezroczystym delikatno\u015bci\u0105. Najbardziej znane profesjonalne o\u0142\u00f3wki. \u015awietnie zbilansowana formu\u0142a dla ka\u017cdego rodzaju sk\u00f3ry.<br \/>\n<a href=\"https:\/\/misstais.com\/ua\/product-category\/miss-tais-karandash-optom-oficialniy-sajt-original-chehiya\/eyes\/karandash-chehiya-eyes\/\"><strong>Cechy o\u0142\u00f3wka Miss Tais<\/strong><\/a><br \/>\n- posiada szeroki i mi\u0119kki rysik;<br \/>\n\u2013 nie traci nasycenia kolor\u00f3w w ci\u0105gu dnia;<br \/>\n- odporny na wilgo\u0107;<br \/>\n- ma jedwabist\u0105 konsystencj\u0119;<br \/>\n\u2013 mo\u017ce s\u0142u\u017cy\u0107 jako cie\u0144 lub do tworzenia strza\u0142ek;<br \/>\n\u2013 Jedna warstwa daje p\u00f3\u0142przezroczyste wyko\u0144czenie i mokry po\u0142ysk.<br \/>\n\u2013 ma nasycon\u0105 pigmentacj\u0119;<br \/>\n- \u0142atwo od\u015bwie\u017ca makija\u017c;<br \/>\n\u2013 Dwie warstwy daj\u0105 jasny, wyrazisty odcie\u0144;<br \/>\n- nie rozmazuje si\u0119 i nie osypuje w ci\u0105gu dnia.\u00a0<br \/>\nSprzedawane hurtowo i detalicznie.<br \/>\nWyprodukowano w Czechach.<\/p>","protected":false},"excerpt":{"rendered":"<p><img loading=\"lazy\" decoding=\"async\" class=\"\" src=\"https:\/\/madlenmakeup.com.ua\/wp-content\/uploads\/2023\/04\/1f1ea-1f1fa.png\" alt=\"\u042d\u043c\u043e\u0434\u0437\u0438 \ud83c\uddea\ud83c\uddfa Apple \u0438 iOS\" width=\"40\" height=\"40\" \/>\u00a0<strong>Europejska jako\u015b\u0107\u00a0<\/strong><img loading=\"lazy\" decoding=\"async\" class=\"\" src=\"https:\/\/madlenmakeup.com.ua\/wp-content\/uploads\/2023\/04\/1f1ea-1f1fa.png\" alt=\"\u042d\u043c\u043e\u0434\u0437\u0438 \ud83c\uddea\ud83c\uddfa Apple \u0438 iOS\" width=\"40\" height=\"40\" \/><\/p>","protected":false},"featured_media":7006,"comment_status":"open","ping_status":"closed","template":"","meta":{"site-sidebar-layout":"default","site-content-layout":"default","ast-global-header-display":"","ast-main-header-display":"","ast-hfb-above-header-display":"","ast-hfb-below-header-display":"","ast-hfb-mobile-header-display":"","site-post-title":"","ast-breadcrumbs-content":"","ast-featured-img":"","footer-sml-layout":"","theme-transparent-header-meta":"default","adv-header-id-meta":"","stick-header-meta":"","header-above-stick-meta":"","header-main-stick-meta":"","header-below-stick-meta":""},"product_cat":[28],"product_tag":[73,74],"class_list":{"0":"post-7004","1":"product","2":"type-product","3":"status-publish","4":"has-post-thumbnail","6":"product_brand-miss-tais","7":"product_cat-ochi-madlen","8":"product_tag-usi-olivtsi-dlya-ochej","9":"product_tag-olivtsi-dlya-ochej-miss-tais","10":"desktop-align-left","11":"tablet-align-left","12":"mobile-align-left","14":"first","15":"instock","16":"shipping-taxable","17":"purchasable","18":"product-type-simple"},"yoast_head":"<!-- This site is optimized with the Yoast SEO plugin v25.6 - https:\/\/yoast.com\/wordpress\/plugins\/seo\/ -->\n<title>Miss Tais 704 \u041e\u043b\u0456\u0432\u0435\u0446\u044c \u0434\u043b\u044f \u043e\u0447\u0435\u0439 - Madlen Cosmetics<\/title>\n<meta name=\"description\" content=\"Miss Tais 704 \u043a\u0430\u0440\u0430\u043d\u0434\u0430\u0448 \u0434\u043b\u044f \u0433\u043b\u0430\u0437 \u043c\u043e\u0436\u043d\u043e \u043a\u0443\u043f\u0438\u0442\u044c \u043e\u043f\u0442\u043e\u043c. \u041d\u0438\u0437\u043a\u0438\u0435 \u0446\u0435\u043d\u044b. \u0411\u043e\u043b\u044c\u0448\u043e\u0439 \u0430\u0441\u0441\u043e\u0440\u0442\u0438\u043c\u0435\u043d\u0442 \u043a\u043e\u0441\u043c\u0435\u0442\u0438\u043a\u0438. \u0411\u044b\u0441\u0442\u0440\u0430\u044f \u0434\u043e\u0441\u0442\u0430\u0432\u043a\u0430. 100% \u043e\u0440\u0438\u0433\u0438\u043d\u0430\u043b \u0427\u0435\u0445\u0438\u044f.\" \/>\n<meta name=\"robots\" content=\"index, follow, max-snippet:-1, max-image-preview:large, max-video-preview:-1\" \/>\n<link rel=\"canonical\" href=\"https:\/\/madlenmakeup.com.ua\/pl\/produkt\/miss-tais-704-olivets-dlya-ochej\/\" \/>\n<meta property=\"og:locale\" content=\"pl_PL\" \/>\n<meta property=\"og:type\" content=\"article\" \/>\n<meta property=\"og:title\" content=\"Miss Tais 704 \u041e\u043b\u0456\u0432\u0435\u0446\u044c \u0434\u043b\u044f \u043e\u0447\u0435\u0439 - Madlen Cosmetics\" \/>\n<meta property=\"og:description\" content=\"Miss Tais 704 \u043a\u0430\u0440\u0430\u043d\u0434\u0430\u0448 \u0434\u043b\u044f \u0433\u043b\u0430\u0437 \u043c\u043e\u0436\u043d\u043e \u043a\u0443\u043f\u0438\u0442\u044c \u043e\u043f\u0442\u043e\u043c. \u041d\u0438\u0437\u043a\u0438\u0435 \u0446\u0435\u043d\u044b. \u0411\u043e\u043b\u044c\u0448\u043e\u0439 \u0430\u0441\u0441\u043e\u0440\u0442\u0438\u043c\u0435\u043d\u0442 \u043a\u043e\u0441\u043c\u0435\u0442\u0438\u043a\u0438. \u0411\u044b\u0441\u0442\u0440\u0430\u044f \u0434\u043e\u0441\u0442\u0430\u0432\u043a\u0430. 100% \u043e\u0440\u0438\u0433\u0438\u043d\u0430\u043b \u0427\u0435\u0445\u0438\u044f.\" \/>\n<meta property=\"og:url\" content=\"https:\/\/madlenmakeup.com.ua\/pl\/produkt\/miss-tais-704-olivets-dlya-ochej\/\" \/>\n<meta property=\"og:site_name\" content=\"Madlen Cosmetics\" \/>\n<meta property=\"article:modified_time\" content=\"2025-08-15T17:49:20+00:00\" \/>\n<meta property=\"og:image\" content=\"https:\/\/madlenmakeup.com.ua\/wp-content\/uploads\/2024\/06\/miss-tais-704-karandash-dlya-glaz-optom.jpg\" \/>\n\t<meta property=\"og:image:width\" content=\"500\" \/>\n\t<meta property=\"og:image:height\" content=\"500\" \/>\n\t<meta property=\"og:image:type\" content=\"image\/jpeg\" \/>\n<meta name=\"twitter:card\" content=\"summary_large_image\" \/>\n<meta name=\"twitter:label1\" content=\"Szacowany czas czytania\" \/>\n\t<meta name=\"twitter:data1\" content=\"1 minuta\" \/>\n<script type=\"application\/ld+json\" class=\"yoast-schema-graph\">{\"@context\":\"https:\/\/schema.org\",\"@graph\":[{\"@type\":\"WebPage\",\"@id\":\"https:\/\/madlenmakeup.com.ua\/product\/miss-tais-704-olivets-dlya-ochej\/\",\"url\":\"https:\/\/madlenmakeup.com.ua\/product\/miss-tais-704-olivets-dlya-ochej\/\",\"name\":\"Miss Tais 704 \u041e\u043b\u0456\u0432\u0435\u0446\u044c \u0434\u043b\u044f \u043e\u0447\u0435\u0439 - Madlen Cosmetics\",\"isPartOf\":{\"@id\":\"https:\/\/madlenmakeup.com.ua\/#website\"},\"primaryImageOfPage\":{\"@id\":\"https:\/\/madlenmakeup.com.ua\/product\/miss-tais-704-olivets-dlya-ochej\/#primaryimage\"},\"image\":{\"@id\":\"https:\/\/madlenmakeup.com.ua\/product\/miss-tais-704-olivets-dlya-ochej\/#primaryimage\"},\"thumbnailUrl\":\"https:\/\/madlenmakeup.com.ua\/wp-content\/uploads\/2024\/06\/miss-tais-704-karandash-dlya-glaz-optom.jpg\",\"datePublished\":\"2024-04-23T09:27:25+00:00\",\"dateModified\":\"2025-08-15T17:49:20+00:00\",\"description\":\"Miss Tais 704 \u043a\u0430\u0440\u0430\u043d\u0434\u0430\u0448 \u0434\u043b\u044f \u0433\u043b\u0430\u0437 \u043c\u043e\u0436\u043d\u043e \u043a\u0443\u043f\u0438\u0442\u044c \u043e\u043f\u0442\u043e\u043c. \u041d\u0438\u0437\u043a\u0438\u0435 \u0446\u0435\u043d\u044b. \u0411\u043e\u043b\u044c\u0448\u043e\u0439 \u0430\u0441\u0441\u043e\u0440\u0442\u0438\u043c\u0435\u043d\u0442 \u043a\u043e\u0441\u043c\u0435\u0442\u0438\u043a\u0438. \u0411\u044b\u0441\u0442\u0440\u0430\u044f \u0434\u043e\u0441\u0442\u0430\u0432\u043a\u0430. 100% \u043e\u0440\u0438\u0433\u0438\u043d\u0430\u043b \u0427\u0435\u0445\u0438\u044f.\",\"breadcrumb\":{\"@id\":\"https:\/\/madlenmakeup.com.ua\/product\/miss-tais-704-olivets-dlya-ochej\/#breadcrumb\"},\"inLanguage\":\"pl-PL\",\"potentialAction\":[{\"@type\":\"ReadAction\",\"target\":[\"https:\/\/madlenmakeup.com.ua\/product\/miss-tais-704-olivets-dlya-ochej\/\"]}]},{\"@type\":\"ImageObject\",\"inLanguage\":\"pl-PL\",\"@id\":\"https:\/\/madlenmakeup.com.ua\/product\/miss-tais-704-olivets-dlya-ochej\/#primaryimage\",\"url\":\"https:\/\/madlenmakeup.com.ua\/wp-content\/uploads\/2024\/06\/miss-tais-704-karandash-dlya-glaz-optom.jpg\",\"contentUrl\":\"https:\/\/madlenmakeup.com.ua\/wp-content\/uploads\/2024\/06\/miss-tais-704-karandash-dlya-glaz-optom.jpg\",\"width\":500,\"height\":500,\"caption\":\"miss-tais-704-karandash-dlya-glaz-optom\"},{\"@type\":\"BreadcrumbList\",\"@id\":\"https:\/\/madlenmakeup.com.ua\/product\/miss-tais-704-olivets-dlya-ochej\/#breadcrumb\",\"itemListElement\":[{\"@type\":\"ListItem\",\"position\":1,\"name\":\"\u0413\u043e\u043b\u043e\u0432\u043d\u0430\",\"item\":\"https:\/\/madlenmakeup.com.ua\/\"},{\"@type\":\"ListItem\",\"position\":2,\"name\":\"\u041c\u0430\u0433\u0430\u0437\u0438\u043d\",\"item\":\"https:\/\/madlenmakeup.com.ua\/shop\/\"},{\"@type\":\"ListItem\",\"position\":3,\"name\":\"Miss Tais 704 \u041e\u043b\u0456\u0432\u0435\u0446\u044c \u0434\u043b\u044f \u043e\u0447\u0435\u0439\"}]},{\"@type\":\"WebSite\",\"@id\":\"https:\/\/madlenmakeup.com.ua\/#website\",\"url\":\"https:\/\/madlenmakeup.com.ua\/\",\"name\":\"Madlen Cosmetics\",\"description\":\"\u041c\u0430\u0433\u0430\u0437\u0438\u043d \u043f\u0440\u043e\u0444\u0435\u0441\u0456\u0439\u043d\u043e\u0457 \u043a\u043e\u0441\u043c\u0435\u0442\u0438\u043a\u0438\",\"publisher\":{\"@id\":\"https:\/\/madlenmakeup.com.ua\/#\/schema\/person\/49cd71213b472a6db978257e4616a5de\"},\"potentialAction\":[{\"@type\":\"SearchAction\",\"target\":{\"@type\":\"EntryPoint\",\"urlTemplate\":\"https:\/\/madlenmakeup.com.ua\/?s={search_term_string}\"},\"query-input\":{\"@type\":\"PropertyValueSpecification\",\"valueRequired\":true,\"valueName\":\"search_term_string\"}}],\"inLanguage\":\"pl-PL\"},{\"@type\":[\"Person\",\"Organization\"],\"@id\":\"https:\/\/madlenmakeup.com.ua\/#\/schema\/person\/49cd71213b472a6db978257e4616a5de\",\"name\":\"madlenmakeup\",\"image\":{\"@type\":\"ImageObject\",\"inLanguage\":\"pl-PL\",\"@id\":\"https:\/\/madlenmakeup.com.ua\/#\/schema\/person\/image\/\",\"url\":\"https:\/\/madlenmakeup.com.ua\/wp-content\/uploads\/2023\/04\/cropped-cropped-madlen-logo-removebg-preview.png\",\"contentUrl\":\"https:\/\/madlenmakeup.com.ua\/wp-content\/uploads\/2023\/04\/cropped-cropped-madlen-logo-removebg-preview.png\",\"width\":296,\"height\":70,\"caption\":\"madlenmakeup\"},\"logo\":{\"@id\":\"https:\/\/madlenmakeup.com.ua\/#\/schema\/person\/image\/\"},\"sameAs\":[\"http:\/\/madlenmakeup.com.ua\"]}]}<\/script>\n<!-- \/ Yoast SEO plugin. -->","yoast_head_json":{"title":"Miss Tais 704 \u041e\u043b\u0456\u0432\u0435\u0446\u044c \u0434\u043b\u044f \u043e\u0447\u0435\u0439 - Madlen Cosmetics","description":"Miss Tais 704 \u043a\u0430\u0440\u0430\u043d\u0434\u0430\u0448 \u0434\u043b\u044f \u0433\u043b\u0430\u0437 \u043c\u043e\u0436\u043d\u043e \u043a\u0443\u043f\u0438\u0442\u044c \u043e\u043f\u0442\u043e\u043c. \u041d\u0438\u0437\u043a\u0438\u0435 \u0446\u0435\u043d\u044b. \u0411\u043e\u043b\u044c\u0448\u043e\u0439 \u0430\u0441\u0441\u043e\u0440\u0442\u0438\u043c\u0435\u043d\u0442 \u043a\u043e\u0441\u043c\u0435\u0442\u0438\u043a\u0438. \u0411\u044b\u0441\u0442\u0440\u0430\u044f \u0434\u043e\u0441\u0442\u0430\u0432\u043a\u0430. 100% \u043e\u0440\u0438\u0433\u0438\u043d\u0430\u043b \u0427\u0435\u0445\u0438\u044f.","robots":{"index":"index","follow":"follow","max-snippet":"max-snippet:-1","max-image-preview":"max-image-preview:large","max-video-preview":"max-video-preview:-1"},"canonical":"https:\/\/madlenmakeup.com.ua\/pl\/produkt\/miss-tais-704-olivets-dlya-ochej\/","og_locale":"pl_PL","og_type":"article","og_title":"Miss Tais 704 \u041e\u043b\u0456\u0432\u0435\u0446\u044c \u0434\u043b\u044f \u043e\u0447\u0435\u0439 - Madlen Cosmetics","og_description":"Miss Tais 704 \u043a\u0430\u0440\u0430\u043d\u0434\u0430\u0448 \u0434\u043b\u044f \u0433\u043b\u0430\u0437 \u043c\u043e\u0436\u043d\u043e \u043a\u0443\u043f\u0438\u0442\u044c \u043e\u043f\u0442\u043e\u043c. \u041d\u0438\u0437\u043a\u0438\u0435 \u0446\u0435\u043d\u044b. \u0411\u043e\u043b\u044c\u0448\u043e\u0439 \u0430\u0441\u0441\u043e\u0440\u0442\u0438\u043c\u0435\u043d\u0442 \u043a\u043e\u0441\u043c\u0435\u0442\u0438\u043a\u0438. \u0411\u044b\u0441\u0442\u0440\u0430\u044f \u0434\u043e\u0441\u0442\u0430\u0432\u043a\u0430. 100% \u043e\u0440\u0438\u0433\u0438\u043d\u0430\u043b \u0427\u0435\u0445\u0438\u044f.","og_url":"https:\/\/madlenmakeup.com.ua\/pl\/produkt\/miss-tais-704-olivets-dlya-ochej\/","og_site_name":"Madlen Cosmetics","article_modified_time":"2025-08-15T17:49:20+00:00","og_image":[{"width":500,"height":500,"url":"https:\/\/madlenmakeup.com.ua\/wp-content\/uploads\/2024\/06\/miss-tais-704-karandash-dlya-glaz-optom.jpg","type":"image\/jpeg"}],"twitter_card":"summary_large_image","twitter_misc":{"Szacowany czas czytania":"1 minuta"},"schema":{"@context":"https:\/\/schema.org","@graph":[{"@type":"WebPage","@id":"https:\/\/madlenmakeup.com.ua\/product\/miss-tais-704-olivets-dlya-ochej\/","url":"https:\/\/madlenmakeup.com.ua\/product\/miss-tais-704-olivets-dlya-ochej\/","name":"Miss Tais 704 \u041e\u043b\u0456\u0432\u0435\u0446\u044c \u0434\u043b\u044f \u043e\u0447\u0435\u0439 - Madlen Cosmetics","isPartOf":{"@id":"https:\/\/madlenmakeup.com.ua\/#website"},"primaryImageOfPage":{"@id":"https:\/\/madlenmakeup.com.ua\/product\/miss-tais-704-olivets-dlya-ochej\/#primaryimage"},"image":{"@id":"https:\/\/madlenmakeup.com.ua\/product\/miss-tais-704-olivets-dlya-ochej\/#primaryimage"},"thumbnailUrl":"https:\/\/madlenmakeup.com.ua\/wp-content\/uploads\/2024\/06\/miss-tais-704-karandash-dlya-glaz-optom.jpg","datePublished":"2024-04-23T09:27:25+00:00","dateModified":"2025-08-15T17:49:20+00:00","description":"Miss Tais 704 \u043a\u0430\u0440\u0430\u043d\u0434\u0430\u0448 \u0434\u043b\u044f \u0433\u043b\u0430\u0437 \u043c\u043e\u0436\u043d\u043e \u043a\u0443\u043f\u0438\u0442\u044c \u043e\u043f\u0442\u043e\u043c. \u041d\u0438\u0437\u043a\u0438\u0435 \u0446\u0435\u043d\u044b. \u0411\u043e\u043b\u044c\u0448\u043e\u0439 \u0430\u0441\u0441\u043e\u0440\u0442\u0438\u043c\u0435\u043d\u0442 \u043a\u043e\u0441\u043c\u0435\u0442\u0438\u043a\u0438. \u0411\u044b\u0441\u0442\u0440\u0430\u044f \u0434\u043e\u0441\u0442\u0430\u0432\u043a\u0430. 100% \u043e\u0440\u0438\u0433\u0438\u043d\u0430\u043b \u0427\u0435\u0445\u0438\u044f.","breadcrumb":{"@id":"https:\/\/madlenmakeup.com.ua\/product\/miss-tais-704-olivets-dlya-ochej\/#breadcrumb"},"inLanguage":"pl-PL","potentialAction":[{"@type":"ReadAction","target":["https:\/\/madlenmakeup.com.ua\/product\/miss-tais-704-olivets-dlya-ochej\/"]}]},{"@type":"ImageObject","inLanguage":"pl-PL","@id":"https:\/\/madlenmakeup.com.ua\/product\/miss-tais-704-olivets-dlya-ochej\/#primaryimage","url":"https:\/\/madlenmakeup.com.ua\/wp-content\/uploads\/2024\/06\/miss-tais-704-karandash-dlya-glaz-optom.jpg","contentUrl":"https:\/\/madlenmakeup.com.ua\/wp-content\/uploads\/2024\/06\/miss-tais-704-karandash-dlya-glaz-optom.jpg","width":500,"height":500,"caption":"miss-tais-704-karandash-dlya-glaz-optom"},{"@type":"BreadcrumbList","@id":"https:\/\/madlenmakeup.com.ua\/product\/miss-tais-704-olivets-dlya-ochej\/#breadcrumb","itemListElement":[{"@type":"ListItem","position":1,"name":"\u0413\u043e\u043b\u043e\u0432\u043d\u0430","item":"https:\/\/madlenmakeup.com.ua\/"},{"@type":"ListItem","position":2,"name":"\u041c\u0430\u0433\u0430\u0437\u0438\u043d","item":"https:\/\/madlenmakeup.com.ua\/shop\/"},{"@type":"ListItem","position":3,"name":"Miss Tais 704 \u041e\u043b\u0456\u0432\u0435\u0446\u044c \u0434\u043b\u044f \u043e\u0447\u0435\u0439"}]},{"@type":"WebSite","@id":"https:\/\/madlenmakeup.com.ua\/#website","url":"https:\/\/madlenmakeup.com.ua\/","name":"Madlen Cosmetics","description":"\u041c\u0430\u0433\u0430\u0437\u0438\u043d \u043f\u0440\u043e\u0444\u0435\u0441\u0456\u0439\u043d\u043e\u0457 \u043a\u043e\u0441\u043c\u0435\u0442\u0438\u043a\u0438","publisher":{"@id":"https:\/\/madlenmakeup.com.ua\/#\/schema\/person\/49cd71213b472a6db978257e4616a5de"},"potentialAction":[{"@type":"SearchAction","target":{"@type":"EntryPoint","urlTemplate":"https:\/\/madlenmakeup.com.ua\/?s={search_term_string}"},"query-input":{"@type":"PropertyValueSpecification","valueRequired":true,"valueName":"search_term_string"}}],"inLanguage":"pl-PL"},{"@type":["Person","Organization"],"@id":"https:\/\/madlenmakeup.com.ua\/#\/schema\/person\/49cd71213b472a6db978257e4616a5de","name":"madlenmakeup","image":{"@type":"ImageObject","inLanguage":"pl-PL","@id":"https:\/\/madlenmakeup.com.ua\/#\/schema\/person\/image\/","url":"https:\/\/madlenmakeup.com.ua\/wp-content\/uploads\/2023\/04\/cropped-cropped-madlen-logo-removebg-preview.png","contentUrl":"https:\/\/madlenmakeup.com.ua\/wp-content\/uploads\/2023\/04\/cropped-cropped-madlen-logo-removebg-preview.png","width":296,"height":70,"caption":"madlenmakeup"},"logo":{"@id":"https:\/\/madlenmakeup.com.ua\/#\/schema\/person\/image\/"},"sameAs":["http:\/\/madlenmakeup.com.ua"]}]}},"_links":{"self":[{"href":"https:\/\/madlenmakeup.com.ua\/pl\/wp-json\/wp\/v2\/product\/7004","targetHints":{"allow":["GET"]}}],"collection":[{"href":"https:\/\/madlenmakeup.com.ua\/pl\/wp-json\/wp\/v2\/product"}],"about":[{"href":"https:\/\/madlenmakeup.com.ua\/pl\/wp-json\/wp\/v2\/types\/product"}],"replies":[{"embeddable":true,"href":"https:\/\/madlenmakeup.com.ua\/pl\/wp-json\/wp\/v2\/comments?post=7004"}],"version-history":[{"count":1,"href":"https:\/\/madlenmakeup.com.ua\/pl\/wp-json\/wp\/v2\/product\/7004\/revisions"}],"predecessor-version":[{"id":7007,"href":"https:\/\/madlenmakeup.com.ua\/pl\/wp-json\/wp\/v2\/product\/7004\/revisions\/7007"}],"wp:featuredmedia":[{"embeddable":true,"href":"https:\/\/madlenmakeup.com.ua\/pl\/wp-json\/wp\/v2\/media\/7006"}],"wp:attachment":[{"href":"https:\/\/madlenmakeup.com.ua\/pl\/wp-json\/wp\/v2\/media?parent=7004"}],"wp:term":[{"taxonomy":"product_cat","embeddable":true,"href":"https:\/\/madlenmakeup.com.ua\/pl\/wp-json\/wp\/v2\/product_cat?post=7004"},{"taxonomy":"product_tag","embeddable":true,"href":"https:\/\/madlenmakeup.com.ua\/pl\/wp-json\/wp\/v2\/product_tag?post=7004"}],"curies":[{"name":"wp","href":"https:\/\/api.w.org\/{rel}","templated":true}]}}