{"id":7172,"date":"2024-03-20T01:26:52","date_gmt":"2024-03-19T23:26:52","guid":{"rendered":"https:\/\/madlenmakeup.com.ua\/?post_type=product&#038;p=7172"},"modified":"2026-02-12T20:20:59","modified_gmt":"2026-02-12T18:20:59","slug":"blysk-dlya-gub-01-pale-pink-aden-cosmetics-lip-gloss","status":"publish","type":"product","link":"https:\/\/madlenmakeup.com.ua\/pl\/produkt\/blysk-dlya-gub-01-pale-pink-aden-cosmetics-lip-gloss\/","title":{"rendered":"B\u0142yszczyk do ust 01 Pale pink  Aden Cosmetics Lip Gloss"},"content":{"rendered":"<p>B\u0142yszczyk do ust 01 Pale pink  Aden Cosmetics Lip Gloss<br \/>\nLuksusowy, bogaty odcie\u0144 o niesamowitym po\u0142ysku, przyjemnej konsystencji i doskona\u0142ej trwa\u0142o\u015bci. Wszystko zale\u017cy od produktu Lip Gloss od <a href=\"https:\/\/madlenmakeup.com.ua\/pl\/product_brand\/aden-cosmetics\/\">Aden Cosmetics.<\/a> \u0411\u043b\u0438\u0441\u043a \u0434\u043b\u044f \u0433\u0443\u0431 \u0440\u0430\u0434\u0443\u0454 \u0448\u0438\u0440\u043e\u043a\u043e\u044e \u043f\u0430\u043b\u0456\u0442\u0440\u043e\u044e \u043a\u043e\u043b\u044c\u043e\u0440\u0456\u0432, \u0442\u043e\u043c\u0443 \u0432\u0438 \u043d\u0435\u043e\u0434\u043c\u0456\u043d\u043d\u043e \u0432\u0438\u0431\u0435\u0440\u0456\u0442\u044c \u043f\u0456\u0434\u0445\u043e\u0434\u044f\u0449\u0438\u0439 \u0432\u0430\u0440\u0456\u0430\u043d\u0442, \u044f\u043a\u0438\u0439 \u043f\u0456\u0434\u0456\u0439\u0434\u0435 \u044f\u043a\u043d\u0430\u0439\u043a\u0440\u0430\u0449\u0435. \u041d\u0456\u0436\u043d\u0438\u0439 \u0442\u043e\u043d \u043d\u044e\u0434\u0443 \u0447\u0443\u0434\u043e\u0432\u043e \u043f\u043e\u0454\u0434\u043d\u0443\u0454\u0442\u044c\u0441\u044f \u0437 \u043b\u0435\u0433\u043a\u0438\u043c \u0448\u0438\u043c\u043c\u0435\u0440\u043e\u043c, \u0437\u0430\u0432\u0434\u044f\u043a\u0438 \u0447\u043e\u043c\u0443 \u0433\u0443\u0431\u0438 \u0432\u0438\u0433\u043b\u044f\u0434\u0430\u044e\u0442\u044c \u0431\u0456\u043b\u044c\u0448 \u043e\u0431&#8217;\u0454\u043c\u043d\u0438\u043c\u0438 \u0456 \u0447\u0443\u0442\u0442\u0454\u0432\u0438\u043c\u0438.<\/p>\n<p>Produkt ma g\u0119st\u0105 konsystencj\u0119, jest przyjemny w u\u017cyciu, r\u00f3wnomiernie si\u0119 rozprowadza, nie rozprowadza i pozwala na stworzenie g\u0119stej pow\u0142oki. B\u0142yszczyk nie wysusza ust, nie powoduje uczucia dyskomfortu i \u015bci\u0105gni\u0119cia. Unikalna formu\u0142a ze sk\u0142adnikami od\u017cywczymi i nawil\u017caj\u0105cymi zapewnia delikatne dzia\u0142anie na delikatn\u0105 i wra\u017cliw\u0105 sk\u00f3r\u0119.<\/p>\n<p><strong>Metoda aplikacji.<\/p>\n<p>Na\u0142\u00f3\u017c po\u017c\u0105dan\u0105 ilo\u015b\u0107 b\u0142yszczyku na powierzchni\u0119 ust i r\u00f3wnomiernie rozprowad\u017a. Narz\u0119dzie mo\u017cna stosowa\u0107 na szmink\u0119, aby uzyska\u0107 specjalny po\u0142ysk.<\/strong><\/p>\n<p><strong>Sk\u0142ad:<\/strong><\/p>\n<p>AROMA, OCTYLDODECANOL, POLYBUTENE<\/p>\n<p>MAY CONTAIN [+\/-]: ASCORBYL PALMITATE, CALCIUM ALUMINUM BOROSILICATE, CITRIC ACID, DEXTRIN PALMITATE, DIISOSTEARYL MALATE, HYDROGENATED POLYISOBUTENE, LECITHIN, MICA, SILICA, SILICA DIMETHYL SILYATE, TOCOPHEROL, TOCOPHERYL ACETATE, CI 15850, CI 19140, CI 45410, CI 77492, CI 77499, CI 77861, CI 77891, BUTYLPARABEN, ETHYLPARABEN, METHYLPARABEN, PROPYLPARABEN<\/p>\n<p><strong>Mo\u017cna kupi\u0107 hurtowo.<\/strong><\/p>","protected":false},"excerpt":{"rendered":"<p><img loading=\"lazy\" decoding=\"async\" class=\"\" src=\"https:\/\/madlenmakeup.com.ua\/wp-content\/uploads\/2023\/04\/1f1ea-1f1fa.png\" alt=\"\u042d\u043c\u043e\u0434\u0437\u0438 \ud83c\uddea\ud83c\uddfa Apple \u0438 iOS\" width=\"40\" height=\"40\" \/>\u00a0<strong>Europejska jako\u015b\u0107\u00a0<\/strong><img loading=\"lazy\" decoding=\"async\" class=\"\" src=\"https:\/\/madlenmakeup.com.ua\/wp-content\/uploads\/2023\/04\/1f1ea-1f1fa.png\" alt=\"\u042d\u043c\u043e\u0434\u0437\u0438 \ud83c\uddea\ud83c\uddfa Apple \u0438 iOS\" width=\"40\" height=\"40\" \/><\/p>","protected":false},"featured_media":7176,"comment_status":"open","ping_status":"closed","template":"","meta":{"site-sidebar-layout":"default","site-content-layout":"default","ast-global-header-display":"","ast-main-header-display":"","ast-hfb-above-header-display":"","ast-hfb-below-header-display":"","ast-hfb-mobile-header-display":"","site-post-title":"","ast-breadcrumbs-content":"","ast-featured-img":"","footer-sml-layout":"","theme-transparent-header-meta":"default","adv-header-id-meta":"","stick-header-meta":"","header-above-stick-meta":"","header-main-stick-meta":"","header-below-stick-meta":""},"product_cat":[39],"product_tag":[279,79],"class_list":{"0":"post-7172","1":"product","2":"type-product","3":"status-publish","4":"has-post-thumbnail","6":"product_brand-aden-cosmetics","7":"product_cat-huby-madlen","8":"product_tag-use-dlya-gub","9":"product_tag-usi-blysky-dlya-gub","10":"desktop-align-left","11":"tablet-align-left","12":"mobile-align-left","14":"first","15":"instock","16":"shipping-taxable","17":"purchasable","18":"product-type-simple"},"yoast_head":"<!-- This site is optimized with the Yoast SEO plugin v25.6 - https:\/\/yoast.com\/wordpress\/plugins\/seo\/ -->\n<title>\u0411\u043b\u0438\u0441\u043a \u0434\u043b\u044f \u0433\u0443\u0431 01 Pale pink Aden Cosmetics Lip Gloss - Madlen Cosmetics<\/title>\n<meta name=\"description\" content=\"Aden \u0411\u043b\u0438\u0441\u043a \u0434\u043b\u044f \u0433\u0443\u0431 01 Pale pink \u041c\u043e\u0436\u043d\u0430 \u043a\u0443\u043f\u0438\u0442\u0438 \u043e\u043f\u0442\u043e\u043c. \u041d\u0438\u0437\u044c\u043a\u0456 \u0446\u0456\u043d\u0438. \u0412\u0435\u043b\u0438\u043a\u0438\u0439 \u0432\u0438\u0431\u0456\u0440 \u0434\u0435\u043a\u043e\u0440\u0430\u0442\u0438\u0432\u043d\u043e\u0457 \u043a\u043e\u0441\u043c\u0435\u0442\u0438\u043a\u0438. 100% \u043e\u0440\u0438\u0433\u0456\u043d\u0430\u043b. \u0428\u0432\u0438\u0434\u043a\u0430 \u0434\u043e\u0441\u0442\u0430\u0432\u043a\u0430 \u043f\u043e \u0432\u0441\u0456\u0439 \u0423\u043a\u0440\u0430\u0457\u043d\u0456.\" \/>\n<meta name=\"robots\" content=\"index, follow, max-snippet:-1, max-image-preview:large, max-video-preview:-1\" \/>\n<link rel=\"canonical\" href=\"https:\/\/madlenmakeup.com.ua\/pl\/produkt\/blysk-dlya-gub-01-pale-pink-aden-cosmetics-lip-gloss\/\" \/>\n<meta property=\"og:locale\" content=\"pl_PL\" \/>\n<meta property=\"og:type\" content=\"article\" \/>\n<meta property=\"og:title\" content=\"\u0411\u043b\u0438\u0441\u043a \u0434\u043b\u044f \u0433\u0443\u0431 01 Pale pink Aden Cosmetics Lip Gloss - Madlen Cosmetics\" \/>\n<meta property=\"og:description\" content=\"Aden \u0411\u043b\u0438\u0441\u043a \u0434\u043b\u044f \u0433\u0443\u0431 01 Pale pink \u041c\u043e\u0436\u043d\u0430 \u043a\u0443\u043f\u0438\u0442\u0438 \u043e\u043f\u0442\u043e\u043c. \u041d\u0438\u0437\u044c\u043a\u0456 \u0446\u0456\u043d\u0438. \u0412\u0435\u043b\u0438\u043a\u0438\u0439 \u0432\u0438\u0431\u0456\u0440 \u0434\u0435\u043a\u043e\u0440\u0430\u0442\u0438\u0432\u043d\u043e\u0457 \u043a\u043e\u0441\u043c\u0435\u0442\u0438\u043a\u0438. 100% \u043e\u0440\u0438\u0433\u0456\u043d\u0430\u043b. \u0428\u0432\u0438\u0434\u043a\u0430 \u0434\u043e\u0441\u0442\u0430\u0432\u043a\u0430 \u043f\u043e \u0432\u0441\u0456\u0439 \u0423\u043a\u0440\u0430\u0457\u043d\u0456.\" \/>\n<meta property=\"og:url\" content=\"https:\/\/madlenmakeup.com.ua\/pl\/produkt\/blysk-dlya-gub-01-pale-pink-aden-cosmetics-lip-gloss\/\" \/>\n<meta property=\"og:site_name\" content=\"Madlen Cosmetics\" \/>\n<meta property=\"article:modified_time\" content=\"2026-02-12T18:20:59+00:00\" \/>\n<meta property=\"og:image\" content=\"https:\/\/madlenmakeup.com.ua\/wp-content\/uploads\/2024\/08\/aden-Lipgloss-01-Pale-pink.webp\" \/>\n\t<meta property=\"og:image:width\" content=\"1400\" \/>\n\t<meta property=\"og:image:height\" content=\"1400\" \/>\n\t<meta property=\"og:image:type\" content=\"image\/webp\" \/>\n<meta name=\"twitter:card\" content=\"summary_large_image\" \/>\n<meta name=\"twitter:label1\" content=\"Szacowany czas czytania\" \/>\n\t<meta name=\"twitter:data1\" content=\"2 minuty\" \/>\n<script type=\"application\/ld+json\" class=\"yoast-schema-graph\">{\"@context\":\"https:\/\/schema.org\",\"@graph\":[{\"@type\":\"WebPage\",\"@id\":\"https:\/\/madlenmakeup.com.ua\/product\/blysk-dlya-gub-01-pale-pink-aden-cosmetics-lip-gloss\/\",\"url\":\"https:\/\/madlenmakeup.com.ua\/product\/blysk-dlya-gub-01-pale-pink-aden-cosmetics-lip-gloss\/\",\"name\":\"\u0411\u043b\u0438\u0441\u043a \u0434\u043b\u044f \u0433\u0443\u0431 01 Pale pink Aden Cosmetics Lip Gloss - Madlen Cosmetics\",\"isPartOf\":{\"@id\":\"https:\/\/madlenmakeup.com.ua\/#website\"},\"primaryImageOfPage\":{\"@id\":\"https:\/\/madlenmakeup.com.ua\/product\/blysk-dlya-gub-01-pale-pink-aden-cosmetics-lip-gloss\/#primaryimage\"},\"image\":{\"@id\":\"https:\/\/madlenmakeup.com.ua\/product\/blysk-dlya-gub-01-pale-pink-aden-cosmetics-lip-gloss\/#primaryimage\"},\"thumbnailUrl\":\"https:\/\/madlenmakeup.com.ua\/wp-content\/uploads\/2024\/08\/aden-Lipgloss-01-Pale-pink.webp\",\"datePublished\":\"2024-03-19T23:26:52+00:00\",\"dateModified\":\"2026-02-12T18:20:59+00:00\",\"description\":\"Aden \u0411\u043b\u0438\u0441\u043a \u0434\u043b\u044f \u0433\u0443\u0431 01 Pale pink \u041c\u043e\u0436\u043d\u0430 \u043a\u0443\u043f\u0438\u0442\u0438 \u043e\u043f\u0442\u043e\u043c. \u041d\u0438\u0437\u044c\u043a\u0456 \u0446\u0456\u043d\u0438. \u0412\u0435\u043b\u0438\u043a\u0438\u0439 \u0432\u0438\u0431\u0456\u0440 \u0434\u0435\u043a\u043e\u0440\u0430\u0442\u0438\u0432\u043d\u043e\u0457 \u043a\u043e\u0441\u043c\u0435\u0442\u0438\u043a\u0438. 100% \u043e\u0440\u0438\u0433\u0456\u043d\u0430\u043b. \u0428\u0432\u0438\u0434\u043a\u0430 \u0434\u043e\u0441\u0442\u0430\u0432\u043a\u0430 \u043f\u043e \u0432\u0441\u0456\u0439 \u0423\u043a\u0440\u0430\u0457\u043d\u0456.\",\"breadcrumb\":{\"@id\":\"https:\/\/madlenmakeup.com.ua\/product\/blysk-dlya-gub-01-pale-pink-aden-cosmetics-lip-gloss\/#breadcrumb\"},\"inLanguage\":\"pl-PL\",\"potentialAction\":[{\"@type\":\"ReadAction\",\"target\":[\"https:\/\/madlenmakeup.com.ua\/product\/blysk-dlya-gub-01-pale-pink-aden-cosmetics-lip-gloss\/\"]}]},{\"@type\":\"ImageObject\",\"inLanguage\":\"pl-PL\",\"@id\":\"https:\/\/madlenmakeup.com.ua\/product\/blysk-dlya-gub-01-pale-pink-aden-cosmetics-lip-gloss\/#primaryimage\",\"url\":\"https:\/\/madlenmakeup.com.ua\/wp-content\/uploads\/2024\/08\/aden-Lipgloss-01-Pale-pink.webp\",\"contentUrl\":\"https:\/\/madlenmakeup.com.ua\/wp-content\/uploads\/2024\/08\/aden-Lipgloss-01-Pale-pink.webp\",\"width\":1400,\"height\":1400,\"caption\":\"aden-Lipgloss-01-Pale-pink\"},{\"@type\":\"BreadcrumbList\",\"@id\":\"https:\/\/madlenmakeup.com.ua\/product\/blysk-dlya-gub-01-pale-pink-aden-cosmetics-lip-gloss\/#breadcrumb\",\"itemListElement\":[{\"@type\":\"ListItem\",\"position\":1,\"name\":\"\u0413\u043e\u043b\u043e\u0432\u043d\u0430\",\"item\":\"https:\/\/madlenmakeup.com.ua\/\"},{\"@type\":\"ListItem\",\"position\":2,\"name\":\"\u041c\u0430\u0433\u0430\u0437\u0438\u043d\",\"item\":\"https:\/\/madlenmakeup.com.ua\/shop\/\"},{\"@type\":\"ListItem\",\"position\":3,\"name\":\"\u0411\u043b\u0438\u0441\u043a \u0434\u043b\u044f \u0433\u0443\u0431 01 Pale pink Aden Cosmetics Lip Gloss\"}]},{\"@type\":\"WebSite\",\"@id\":\"https:\/\/madlenmakeup.com.ua\/#website\",\"url\":\"https:\/\/madlenmakeup.com.ua\/\",\"name\":\"Madlen Cosmetics\",\"description\":\"\u041c\u0430\u0433\u0430\u0437\u0438\u043d \u043f\u0440\u043e\u0444\u0435\u0441\u0456\u0439\u043d\u043e\u0457 \u043a\u043e\u0441\u043c\u0435\u0442\u0438\u043a\u0438\",\"publisher\":{\"@id\":\"https:\/\/madlenmakeup.com.ua\/#\/schema\/person\/49cd71213b472a6db978257e4616a5de\"},\"potentialAction\":[{\"@type\":\"SearchAction\",\"target\":{\"@type\":\"EntryPoint\",\"urlTemplate\":\"https:\/\/madlenmakeup.com.ua\/?s={search_term_string}\"},\"query-input\":{\"@type\":\"PropertyValueSpecification\",\"valueRequired\":true,\"valueName\":\"search_term_string\"}}],\"inLanguage\":\"pl-PL\"},{\"@type\":[\"Person\",\"Organization\"],\"@id\":\"https:\/\/madlenmakeup.com.ua\/#\/schema\/person\/49cd71213b472a6db978257e4616a5de\",\"name\":\"madlenmakeup\",\"image\":{\"@type\":\"ImageObject\",\"inLanguage\":\"pl-PL\",\"@id\":\"https:\/\/madlenmakeup.com.ua\/#\/schema\/person\/image\/\",\"url\":\"https:\/\/madlenmakeup.com.ua\/wp-content\/uploads\/2023\/04\/cropped-cropped-madlen-logo-removebg-preview.png\",\"contentUrl\":\"https:\/\/madlenmakeup.com.ua\/wp-content\/uploads\/2023\/04\/cropped-cropped-madlen-logo-removebg-preview.png\",\"width\":296,\"height\":70,\"caption\":\"madlenmakeup\"},\"logo\":{\"@id\":\"https:\/\/madlenmakeup.com.ua\/#\/schema\/person\/image\/\"},\"sameAs\":[\"http:\/\/madlenmakeup.com.ua\"]}]}<\/script>\n<!-- \/ Yoast SEO plugin. -->","yoast_head_json":{"title":"\u0411\u043b\u0438\u0441\u043a \u0434\u043b\u044f \u0433\u0443\u0431 01 Pale pink Aden Cosmetics Lip Gloss - Madlen Cosmetics","description":"Aden \u0411\u043b\u0438\u0441\u043a \u0434\u043b\u044f \u0433\u0443\u0431 01 Pale pink \u041c\u043e\u0436\u043d\u0430 \u043a\u0443\u043f\u0438\u0442\u0438 \u043e\u043f\u0442\u043e\u043c. \u041d\u0438\u0437\u044c\u043a\u0456 \u0446\u0456\u043d\u0438. \u0412\u0435\u043b\u0438\u043a\u0438\u0439 \u0432\u0438\u0431\u0456\u0440 \u0434\u0435\u043a\u043e\u0440\u0430\u0442\u0438\u0432\u043d\u043e\u0457 \u043a\u043e\u0441\u043c\u0435\u0442\u0438\u043a\u0438. 100% \u043e\u0440\u0438\u0433\u0456\u043d\u0430\u043b. \u0428\u0432\u0438\u0434\u043a\u0430 \u0434\u043e\u0441\u0442\u0430\u0432\u043a\u0430 \u043f\u043e \u0432\u0441\u0456\u0439 \u0423\u043a\u0440\u0430\u0457\u043d\u0456.","robots":{"index":"index","follow":"follow","max-snippet":"max-snippet:-1","max-image-preview":"max-image-preview:large","max-video-preview":"max-video-preview:-1"},"canonical":"https:\/\/madlenmakeup.com.ua\/pl\/produkt\/blysk-dlya-gub-01-pale-pink-aden-cosmetics-lip-gloss\/","og_locale":"pl_PL","og_type":"article","og_title":"\u0411\u043b\u0438\u0441\u043a \u0434\u043b\u044f \u0433\u0443\u0431 01 Pale pink Aden Cosmetics Lip Gloss - Madlen Cosmetics","og_description":"Aden \u0411\u043b\u0438\u0441\u043a \u0434\u043b\u044f \u0433\u0443\u0431 01 Pale pink \u041c\u043e\u0436\u043d\u0430 \u043a\u0443\u043f\u0438\u0442\u0438 \u043e\u043f\u0442\u043e\u043c. \u041d\u0438\u0437\u044c\u043a\u0456 \u0446\u0456\u043d\u0438. \u0412\u0435\u043b\u0438\u043a\u0438\u0439 \u0432\u0438\u0431\u0456\u0440 \u0434\u0435\u043a\u043e\u0440\u0430\u0442\u0438\u0432\u043d\u043e\u0457 \u043a\u043e\u0441\u043c\u0435\u0442\u0438\u043a\u0438. 100% \u043e\u0440\u0438\u0433\u0456\u043d\u0430\u043b. \u0428\u0432\u0438\u0434\u043a\u0430 \u0434\u043e\u0441\u0442\u0430\u0432\u043a\u0430 \u043f\u043e \u0432\u0441\u0456\u0439 \u0423\u043a\u0440\u0430\u0457\u043d\u0456.","og_url":"https:\/\/madlenmakeup.com.ua\/pl\/produkt\/blysk-dlya-gub-01-pale-pink-aden-cosmetics-lip-gloss\/","og_site_name":"Madlen Cosmetics","article_modified_time":"2026-02-12T18:20:59+00:00","og_image":[{"width":1400,"height":1400,"url":"https:\/\/madlenmakeup.com.ua\/wp-content\/uploads\/2024\/08\/aden-Lipgloss-01-Pale-pink.webp","type":"image\/webp"}],"twitter_card":"summary_large_image","twitter_misc":{"Szacowany czas czytania":"2 minuty"},"schema":{"@context":"https:\/\/schema.org","@graph":[{"@type":"WebPage","@id":"https:\/\/madlenmakeup.com.ua\/product\/blysk-dlya-gub-01-pale-pink-aden-cosmetics-lip-gloss\/","url":"https:\/\/madlenmakeup.com.ua\/product\/blysk-dlya-gub-01-pale-pink-aden-cosmetics-lip-gloss\/","name":"\u0411\u043b\u0438\u0441\u043a \u0434\u043b\u044f \u0433\u0443\u0431 01 Pale pink Aden Cosmetics Lip Gloss - Madlen Cosmetics","isPartOf":{"@id":"https:\/\/madlenmakeup.com.ua\/#website"},"primaryImageOfPage":{"@id":"https:\/\/madlenmakeup.com.ua\/product\/blysk-dlya-gub-01-pale-pink-aden-cosmetics-lip-gloss\/#primaryimage"},"image":{"@id":"https:\/\/madlenmakeup.com.ua\/product\/blysk-dlya-gub-01-pale-pink-aden-cosmetics-lip-gloss\/#primaryimage"},"thumbnailUrl":"https:\/\/madlenmakeup.com.ua\/wp-content\/uploads\/2024\/08\/aden-Lipgloss-01-Pale-pink.webp","datePublished":"2024-03-19T23:26:52+00:00","dateModified":"2026-02-12T18:20:59+00:00","description":"Aden \u0411\u043b\u0438\u0441\u043a \u0434\u043b\u044f \u0433\u0443\u0431 01 Pale pink \u041c\u043e\u0436\u043d\u0430 \u043a\u0443\u043f\u0438\u0442\u0438 \u043e\u043f\u0442\u043e\u043c. \u041d\u0438\u0437\u044c\u043a\u0456 \u0446\u0456\u043d\u0438. \u0412\u0435\u043b\u0438\u043a\u0438\u0439 \u0432\u0438\u0431\u0456\u0440 \u0434\u0435\u043a\u043e\u0440\u0430\u0442\u0438\u0432\u043d\u043e\u0457 \u043a\u043e\u0441\u043c\u0435\u0442\u0438\u043a\u0438. 100% \u043e\u0440\u0438\u0433\u0456\u043d\u0430\u043b. \u0428\u0432\u0438\u0434\u043a\u0430 \u0434\u043e\u0441\u0442\u0430\u0432\u043a\u0430 \u043f\u043e \u0432\u0441\u0456\u0439 \u0423\u043a\u0440\u0430\u0457\u043d\u0456.","breadcrumb":{"@id":"https:\/\/madlenmakeup.com.ua\/product\/blysk-dlya-gub-01-pale-pink-aden-cosmetics-lip-gloss\/#breadcrumb"},"inLanguage":"pl-PL","potentialAction":[{"@type":"ReadAction","target":["https:\/\/madlenmakeup.com.ua\/product\/blysk-dlya-gub-01-pale-pink-aden-cosmetics-lip-gloss\/"]}]},{"@type":"ImageObject","inLanguage":"pl-PL","@id":"https:\/\/madlenmakeup.com.ua\/product\/blysk-dlya-gub-01-pale-pink-aden-cosmetics-lip-gloss\/#primaryimage","url":"https:\/\/madlenmakeup.com.ua\/wp-content\/uploads\/2024\/08\/aden-Lipgloss-01-Pale-pink.webp","contentUrl":"https:\/\/madlenmakeup.com.ua\/wp-content\/uploads\/2024\/08\/aden-Lipgloss-01-Pale-pink.webp","width":1400,"height":1400,"caption":"aden-Lipgloss-01-Pale-pink"},{"@type":"BreadcrumbList","@id":"https:\/\/madlenmakeup.com.ua\/product\/blysk-dlya-gub-01-pale-pink-aden-cosmetics-lip-gloss\/#breadcrumb","itemListElement":[{"@type":"ListItem","position":1,"name":"\u0413\u043e\u043b\u043e\u0432\u043d\u0430","item":"https:\/\/madlenmakeup.com.ua\/"},{"@type":"ListItem","position":2,"name":"\u041c\u0430\u0433\u0430\u0437\u0438\u043d","item":"https:\/\/madlenmakeup.com.ua\/shop\/"},{"@type":"ListItem","position":3,"name":"\u0411\u043b\u0438\u0441\u043a \u0434\u043b\u044f \u0433\u0443\u0431 01 Pale pink Aden Cosmetics Lip Gloss"}]},{"@type":"WebSite","@id":"https:\/\/madlenmakeup.com.ua\/#website","url":"https:\/\/madlenmakeup.com.ua\/","name":"Madlen Cosmetics","description":"\u041c\u0430\u0433\u0430\u0437\u0438\u043d \u043f\u0440\u043e\u0444\u0435\u0441\u0456\u0439\u043d\u043e\u0457 \u043a\u043e\u0441\u043c\u0435\u0442\u0438\u043a\u0438","publisher":{"@id":"https:\/\/madlenmakeup.com.ua\/#\/schema\/person\/49cd71213b472a6db978257e4616a5de"},"potentialAction":[{"@type":"SearchAction","target":{"@type":"EntryPoint","urlTemplate":"https:\/\/madlenmakeup.com.ua\/?s={search_term_string}"},"query-input":{"@type":"PropertyValueSpecification","valueRequired":true,"valueName":"search_term_string"}}],"inLanguage":"pl-PL"},{"@type":["Person","Organization"],"@id":"https:\/\/madlenmakeup.com.ua\/#\/schema\/person\/49cd71213b472a6db978257e4616a5de","name":"madlenmakeup","image":{"@type":"ImageObject","inLanguage":"pl-PL","@id":"https:\/\/madlenmakeup.com.ua\/#\/schema\/person\/image\/","url":"https:\/\/madlenmakeup.com.ua\/wp-content\/uploads\/2023\/04\/cropped-cropped-madlen-logo-removebg-preview.png","contentUrl":"https:\/\/madlenmakeup.com.ua\/wp-content\/uploads\/2023\/04\/cropped-cropped-madlen-logo-removebg-preview.png","width":296,"height":70,"caption":"madlenmakeup"},"logo":{"@id":"https:\/\/madlenmakeup.com.ua\/#\/schema\/person\/image\/"},"sameAs":["http:\/\/madlenmakeup.com.ua"]}]}},"_links":{"self":[{"href":"https:\/\/madlenmakeup.com.ua\/pl\/wp-json\/wp\/v2\/product\/7172","targetHints":{"allow":["GET"]}}],"collection":[{"href":"https:\/\/madlenmakeup.com.ua\/pl\/wp-json\/wp\/v2\/product"}],"about":[{"href":"https:\/\/madlenmakeup.com.ua\/pl\/wp-json\/wp\/v2\/types\/product"}],"replies":[{"embeddable":true,"href":"https:\/\/madlenmakeup.com.ua\/pl\/wp-json\/wp\/v2\/comments?post=7172"}],"version-history":[{"count":4,"href":"https:\/\/madlenmakeup.com.ua\/pl\/wp-json\/wp\/v2\/product\/7172\/revisions"}],"predecessor-version":[{"id":8045,"href":"https:\/\/madlenmakeup.com.ua\/pl\/wp-json\/wp\/v2\/product\/7172\/revisions\/8045"}],"wp:featuredmedia":[{"embeddable":true,"href":"https:\/\/madlenmakeup.com.ua\/pl\/wp-json\/wp\/v2\/media\/7176"}],"wp:attachment":[{"href":"https:\/\/madlenmakeup.com.ua\/pl\/wp-json\/wp\/v2\/media?parent=7172"}],"wp:term":[{"taxonomy":"product_cat","embeddable":true,"href":"https:\/\/madlenmakeup.com.ua\/pl\/wp-json\/wp\/v2\/product_cat?post=7172"},{"taxonomy":"product_tag","embeddable":true,"href":"https:\/\/madlenmakeup.com.ua\/pl\/wp-json\/wp\/v2\/product_tag?post=7172"}],"curies":[{"name":"wp","href":"https:\/\/api.w.org\/{rel}","templated":true}]}}