{"id":7280,"date":"2024-08-05T23:35:44","date_gmt":"2024-08-05T20:35:44","guid":{"rendered":"https:\/\/madlenmakeup.com.ua\/?post_type=product&#038;p=7280"},"modified":"2026-02-13T16:45:48","modified_gmt":"2026-02-13T14:45:48","slug":"aden-cosmetics-11-burgundy-matova-pomada-liquid-lipstick","status":"publish","type":"product","link":"https:\/\/madlenmakeup.com.ua\/pl\/produkt\/aden-cosmetics-11-burgundy-matova-pomada-liquid-lipstick\/","title":{"rendered":"Aden Cosmetics 11 Burgundy Liquid Lipstick"},"content":{"rendered":"<p><strong>Aden Cosmetics 11 Burgundy Liquid Lipstick<\/strong><br \/>\nPomadka Aden to super trwa\u0142a pomadka marki kosmetycznej Aden Cosmetics. Pomadka pokrywa usta lekk\u0105, g\u0119st\u0105 warstw\u0105, tworz\u0105c idealny matowy efekt. Mi\u0119kki, wygodny aplikator zapewnia r\u00f3wnomiern\u0105, wygodn\u0105 aplikacj\u0119. W przeciwie\u0144stwie do wielu trwa\u0142ych pomadek do ust, nie wysusza sk\u00f3ry ust. Posiada nieklej\u0105c\u0105, kremow\u0105 konsystencj\u0119. W palecie du\u017cy wyb\u00f3r odcieni matowych, satynowych i b\u0142yszcz\u0105cych, kt\u00f3re dodadz\u0105 Twojemu obrazowi jeszcze wi\u0119cej uroku! Podczas nak\u0142adania warstw uzyskuje si\u0119 bardziej nasycony kolor. I wizualnie zwi\u0119ksza obj\u0119to\u015b\u0107 ust!<br \/>\n<a href=\"https:\/\/madlenmakeup.com.ua\/pl\/product_brand\/aden-cosmetics\/\">Aden Cosmetics<\/a> 11 Burgundy Liquid Lipstick \u041c\u0430\u0442\u043e\u0432\u0430 \u0440\u0456\u0434\u043a\u0430 \u043f\u043e\u043c\u0430\u0434\u0430 \u0454 \u0441\u0432\u043e\u0442\u0447\u0456.<br \/>\nW serii znajduj\u0105 si\u0119 34 odcienie. <br \/>\n<a href=\"https:\/\/madlenmakeup.com.ua\/pl\/madlen-karandas-optovi-tsiny\/\">Mo\u017cna kupowa\u0107 hurtowo i detalicznie.<\/a><\/p>\n<p><\/p>","protected":false},"excerpt":{"rendered":"<p><img loading=\"lazy\" decoding=\"async\" class=\"\" src=\"https:\/\/madlenmakeup.com.ua\/wp-content\/uploads\/2023\/04\/1f1ea-1f1fa.png\" alt=\"\u042d\u043c\u043e\u0434\u0437\u0438 \ud83c\uddea\ud83c\uddfa Apple \u0438 iOS\" width=\"40\" height=\"40\" \/>\u00a0<strong>Europejska jako\u015b\u0107\u00a0<\/strong><img loading=\"lazy\" decoding=\"async\" class=\"\" src=\"https:\/\/madlenmakeup.com.ua\/wp-content\/uploads\/2023\/04\/1f1ea-1f1fa.png\" alt=\"\u042d\u043c\u043e\u0434\u0437\u0438 \ud83c\uddea\ud83c\uddfa Apple \u0438 iOS\" width=\"40\" height=\"40\" \/><\/p>","protected":false},"featured_media":7281,"comment_status":"open","ping_status":"closed","template":"","meta":{"site-sidebar-layout":"default","site-content-layout":"default","ast-global-header-display":"","ast-main-header-display":"","ast-hfb-above-header-display":"","ast-hfb-below-header-display":"","ast-hfb-mobile-header-display":"","site-post-title":"","ast-breadcrumbs-content":"","ast-featured-img":"","footer-sml-layout":"","theme-transparent-header-meta":"default","adv-header-id-meta":"","stick-header-meta":"","header-above-stick-meta":"","header-main-stick-meta":"","header-below-stick-meta":""},"product_cat":[39],"product_tag":[279,83,84],"class_list":{"0":"post-7280","1":"product","2":"type-product","3":"status-publish","4":"has-post-thumbnail","6":"product_brand-aden-cosmetics","7":"product_cat-huby-madlen","8":"product_tag-use-dlya-gub","9":"product_tag-usi-pomady-dlya-gub","10":"product_tag-usi-pomady-dlya-gub-aden","11":"desktop-align-left","12":"tablet-align-left","13":"mobile-align-left","15":"first","16":"instock","17":"shipping-taxable","18":"purchasable","19":"product-type-simple"},"yoast_head":"<!-- This site is optimized with the Yoast SEO plugin v25.6 - https:\/\/yoast.com\/wordpress\/plugins\/seo\/ -->\n<title>Aden Cosmetics 11 Burgundy \u041c\u0430\u0442\u043e\u0432\u0430 \u043f\u043e\u043c\u0430\u0434\u0430 Liquid Lipstick - Madlen Cosmetics<\/title>\n<meta name=\"description\" content=\"Aden Cosmetics 11 Burgundy \u041c\u0430\u0442\u043e\u0432\u0430 \u043f\u043e\u043c\u0430\u0434\u0430 Liquid Lipstick \u041c\u043e\u0436\u043d\u0430 \u043a\u0443\u043f\u0438\u0442\u0438 \u043e\u043f\u0442\u043e\u043c \u0442\u0430 \u0432 \u0440\u043e\u0437\u0434\u0440\u0456\u0431. \u0412\u0435\u043b\u0438\u043a\u0438\u0439 \u0430\u0441\u043e\u0440\u0442\u0438\u043c\u0435\u043d\u0442 \u043a\u043e\u0441\u043c\u0435\u0442\u0438\u043a\u0438. \u041d\u0438\u0437\u044c\u043a\u0456 \u0446\u0456\u043d\u0438. \u0428\u0432\u0438\u0434\u043a\u0430 \u0434\u043e\u0441\u0442\u0430\u0432\u043a\u0430.\" \/>\n<meta name=\"robots\" content=\"index, follow, max-snippet:-1, max-image-preview:large, max-video-preview:-1\" \/>\n<link rel=\"canonical\" href=\"https:\/\/madlenmakeup.com.ua\/pl\/produkt\/aden-cosmetics-11-burgundy-matova-pomada-liquid-lipstick\/\" \/>\n<meta property=\"og:locale\" content=\"pl_PL\" \/>\n<meta property=\"og:type\" content=\"article\" \/>\n<meta property=\"og:title\" content=\"Aden Cosmetics 11 Burgundy \u041c\u0430\u0442\u043e\u0432\u0430 \u043f\u043e\u043c\u0430\u0434\u0430 Liquid Lipstick - Madlen Cosmetics\" \/>\n<meta property=\"og:description\" content=\"Aden Cosmetics 11 Burgundy \u041c\u0430\u0442\u043e\u0432\u0430 \u043f\u043e\u043c\u0430\u0434\u0430 Liquid Lipstick \u041c\u043e\u0436\u043d\u0430 \u043a\u0443\u043f\u0438\u0442\u0438 \u043e\u043f\u0442\u043e\u043c \u0442\u0430 \u0432 \u0440\u043e\u0437\u0434\u0440\u0456\u0431. \u0412\u0435\u043b\u0438\u043a\u0438\u0439 \u0430\u0441\u043e\u0440\u0442\u0438\u043c\u0435\u043d\u0442 \u043a\u043e\u0441\u043c\u0435\u0442\u0438\u043a\u0438. \u041d\u0438\u0437\u044c\u043a\u0456 \u0446\u0456\u043d\u0438. \u0428\u0432\u0438\u0434\u043a\u0430 \u0434\u043e\u0441\u0442\u0430\u0432\u043a\u0430.\" \/>\n<meta property=\"og:url\" content=\"https:\/\/madlenmakeup.com.ua\/pl\/produkt\/aden-cosmetics-11-burgundy-matova-pomada-liquid-lipstick\/\" \/>\n<meta property=\"og:site_name\" content=\"Madlen Cosmetics\" \/>\n<meta property=\"article:modified_time\" content=\"2026-02-13T14:45:48+00:00\" \/>\n<meta property=\"og:image\" content=\"https:\/\/madlenmakeup.com.ua\/wp-content\/uploads\/2024\/08\/Aden-11-Burgundy-ZHydkaya-ustojchyvaya-pomada-Liquid-Lipstick.jpg\" \/>\n\t<meta property=\"og:image:width\" content=\"900\" \/>\n\t<meta property=\"og:image:height\" content=\"900\" \/>\n\t<meta property=\"og:image:type\" content=\"image\/jpeg\" \/>\n<meta name=\"twitter:card\" content=\"summary_large_image\" \/>\n<meta name=\"twitter:label1\" content=\"Szacowany czas czytania\" \/>\n\t<meta name=\"twitter:data1\" content=\"1 minuta\" \/>\n<script type=\"application\/ld+json\" class=\"yoast-schema-graph\">{\"@context\":\"https:\/\/schema.org\",\"@graph\":[{\"@type\":\"WebPage\",\"@id\":\"https:\/\/madlenmakeup.com.ua\/product\/aden-cosmetics-11-burgundy-matova-pomada-liquid-lipstick\/\",\"url\":\"https:\/\/madlenmakeup.com.ua\/product\/aden-cosmetics-11-burgundy-matova-pomada-liquid-lipstick\/\",\"name\":\"Aden Cosmetics 11 Burgundy \u041c\u0430\u0442\u043e\u0432\u0430 \u043f\u043e\u043c\u0430\u0434\u0430 Liquid Lipstick - Madlen Cosmetics\",\"isPartOf\":{\"@id\":\"https:\/\/madlenmakeup.com.ua\/#website\"},\"primaryImageOfPage\":{\"@id\":\"https:\/\/madlenmakeup.com.ua\/product\/aden-cosmetics-11-burgundy-matova-pomada-liquid-lipstick\/#primaryimage\"},\"image\":{\"@id\":\"https:\/\/madlenmakeup.com.ua\/product\/aden-cosmetics-11-burgundy-matova-pomada-liquid-lipstick\/#primaryimage\"},\"thumbnailUrl\":\"https:\/\/madlenmakeup.com.ua\/wp-content\/uploads\/2024\/08\/Aden-11-Burgundy-ZHydkaya-ustojchyvaya-pomada-Liquid-Lipstick.jpg\",\"datePublished\":\"2024-08-05T20:35:44+00:00\",\"dateModified\":\"2026-02-13T14:45:48+00:00\",\"description\":\"Aden Cosmetics 11 Burgundy \u041c\u0430\u0442\u043e\u0432\u0430 \u043f\u043e\u043c\u0430\u0434\u0430 Liquid Lipstick \u041c\u043e\u0436\u043d\u0430 \u043a\u0443\u043f\u0438\u0442\u0438 \u043e\u043f\u0442\u043e\u043c \u0442\u0430 \u0432 \u0440\u043e\u0437\u0434\u0440\u0456\u0431. \u0412\u0435\u043b\u0438\u043a\u0438\u0439 \u0430\u0441\u043e\u0440\u0442\u0438\u043c\u0435\u043d\u0442 \u043a\u043e\u0441\u043c\u0435\u0442\u0438\u043a\u0438. \u041d\u0438\u0437\u044c\u043a\u0456 \u0446\u0456\u043d\u0438. \u0428\u0432\u0438\u0434\u043a\u0430 \u0434\u043e\u0441\u0442\u0430\u0432\u043a\u0430.\",\"breadcrumb\":{\"@id\":\"https:\/\/madlenmakeup.com.ua\/product\/aden-cosmetics-11-burgundy-matova-pomada-liquid-lipstick\/#breadcrumb\"},\"inLanguage\":\"pl-PL\",\"potentialAction\":[{\"@type\":\"ReadAction\",\"target\":[\"https:\/\/madlenmakeup.com.ua\/product\/aden-cosmetics-11-burgundy-matova-pomada-liquid-lipstick\/\"]}]},{\"@type\":\"ImageObject\",\"inLanguage\":\"pl-PL\",\"@id\":\"https:\/\/madlenmakeup.com.ua\/product\/aden-cosmetics-11-burgundy-matova-pomada-liquid-lipstick\/#primaryimage\",\"url\":\"https:\/\/madlenmakeup.com.ua\/wp-content\/uploads\/2024\/08\/Aden-11-Burgundy-ZHydkaya-ustojchyvaya-pomada-Liquid-Lipstick.jpg\",\"contentUrl\":\"https:\/\/madlenmakeup.com.ua\/wp-content\/uploads\/2024\/08\/Aden-11-Burgundy-ZHydkaya-ustojchyvaya-pomada-Liquid-Lipstick.jpg\",\"width\":900,\"height\":900,\"caption\":\"Aden-11-Burgundy-ZHydkaya-ustojchyvaya-pomada-Liquid-Lipstick\"},{\"@type\":\"BreadcrumbList\",\"@id\":\"https:\/\/madlenmakeup.com.ua\/product\/aden-cosmetics-11-burgundy-matova-pomada-liquid-lipstick\/#breadcrumb\",\"itemListElement\":[{\"@type\":\"ListItem\",\"position\":1,\"name\":\"\u0413\u043e\u043b\u043e\u0432\u043d\u0430\",\"item\":\"https:\/\/madlenmakeup.com.ua\/\"},{\"@type\":\"ListItem\",\"position\":2,\"name\":\"\u041c\u0430\u0433\u0430\u0437\u0438\u043d\",\"item\":\"https:\/\/madlenmakeup.com.ua\/shop\/\"},{\"@type\":\"ListItem\",\"position\":3,\"name\":\"Aden Cosmetics 11 Burgundy \u041c\u0430\u0442\u043e\u0432\u0430 \u043f\u043e\u043c\u0430\u0434\u0430 Liquid Lipstick\"}]},{\"@type\":\"WebSite\",\"@id\":\"https:\/\/madlenmakeup.com.ua\/#website\",\"url\":\"https:\/\/madlenmakeup.com.ua\/\",\"name\":\"Madlen Cosmetics\",\"description\":\"\u041c\u0430\u0433\u0430\u0437\u0438\u043d \u043f\u0440\u043e\u0444\u0435\u0441\u0456\u0439\u043d\u043e\u0457 \u043a\u043e\u0441\u043c\u0435\u0442\u0438\u043a\u0438\",\"publisher\":{\"@id\":\"https:\/\/madlenmakeup.com.ua\/#\/schema\/person\/49cd71213b472a6db978257e4616a5de\"},\"potentialAction\":[{\"@type\":\"SearchAction\",\"target\":{\"@type\":\"EntryPoint\",\"urlTemplate\":\"https:\/\/madlenmakeup.com.ua\/?s={search_term_string}\"},\"query-input\":{\"@type\":\"PropertyValueSpecification\",\"valueRequired\":true,\"valueName\":\"search_term_string\"}}],\"inLanguage\":\"pl-PL\"},{\"@type\":[\"Person\",\"Organization\"],\"@id\":\"https:\/\/madlenmakeup.com.ua\/#\/schema\/person\/49cd71213b472a6db978257e4616a5de\",\"name\":\"madlenmakeup\",\"image\":{\"@type\":\"ImageObject\",\"inLanguage\":\"pl-PL\",\"@id\":\"https:\/\/madlenmakeup.com.ua\/#\/schema\/person\/image\/\",\"url\":\"https:\/\/madlenmakeup.com.ua\/wp-content\/uploads\/2023\/04\/cropped-cropped-madlen-logo-removebg-preview.png\",\"contentUrl\":\"https:\/\/madlenmakeup.com.ua\/wp-content\/uploads\/2023\/04\/cropped-cropped-madlen-logo-removebg-preview.png\",\"width\":296,\"height\":70,\"caption\":\"madlenmakeup\"},\"logo\":{\"@id\":\"https:\/\/madlenmakeup.com.ua\/#\/schema\/person\/image\/\"},\"sameAs\":[\"http:\/\/madlenmakeup.com.ua\"]}]}<\/script>\n<!-- \/ Yoast SEO plugin. -->","yoast_head_json":{"title":"Aden Cosmetics 11 Burgundy \u041c\u0430\u0442\u043e\u0432\u0430 \u043f\u043e\u043c\u0430\u0434\u0430 Liquid Lipstick - Madlen Cosmetics","description":"Aden Cosmetics 11 Burgundy \u041c\u0430\u0442\u043e\u0432\u0430 \u043f\u043e\u043c\u0430\u0434\u0430 Liquid Lipstick \u041c\u043e\u0436\u043d\u0430 \u043a\u0443\u043f\u0438\u0442\u0438 \u043e\u043f\u0442\u043e\u043c \u0442\u0430 \u0432 \u0440\u043e\u0437\u0434\u0440\u0456\u0431. \u0412\u0435\u043b\u0438\u043a\u0438\u0439 \u0430\u0441\u043e\u0440\u0442\u0438\u043c\u0435\u043d\u0442 \u043a\u043e\u0441\u043c\u0435\u0442\u0438\u043a\u0438. \u041d\u0438\u0437\u044c\u043a\u0456 \u0446\u0456\u043d\u0438. \u0428\u0432\u0438\u0434\u043a\u0430 \u0434\u043e\u0441\u0442\u0430\u0432\u043a\u0430.","robots":{"index":"index","follow":"follow","max-snippet":"max-snippet:-1","max-image-preview":"max-image-preview:large","max-video-preview":"max-video-preview:-1"},"canonical":"https:\/\/madlenmakeup.com.ua\/pl\/produkt\/aden-cosmetics-11-burgundy-matova-pomada-liquid-lipstick\/","og_locale":"pl_PL","og_type":"article","og_title":"Aden Cosmetics 11 Burgundy \u041c\u0430\u0442\u043e\u0432\u0430 \u043f\u043e\u043c\u0430\u0434\u0430 Liquid Lipstick - Madlen Cosmetics","og_description":"Aden Cosmetics 11 Burgundy \u041c\u0430\u0442\u043e\u0432\u0430 \u043f\u043e\u043c\u0430\u0434\u0430 Liquid Lipstick \u041c\u043e\u0436\u043d\u0430 \u043a\u0443\u043f\u0438\u0442\u0438 \u043e\u043f\u0442\u043e\u043c \u0442\u0430 \u0432 \u0440\u043e\u0437\u0434\u0440\u0456\u0431. \u0412\u0435\u043b\u0438\u043a\u0438\u0439 \u0430\u0441\u043e\u0440\u0442\u0438\u043c\u0435\u043d\u0442 \u043a\u043e\u0441\u043c\u0435\u0442\u0438\u043a\u0438. \u041d\u0438\u0437\u044c\u043a\u0456 \u0446\u0456\u043d\u0438. \u0428\u0432\u0438\u0434\u043a\u0430 \u0434\u043e\u0441\u0442\u0430\u0432\u043a\u0430.","og_url":"https:\/\/madlenmakeup.com.ua\/pl\/produkt\/aden-cosmetics-11-burgundy-matova-pomada-liquid-lipstick\/","og_site_name":"Madlen Cosmetics","article_modified_time":"2026-02-13T14:45:48+00:00","og_image":[{"width":900,"height":900,"url":"https:\/\/madlenmakeup.com.ua\/wp-content\/uploads\/2024\/08\/Aden-11-Burgundy-ZHydkaya-ustojchyvaya-pomada-Liquid-Lipstick.jpg","type":"image\/jpeg"}],"twitter_card":"summary_large_image","twitter_misc":{"Szacowany czas czytania":"1 minuta"},"schema":{"@context":"https:\/\/schema.org","@graph":[{"@type":"WebPage","@id":"https:\/\/madlenmakeup.com.ua\/product\/aden-cosmetics-11-burgundy-matova-pomada-liquid-lipstick\/","url":"https:\/\/madlenmakeup.com.ua\/product\/aden-cosmetics-11-burgundy-matova-pomada-liquid-lipstick\/","name":"Aden Cosmetics 11 Burgundy \u041c\u0430\u0442\u043e\u0432\u0430 \u043f\u043e\u043c\u0430\u0434\u0430 Liquid Lipstick - Madlen Cosmetics","isPartOf":{"@id":"https:\/\/madlenmakeup.com.ua\/#website"},"primaryImageOfPage":{"@id":"https:\/\/madlenmakeup.com.ua\/product\/aden-cosmetics-11-burgundy-matova-pomada-liquid-lipstick\/#primaryimage"},"image":{"@id":"https:\/\/madlenmakeup.com.ua\/product\/aden-cosmetics-11-burgundy-matova-pomada-liquid-lipstick\/#primaryimage"},"thumbnailUrl":"https:\/\/madlenmakeup.com.ua\/wp-content\/uploads\/2024\/08\/Aden-11-Burgundy-ZHydkaya-ustojchyvaya-pomada-Liquid-Lipstick.jpg","datePublished":"2024-08-05T20:35:44+00:00","dateModified":"2026-02-13T14:45:48+00:00","description":"Aden Cosmetics 11 Burgundy \u041c\u0430\u0442\u043e\u0432\u0430 \u043f\u043e\u043c\u0430\u0434\u0430 Liquid Lipstick \u041c\u043e\u0436\u043d\u0430 \u043a\u0443\u043f\u0438\u0442\u0438 \u043e\u043f\u0442\u043e\u043c \u0442\u0430 \u0432 \u0440\u043e\u0437\u0434\u0440\u0456\u0431. \u0412\u0435\u043b\u0438\u043a\u0438\u0439 \u0430\u0441\u043e\u0440\u0442\u0438\u043c\u0435\u043d\u0442 \u043a\u043e\u0441\u043c\u0435\u0442\u0438\u043a\u0438. \u041d\u0438\u0437\u044c\u043a\u0456 \u0446\u0456\u043d\u0438. \u0428\u0432\u0438\u0434\u043a\u0430 \u0434\u043e\u0441\u0442\u0430\u0432\u043a\u0430.","breadcrumb":{"@id":"https:\/\/madlenmakeup.com.ua\/product\/aden-cosmetics-11-burgundy-matova-pomada-liquid-lipstick\/#breadcrumb"},"inLanguage":"pl-PL","potentialAction":[{"@type":"ReadAction","target":["https:\/\/madlenmakeup.com.ua\/product\/aden-cosmetics-11-burgundy-matova-pomada-liquid-lipstick\/"]}]},{"@type":"ImageObject","inLanguage":"pl-PL","@id":"https:\/\/madlenmakeup.com.ua\/product\/aden-cosmetics-11-burgundy-matova-pomada-liquid-lipstick\/#primaryimage","url":"https:\/\/madlenmakeup.com.ua\/wp-content\/uploads\/2024\/08\/Aden-11-Burgundy-ZHydkaya-ustojchyvaya-pomada-Liquid-Lipstick.jpg","contentUrl":"https:\/\/madlenmakeup.com.ua\/wp-content\/uploads\/2024\/08\/Aden-11-Burgundy-ZHydkaya-ustojchyvaya-pomada-Liquid-Lipstick.jpg","width":900,"height":900,"caption":"Aden-11-Burgundy-ZHydkaya-ustojchyvaya-pomada-Liquid-Lipstick"},{"@type":"BreadcrumbList","@id":"https:\/\/madlenmakeup.com.ua\/product\/aden-cosmetics-11-burgundy-matova-pomada-liquid-lipstick\/#breadcrumb","itemListElement":[{"@type":"ListItem","position":1,"name":"\u0413\u043e\u043b\u043e\u0432\u043d\u0430","item":"https:\/\/madlenmakeup.com.ua\/"},{"@type":"ListItem","position":2,"name":"\u041c\u0430\u0433\u0430\u0437\u0438\u043d","item":"https:\/\/madlenmakeup.com.ua\/shop\/"},{"@type":"ListItem","position":3,"name":"Aden Cosmetics 11 Burgundy \u041c\u0430\u0442\u043e\u0432\u0430 \u043f\u043e\u043c\u0430\u0434\u0430 Liquid Lipstick"}]},{"@type":"WebSite","@id":"https:\/\/madlenmakeup.com.ua\/#website","url":"https:\/\/madlenmakeup.com.ua\/","name":"Madlen Cosmetics","description":"\u041c\u0430\u0433\u0430\u0437\u0438\u043d \u043f\u0440\u043e\u0444\u0435\u0441\u0456\u0439\u043d\u043e\u0457 \u043a\u043e\u0441\u043c\u0435\u0442\u0438\u043a\u0438","publisher":{"@id":"https:\/\/madlenmakeup.com.ua\/#\/schema\/person\/49cd71213b472a6db978257e4616a5de"},"potentialAction":[{"@type":"SearchAction","target":{"@type":"EntryPoint","urlTemplate":"https:\/\/madlenmakeup.com.ua\/?s={search_term_string}"},"query-input":{"@type":"PropertyValueSpecification","valueRequired":true,"valueName":"search_term_string"}}],"inLanguage":"pl-PL"},{"@type":["Person","Organization"],"@id":"https:\/\/madlenmakeup.com.ua\/#\/schema\/person\/49cd71213b472a6db978257e4616a5de","name":"madlenmakeup","image":{"@type":"ImageObject","inLanguage":"pl-PL","@id":"https:\/\/madlenmakeup.com.ua\/#\/schema\/person\/image\/","url":"https:\/\/madlenmakeup.com.ua\/wp-content\/uploads\/2023\/04\/cropped-cropped-madlen-logo-removebg-preview.png","contentUrl":"https:\/\/madlenmakeup.com.ua\/wp-content\/uploads\/2023\/04\/cropped-cropped-madlen-logo-removebg-preview.png","width":296,"height":70,"caption":"madlenmakeup"},"logo":{"@id":"https:\/\/madlenmakeup.com.ua\/#\/schema\/person\/image\/"},"sameAs":["http:\/\/madlenmakeup.com.ua"]}]}},"_links":{"self":[{"href":"https:\/\/madlenmakeup.com.ua\/pl\/wp-json\/wp\/v2\/product\/7280","targetHints":{"allow":["GET"]}}],"collection":[{"href":"https:\/\/madlenmakeup.com.ua\/pl\/wp-json\/wp\/v2\/product"}],"about":[{"href":"https:\/\/madlenmakeup.com.ua\/pl\/wp-json\/wp\/v2\/types\/product"}],"replies":[{"embeddable":true,"href":"https:\/\/madlenmakeup.com.ua\/pl\/wp-json\/wp\/v2\/comments?post=7280"}],"version-history":[{"count":5,"href":"https:\/\/madlenmakeup.com.ua\/pl\/wp-json\/wp\/v2\/product\/7280\/revisions"}],"predecessor-version":[{"id":8540,"href":"https:\/\/madlenmakeup.com.ua\/pl\/wp-json\/wp\/v2\/product\/7280\/revisions\/8540"}],"wp:featuredmedia":[{"embeddable":true,"href":"https:\/\/madlenmakeup.com.ua\/pl\/wp-json\/wp\/v2\/media\/7281"}],"wp:attachment":[{"href":"https:\/\/madlenmakeup.com.ua\/pl\/wp-json\/wp\/v2\/media?parent=7280"}],"wp:term":[{"taxonomy":"product_cat","embeddable":true,"href":"https:\/\/madlenmakeup.com.ua\/pl\/wp-json\/wp\/v2\/product_cat?post=7280"},{"taxonomy":"product_tag","embeddable":true,"href":"https:\/\/madlenmakeup.com.ua\/pl\/wp-json\/wp\/v2\/product_tag?post=7280"}],"curies":[{"name":"wp","href":"https:\/\/api.w.org\/{rel}","templated":true}]}}