{"id":7424,"date":"2024-08-08T21:24:02","date_gmt":"2024-08-08T18:24:02","guid":{"rendered":"https:\/\/madlenmakeup.com.ua\/?post_type=product&#038;p=7424"},"modified":"2026-02-17T14:55:03","modified_gmt":"2026-02-17T12:55:03","slug":"aden-cosmetics-olivets-dlya-briv-eyebrow-pencil-grey","status":"publish","type":"product","link":"https:\/\/madlenmakeup.com.ua\/pl\/produkt\/aden-cosmetics-olivets-dlya-briv-eyebrow-pencil-grey\/","title":{"rendered":"Kredka do brwi Aden Cosmetics Eyebrow Pencil Grey"},"content":{"rendered":"<p><strong>Kredka do brwi Aden Cosmetics Eyebrow Pencil Grey<\/strong><br \/>\nPrawid\u0142owo i pi\u0119knie kszta\u0142tuj\u0105c brwi, mo\u017cesz radykalnie zmieni\u0107 twarz jako ca\u0142o\u015b\u0107, nada\u0107 spojrzeniu wyrazisto\u015bci, uroku i magnetyzmu. Kredka do brwi brytyjskiej marki Aden Cosmetics pomo\u017ce osi\u0105gn\u0105\u0107 zamierzony efekt.<\/p>\n<p>Dzi\u0119ki mi\u0119kkiej fakturze narz\u0119dzie tworzy pudrowe poci\u0105gni\u0119cia, maksymalnie przybli\u017caj\u0105c efekt do naturalnego. \u015arednio twarda szczotka doskonale rozczesuje w\u0142osy, nadaje im po\u017c\u0105dany kszta\u0142t. Narz\u0119dzie mo\u017cna stosowa\u0107, nak\u0142adaj\u0105c je poci\u0105gni\u0119ciami ostro zaostrzonego o\u0142\u00f3wka. W ten spos\u00f3b imituje si\u0119 w\u0142osy do delikatnego makija\u017cu. Dla bardziej wyrazistego efektu graficznego nale\u017cy obrysowa\u0107 kontur brwi i wycieniowa\u0107 przestrze\u0144 wewn\u0119trzn\u0105, na koniec delikatnie rozprowadzaj\u0105c ton p\u0119dzelkiem.<\/p>\n<p>Aden Cosmetics \u041e\u043b\u0456\u0432\u0435\u0446\u044c \u0434\u043b\u044f \u0431\u0440\u0456\u0432 Eyebrow Pencil Grey \u041c\u043e\u0436\u043d\u0430 \u043a\u0443\u043f\u0438\u0442\u0438 \u043e\u043f\u0442\u043e\u043c.<\/p>","protected":false},"excerpt":{"rendered":"<p><img loading=\"lazy\" decoding=\"async\" class=\"\" src=\"https:\/\/madlenmakeup.com.ua\/wp-content\/uploads\/2023\/04\/1f1ea-1f1fa.png\" alt=\"\u042d\u043c\u043e\u0434\u0437\u0438 \ud83c\uddea\ud83c\uddfa Apple \u0438 iOS\" width=\"40\" height=\"40\" \/>\u00a0<strong>Europejska jako\u015b\u0107\u00a0<\/strong><img loading=\"lazy\" decoding=\"async\" class=\"\" src=\"https:\/\/madlenmakeup.com.ua\/wp-content\/uploads\/2023\/04\/1f1ea-1f1fa.png\" alt=\"\u042d\u043c\u043e\u0434\u0437\u0438 \ud83c\uddea\ud83c\uddfa Apple \u0438 iOS\" width=\"40\" height=\"40\" \/><\/p>","protected":false},"featured_media":7425,"comment_status":"open","ping_status":"closed","template":"","meta":{"site-sidebar-layout":"default","site-content-layout":"default","ast-global-header-display":"","ast-main-header-display":"","ast-hfb-above-header-display":"","ast-hfb-below-header-display":"","ast-hfb-mobile-header-display":"","site-post-title":"","ast-breadcrumbs-content":"","ast-featured-img":"","footer-sml-layout":"","theme-transparent-header-meta":"default","adv-header-id-meta":"","stick-header-meta":"","header-above-stick-meta":"","header-main-stick-meta":"","header-below-stick-meta":""},"product_cat":[48],"product_tag":[341,71,85],"class_list":{"0":"post-7424","1":"product","2":"type-product","3":"status-publish","4":"has-post-thumbnail","6":"product_brand-aden-cosmetics","7":"product_cat-brovy-madlen","8":"product_tag-use-dlya-briv","9":"product_tag-vsi-olivtsi-dlya-briv","10":"product_tag-usi-olivtsi-dlya-briv-aden-cosmetics","11":"desktop-align-left","12":"tablet-align-left","13":"mobile-align-left","15":"first","16":"instock","17":"shipping-taxable","18":"purchasable","19":"product-type-simple"},"yoast_head":"<!-- This site is optimized with the Yoast SEO plugin v25.6 - https:\/\/yoast.com\/wordpress\/plugins\/seo\/ -->\n<title>Aden Cosmetics \u041e\u043b\u0456\u0432\u0435\u0446\u044c \u0434\u043b\u044f \u0431\u0440\u0456\u0432 Eyebrow Pencil Grey - Madlen Cosmetics<\/title>\n<meta name=\"description\" content=\"Aden Cosmetics \u041e\u043b\u0456\u0432\u0435\u0446\u044c \u0434\u043b\u044f \u0431\u0440\u0456\u0432 Eyebrow Pencil Grey \u041c\u043e\u0436\u043d\u0430 \u043a\u0443\u043f\u0438\u0442\u0438 \u043e\u043f\u0442\u043e\u043c. \u041d\u0438\u0437\u044c\u043a\u0456 \u0446\u0456\u043d\u0438. \u0412\u0435\u043b\u0438\u043a\u0438\u0439 \u0430\u0441\u043e\u0440\u0442\u0438\u043c\u0435\u043d\u0442\u0438 \u043a\u043e\u0441\u043c\u0435\u0442\u0438\u043a\u0438. \u0428\u0432\u0438\u0434\u043a\u0430 \u0434\u043e\u0441\u0442\u0430\u0432\u043a\u0430. 100% \u043e\u0440\u0438\u0433\u0456\u043d\u0430\u043b.\" \/>\n<meta name=\"robots\" content=\"index, follow, max-snippet:-1, max-image-preview:large, max-video-preview:-1\" \/>\n<link rel=\"canonical\" href=\"https:\/\/madlenmakeup.com.ua\/pl\/produkt\/aden-cosmetics-olivets-dlya-briv-eyebrow-pencil-grey\/\" \/>\n<meta property=\"og:locale\" content=\"pl_PL\" \/>\n<meta property=\"og:type\" content=\"article\" \/>\n<meta property=\"og:title\" content=\"Aden Cosmetics \u041e\u043b\u0456\u0432\u0435\u0446\u044c \u0434\u043b\u044f \u0431\u0440\u0456\u0432 Eyebrow Pencil Grey - Madlen Cosmetics\" \/>\n<meta property=\"og:description\" content=\"Aden Cosmetics \u041e\u043b\u0456\u0432\u0435\u0446\u044c \u0434\u043b\u044f \u0431\u0440\u0456\u0432 Eyebrow Pencil Grey \u041c\u043e\u0436\u043d\u0430 \u043a\u0443\u043f\u0438\u0442\u0438 \u043e\u043f\u0442\u043e\u043c. \u041d\u0438\u0437\u044c\u043a\u0456 \u0446\u0456\u043d\u0438. \u0412\u0435\u043b\u0438\u043a\u0438\u0439 \u0430\u0441\u043e\u0440\u0442\u0438\u043c\u0435\u043d\u0442\u0438 \u043a\u043e\u0441\u043c\u0435\u0442\u0438\u043a\u0438. \u0428\u0432\u0438\u0434\u043a\u0430 \u0434\u043e\u0441\u0442\u0430\u0432\u043a\u0430. 100% \u043e\u0440\u0438\u0433\u0456\u043d\u0430\u043b.\" \/>\n<meta property=\"og:url\" content=\"https:\/\/madlenmakeup.com.ua\/pl\/produkt\/aden-cosmetics-olivets-dlya-briv-eyebrow-pencil-grey\/\" \/>\n<meta property=\"og:site_name\" content=\"Madlen Cosmetics\" \/>\n<meta property=\"article:modified_time\" content=\"2026-02-17T12:55:03+00:00\" \/>\n<meta property=\"og:image\" content=\"https:\/\/madlenmakeup.com.ua\/wp-content\/uploads\/2024\/08\/aden_eyebrow_pencil_grey.webp\" \/>\n\t<meta property=\"og:image:width\" content=\"800\" \/>\n\t<meta property=\"og:image:height\" content=\"800\" \/>\n\t<meta property=\"og:image:type\" content=\"image\/webp\" \/>\n<meta name=\"twitter:card\" content=\"summary_large_image\" \/>\n<meta name=\"twitter:label1\" content=\"Szacowany czas czytania\" \/>\n\t<meta name=\"twitter:data1\" content=\"1 minuta\" \/>\n<script type=\"application\/ld+json\" class=\"yoast-schema-graph\">{\"@context\":\"https:\/\/schema.org\",\"@graph\":[{\"@type\":\"WebPage\",\"@id\":\"https:\/\/madlenmakeup.com.ua\/product\/aden-cosmetics-olivets-dlya-briv-eyebrow-pencil-grey\/\",\"url\":\"https:\/\/madlenmakeup.com.ua\/product\/aden-cosmetics-olivets-dlya-briv-eyebrow-pencil-grey\/\",\"name\":\"Aden Cosmetics \u041e\u043b\u0456\u0432\u0435\u0446\u044c \u0434\u043b\u044f \u0431\u0440\u0456\u0432 Eyebrow Pencil Grey - Madlen Cosmetics\",\"isPartOf\":{\"@id\":\"https:\/\/madlenmakeup.com.ua\/#website\"},\"primaryImageOfPage\":{\"@id\":\"https:\/\/madlenmakeup.com.ua\/product\/aden-cosmetics-olivets-dlya-briv-eyebrow-pencil-grey\/#primaryimage\"},\"image\":{\"@id\":\"https:\/\/madlenmakeup.com.ua\/product\/aden-cosmetics-olivets-dlya-briv-eyebrow-pencil-grey\/#primaryimage\"},\"thumbnailUrl\":\"https:\/\/madlenmakeup.com.ua\/wp-content\/uploads\/2024\/08\/aden_eyebrow_pencil_grey.webp\",\"datePublished\":\"2024-08-08T18:24:02+00:00\",\"dateModified\":\"2026-02-17T12:55:03+00:00\",\"description\":\"Aden Cosmetics \u041e\u043b\u0456\u0432\u0435\u0446\u044c \u0434\u043b\u044f \u0431\u0440\u0456\u0432 Eyebrow Pencil Grey \u041c\u043e\u0436\u043d\u0430 \u043a\u0443\u043f\u0438\u0442\u0438 \u043e\u043f\u0442\u043e\u043c. \u041d\u0438\u0437\u044c\u043a\u0456 \u0446\u0456\u043d\u0438. \u0412\u0435\u043b\u0438\u043a\u0438\u0439 \u0430\u0441\u043e\u0440\u0442\u0438\u043c\u0435\u043d\u0442\u0438 \u043a\u043e\u0441\u043c\u0435\u0442\u0438\u043a\u0438. \u0428\u0432\u0438\u0434\u043a\u0430 \u0434\u043e\u0441\u0442\u0430\u0432\u043a\u0430. 100% \u043e\u0440\u0438\u0433\u0456\u043d\u0430\u043b.\",\"breadcrumb\":{\"@id\":\"https:\/\/madlenmakeup.com.ua\/product\/aden-cosmetics-olivets-dlya-briv-eyebrow-pencil-grey\/#breadcrumb\"},\"inLanguage\":\"pl-PL\",\"potentialAction\":[{\"@type\":\"ReadAction\",\"target\":[\"https:\/\/madlenmakeup.com.ua\/product\/aden-cosmetics-olivets-dlya-briv-eyebrow-pencil-grey\/\"]}]},{\"@type\":\"ImageObject\",\"inLanguage\":\"pl-PL\",\"@id\":\"https:\/\/madlenmakeup.com.ua\/product\/aden-cosmetics-olivets-dlya-briv-eyebrow-pencil-grey\/#primaryimage\",\"url\":\"https:\/\/madlenmakeup.com.ua\/wp-content\/uploads\/2024\/08\/aden_eyebrow_pencil_grey.webp\",\"contentUrl\":\"https:\/\/madlenmakeup.com.ua\/wp-content\/uploads\/2024\/08\/aden_eyebrow_pencil_grey.webp\",\"width\":800,\"height\":800,\"caption\":\"aden_eyebrow_pencil_grey\"},{\"@type\":\"BreadcrumbList\",\"@id\":\"https:\/\/madlenmakeup.com.ua\/product\/aden-cosmetics-olivets-dlya-briv-eyebrow-pencil-grey\/#breadcrumb\",\"itemListElement\":[{\"@type\":\"ListItem\",\"position\":1,\"name\":\"\u0413\u043e\u043b\u043e\u0432\u043d\u0430\",\"item\":\"https:\/\/madlenmakeup.com.ua\/\"},{\"@type\":\"ListItem\",\"position\":2,\"name\":\"\u041c\u0430\u0433\u0430\u0437\u0438\u043d\",\"item\":\"https:\/\/madlenmakeup.com.ua\/shop\/\"},{\"@type\":\"ListItem\",\"position\":3,\"name\":\"Aden Cosmetics \u041e\u043b\u0456\u0432\u0435\u0446\u044c \u0434\u043b\u044f \u0431\u0440\u0456\u0432 Eyebrow Pencil Grey\"}]},{\"@type\":\"WebSite\",\"@id\":\"https:\/\/madlenmakeup.com.ua\/#website\",\"url\":\"https:\/\/madlenmakeup.com.ua\/\",\"name\":\"Madlen Cosmetics\",\"description\":\"\u041c\u0430\u0433\u0430\u0437\u0438\u043d \u043f\u0440\u043e\u0444\u0435\u0441\u0456\u0439\u043d\u043e\u0457 \u043a\u043e\u0441\u043c\u0435\u0442\u0438\u043a\u0438\",\"publisher\":{\"@id\":\"https:\/\/madlenmakeup.com.ua\/#\/schema\/person\/49cd71213b472a6db978257e4616a5de\"},\"potentialAction\":[{\"@type\":\"SearchAction\",\"target\":{\"@type\":\"EntryPoint\",\"urlTemplate\":\"https:\/\/madlenmakeup.com.ua\/?s={search_term_string}\"},\"query-input\":{\"@type\":\"PropertyValueSpecification\",\"valueRequired\":true,\"valueName\":\"search_term_string\"}}],\"inLanguage\":\"pl-PL\"},{\"@type\":[\"Person\",\"Organization\"],\"@id\":\"https:\/\/madlenmakeup.com.ua\/#\/schema\/person\/49cd71213b472a6db978257e4616a5de\",\"name\":\"madlenmakeup\",\"image\":{\"@type\":\"ImageObject\",\"inLanguage\":\"pl-PL\",\"@id\":\"https:\/\/madlenmakeup.com.ua\/#\/schema\/person\/image\/\",\"url\":\"https:\/\/madlenmakeup.com.ua\/wp-content\/uploads\/2023\/04\/cropped-cropped-madlen-logo-removebg-preview.png\",\"contentUrl\":\"https:\/\/madlenmakeup.com.ua\/wp-content\/uploads\/2023\/04\/cropped-cropped-madlen-logo-removebg-preview.png\",\"width\":296,\"height\":70,\"caption\":\"madlenmakeup\"},\"logo\":{\"@id\":\"https:\/\/madlenmakeup.com.ua\/#\/schema\/person\/image\/\"},\"sameAs\":[\"http:\/\/madlenmakeup.com.ua\"]}]}<\/script>\n<!-- \/ Yoast SEO plugin. -->","yoast_head_json":{"title":"Aden Cosmetics \u041e\u043b\u0456\u0432\u0435\u0446\u044c \u0434\u043b\u044f \u0431\u0440\u0456\u0432 Eyebrow Pencil Grey - Madlen Cosmetics","description":"Aden Cosmetics \u041e\u043b\u0456\u0432\u0435\u0446\u044c \u0434\u043b\u044f \u0431\u0440\u0456\u0432 Eyebrow Pencil Grey \u041c\u043e\u0436\u043d\u0430 \u043a\u0443\u043f\u0438\u0442\u0438 \u043e\u043f\u0442\u043e\u043c. \u041d\u0438\u0437\u044c\u043a\u0456 \u0446\u0456\u043d\u0438. \u0412\u0435\u043b\u0438\u043a\u0438\u0439 \u0430\u0441\u043e\u0440\u0442\u0438\u043c\u0435\u043d\u0442\u0438 \u043a\u043e\u0441\u043c\u0435\u0442\u0438\u043a\u0438. \u0428\u0432\u0438\u0434\u043a\u0430 \u0434\u043e\u0441\u0442\u0430\u0432\u043a\u0430. 100% \u043e\u0440\u0438\u0433\u0456\u043d\u0430\u043b.","robots":{"index":"index","follow":"follow","max-snippet":"max-snippet:-1","max-image-preview":"max-image-preview:large","max-video-preview":"max-video-preview:-1"},"canonical":"https:\/\/madlenmakeup.com.ua\/pl\/produkt\/aden-cosmetics-olivets-dlya-briv-eyebrow-pencil-grey\/","og_locale":"pl_PL","og_type":"article","og_title":"Aden Cosmetics \u041e\u043b\u0456\u0432\u0435\u0446\u044c \u0434\u043b\u044f \u0431\u0440\u0456\u0432 Eyebrow Pencil Grey - Madlen Cosmetics","og_description":"Aden Cosmetics \u041e\u043b\u0456\u0432\u0435\u0446\u044c \u0434\u043b\u044f \u0431\u0440\u0456\u0432 Eyebrow Pencil Grey \u041c\u043e\u0436\u043d\u0430 \u043a\u0443\u043f\u0438\u0442\u0438 \u043e\u043f\u0442\u043e\u043c. \u041d\u0438\u0437\u044c\u043a\u0456 \u0446\u0456\u043d\u0438. \u0412\u0435\u043b\u0438\u043a\u0438\u0439 \u0430\u0441\u043e\u0440\u0442\u0438\u043c\u0435\u043d\u0442\u0438 \u043a\u043e\u0441\u043c\u0435\u0442\u0438\u043a\u0438. \u0428\u0432\u0438\u0434\u043a\u0430 \u0434\u043e\u0441\u0442\u0430\u0432\u043a\u0430. 100% \u043e\u0440\u0438\u0433\u0456\u043d\u0430\u043b.","og_url":"https:\/\/madlenmakeup.com.ua\/pl\/produkt\/aden-cosmetics-olivets-dlya-briv-eyebrow-pencil-grey\/","og_site_name":"Madlen Cosmetics","article_modified_time":"2026-02-17T12:55:03+00:00","og_image":[{"width":800,"height":800,"url":"https:\/\/madlenmakeup.com.ua\/wp-content\/uploads\/2024\/08\/aden_eyebrow_pencil_grey.webp","type":"image\/webp"}],"twitter_card":"summary_large_image","twitter_misc":{"Szacowany czas czytania":"1 minuta"},"schema":{"@context":"https:\/\/schema.org","@graph":[{"@type":"WebPage","@id":"https:\/\/madlenmakeup.com.ua\/product\/aden-cosmetics-olivets-dlya-briv-eyebrow-pencil-grey\/","url":"https:\/\/madlenmakeup.com.ua\/product\/aden-cosmetics-olivets-dlya-briv-eyebrow-pencil-grey\/","name":"Aden Cosmetics \u041e\u043b\u0456\u0432\u0435\u0446\u044c \u0434\u043b\u044f \u0431\u0440\u0456\u0432 Eyebrow Pencil Grey - Madlen Cosmetics","isPartOf":{"@id":"https:\/\/madlenmakeup.com.ua\/#website"},"primaryImageOfPage":{"@id":"https:\/\/madlenmakeup.com.ua\/product\/aden-cosmetics-olivets-dlya-briv-eyebrow-pencil-grey\/#primaryimage"},"image":{"@id":"https:\/\/madlenmakeup.com.ua\/product\/aden-cosmetics-olivets-dlya-briv-eyebrow-pencil-grey\/#primaryimage"},"thumbnailUrl":"https:\/\/madlenmakeup.com.ua\/wp-content\/uploads\/2024\/08\/aden_eyebrow_pencil_grey.webp","datePublished":"2024-08-08T18:24:02+00:00","dateModified":"2026-02-17T12:55:03+00:00","description":"Aden Cosmetics \u041e\u043b\u0456\u0432\u0435\u0446\u044c \u0434\u043b\u044f \u0431\u0440\u0456\u0432 Eyebrow Pencil Grey \u041c\u043e\u0436\u043d\u0430 \u043a\u0443\u043f\u0438\u0442\u0438 \u043e\u043f\u0442\u043e\u043c. \u041d\u0438\u0437\u044c\u043a\u0456 \u0446\u0456\u043d\u0438. \u0412\u0435\u043b\u0438\u043a\u0438\u0439 \u0430\u0441\u043e\u0440\u0442\u0438\u043c\u0435\u043d\u0442\u0438 \u043a\u043e\u0441\u043c\u0435\u0442\u0438\u043a\u0438. \u0428\u0432\u0438\u0434\u043a\u0430 \u0434\u043e\u0441\u0442\u0430\u0432\u043a\u0430. 100% \u043e\u0440\u0438\u0433\u0456\u043d\u0430\u043b.","breadcrumb":{"@id":"https:\/\/madlenmakeup.com.ua\/product\/aden-cosmetics-olivets-dlya-briv-eyebrow-pencil-grey\/#breadcrumb"},"inLanguage":"pl-PL","potentialAction":[{"@type":"ReadAction","target":["https:\/\/madlenmakeup.com.ua\/product\/aden-cosmetics-olivets-dlya-briv-eyebrow-pencil-grey\/"]}]},{"@type":"ImageObject","inLanguage":"pl-PL","@id":"https:\/\/madlenmakeup.com.ua\/product\/aden-cosmetics-olivets-dlya-briv-eyebrow-pencil-grey\/#primaryimage","url":"https:\/\/madlenmakeup.com.ua\/wp-content\/uploads\/2024\/08\/aden_eyebrow_pencil_grey.webp","contentUrl":"https:\/\/madlenmakeup.com.ua\/wp-content\/uploads\/2024\/08\/aden_eyebrow_pencil_grey.webp","width":800,"height":800,"caption":"aden_eyebrow_pencil_grey"},{"@type":"BreadcrumbList","@id":"https:\/\/madlenmakeup.com.ua\/product\/aden-cosmetics-olivets-dlya-briv-eyebrow-pencil-grey\/#breadcrumb","itemListElement":[{"@type":"ListItem","position":1,"name":"\u0413\u043e\u043b\u043e\u0432\u043d\u0430","item":"https:\/\/madlenmakeup.com.ua\/"},{"@type":"ListItem","position":2,"name":"\u041c\u0430\u0433\u0430\u0437\u0438\u043d","item":"https:\/\/madlenmakeup.com.ua\/shop\/"},{"@type":"ListItem","position":3,"name":"Aden Cosmetics \u041e\u043b\u0456\u0432\u0435\u0446\u044c \u0434\u043b\u044f \u0431\u0440\u0456\u0432 Eyebrow Pencil Grey"}]},{"@type":"WebSite","@id":"https:\/\/madlenmakeup.com.ua\/#website","url":"https:\/\/madlenmakeup.com.ua\/","name":"Madlen Cosmetics","description":"\u041c\u0430\u0433\u0430\u0437\u0438\u043d \u043f\u0440\u043e\u0444\u0435\u0441\u0456\u0439\u043d\u043e\u0457 \u043a\u043e\u0441\u043c\u0435\u0442\u0438\u043a\u0438","publisher":{"@id":"https:\/\/madlenmakeup.com.ua\/#\/schema\/person\/49cd71213b472a6db978257e4616a5de"},"potentialAction":[{"@type":"SearchAction","target":{"@type":"EntryPoint","urlTemplate":"https:\/\/madlenmakeup.com.ua\/?s={search_term_string}"},"query-input":{"@type":"PropertyValueSpecification","valueRequired":true,"valueName":"search_term_string"}}],"inLanguage":"pl-PL"},{"@type":["Person","Organization"],"@id":"https:\/\/madlenmakeup.com.ua\/#\/schema\/person\/49cd71213b472a6db978257e4616a5de","name":"madlenmakeup","image":{"@type":"ImageObject","inLanguage":"pl-PL","@id":"https:\/\/madlenmakeup.com.ua\/#\/schema\/person\/image\/","url":"https:\/\/madlenmakeup.com.ua\/wp-content\/uploads\/2023\/04\/cropped-cropped-madlen-logo-removebg-preview.png","contentUrl":"https:\/\/madlenmakeup.com.ua\/wp-content\/uploads\/2023\/04\/cropped-cropped-madlen-logo-removebg-preview.png","width":296,"height":70,"caption":"madlenmakeup"},"logo":{"@id":"https:\/\/madlenmakeup.com.ua\/#\/schema\/person\/image\/"},"sameAs":["http:\/\/madlenmakeup.com.ua"]}]}},"_links":{"self":[{"href":"https:\/\/madlenmakeup.com.ua\/pl\/wp-json\/wp\/v2\/product\/7424","targetHints":{"allow":["GET"]}}],"collection":[{"href":"https:\/\/madlenmakeup.com.ua\/pl\/wp-json\/wp\/v2\/product"}],"about":[{"href":"https:\/\/madlenmakeup.com.ua\/pl\/wp-json\/wp\/v2\/types\/product"}],"replies":[{"embeddable":true,"href":"https:\/\/madlenmakeup.com.ua\/pl\/wp-json\/wp\/v2\/comments?post=7424"}],"version-history":[{"count":4,"href":"https:\/\/madlenmakeup.com.ua\/pl\/wp-json\/wp\/v2\/product\/7424\/revisions"}],"predecessor-version":[{"id":8592,"href":"https:\/\/madlenmakeup.com.ua\/pl\/wp-json\/wp\/v2\/product\/7424\/revisions\/8592"}],"wp:featuredmedia":[{"embeddable":true,"href":"https:\/\/madlenmakeup.com.ua\/pl\/wp-json\/wp\/v2\/media\/7425"}],"wp:attachment":[{"href":"https:\/\/madlenmakeup.com.ua\/pl\/wp-json\/wp\/v2\/media?parent=7424"}],"wp:term":[{"taxonomy":"product_cat","embeddable":true,"href":"https:\/\/madlenmakeup.com.ua\/pl\/wp-json\/wp\/v2\/product_cat?post=7424"},{"taxonomy":"product_tag","embeddable":true,"href":"https:\/\/madlenmakeup.com.ua\/pl\/wp-json\/wp\/v2\/product_tag?post=7424"}],"curies":[{"name":"wp","href":"https:\/\/api.w.org\/{rel}","templated":true}]}}