{"id":7539,"date":"2024-10-17T23:04:22","date_gmt":"2024-10-17T20:04:22","guid":{"rendered":"https:\/\/madlenmakeup.com.ua\/?post_type=product&#038;p=7539"},"modified":"2025-10-09T17:01:37","modified_gmt":"2025-10-09T14:01:37","slug":"aden-cosmetics-olivets-dlya-gub-22-corset-lipliner-pencil-2","status":"publish","type":"product","link":"https:\/\/madlenmakeup.com.ua\/pl\/produkt\/aden-cosmetics-olivets-dlya-gub-22-corset-lipliner-pencil-2\/","title":{"rendered":"Aden Cosmetics \u041e\u043b\u0456\u0432\u0435\u0446\u044c \u0434\u043b\u044f \u0433\u0443\u0431 (22\/Corset) Lipliner Pencil"},"content":{"rendered":"<p>Aden Cosmetics \u041e\u043b\u0456\u0432\u0435\u0446\u044c \u0434\u043b\u044f \u0433\u0443\u0431 (22\/Corset) Lipliner Pencil<br \/>\nKlasyczna wodoodporna kredka do ust!<br \/>\n<a href=\"https:\/\/madlenmakeup.com.ua\/pl\/znacznik-produktu\/usi-olivtsi-dlya-gub-aden-cosmetics\/\">Aden Cosmetics Lipliner Pencil<\/a> Kredka do ust zapewnia doskona\u0142\u0105, d\u0142ugotrwa\u0142\u0105 intensywno\u015b\u0107 koloru. Kszta\u0142tuj wewn\u0119trzny lub zewn\u0119trzny kontur ust, tworz\u0105c efekt powi\u0119kszonych ust, lub mo\u017cesz jej u\u017cy\u0107 do dostosowania koloru szminek. Zwi\u0119ksza trwa\u0142o\u015b\u0107 szminki. Kredka jest hipoalergiczna.<\/p>\n<p>Intensywne, d\u0142ugotrwa\u0142e odcienie mo\u017cna wykorzysta\u0107 do obrysowania ust i podkre\u015blenia koloru szminki. A je\u015bli chcesz, mo\u017cesz stworzy\u0107 modny efekt gradientu, poniewa\u017c kredka do ust Aden Cosmetics Lip Liner Pencil delikatnie rysuje i doskonale si\u0119 rozprowadza. <br \/>\nTeraz Twoja ulubiona szminka pozostanie dok\u0142adnie tam, gdzie chcesz, bez rozmazywania si\u0119 i sp\u0142ywania!<br \/>\n<strong>Sk\u0142ad:<\/strong><br \/>\nhydrogenated palm kernel glycerides, hydrogenated vegetable oil, caprylic \/ capric tryglyceride, hydrogenated palm glycerides, rhus succedanea cera, rhus succedanea fruit wax, titanium dioxide, iron oxides, tocopherol, ascorbyl palmitate, mica, talc, ci 77510, ci 77891, ci 77499, ci77163, ci 77163, ci 77492, ci 77491.<\/p>\n<p><strong>Aden Cosmetics \u041e\u043b\u0456\u0432\u0435\u0446\u044c \u0434\u043b\u044f \u0433\u0443\u0431 (22\/Corset) Lipliner Pencil \u041c\u043e\u0436\u043d\u0430 \u043a\u0443\u043f\u0438\u0442\u0438 \u043e\u043f\u0442\u043e\u043c \u0442\u0430 \u0432 \u0440\u043e\u0437\u0434\u0440\u0456\u0431.<\/strong><\/p>","protected":false},"excerpt":{"rendered":"<p><img loading=\"lazy\" decoding=\"async\" class=\"\" src=\"https:\/\/madlenmakeup.com.ua\/wp-content\/uploads\/2023\/04\/1f1ea-1f1fa.png\" alt=\"\u042d\u043c\u043e\u0434\u0437\u0438 \ud83c\uddea\ud83c\uddfa Apple \u0438 iOS\" width=\"40\" height=\"40\" \/>\u00a0<strong>Europejska jako\u015b\u0107\u00a0<\/strong><img loading=\"lazy\" decoding=\"async\" class=\"\" src=\"https:\/\/madlenmakeup.com.ua\/wp-content\/uploads\/2023\/04\/1f1ea-1f1fa.png\" alt=\"\u042d\u043c\u043e\u0434\u0437\u0438 \ud83c\uddea\ud83c\uddfa Apple \u0438 iOS\" width=\"40\" height=\"40\" \/><\/p>","protected":false},"featured_media":7515,"comment_status":"open","ping_status":"closed","template":"","meta":{"site-sidebar-layout":"default","site-content-layout":"default","ast-global-header-display":"","ast-main-header-display":"","ast-hfb-above-header-display":"","ast-hfb-below-header-display":"","ast-hfb-mobile-header-display":"","site-post-title":"","ast-breadcrumbs-content":"","ast-featured-img":"","footer-sml-layout":"","theme-transparent-header-meta":"default","adv-header-id-meta":"","stick-header-meta":"","header-above-stick-meta":"","header-main-stick-meta":"","header-below-stick-meta":""},"product_cat":[39],"product_tag":[279,70,87],"class_list":{"0":"post-7539","1":"product","2":"type-product","3":"status-publish","4":"has-post-thumbnail","6":"product_brand-aden-cosmetics","7":"product_cat-huby-madlen","8":"product_tag-use-dlya-gub","9":"product_tag-vsi-olivtsi-dlya-gub","10":"product_tag-usi-olivtsi-dlya-gub-aden-cosmetics","11":"desktop-align-left","12":"tablet-align-left","13":"mobile-align-left","15":"first","16":"instock","17":"shipping-taxable","18":"purchasable","19":"product-type-simple"},"yoast_head":"<!-- This site is optimized with the Yoast SEO plugin v25.6 - https:\/\/yoast.com\/wordpress\/plugins\/seo\/ -->\n<title>Aden Cosmetics \u041e\u043b\u0456\u0432\u0435\u0446\u044c \u0434\u043b\u044f \u0433\u0443\u0431 22 Corset \u043e\u043f\u0442\u043e\u043c \u0442\u0430 \u0432 \u0440\u043e\u0437\u0434\u0440\u0456\u0431<\/title>\n<meta name=\"description\" content=\"Aden Cosmetics 22 Corset \u041e\u043b\u0456\u0432\u0435\u0446\u044c \u0434\u043b\u044f \u0433\u0443\u0431 Lipliner Pencil \u043f\u0440\u043e\u0434\u0430\u0454\u0442\u044c\u0441\u044f \u043e\u043f\u0442\u043e\u043c \u0442\u0430 \u0432 \u0440\u043e\u0437\u0434\u0440\u0456\u0431. \u041d\u0430\u0439\u043d\u0438\u0436\u0447\u0456 \u0446\u0456\u043d\u0438. \u0412\u0435\u043b\u0438\u043a\u0438\u0439 \u0430\u0441\u043e\u0440\u0442\u0438\u043c\u0435\u043d\u0442\u0438 \u043a\u043e\u0441\u043c\u0435\u0442\u0438\u043a\u0438. \u0428\u0432\u0438\u0434\u043a\u0430 \u0434\u043e\u0441\u0442\u0430\u0432\u043a\u0430.\" \/>\n<meta name=\"robots\" content=\"index, follow, max-snippet:-1, max-image-preview:large, max-video-preview:-1\" \/>\n<link rel=\"canonical\" href=\"https:\/\/madlenmakeup.com.ua\/pl\/produkt\/aden-cosmetics-olivets-dlya-gub-22-corset-lipliner-pencil-2\/\" \/>\n<meta property=\"og:locale\" content=\"pl_PL\" \/>\n<meta property=\"og:type\" content=\"article\" \/>\n<meta property=\"og:title\" content=\"Aden Cosmetics \u041e\u043b\u0456\u0432\u0435\u0446\u044c \u0434\u043b\u044f \u0433\u0443\u0431 22 Corset \u043e\u043f\u0442\u043e\u043c \u0442\u0430 \u0432 \u0440\u043e\u0437\u0434\u0440\u0456\u0431\" \/>\n<meta property=\"og:description\" content=\"Aden Cosmetics 22 Corset \u041e\u043b\u0456\u0432\u0435\u0446\u044c \u0434\u043b\u044f \u0433\u0443\u0431 Lipliner Pencil \u043f\u0440\u043e\u0434\u0430\u0454\u0442\u044c\u0441\u044f \u043e\u043f\u0442\u043e\u043c \u0442\u0430 \u0432 \u0440\u043e\u0437\u0434\u0440\u0456\u0431. \u041d\u0430\u0439\u043d\u0438\u0436\u0447\u0456 \u0446\u0456\u043d\u0438. \u0412\u0435\u043b\u0438\u043a\u0438\u0439 \u0430\u0441\u043e\u0440\u0442\u0438\u043c\u0435\u043d\u0442\u0438 \u043a\u043e\u0441\u043c\u0435\u0442\u0438\u043a\u0438. \u0428\u0432\u0438\u0434\u043a\u0430 \u0434\u043e\u0441\u0442\u0430\u0432\u043a\u0430.\" \/>\n<meta property=\"og:url\" content=\"https:\/\/madlenmakeup.com.ua\/pl\/produkt\/aden-cosmetics-olivets-dlya-gub-22-corset-lipliner-pencil-2\/\" \/>\n<meta property=\"og:site_name\" content=\"Madlen Cosmetics\" \/>\n<meta property=\"article:modified_time\" content=\"2025-10-09T14:01:37+00:00\" \/>\n<meta property=\"og:image\" content=\"https:\/\/madlenmakeup.com.ua\/wp-content\/uploads\/2024\/10\/aden_lipliner_pencil_22_corset.webp\" \/>\n\t<meta property=\"og:image:width\" content=\"300\" \/>\n\t<meta property=\"og:image:height\" content=\"300\" \/>\n\t<meta property=\"og:image:type\" content=\"image\/webp\" \/>\n<meta name=\"twitter:card\" content=\"summary_large_image\" \/>\n<meta name=\"twitter:label1\" content=\"Szacowany czas czytania\" \/>\n\t<meta name=\"twitter:data1\" content=\"2 minuty\" \/>\n<script type=\"application\/ld+json\" class=\"yoast-schema-graph\">{\"@context\":\"https:\/\/schema.org\",\"@graph\":[{\"@type\":\"WebPage\",\"@id\":\"https:\/\/madlenmakeup.com.ua\/product\/aden-cosmetics-olivets-dlya-gub-22-corset-lipliner-pencil-2\/\",\"url\":\"https:\/\/madlenmakeup.com.ua\/product\/aden-cosmetics-olivets-dlya-gub-22-corset-lipliner-pencil-2\/\",\"name\":\"Aden Cosmetics \u041e\u043b\u0456\u0432\u0435\u0446\u044c \u0434\u043b\u044f \u0433\u0443\u0431 22 Corset \u043e\u043f\u0442\u043e\u043c \u0442\u0430 \u0432 \u0440\u043e\u0437\u0434\u0440\u0456\u0431\",\"isPartOf\":{\"@id\":\"https:\/\/madlenmakeup.com.ua\/#website\"},\"primaryImageOfPage\":{\"@id\":\"https:\/\/madlenmakeup.com.ua\/product\/aden-cosmetics-olivets-dlya-gub-22-corset-lipliner-pencil-2\/#primaryimage\"},\"image\":{\"@id\":\"https:\/\/madlenmakeup.com.ua\/product\/aden-cosmetics-olivets-dlya-gub-22-corset-lipliner-pencil-2\/#primaryimage\"},\"thumbnailUrl\":\"https:\/\/madlenmakeup.com.ua\/wp-content\/uploads\/2024\/10\/aden_lipliner_pencil_22_corset.webp\",\"datePublished\":\"2024-10-17T20:04:22+00:00\",\"dateModified\":\"2025-10-09T14:01:37+00:00\",\"description\":\"Aden Cosmetics 22 Corset \u041e\u043b\u0456\u0432\u0435\u0446\u044c \u0434\u043b\u044f \u0433\u0443\u0431 Lipliner Pencil \u043f\u0440\u043e\u0434\u0430\u0454\u0442\u044c\u0441\u044f \u043e\u043f\u0442\u043e\u043c \u0442\u0430 \u0432 \u0440\u043e\u0437\u0434\u0440\u0456\u0431. \u041d\u0430\u0439\u043d\u0438\u0436\u0447\u0456 \u0446\u0456\u043d\u0438. \u0412\u0435\u043b\u0438\u043a\u0438\u0439 \u0430\u0441\u043e\u0440\u0442\u0438\u043c\u0435\u043d\u0442\u0438 \u043a\u043e\u0441\u043c\u0435\u0442\u0438\u043a\u0438. \u0428\u0432\u0438\u0434\u043a\u0430 \u0434\u043e\u0441\u0442\u0430\u0432\u043a\u0430.\",\"breadcrumb\":{\"@id\":\"https:\/\/madlenmakeup.com.ua\/product\/aden-cosmetics-olivets-dlya-gub-22-corset-lipliner-pencil-2\/#breadcrumb\"},\"inLanguage\":\"pl-PL\",\"potentialAction\":[{\"@type\":\"ReadAction\",\"target\":[\"https:\/\/madlenmakeup.com.ua\/product\/aden-cosmetics-olivets-dlya-gub-22-corset-lipliner-pencil-2\/\"]}]},{\"@type\":\"ImageObject\",\"inLanguage\":\"pl-PL\",\"@id\":\"https:\/\/madlenmakeup.com.ua\/product\/aden-cosmetics-olivets-dlya-gub-22-corset-lipliner-pencil-2\/#primaryimage\",\"url\":\"https:\/\/madlenmakeup.com.ua\/wp-content\/uploads\/2024\/10\/aden_lipliner_pencil_22_corset.webp\",\"contentUrl\":\"https:\/\/madlenmakeup.com.ua\/wp-content\/uploads\/2024\/10\/aden_lipliner_pencil_22_corset.webp\",\"width\":300,\"height\":300,\"caption\":\"aden_lipliner_pencil_22_corset\"},{\"@type\":\"BreadcrumbList\",\"@id\":\"https:\/\/madlenmakeup.com.ua\/product\/aden-cosmetics-olivets-dlya-gub-22-corset-lipliner-pencil-2\/#breadcrumb\",\"itemListElement\":[{\"@type\":\"ListItem\",\"position\":1,\"name\":\"\u0413\u043e\u043b\u043e\u0432\u043d\u0430\",\"item\":\"https:\/\/madlenmakeup.com.ua\/\"},{\"@type\":\"ListItem\",\"position\":2,\"name\":\"\u041c\u0430\u0433\u0430\u0437\u0438\u043d\",\"item\":\"https:\/\/madlenmakeup.com.ua\/shop\/\"},{\"@type\":\"ListItem\",\"position\":3,\"name\":\"Aden Cosmetics \u041e\u043b\u0456\u0432\u0435\u0446\u044c \u0434\u043b\u044f \u0433\u0443\u0431 (22\/Corset) Lipliner Pencil\"}]},{\"@type\":\"WebSite\",\"@id\":\"https:\/\/madlenmakeup.com.ua\/#website\",\"url\":\"https:\/\/madlenmakeup.com.ua\/\",\"name\":\"Madlen Cosmetics\",\"description\":\"\u041c\u0430\u0433\u0430\u0437\u0438\u043d \u043f\u0440\u043e\u0444\u0435\u0441\u0456\u0439\u043d\u043e\u0457 \u043a\u043e\u0441\u043c\u0435\u0442\u0438\u043a\u0438\",\"publisher\":{\"@id\":\"https:\/\/madlenmakeup.com.ua\/#\/schema\/person\/49cd71213b472a6db978257e4616a5de\"},\"potentialAction\":[{\"@type\":\"SearchAction\",\"target\":{\"@type\":\"EntryPoint\",\"urlTemplate\":\"https:\/\/madlenmakeup.com.ua\/?s={search_term_string}\"},\"query-input\":{\"@type\":\"PropertyValueSpecification\",\"valueRequired\":true,\"valueName\":\"search_term_string\"}}],\"inLanguage\":\"pl-PL\"},{\"@type\":[\"Person\",\"Organization\"],\"@id\":\"https:\/\/madlenmakeup.com.ua\/#\/schema\/person\/49cd71213b472a6db978257e4616a5de\",\"name\":\"madlenmakeup\",\"image\":{\"@type\":\"ImageObject\",\"inLanguage\":\"pl-PL\",\"@id\":\"https:\/\/madlenmakeup.com.ua\/#\/schema\/person\/image\/\",\"url\":\"https:\/\/madlenmakeup.com.ua\/wp-content\/uploads\/2023\/04\/cropped-cropped-madlen-logo-removebg-preview.png\",\"contentUrl\":\"https:\/\/madlenmakeup.com.ua\/wp-content\/uploads\/2023\/04\/cropped-cropped-madlen-logo-removebg-preview.png\",\"width\":296,\"height\":70,\"caption\":\"madlenmakeup\"},\"logo\":{\"@id\":\"https:\/\/madlenmakeup.com.ua\/#\/schema\/person\/image\/\"},\"sameAs\":[\"http:\/\/madlenmakeup.com.ua\"]}]}<\/script>\n<!-- \/ Yoast SEO plugin. -->","yoast_head_json":{"title":"Aden Cosmetics \u041e\u043b\u0456\u0432\u0435\u0446\u044c \u0434\u043b\u044f \u0433\u0443\u0431 22 Corset \u043e\u043f\u0442\u043e\u043c \u0442\u0430 \u0432 \u0440\u043e\u0437\u0434\u0440\u0456\u0431","description":"Aden Cosmetics 22 Corset \u041e\u043b\u0456\u0432\u0435\u0446\u044c \u0434\u043b\u044f \u0433\u0443\u0431 Lipliner Pencil \u043f\u0440\u043e\u0434\u0430\u0454\u0442\u044c\u0441\u044f \u043e\u043f\u0442\u043e\u043c \u0442\u0430 \u0432 \u0440\u043e\u0437\u0434\u0440\u0456\u0431. \u041d\u0430\u0439\u043d\u0438\u0436\u0447\u0456 \u0446\u0456\u043d\u0438. \u0412\u0435\u043b\u0438\u043a\u0438\u0439 \u0430\u0441\u043e\u0440\u0442\u0438\u043c\u0435\u043d\u0442\u0438 \u043a\u043e\u0441\u043c\u0435\u0442\u0438\u043a\u0438. \u0428\u0432\u0438\u0434\u043a\u0430 \u0434\u043e\u0441\u0442\u0430\u0432\u043a\u0430.","robots":{"index":"index","follow":"follow","max-snippet":"max-snippet:-1","max-image-preview":"max-image-preview:large","max-video-preview":"max-video-preview:-1"},"canonical":"https:\/\/madlenmakeup.com.ua\/pl\/produkt\/aden-cosmetics-olivets-dlya-gub-22-corset-lipliner-pencil-2\/","og_locale":"pl_PL","og_type":"article","og_title":"Aden Cosmetics \u041e\u043b\u0456\u0432\u0435\u0446\u044c \u0434\u043b\u044f \u0433\u0443\u0431 22 Corset \u043e\u043f\u0442\u043e\u043c \u0442\u0430 \u0432 \u0440\u043e\u0437\u0434\u0440\u0456\u0431","og_description":"Aden Cosmetics 22 Corset \u041e\u043b\u0456\u0432\u0435\u0446\u044c \u0434\u043b\u044f \u0433\u0443\u0431 Lipliner Pencil \u043f\u0440\u043e\u0434\u0430\u0454\u0442\u044c\u0441\u044f \u043e\u043f\u0442\u043e\u043c \u0442\u0430 \u0432 \u0440\u043e\u0437\u0434\u0440\u0456\u0431. \u041d\u0430\u0439\u043d\u0438\u0436\u0447\u0456 \u0446\u0456\u043d\u0438. \u0412\u0435\u043b\u0438\u043a\u0438\u0439 \u0430\u0441\u043e\u0440\u0442\u0438\u043c\u0435\u043d\u0442\u0438 \u043a\u043e\u0441\u043c\u0435\u0442\u0438\u043a\u0438. \u0428\u0432\u0438\u0434\u043a\u0430 \u0434\u043e\u0441\u0442\u0430\u0432\u043a\u0430.","og_url":"https:\/\/madlenmakeup.com.ua\/pl\/produkt\/aden-cosmetics-olivets-dlya-gub-22-corset-lipliner-pencil-2\/","og_site_name":"Madlen Cosmetics","article_modified_time":"2025-10-09T14:01:37+00:00","og_image":[{"width":300,"height":300,"url":"https:\/\/madlenmakeup.com.ua\/wp-content\/uploads\/2024\/10\/aden_lipliner_pencil_22_corset.webp","type":"image\/webp"}],"twitter_card":"summary_large_image","twitter_misc":{"Szacowany czas czytania":"2 minuty"},"schema":{"@context":"https:\/\/schema.org","@graph":[{"@type":"WebPage","@id":"https:\/\/madlenmakeup.com.ua\/product\/aden-cosmetics-olivets-dlya-gub-22-corset-lipliner-pencil-2\/","url":"https:\/\/madlenmakeup.com.ua\/product\/aden-cosmetics-olivets-dlya-gub-22-corset-lipliner-pencil-2\/","name":"Aden Cosmetics \u041e\u043b\u0456\u0432\u0435\u0446\u044c \u0434\u043b\u044f \u0433\u0443\u0431 22 Corset \u043e\u043f\u0442\u043e\u043c \u0442\u0430 \u0432 \u0440\u043e\u0437\u0434\u0440\u0456\u0431","isPartOf":{"@id":"https:\/\/madlenmakeup.com.ua\/#website"},"primaryImageOfPage":{"@id":"https:\/\/madlenmakeup.com.ua\/product\/aden-cosmetics-olivets-dlya-gub-22-corset-lipliner-pencil-2\/#primaryimage"},"image":{"@id":"https:\/\/madlenmakeup.com.ua\/product\/aden-cosmetics-olivets-dlya-gub-22-corset-lipliner-pencil-2\/#primaryimage"},"thumbnailUrl":"https:\/\/madlenmakeup.com.ua\/wp-content\/uploads\/2024\/10\/aden_lipliner_pencil_22_corset.webp","datePublished":"2024-10-17T20:04:22+00:00","dateModified":"2025-10-09T14:01:37+00:00","description":"Aden Cosmetics 22 Corset \u041e\u043b\u0456\u0432\u0435\u0446\u044c \u0434\u043b\u044f \u0433\u0443\u0431 Lipliner Pencil \u043f\u0440\u043e\u0434\u0430\u0454\u0442\u044c\u0441\u044f \u043e\u043f\u0442\u043e\u043c \u0442\u0430 \u0432 \u0440\u043e\u0437\u0434\u0440\u0456\u0431. \u041d\u0430\u0439\u043d\u0438\u0436\u0447\u0456 \u0446\u0456\u043d\u0438. \u0412\u0435\u043b\u0438\u043a\u0438\u0439 \u0430\u0441\u043e\u0440\u0442\u0438\u043c\u0435\u043d\u0442\u0438 \u043a\u043e\u0441\u043c\u0435\u0442\u0438\u043a\u0438. \u0428\u0432\u0438\u0434\u043a\u0430 \u0434\u043e\u0441\u0442\u0430\u0432\u043a\u0430.","breadcrumb":{"@id":"https:\/\/madlenmakeup.com.ua\/product\/aden-cosmetics-olivets-dlya-gub-22-corset-lipliner-pencil-2\/#breadcrumb"},"inLanguage":"pl-PL","potentialAction":[{"@type":"ReadAction","target":["https:\/\/madlenmakeup.com.ua\/product\/aden-cosmetics-olivets-dlya-gub-22-corset-lipliner-pencil-2\/"]}]},{"@type":"ImageObject","inLanguage":"pl-PL","@id":"https:\/\/madlenmakeup.com.ua\/product\/aden-cosmetics-olivets-dlya-gub-22-corset-lipliner-pencil-2\/#primaryimage","url":"https:\/\/madlenmakeup.com.ua\/wp-content\/uploads\/2024\/10\/aden_lipliner_pencil_22_corset.webp","contentUrl":"https:\/\/madlenmakeup.com.ua\/wp-content\/uploads\/2024\/10\/aden_lipliner_pencil_22_corset.webp","width":300,"height":300,"caption":"aden_lipliner_pencil_22_corset"},{"@type":"BreadcrumbList","@id":"https:\/\/madlenmakeup.com.ua\/product\/aden-cosmetics-olivets-dlya-gub-22-corset-lipliner-pencil-2\/#breadcrumb","itemListElement":[{"@type":"ListItem","position":1,"name":"\u0413\u043e\u043b\u043e\u0432\u043d\u0430","item":"https:\/\/madlenmakeup.com.ua\/"},{"@type":"ListItem","position":2,"name":"\u041c\u0430\u0433\u0430\u0437\u0438\u043d","item":"https:\/\/madlenmakeup.com.ua\/shop\/"},{"@type":"ListItem","position":3,"name":"Aden Cosmetics \u041e\u043b\u0456\u0432\u0435\u0446\u044c \u0434\u043b\u044f \u0433\u0443\u0431 (22\/Corset) Lipliner Pencil"}]},{"@type":"WebSite","@id":"https:\/\/madlenmakeup.com.ua\/#website","url":"https:\/\/madlenmakeup.com.ua\/","name":"Madlen Cosmetics","description":"\u041c\u0430\u0433\u0430\u0437\u0438\u043d \u043f\u0440\u043e\u0444\u0435\u0441\u0456\u0439\u043d\u043e\u0457 \u043a\u043e\u0441\u043c\u0435\u0442\u0438\u043a\u0438","publisher":{"@id":"https:\/\/madlenmakeup.com.ua\/#\/schema\/person\/49cd71213b472a6db978257e4616a5de"},"potentialAction":[{"@type":"SearchAction","target":{"@type":"EntryPoint","urlTemplate":"https:\/\/madlenmakeup.com.ua\/?s={search_term_string}"},"query-input":{"@type":"PropertyValueSpecification","valueRequired":true,"valueName":"search_term_string"}}],"inLanguage":"pl-PL"},{"@type":["Person","Organization"],"@id":"https:\/\/madlenmakeup.com.ua\/#\/schema\/person\/49cd71213b472a6db978257e4616a5de","name":"madlenmakeup","image":{"@type":"ImageObject","inLanguage":"pl-PL","@id":"https:\/\/madlenmakeup.com.ua\/#\/schema\/person\/image\/","url":"https:\/\/madlenmakeup.com.ua\/wp-content\/uploads\/2023\/04\/cropped-cropped-madlen-logo-removebg-preview.png","contentUrl":"https:\/\/madlenmakeup.com.ua\/wp-content\/uploads\/2023\/04\/cropped-cropped-madlen-logo-removebg-preview.png","width":296,"height":70,"caption":"madlenmakeup"},"logo":{"@id":"https:\/\/madlenmakeup.com.ua\/#\/schema\/person\/image\/"},"sameAs":["http:\/\/madlenmakeup.com.ua"]}]}},"_links":{"self":[{"href":"https:\/\/madlenmakeup.com.ua\/pl\/wp-json\/wp\/v2\/product\/7539","targetHints":{"allow":["GET"]}}],"collection":[{"href":"https:\/\/madlenmakeup.com.ua\/pl\/wp-json\/wp\/v2\/product"}],"about":[{"href":"https:\/\/madlenmakeup.com.ua\/pl\/wp-json\/wp\/v2\/types\/product"}],"replies":[{"embeddable":true,"href":"https:\/\/madlenmakeup.com.ua\/pl\/wp-json\/wp\/v2\/comments?post=7539"}],"version-history":[{"count":4,"href":"https:\/\/madlenmakeup.com.ua\/pl\/wp-json\/wp\/v2\/product\/7539\/revisions"}],"predecessor-version":[{"id":8317,"href":"https:\/\/madlenmakeup.com.ua\/pl\/wp-json\/wp\/v2\/product\/7539\/revisions\/8317"}],"wp:featuredmedia":[{"embeddable":true,"href":"https:\/\/madlenmakeup.com.ua\/pl\/wp-json\/wp\/v2\/media\/7515"}],"wp:attachment":[{"href":"https:\/\/madlenmakeup.com.ua\/pl\/wp-json\/wp\/v2\/media?parent=7539"}],"wp:term":[{"taxonomy":"product_cat","embeddable":true,"href":"https:\/\/madlenmakeup.com.ua\/pl\/wp-json\/wp\/v2\/product_cat?post=7539"},{"taxonomy":"product_tag","embeddable":true,"href":"https:\/\/madlenmakeup.com.ua\/pl\/wp-json\/wp\/v2\/product_tag?post=7539"}],"curies":[{"name":"wp","href":"https:\/\/api.w.org\/{rel}","templated":true}]}}