{"id":7858,"date":"2025-09-04T21:12:12","date_gmt":"2025-09-04T18:12:12","guid":{"rendered":"https:\/\/madlenmakeup.com.ua\/?post_type=product&#038;p=7858"},"modified":"2025-09-04T21:35:25","modified_gmt":"2025-09-04T18:35:25","slug":"sponzh-dlya-makiyazhu-la-rosa-spn-553","status":"publish","type":"product","link":"https:\/\/madlenmakeup.com.ua\/pl\/produkt\/sponzh-dlya-makiyazhu-la-rosa-spn-553\/","title":{"rendered":"G\u0105bka do makija\u017cu La Rosa SPN-553"},"content":{"rendered":"<p>Oryginalna g\u0105bka La Rosa b\u0119dzie Twoim idealnym narz\u0119dziem, kt\u00f3re pomo\u017ce Ci stworzy\u0107 idealny makija\u017c. Ten niesamowity kosmetyk pozwala na nak\u0142adanie kosmetyk\u00f3w o r\u00f3\u017cnych konsystencjach i nasyceniach.<br \/>\nUnikalny kszta\u0142t akcesorium pozwala na \u0142atw\u0105 i precyzyjn\u0105 aplikacj\u0119 podk\u0142adu, rozcieranie go, tworz\u0105c r\u00f3wnomiern\u0105 pow\u0142ok\u0119 bez ostrych przej\u015b\u0107. G\u0105bka wykonana jest z g\u0119stego materia\u0142u hipoalergicznego, bezpiecznego dla sk\u00f3ry, kt\u00f3ry nie powoduje zaczerwienie\u0144 ani podra\u017cnie\u0144. Produkt nie wymaga specjalnej piel\u0119gnacji, jest \u0142atwy do mycia i czyszczenia.<\/p>\n<p><strong>Cechy g\u0105bki La Rosa:<\/strong><\/p>\n<p>\u2013 ma jaskrawe odcienie;<br \/>\n\u2013 wykonany w 100% z poliuretanu wolnego od lateksu;<br \/>\n\u2013 nadaje si\u0119 do u\u017cytku domowego i profesjonalnego;<br \/>\n\u2013 umo\u017cliwia prac\u0119 na sucho i mokro;<br \/>\n\u2013 w warunkach wilgotnych wzrasta dwukrotnie;<br \/>\n\u2013 elastyczna i mi\u0119kka struktura akcesorium nie podra\u017cnia sk\u00f3ry;<br \/>\n\u2013 \u0142atwe do czyszczenia z pozosta\u0142o\u015bci wyrob\u00f3w dekoracyjnych;<br \/>\n\u2013 nieograniczony okres u\u017cytkowania.<\/p>\n<p><strong>Metoda aplikacji.<\/strong> <br \/>\nNa\u0142\u00f3\u017c niewielk\u0105 ilo\u015b\u0107 podk\u0142adu na g\u0105bk\u0119. Nast\u0119pnie, u\u017cywaj\u0105c tylko lekkich dotkni\u0119\u0107, pokryj sk\u00f3r\u0119 produktem w liniach masa\u017cu. Je\u015bli wyst\u0119puj\u0105 ostre przej\u015bcia kolor\u00f3w, wyg\u0142ad\u017a je g\u0105bk\u0105.<\/p>","protected":false},"excerpt":{"rendered":"<p>\u041e\u0440\u0438\u0433\u0456\u043d\u0430\u043b\u044c\u043d\u0438\u0439 \u0441\u043f\u043e\u043d\u0436 La Rosa \u0441\u0442\u0430\u043d\u0435 \u0432\u0430\u0448\u0438\u043c \u0456\u0434\u0435\u0430\u043b\u044c\u043d\u0438\u043c \u0456\u043d\u0441\u0442\u0440\u0443\u043c\u0435\u043d\u0442\u043e\u043c, \u044f\u043a\u0438\u0439 \u0434\u043e\u043f\u043e\u043c\u043e\u0436\u0435 \u0441\u0442\u0432\u043e\u0440\u0438\u0442\u0438 \u0456\u0434\u0435\u0430\u043b\u044c\u043d\u0438\u0439 \u043c\u0430\u043a\u0456\u044f\u0436. \u0414\u0438\u0432\u043e\u0432\u0438\u0436\u043d\u0438\u0439 \u0431&#8217;\u044e\u0442\u0456-\u043f\u0440\u043e\u0434\u0443\u043a\u0442 \u0434\u043e\u0437\u0432\u043e\u043b\u044f\u0454 \u043d\u0430\u043d\u043e\u0441\u0438\u0442\u0438 \u043a\u043e\u0441\u043c\u0435\u0442\u0438\u0447\u043d\u0456 \u0437\u0430\u0441\u043e\u0431\u0438 \u0440\u0456\u0437\u043d\u043e\u0457 \u043a\u043e\u043d\u0441\u0438\u0441\u0442\u0435\u043d\u0446\u0456\u0457 \u0442\u0430 \u043d\u0430\u0441\u0438\u0447\u0435\u043d\u043e\u0441\u0442\u0456. \u0423\u043d\u0456\u043a\u0430\u043b\u044c\u043d\u0430 \u0444\u043e\u0440\u043c\u0430 \u0430\u043a\u0441\u0435\u0441\u0443\u0430\u0440\u0430 \u0434\u043e\u0437\u0432\u043e\u043b\u044f\u0454 \u043b\u0435\u0433\u043a\u043e \u0442\u0430 \u0442\u043e\u0447\u043d\u043e \u043d\u0430\u043d\u043e\u0441\u0438\u0442\u0438 \u0442\u043e\u043d\u0430\u043b\u044c\u043d\u0456 \u0437\u0430\u0441\u043e\u0431\u0438, \u0440\u043e\u0437\u0442\u0443\u0448\u043e\u0432\u0443\u0432\u0430\u0442\u0438 \u0457\u0445, \u0441\u0442\u0432\u043e\u0440\u044e\u044e\u0447\u0438 \u0440\u0456\u0432\u043d\u043e\u043c\u0456\u0440\u043d\u0435 \u043f\u043e\u043a\u0440\u0438\u0442\u0442\u044f \u0431\u0435\u0437 \u0440\u0456\u0437\u043a\u0438\u0445 \u043f\u0435\u0440\u0435\u0445\u043e\u0434\u0456\u0432. \u041f\u0440\u0438 \u0432\u0438\u0433\u043e\u0442\u043e\u0432\u043b\u0435\u043d\u043d\u0456 \u0441\u043f\u043e\u043d\u0436\u0443 \u0432\u0438\u043a\u043e\u0440\u0438\u0441\u0442\u043e\u0432\u0443\u0432\u0430\u0432\u0441\u044f \u0449\u0456\u043b\u044c\u043d\u0438\u0439 \u0433\u0456\u043f\u043e\u0430\u043b\u0435\u0440\u0433\u0435\u043d\u043d\u0438\u0439 \u043c\u0430\u0442\u0435\u0440\u0456\u0430\u043b, \u0431\u0435\u0437\u043f\u0435\u0447\u043d\u0438\u0439 \u0434\u043b\u044f \u0448\u043a\u0456\u0440\u0438, \u0449\u043e \u043d\u0435 \u0432\u0438\u043a\u043b\u0438\u043a\u0430\u0454 \u043f\u043e\u0447\u0435\u0440\u0432\u043e\u043d\u0456\u043d\u043d\u044f &hellip;<\/p>\n<p class=\"read-more\"> <a class=\"\" href=\"https:\/\/madlenmakeup.com.ua\/pl\/produkt\/sponzh-dlya-makiyazhu-la-rosa-spn-553\/\"> <span class=\"screen-reader-text\">G\u0105bka do makija\u017cu La Rosa SPN-553<\/span> Read More &raquo;<\/a><\/p>","protected":false},"featured_media":7859,"comment_status":"open","ping_status":"closed","template":"","meta":{"site-sidebar-layout":"default","site-content-layout":"default","ast-global-header-display":"","ast-main-header-display":"","ast-hfb-above-header-display":"","ast-hfb-below-header-display":"","ast-hfb-mobile-header-display":"","site-post-title":"","ast-breadcrumbs-content":"","ast-featured-img":"","footer-sml-layout":"","theme-transparent-header-meta":"default","adv-header-id-meta":"","stick-header-meta":"","header-above-stick-meta":"","header-main-stick-meta":"","header-below-stick-meta":""},"product_cat":[80],"product_tag":[90],"class_list":{"0":"post-7858","1":"product","2":"type-product","3":"status-publish","4":"has-post-thumbnail","6":"product_brand-la-rosa","7":"product_cat-dlya-oblychchya","8":"product_tag-usi-sponzhi-la-rosa","9":"desktop-align-left","10":"tablet-align-left","11":"mobile-align-left","13":"first","14":"instock","15":"sale","16":"shipping-taxable","17":"purchasable","18":"product-type-simple"},"yoast_head":"<!-- This site is optimized with the Yoast SEO plugin v25.6 - https:\/\/yoast.com\/wordpress\/plugins\/seo\/ -->\n<title>\u0421\u043f\u043e\u043d\u0436 \u0434\u043b\u044f \u043c\u0430\u043a\u0456\u044f\u0436\u0443 La Rosa SPN- 553 - Madlen Cosmetics<\/title>\n<meta name=\"description\" content=\"\u041e\u0440\u0438\u0433\u0456\u043d\u0430\u043b\u044c\u043d\u0438\u0439 \u0441\u043f\u043e\u043d\u0436 La Rosa SPN-553 \u0441\u0442\u0430\u043d\u0435 \u0432\u0430\u0448\u0438\u043c \u0456\u0434\u0435\u0430\u043b\u044c\u043d\u0438\u043c \u0456\u043d\u0441\u0442\u0440\u0443\u043c\u0435\u043d\u0442\u043e\u043c, \u044f\u043a\u0438\u0439 \u0434\u043e\u043f\u043e\u043c\u043e\u0436\u0435 \u0441\u0442\u0432\u043e\u0440\u0438\u0442\u0438 \u0456\u0434\u0435\u0430\u043b\u044c\u043d\u0438\u0439 \u043c\u0430\u043a\u0456\u044f\u0436. \u0404 \u043e\u043f\u0442. \u041d\u0438\u0437\u044c\u043a\u0456 \u0446\u0456\u043d\u0438.\" \/>\n<meta name=\"robots\" content=\"index, follow, max-snippet:-1, max-image-preview:large, max-video-preview:-1\" \/>\n<link rel=\"canonical\" href=\"https:\/\/madlenmakeup.com.ua\/pl\/produkt\/sponzh-dlya-makiyazhu-la-rosa-spn-553\/\" \/>\n<meta property=\"og:locale\" content=\"pl_PL\" \/>\n<meta property=\"og:type\" content=\"article\" \/>\n<meta property=\"og:title\" content=\"\u0421\u043f\u043e\u043d\u0436 \u0434\u043b\u044f \u043c\u0430\u043a\u0456\u044f\u0436\u0443 La Rosa SPN- 553 - Madlen Cosmetics\" \/>\n<meta property=\"og:description\" content=\"\u041e\u0440\u0438\u0433\u0456\u043d\u0430\u043b\u044c\u043d\u0438\u0439 \u0441\u043f\u043e\u043d\u0436 La Rosa SPN-553 \u0441\u0442\u0430\u043d\u0435 \u0432\u0430\u0448\u0438\u043c \u0456\u0434\u0435\u0430\u043b\u044c\u043d\u0438\u043c \u0456\u043d\u0441\u0442\u0440\u0443\u043c\u0435\u043d\u0442\u043e\u043c, \u044f\u043a\u0438\u0439 \u0434\u043e\u043f\u043e\u043c\u043e\u0436\u0435 \u0441\u0442\u0432\u043e\u0440\u0438\u0442\u0438 \u0456\u0434\u0435\u0430\u043b\u044c\u043d\u0438\u0439 \u043c\u0430\u043a\u0456\u044f\u0436. \u0404 \u043e\u043f\u0442. \u041d\u0438\u0437\u044c\u043a\u0456 \u0446\u0456\u043d\u0438.\" \/>\n<meta property=\"og:url\" content=\"https:\/\/madlenmakeup.com.ua\/pl\/produkt\/sponzh-dlya-makiyazhu-la-rosa-spn-553\/\" \/>\n<meta property=\"og:site_name\" content=\"Madlen Cosmetics\" \/>\n<meta property=\"article:modified_time\" content=\"2025-09-04T18:35:25+00:00\" \/>\n<meta property=\"og:image\" content=\"https:\/\/madlenmakeup.com.ua\/wp-content\/uploads\/2025\/06\/Sponzh-la-rosa-553.jpg\" \/>\n\t<meta property=\"og:image:width\" content=\"717\" \/>\n\t<meta property=\"og:image:height\" content=\"566\" \/>\n\t<meta property=\"og:image:type\" content=\"image\/jpeg\" \/>\n<meta name=\"twitter:card\" content=\"summary_large_image\" \/>\n<meta name=\"twitter:label1\" content=\"Szacowany czas czytania\" \/>\n\t<meta name=\"twitter:data1\" content=\"1 minuta\" \/>\n<script type=\"application\/ld+json\" class=\"yoast-schema-graph\">{\"@context\":\"https:\/\/schema.org\",\"@graph\":[{\"@type\":\"WebPage\",\"@id\":\"https:\/\/madlenmakeup.com.ua\/product\/sponzh-dlya-makiyazhu-la-rosa-spn-553\/\",\"url\":\"https:\/\/madlenmakeup.com.ua\/product\/sponzh-dlya-makiyazhu-la-rosa-spn-553\/\",\"name\":\"\u0421\u043f\u043e\u043d\u0436 \u0434\u043b\u044f \u043c\u0430\u043a\u0456\u044f\u0436\u0443 La Rosa SPN- 553 - Madlen Cosmetics\",\"isPartOf\":{\"@id\":\"https:\/\/madlenmakeup.com.ua\/#website\"},\"primaryImageOfPage\":{\"@id\":\"https:\/\/madlenmakeup.com.ua\/product\/sponzh-dlya-makiyazhu-la-rosa-spn-553\/#primaryimage\"},\"image\":{\"@id\":\"https:\/\/madlenmakeup.com.ua\/product\/sponzh-dlya-makiyazhu-la-rosa-spn-553\/#primaryimage\"},\"thumbnailUrl\":\"https:\/\/madlenmakeup.com.ua\/wp-content\/uploads\/2025\/06\/Sponzh-la-rosa-553.jpg\",\"datePublished\":\"2025-09-04T18:12:12+00:00\",\"dateModified\":\"2025-09-04T18:35:25+00:00\",\"description\":\"\u041e\u0440\u0438\u0433\u0456\u043d\u0430\u043b\u044c\u043d\u0438\u0439 \u0441\u043f\u043e\u043d\u0436 La Rosa SPN-553 \u0441\u0442\u0430\u043d\u0435 \u0432\u0430\u0448\u0438\u043c \u0456\u0434\u0435\u0430\u043b\u044c\u043d\u0438\u043c \u0456\u043d\u0441\u0442\u0440\u0443\u043c\u0435\u043d\u0442\u043e\u043c, \u044f\u043a\u0438\u0439 \u0434\u043e\u043f\u043e\u043c\u043e\u0436\u0435 \u0441\u0442\u0432\u043e\u0440\u0438\u0442\u0438 \u0456\u0434\u0435\u0430\u043b\u044c\u043d\u0438\u0439 \u043c\u0430\u043a\u0456\u044f\u0436. \u0404 \u043e\u043f\u0442. \u041d\u0438\u0437\u044c\u043a\u0456 \u0446\u0456\u043d\u0438.\",\"breadcrumb\":{\"@id\":\"https:\/\/madlenmakeup.com.ua\/product\/sponzh-dlya-makiyazhu-la-rosa-spn-553\/#breadcrumb\"},\"inLanguage\":\"pl-PL\",\"potentialAction\":[{\"@type\":\"ReadAction\",\"target\":[\"https:\/\/madlenmakeup.com.ua\/product\/sponzh-dlya-makiyazhu-la-rosa-spn-553\/\"]}]},{\"@type\":\"ImageObject\",\"inLanguage\":\"pl-PL\",\"@id\":\"https:\/\/madlenmakeup.com.ua\/product\/sponzh-dlya-makiyazhu-la-rosa-spn-553\/#primaryimage\",\"url\":\"https:\/\/madlenmakeup.com.ua\/wp-content\/uploads\/2025\/06\/Sponzh-la-rosa-553.jpg\",\"contentUrl\":\"https:\/\/madlenmakeup.com.ua\/wp-content\/uploads\/2025\/06\/Sponzh-la-rosa-553.jpg\",\"width\":717,\"height\":566,\"caption\":\"Sponzh-la-rosa-553\"},{\"@type\":\"BreadcrumbList\",\"@id\":\"https:\/\/madlenmakeup.com.ua\/product\/sponzh-dlya-makiyazhu-la-rosa-spn-553\/#breadcrumb\",\"itemListElement\":[{\"@type\":\"ListItem\",\"position\":1,\"name\":\"\u0413\u043e\u043b\u043e\u0432\u043d\u0430\",\"item\":\"https:\/\/madlenmakeup.com.ua\/\"},{\"@type\":\"ListItem\",\"position\":2,\"name\":\"\u041c\u0430\u0433\u0430\u0437\u0438\u043d\",\"item\":\"https:\/\/madlenmakeup.com.ua\/shop\/\"},{\"@type\":\"ListItem\",\"position\":3,\"name\":\"\u0421\u043f\u043e\u043d\u0436 \u0434\u043b\u044f \u043c\u0430\u043a\u0456\u044f\u0436\u0443 La Rosa SPN- 553\"}]},{\"@type\":\"WebSite\",\"@id\":\"https:\/\/madlenmakeup.com.ua\/#website\",\"url\":\"https:\/\/madlenmakeup.com.ua\/\",\"name\":\"Madlen Cosmetics\",\"description\":\"\u041c\u0430\u0433\u0430\u0437\u0438\u043d \u043f\u0440\u043e\u0444\u0435\u0441\u0456\u0439\u043d\u043e\u0457 \u043a\u043e\u0441\u043c\u0435\u0442\u0438\u043a\u0438\",\"publisher\":{\"@id\":\"https:\/\/madlenmakeup.com.ua\/#\/schema\/person\/49cd71213b472a6db978257e4616a5de\"},\"potentialAction\":[{\"@type\":\"SearchAction\",\"target\":{\"@type\":\"EntryPoint\",\"urlTemplate\":\"https:\/\/madlenmakeup.com.ua\/?s={search_term_string}\"},\"query-input\":{\"@type\":\"PropertyValueSpecification\",\"valueRequired\":true,\"valueName\":\"search_term_string\"}}],\"inLanguage\":\"pl-PL\"},{\"@type\":[\"Person\",\"Organization\"],\"@id\":\"https:\/\/madlenmakeup.com.ua\/#\/schema\/person\/49cd71213b472a6db978257e4616a5de\",\"name\":\"madlenmakeup\",\"image\":{\"@type\":\"ImageObject\",\"inLanguage\":\"pl-PL\",\"@id\":\"https:\/\/madlenmakeup.com.ua\/#\/schema\/person\/image\/\",\"url\":\"https:\/\/madlenmakeup.com.ua\/wp-content\/uploads\/2023\/04\/cropped-cropped-madlen-logo-removebg-preview.png\",\"contentUrl\":\"https:\/\/madlenmakeup.com.ua\/wp-content\/uploads\/2023\/04\/cropped-cropped-madlen-logo-removebg-preview.png\",\"width\":296,\"height\":70,\"caption\":\"madlenmakeup\"},\"logo\":{\"@id\":\"https:\/\/madlenmakeup.com.ua\/#\/schema\/person\/image\/\"},\"sameAs\":[\"http:\/\/madlenmakeup.com.ua\"]}]}<\/script>\n<!-- \/ Yoast SEO plugin. -->","yoast_head_json":{"title":"\u0421\u043f\u043e\u043d\u0436 \u0434\u043b\u044f \u043c\u0430\u043a\u0456\u044f\u0436\u0443 La Rosa SPN- 553 - Madlen Cosmetics","description":"\u041e\u0440\u0438\u0433\u0456\u043d\u0430\u043b\u044c\u043d\u0438\u0439 \u0441\u043f\u043e\u043d\u0436 La Rosa SPN-553 \u0441\u0442\u0430\u043d\u0435 \u0432\u0430\u0448\u0438\u043c \u0456\u0434\u0435\u0430\u043b\u044c\u043d\u0438\u043c \u0456\u043d\u0441\u0442\u0440\u0443\u043c\u0435\u043d\u0442\u043e\u043c, \u044f\u043a\u0438\u0439 \u0434\u043e\u043f\u043e\u043c\u043e\u0436\u0435 \u0441\u0442\u0432\u043e\u0440\u0438\u0442\u0438 \u0456\u0434\u0435\u0430\u043b\u044c\u043d\u0438\u0439 \u043c\u0430\u043a\u0456\u044f\u0436. \u0404 \u043e\u043f\u0442. \u041d\u0438\u0437\u044c\u043a\u0456 \u0446\u0456\u043d\u0438.","robots":{"index":"index","follow":"follow","max-snippet":"max-snippet:-1","max-image-preview":"max-image-preview:large","max-video-preview":"max-video-preview:-1"},"canonical":"https:\/\/madlenmakeup.com.ua\/pl\/produkt\/sponzh-dlya-makiyazhu-la-rosa-spn-553\/","og_locale":"pl_PL","og_type":"article","og_title":"\u0421\u043f\u043e\u043d\u0436 \u0434\u043b\u044f \u043c\u0430\u043a\u0456\u044f\u0436\u0443 La Rosa SPN- 553 - Madlen Cosmetics","og_description":"\u041e\u0440\u0438\u0433\u0456\u043d\u0430\u043b\u044c\u043d\u0438\u0439 \u0441\u043f\u043e\u043d\u0436 La Rosa SPN-553 \u0441\u0442\u0430\u043d\u0435 \u0432\u0430\u0448\u0438\u043c \u0456\u0434\u0435\u0430\u043b\u044c\u043d\u0438\u043c \u0456\u043d\u0441\u0442\u0440\u0443\u043c\u0435\u043d\u0442\u043e\u043c, \u044f\u043a\u0438\u0439 \u0434\u043e\u043f\u043e\u043c\u043e\u0436\u0435 \u0441\u0442\u0432\u043e\u0440\u0438\u0442\u0438 \u0456\u0434\u0435\u0430\u043b\u044c\u043d\u0438\u0439 \u043c\u0430\u043a\u0456\u044f\u0436. \u0404 \u043e\u043f\u0442. \u041d\u0438\u0437\u044c\u043a\u0456 \u0446\u0456\u043d\u0438.","og_url":"https:\/\/madlenmakeup.com.ua\/pl\/produkt\/sponzh-dlya-makiyazhu-la-rosa-spn-553\/","og_site_name":"Madlen Cosmetics","article_modified_time":"2025-09-04T18:35:25+00:00","og_image":[{"width":717,"height":566,"url":"https:\/\/madlenmakeup.com.ua\/wp-content\/uploads\/2025\/06\/Sponzh-la-rosa-553.jpg","type":"image\/jpeg"}],"twitter_card":"summary_large_image","twitter_misc":{"Szacowany czas czytania":"1 minuta"},"schema":{"@context":"https:\/\/schema.org","@graph":[{"@type":"WebPage","@id":"https:\/\/madlenmakeup.com.ua\/product\/sponzh-dlya-makiyazhu-la-rosa-spn-553\/","url":"https:\/\/madlenmakeup.com.ua\/product\/sponzh-dlya-makiyazhu-la-rosa-spn-553\/","name":"\u0421\u043f\u043e\u043d\u0436 \u0434\u043b\u044f \u043c\u0430\u043a\u0456\u044f\u0436\u0443 La Rosa SPN- 553 - Madlen Cosmetics","isPartOf":{"@id":"https:\/\/madlenmakeup.com.ua\/#website"},"primaryImageOfPage":{"@id":"https:\/\/madlenmakeup.com.ua\/product\/sponzh-dlya-makiyazhu-la-rosa-spn-553\/#primaryimage"},"image":{"@id":"https:\/\/madlenmakeup.com.ua\/product\/sponzh-dlya-makiyazhu-la-rosa-spn-553\/#primaryimage"},"thumbnailUrl":"https:\/\/madlenmakeup.com.ua\/wp-content\/uploads\/2025\/06\/Sponzh-la-rosa-553.jpg","datePublished":"2025-09-04T18:12:12+00:00","dateModified":"2025-09-04T18:35:25+00:00","description":"\u041e\u0440\u0438\u0433\u0456\u043d\u0430\u043b\u044c\u043d\u0438\u0439 \u0441\u043f\u043e\u043d\u0436 La Rosa SPN-553 \u0441\u0442\u0430\u043d\u0435 \u0432\u0430\u0448\u0438\u043c \u0456\u0434\u0435\u0430\u043b\u044c\u043d\u0438\u043c \u0456\u043d\u0441\u0442\u0440\u0443\u043c\u0435\u043d\u0442\u043e\u043c, \u044f\u043a\u0438\u0439 \u0434\u043e\u043f\u043e\u043c\u043e\u0436\u0435 \u0441\u0442\u0432\u043e\u0440\u0438\u0442\u0438 \u0456\u0434\u0435\u0430\u043b\u044c\u043d\u0438\u0439 \u043c\u0430\u043a\u0456\u044f\u0436. \u0404 \u043e\u043f\u0442. \u041d\u0438\u0437\u044c\u043a\u0456 \u0446\u0456\u043d\u0438.","breadcrumb":{"@id":"https:\/\/madlenmakeup.com.ua\/product\/sponzh-dlya-makiyazhu-la-rosa-spn-553\/#breadcrumb"},"inLanguage":"pl-PL","potentialAction":[{"@type":"ReadAction","target":["https:\/\/madlenmakeup.com.ua\/product\/sponzh-dlya-makiyazhu-la-rosa-spn-553\/"]}]},{"@type":"ImageObject","inLanguage":"pl-PL","@id":"https:\/\/madlenmakeup.com.ua\/product\/sponzh-dlya-makiyazhu-la-rosa-spn-553\/#primaryimage","url":"https:\/\/madlenmakeup.com.ua\/wp-content\/uploads\/2025\/06\/Sponzh-la-rosa-553.jpg","contentUrl":"https:\/\/madlenmakeup.com.ua\/wp-content\/uploads\/2025\/06\/Sponzh-la-rosa-553.jpg","width":717,"height":566,"caption":"Sponzh-la-rosa-553"},{"@type":"BreadcrumbList","@id":"https:\/\/madlenmakeup.com.ua\/product\/sponzh-dlya-makiyazhu-la-rosa-spn-553\/#breadcrumb","itemListElement":[{"@type":"ListItem","position":1,"name":"\u0413\u043e\u043b\u043e\u0432\u043d\u0430","item":"https:\/\/madlenmakeup.com.ua\/"},{"@type":"ListItem","position":2,"name":"\u041c\u0430\u0433\u0430\u0437\u0438\u043d","item":"https:\/\/madlenmakeup.com.ua\/shop\/"},{"@type":"ListItem","position":3,"name":"\u0421\u043f\u043e\u043d\u0436 \u0434\u043b\u044f \u043c\u0430\u043a\u0456\u044f\u0436\u0443 La Rosa SPN- 553"}]},{"@type":"WebSite","@id":"https:\/\/madlenmakeup.com.ua\/#website","url":"https:\/\/madlenmakeup.com.ua\/","name":"Madlen Cosmetics","description":"\u041c\u0430\u0433\u0430\u0437\u0438\u043d \u043f\u0440\u043e\u0444\u0435\u0441\u0456\u0439\u043d\u043e\u0457 \u043a\u043e\u0441\u043c\u0435\u0442\u0438\u043a\u0438","publisher":{"@id":"https:\/\/madlenmakeup.com.ua\/#\/schema\/person\/49cd71213b472a6db978257e4616a5de"},"potentialAction":[{"@type":"SearchAction","target":{"@type":"EntryPoint","urlTemplate":"https:\/\/madlenmakeup.com.ua\/?s={search_term_string}"},"query-input":{"@type":"PropertyValueSpecification","valueRequired":true,"valueName":"search_term_string"}}],"inLanguage":"pl-PL"},{"@type":["Person","Organization"],"@id":"https:\/\/madlenmakeup.com.ua\/#\/schema\/person\/49cd71213b472a6db978257e4616a5de","name":"madlenmakeup","image":{"@type":"ImageObject","inLanguage":"pl-PL","@id":"https:\/\/madlenmakeup.com.ua\/#\/schema\/person\/image\/","url":"https:\/\/madlenmakeup.com.ua\/wp-content\/uploads\/2023\/04\/cropped-cropped-madlen-logo-removebg-preview.png","contentUrl":"https:\/\/madlenmakeup.com.ua\/wp-content\/uploads\/2023\/04\/cropped-cropped-madlen-logo-removebg-preview.png","width":296,"height":70,"caption":"madlenmakeup"},"logo":{"@id":"https:\/\/madlenmakeup.com.ua\/#\/schema\/person\/image\/"},"sameAs":["http:\/\/madlenmakeup.com.ua"]}]}},"_links":{"self":[{"href":"https:\/\/madlenmakeup.com.ua\/pl\/wp-json\/wp\/v2\/product\/7858","targetHints":{"allow":["GET"]}}],"collection":[{"href":"https:\/\/madlenmakeup.com.ua\/pl\/wp-json\/wp\/v2\/product"}],"about":[{"href":"https:\/\/madlenmakeup.com.ua\/pl\/wp-json\/wp\/v2\/types\/product"}],"replies":[{"embeddable":true,"href":"https:\/\/madlenmakeup.com.ua\/pl\/wp-json\/wp\/v2\/comments?post=7858"}],"version-history":[{"count":3,"href":"https:\/\/madlenmakeup.com.ua\/pl\/wp-json\/wp\/v2\/product\/7858\/revisions"}],"predecessor-version":[{"id":8206,"href":"https:\/\/madlenmakeup.com.ua\/pl\/wp-json\/wp\/v2\/product\/7858\/revisions\/8206"}],"wp:featuredmedia":[{"embeddable":true,"href":"https:\/\/madlenmakeup.com.ua\/pl\/wp-json\/wp\/v2\/media\/7859"}],"wp:attachment":[{"href":"https:\/\/madlenmakeup.com.ua\/pl\/wp-json\/wp\/v2\/media?parent=7858"}],"wp:term":[{"taxonomy":"product_cat","embeddable":true,"href":"https:\/\/madlenmakeup.com.ua\/pl\/wp-json\/wp\/v2\/product_cat?post=7858"},{"taxonomy":"product_tag","embeddable":true,"href":"https:\/\/madlenmakeup.com.ua\/pl\/wp-json\/wp\/v2\/product_tag?post=7858"}],"curies":[{"name":"wp","href":"https:\/\/api.w.org\/{rel}","templated":true}]}}