{"id":8089,"date":"2025-07-27T18:34:05","date_gmt":"2025-07-27T15:34:05","guid":{"rendered":"https:\/\/madlenmakeup.com.ua\/?post_type=product&#038;p=8089"},"modified":"2026-02-26T13:19:26","modified_gmt":"2026-02-26T11:19:26","slug":"rebel-kiss-07-ridka-matova-pomada","status":"publish","type":"product","link":"https:\/\/madlenmakeup.com.ua\/pl\/produkt\/rebel-kiss-07-ridka-matova-pomada\/","title":{"rendered":"Rebel Kiss 07 P\u0142ynna matowa szminka"},"content":{"rendered":"<p><strong>Rebel Kiss 07 P\u0142ynna matowa szminka<br \/>\n<\/strong>Rebel Kiss: Twoja paleta na ka\u017cdy nastr\u00f3j i ka\u017cdy look.<br \/>\nZanurz si\u0119 w \u015bwiecie koloru z matowymi pomadkami Rebel Kiss Liquid Matte. Nasza kolekcja 17 wyj\u0105tkowych odcieni, wyprodukowanych we W\u0142oszech, zosta\u0142a zaprojektowana tak, aby pozwoli\u0107 Ci wyrazi\u0107 swoj\u0105 indywidualno\u015b\u0107 i podkre\u015bli\u0107 pi\u0119kno w ka\u017cdej sytuacji.<br \/>\nOd delikatnych odcieni nude po odwa\u017cne, ciemne barwy \u2013 znajdziesz idealny odcie\u0144 na dzie\u0144, wiecz\u00f3r lub specjalne wydarzenie.<br \/>\nKa\u017cdy odcie\u0144 Rebel Kiss zapewnia czyste, nieskazitelne matowe wyko\u0144czenie, kt\u00f3re nie zawiedzie Ci\u0119 przez ca\u0142y dzie\u0144, jednocze\u015bnie piel\u0119gnuj\u0105c Twoje usta i nie powoduj\u0105c ich wysuszenia.<br \/>\nPozw\u00f3l sobie na eksperymenty i zab\u0142y\u015bnij z Rebel Kiss!<\/p>\n<p><strong>Cechy szminki Rebel Kiss:<br \/>\n\u00ab Szeroka paleta 17 odcieni: od klasycznych odcieni nude po jasne i wyraziste.<br \/>\n\u00ab Wyprodukowano we W\u0142oszech: gwarancja jako\u015bci i stylu.<br \/>\n<\/strong><strong>\u00ab Wyra\u017any, nieskazitelny matowy efekt: Bogaty kolor i wizualna obj\u0119to\u015b\u0107 bez rozmazywania.<br \/>\n<\/strong><strong>\u00ab Wszechstronno\u015b\u0107: Odcienie pasuj\u0105ce do ka\u017cdego typu cery i na ka\u017cd\u0105 okazj\u0119.<br \/>\n<\/strong><strong>\u00ab Trwa\u0142o\u015b\u0107 i komfort: Makija\u017c utrzymuje si\u0119 d\u0142ugo i nie jest wyczuwalny na ustach.<br \/>\n<\/strong><\/p>","protected":false},"excerpt":{"rendered":"<p><img loading=\"lazy\" decoding=\"async\" class=\"\" src=\"https:\/\/madlenmakeup.com.ua\/wp-content\/uploads\/2023\/04\/1f1ea-1f1fa.png\" alt=\"\u042d\u043c\u043e\u0434\u0437\u0438 \ud83c\uddea\ud83c\uddfa Apple \u0438 iOS\" width=\"40\" height=\"40\" \/>\u00a0<strong>Europejska jako\u015b\u0107\u00a0<\/strong><img loading=\"lazy\" decoding=\"async\" class=\"\" src=\"https:\/\/madlenmakeup.com.ua\/wp-content\/uploads\/2023\/04\/1f1ea-1f1fa.png\" alt=\"\u042d\u043c\u043e\u0434\u0437\u0438 \ud83c\uddea\ud83c\uddfa Apple \u0438 iOS\" width=\"40\" height=\"40\" \/><\/p>","protected":false},"featured_media":8090,"comment_status":"open","ping_status":"closed","template":"","meta":{"site-sidebar-layout":"default","site-content-layout":"default","ast-global-header-display":"","ast-main-header-display":"","ast-hfb-above-header-display":"","ast-hfb-below-header-display":"","ast-hfb-mobile-header-display":"","site-post-title":"","ast-breadcrumbs-content":"","ast-featured-img":"","footer-sml-layout":"","theme-transparent-header-meta":"default","adv-header-id-meta":"","stick-header-meta":"","header-above-stick-meta":"","header-main-stick-meta":"","header-below-stick-meta":""},"product_cat":[39],"product_tag":[279,83,133],"class_list":{"0":"post-8089","1":"product","2":"type-product","3":"status-publish","4":"has-post-thumbnail","6":"product_brand-rebel-kiss","7":"product_cat-huby-madlen","8":"product_tag-use-dlya-gub","9":"product_tag-usi-pomady-dlya-gub","10":"product_tag-usi-pomady-dlya-gub-rebel-kiss","11":"desktop-align-left","12":"tablet-align-left","13":"mobile-align-left","15":"first","16":"instock","17":"shipping-taxable","18":"purchasable","19":"product-type-simple"},"yoast_head":"<!-- This site is optimized with the Yoast SEO plugin v25.6 - https:\/\/yoast.com\/wordpress\/plugins\/seo\/ -->\n<title>Rebel Kiss 07 \u0420\u0456\u0434\u043a\u0430 \u043c\u0430\u0442\u043e\u0432\u0430 \u043f\u043e\u043c\u0430\u0434\u0430<\/title>\n<meta name=\"description\" content=\"Rebel Kiss 07 \u0420\u0456\u0434\u043a\u0430 \u043c\u0430\u0442\u043e\u0432\u0430 \u043f\u043e\u043c\u0430\u0434\u0430 \u043c\u043e\u0436\u043d\u043e \u043a\u0443\u043f\u0438\u0442\u0438 \u043e\u043f\u0442\u043e\u043c. \u041d\u0430\u0439\u043d\u0438\u0436\u0447\u0456 \u0446\u0456\u043d\u0438 \u043d\u0430 \u0432\u0441\u044e \u043a\u043e\u0441\u043c\u0435\u0442\u0438\u043a\u0443. \u0428\u0432\u0438\u0434\u043a\u0430 \u0434\u043e\u0441\u0442\u0430\u0432\u043a\u0430 \u043f\u043e \u0432\u0441\u0456\u0439 \u0423\u043a\u0440\u0430\u0457\u043d\u0456. 100% \u043e\u0440\u0438\u0433\u0456\u043d\u0430\u043b.\" \/>\n<meta name=\"robots\" content=\"index, follow, max-snippet:-1, max-image-preview:large, max-video-preview:-1\" \/>\n<link rel=\"canonical\" href=\"https:\/\/madlenmakeup.com.ua\/pl\/produkt\/rebel-kiss-07-ridka-matova-pomada\/\" \/>\n<meta property=\"og:locale\" content=\"pl_PL\" \/>\n<meta property=\"og:type\" content=\"article\" \/>\n<meta property=\"og:title\" content=\"Rebel Kiss 07 \u0420\u0456\u0434\u043a\u0430 \u043c\u0430\u0442\u043e\u0432\u0430 \u043f\u043e\u043c\u0430\u0434\u0430\" \/>\n<meta property=\"og:description\" content=\"Rebel Kiss 07 \u0420\u0456\u0434\u043a\u0430 \u043c\u0430\u0442\u043e\u0432\u0430 \u043f\u043e\u043c\u0430\u0434\u0430 \u043c\u043e\u0436\u043d\u043e \u043a\u0443\u043f\u0438\u0442\u0438 \u043e\u043f\u0442\u043e\u043c. \u041d\u0430\u0439\u043d\u0438\u0436\u0447\u0456 \u0446\u0456\u043d\u0438 \u043d\u0430 \u0432\u0441\u044e \u043a\u043e\u0441\u043c\u0435\u0442\u0438\u043a\u0443. \u0428\u0432\u0438\u0434\u043a\u0430 \u0434\u043e\u0441\u0442\u0430\u0432\u043a\u0430 \u043f\u043e \u0432\u0441\u0456\u0439 \u0423\u043a\u0440\u0430\u0457\u043d\u0456. 100% \u043e\u0440\u0438\u0433\u0456\u043d\u0430\u043b.\" \/>\n<meta property=\"og:url\" content=\"https:\/\/madlenmakeup.com.ua\/pl\/produkt\/rebel-kiss-07-ridka-matova-pomada\/\" \/>\n<meta property=\"og:site_name\" content=\"Madlen Cosmetics\" \/>\n<meta property=\"article:modified_time\" content=\"2026-02-26T11:19:26+00:00\" \/>\n<meta property=\"og:image\" content=\"https:\/\/madlenmakeup.com.ua\/wp-content\/uploads\/2025\/07\/rebel-kiss-07-lipstics.jpg\" \/>\n\t<meta property=\"og:image:width\" content=\"846\" \/>\n\t<meta property=\"og:image:height\" content=\"846\" \/>\n\t<meta property=\"og:image:type\" content=\"image\/jpeg\" \/>\n<meta name=\"twitter:card\" content=\"summary_large_image\" \/>\n<meta name=\"twitter:label1\" content=\"Szacowany czas czytania\" \/>\n\t<meta name=\"twitter:data1\" content=\"2 minuty\" \/>\n<script type=\"application\/ld+json\" class=\"yoast-schema-graph\">{\"@context\":\"https:\/\/schema.org\",\"@graph\":[{\"@type\":\"WebPage\",\"@id\":\"https:\/\/madlenmakeup.com.ua\/product\/rebel-kiss-07-ridka-matova-pomada\/\",\"url\":\"https:\/\/madlenmakeup.com.ua\/product\/rebel-kiss-07-ridka-matova-pomada\/\",\"name\":\"Rebel Kiss 07 \u0420\u0456\u0434\u043a\u0430 \u043c\u0430\u0442\u043e\u0432\u0430 \u043f\u043e\u043c\u0430\u0434\u0430\",\"isPartOf\":{\"@id\":\"https:\/\/madlenmakeup.com.ua\/#website\"},\"primaryImageOfPage\":{\"@id\":\"https:\/\/madlenmakeup.com.ua\/product\/rebel-kiss-07-ridka-matova-pomada\/#primaryimage\"},\"image\":{\"@id\":\"https:\/\/madlenmakeup.com.ua\/product\/rebel-kiss-07-ridka-matova-pomada\/#primaryimage\"},\"thumbnailUrl\":\"https:\/\/madlenmakeup.com.ua\/wp-content\/uploads\/2025\/07\/rebel-kiss-07-lipstics.jpg\",\"datePublished\":\"2025-07-27T15:34:05+00:00\",\"dateModified\":\"2026-02-26T11:19:26+00:00\",\"description\":\"Rebel Kiss 07 \u0420\u0456\u0434\u043a\u0430 \u043c\u0430\u0442\u043e\u0432\u0430 \u043f\u043e\u043c\u0430\u0434\u0430 \u043c\u043e\u0436\u043d\u043e \u043a\u0443\u043f\u0438\u0442\u0438 \u043e\u043f\u0442\u043e\u043c. \u041d\u0430\u0439\u043d\u0438\u0436\u0447\u0456 \u0446\u0456\u043d\u0438 \u043d\u0430 \u0432\u0441\u044e \u043a\u043e\u0441\u043c\u0435\u0442\u0438\u043a\u0443. \u0428\u0432\u0438\u0434\u043a\u0430 \u0434\u043e\u0441\u0442\u0430\u0432\u043a\u0430 \u043f\u043e \u0432\u0441\u0456\u0439 \u0423\u043a\u0440\u0430\u0457\u043d\u0456. 100% \u043e\u0440\u0438\u0433\u0456\u043d\u0430\u043b.\",\"breadcrumb\":{\"@id\":\"https:\/\/madlenmakeup.com.ua\/product\/rebel-kiss-07-ridka-matova-pomada\/#breadcrumb\"},\"inLanguage\":\"pl-PL\",\"potentialAction\":[{\"@type\":\"ReadAction\",\"target\":[\"https:\/\/madlenmakeup.com.ua\/product\/rebel-kiss-07-ridka-matova-pomada\/\"]}]},{\"@type\":\"ImageObject\",\"inLanguage\":\"pl-PL\",\"@id\":\"https:\/\/madlenmakeup.com.ua\/product\/rebel-kiss-07-ridka-matova-pomada\/#primaryimage\",\"url\":\"https:\/\/madlenmakeup.com.ua\/wp-content\/uploads\/2025\/07\/rebel-kiss-07-lipstics.jpg\",\"contentUrl\":\"https:\/\/madlenmakeup.com.ua\/wp-content\/uploads\/2025\/07\/rebel-kiss-07-lipstics.jpg\",\"width\":846,\"height\":846,\"caption\":\"rebel-kiss-07-lipstics\"},{\"@type\":\"BreadcrumbList\",\"@id\":\"https:\/\/madlenmakeup.com.ua\/product\/rebel-kiss-07-ridka-matova-pomada\/#breadcrumb\",\"itemListElement\":[{\"@type\":\"ListItem\",\"position\":1,\"name\":\"\u0413\u043e\u043b\u043e\u0432\u043d\u0430\",\"item\":\"https:\/\/madlenmakeup.com.ua\/\"},{\"@type\":\"ListItem\",\"position\":2,\"name\":\"\u041c\u0430\u0433\u0430\u0437\u0438\u043d\",\"item\":\"https:\/\/madlenmakeup.com.ua\/shop\/\"},{\"@type\":\"ListItem\",\"position\":3,\"name\":\"Rebel Kiss 07 \u0420\u0456\u0434\u043a\u0430 \u043c\u0430\u0442\u043e\u0432\u0430 \u043f\u043e\u043c\u0430\u0434\u0430\"}]},{\"@type\":\"WebSite\",\"@id\":\"https:\/\/madlenmakeup.com.ua\/#website\",\"url\":\"https:\/\/madlenmakeup.com.ua\/\",\"name\":\"Madlen Cosmetics\",\"description\":\"\u041c\u0430\u0433\u0430\u0437\u0438\u043d \u043f\u0440\u043e\u0444\u0435\u0441\u0456\u0439\u043d\u043e\u0457 \u043a\u043e\u0441\u043c\u0435\u0442\u0438\u043a\u0438\",\"publisher\":{\"@id\":\"https:\/\/madlenmakeup.com.ua\/#\/schema\/person\/49cd71213b472a6db978257e4616a5de\"},\"potentialAction\":[{\"@type\":\"SearchAction\",\"target\":{\"@type\":\"EntryPoint\",\"urlTemplate\":\"https:\/\/madlenmakeup.com.ua\/?s={search_term_string}\"},\"query-input\":{\"@type\":\"PropertyValueSpecification\",\"valueRequired\":true,\"valueName\":\"search_term_string\"}}],\"inLanguage\":\"pl-PL\"},{\"@type\":[\"Person\",\"Organization\"],\"@id\":\"https:\/\/madlenmakeup.com.ua\/#\/schema\/person\/49cd71213b472a6db978257e4616a5de\",\"name\":\"madlenmakeup\",\"image\":{\"@type\":\"ImageObject\",\"inLanguage\":\"pl-PL\",\"@id\":\"https:\/\/madlenmakeup.com.ua\/#\/schema\/person\/image\/\",\"url\":\"https:\/\/madlenmakeup.com.ua\/wp-content\/uploads\/2023\/04\/cropped-cropped-madlen-logo-removebg-preview.png\",\"contentUrl\":\"https:\/\/madlenmakeup.com.ua\/wp-content\/uploads\/2023\/04\/cropped-cropped-madlen-logo-removebg-preview.png\",\"width\":296,\"height\":70,\"caption\":\"madlenmakeup\"},\"logo\":{\"@id\":\"https:\/\/madlenmakeup.com.ua\/#\/schema\/person\/image\/\"},\"sameAs\":[\"http:\/\/madlenmakeup.com.ua\"]}]}<\/script>\n<!-- \/ Yoast SEO plugin. -->","yoast_head_json":{"title":"Rebel Kiss 07 \u0420\u0456\u0434\u043a\u0430 \u043c\u0430\u0442\u043e\u0432\u0430 \u043f\u043e\u043c\u0430\u0434\u0430","description":"Rebel Kiss 07 \u0420\u0456\u0434\u043a\u0430 \u043c\u0430\u0442\u043e\u0432\u0430 \u043f\u043e\u043c\u0430\u0434\u0430 \u043c\u043e\u0436\u043d\u043e \u043a\u0443\u043f\u0438\u0442\u0438 \u043e\u043f\u0442\u043e\u043c. \u041d\u0430\u0439\u043d\u0438\u0436\u0447\u0456 \u0446\u0456\u043d\u0438 \u043d\u0430 \u0432\u0441\u044e \u043a\u043e\u0441\u043c\u0435\u0442\u0438\u043a\u0443. \u0428\u0432\u0438\u0434\u043a\u0430 \u0434\u043e\u0441\u0442\u0430\u0432\u043a\u0430 \u043f\u043e \u0432\u0441\u0456\u0439 \u0423\u043a\u0440\u0430\u0457\u043d\u0456. 100% \u043e\u0440\u0438\u0433\u0456\u043d\u0430\u043b.","robots":{"index":"index","follow":"follow","max-snippet":"max-snippet:-1","max-image-preview":"max-image-preview:large","max-video-preview":"max-video-preview:-1"},"canonical":"https:\/\/madlenmakeup.com.ua\/pl\/produkt\/rebel-kiss-07-ridka-matova-pomada\/","og_locale":"pl_PL","og_type":"article","og_title":"Rebel Kiss 07 \u0420\u0456\u0434\u043a\u0430 \u043c\u0430\u0442\u043e\u0432\u0430 \u043f\u043e\u043c\u0430\u0434\u0430","og_description":"Rebel Kiss 07 \u0420\u0456\u0434\u043a\u0430 \u043c\u0430\u0442\u043e\u0432\u0430 \u043f\u043e\u043c\u0430\u0434\u0430 \u043c\u043e\u0436\u043d\u043e \u043a\u0443\u043f\u0438\u0442\u0438 \u043e\u043f\u0442\u043e\u043c. \u041d\u0430\u0439\u043d\u0438\u0436\u0447\u0456 \u0446\u0456\u043d\u0438 \u043d\u0430 \u0432\u0441\u044e \u043a\u043e\u0441\u043c\u0435\u0442\u0438\u043a\u0443. \u0428\u0432\u0438\u0434\u043a\u0430 \u0434\u043e\u0441\u0442\u0430\u0432\u043a\u0430 \u043f\u043e \u0432\u0441\u0456\u0439 \u0423\u043a\u0440\u0430\u0457\u043d\u0456. 100% \u043e\u0440\u0438\u0433\u0456\u043d\u0430\u043b.","og_url":"https:\/\/madlenmakeup.com.ua\/pl\/produkt\/rebel-kiss-07-ridka-matova-pomada\/","og_site_name":"Madlen Cosmetics","article_modified_time":"2026-02-26T11:19:26+00:00","og_image":[{"width":846,"height":846,"url":"https:\/\/madlenmakeup.com.ua\/wp-content\/uploads\/2025\/07\/rebel-kiss-07-lipstics.jpg","type":"image\/jpeg"}],"twitter_card":"summary_large_image","twitter_misc":{"Szacowany czas czytania":"2 minuty"},"schema":{"@context":"https:\/\/schema.org","@graph":[{"@type":"WebPage","@id":"https:\/\/madlenmakeup.com.ua\/product\/rebel-kiss-07-ridka-matova-pomada\/","url":"https:\/\/madlenmakeup.com.ua\/product\/rebel-kiss-07-ridka-matova-pomada\/","name":"Rebel Kiss 07 \u0420\u0456\u0434\u043a\u0430 \u043c\u0430\u0442\u043e\u0432\u0430 \u043f\u043e\u043c\u0430\u0434\u0430","isPartOf":{"@id":"https:\/\/madlenmakeup.com.ua\/#website"},"primaryImageOfPage":{"@id":"https:\/\/madlenmakeup.com.ua\/product\/rebel-kiss-07-ridka-matova-pomada\/#primaryimage"},"image":{"@id":"https:\/\/madlenmakeup.com.ua\/product\/rebel-kiss-07-ridka-matova-pomada\/#primaryimage"},"thumbnailUrl":"https:\/\/madlenmakeup.com.ua\/wp-content\/uploads\/2025\/07\/rebel-kiss-07-lipstics.jpg","datePublished":"2025-07-27T15:34:05+00:00","dateModified":"2026-02-26T11:19:26+00:00","description":"Rebel Kiss 07 \u0420\u0456\u0434\u043a\u0430 \u043c\u0430\u0442\u043e\u0432\u0430 \u043f\u043e\u043c\u0430\u0434\u0430 \u043c\u043e\u0436\u043d\u043e \u043a\u0443\u043f\u0438\u0442\u0438 \u043e\u043f\u0442\u043e\u043c. \u041d\u0430\u0439\u043d\u0438\u0436\u0447\u0456 \u0446\u0456\u043d\u0438 \u043d\u0430 \u0432\u0441\u044e \u043a\u043e\u0441\u043c\u0435\u0442\u0438\u043a\u0443. \u0428\u0432\u0438\u0434\u043a\u0430 \u0434\u043e\u0441\u0442\u0430\u0432\u043a\u0430 \u043f\u043e \u0432\u0441\u0456\u0439 \u0423\u043a\u0440\u0430\u0457\u043d\u0456. 100% \u043e\u0440\u0438\u0433\u0456\u043d\u0430\u043b.","breadcrumb":{"@id":"https:\/\/madlenmakeup.com.ua\/product\/rebel-kiss-07-ridka-matova-pomada\/#breadcrumb"},"inLanguage":"pl-PL","potentialAction":[{"@type":"ReadAction","target":["https:\/\/madlenmakeup.com.ua\/product\/rebel-kiss-07-ridka-matova-pomada\/"]}]},{"@type":"ImageObject","inLanguage":"pl-PL","@id":"https:\/\/madlenmakeup.com.ua\/product\/rebel-kiss-07-ridka-matova-pomada\/#primaryimage","url":"https:\/\/madlenmakeup.com.ua\/wp-content\/uploads\/2025\/07\/rebel-kiss-07-lipstics.jpg","contentUrl":"https:\/\/madlenmakeup.com.ua\/wp-content\/uploads\/2025\/07\/rebel-kiss-07-lipstics.jpg","width":846,"height":846,"caption":"rebel-kiss-07-lipstics"},{"@type":"BreadcrumbList","@id":"https:\/\/madlenmakeup.com.ua\/product\/rebel-kiss-07-ridka-matova-pomada\/#breadcrumb","itemListElement":[{"@type":"ListItem","position":1,"name":"\u0413\u043e\u043b\u043e\u0432\u043d\u0430","item":"https:\/\/madlenmakeup.com.ua\/"},{"@type":"ListItem","position":2,"name":"\u041c\u0430\u0433\u0430\u0437\u0438\u043d","item":"https:\/\/madlenmakeup.com.ua\/shop\/"},{"@type":"ListItem","position":3,"name":"Rebel Kiss 07 \u0420\u0456\u0434\u043a\u0430 \u043c\u0430\u0442\u043e\u0432\u0430 \u043f\u043e\u043c\u0430\u0434\u0430"}]},{"@type":"WebSite","@id":"https:\/\/madlenmakeup.com.ua\/#website","url":"https:\/\/madlenmakeup.com.ua\/","name":"Madlen Cosmetics","description":"\u041c\u0430\u0433\u0430\u0437\u0438\u043d \u043f\u0440\u043e\u0444\u0435\u0441\u0456\u0439\u043d\u043e\u0457 \u043a\u043e\u0441\u043c\u0435\u0442\u0438\u043a\u0438","publisher":{"@id":"https:\/\/madlenmakeup.com.ua\/#\/schema\/person\/49cd71213b472a6db978257e4616a5de"},"potentialAction":[{"@type":"SearchAction","target":{"@type":"EntryPoint","urlTemplate":"https:\/\/madlenmakeup.com.ua\/?s={search_term_string}"},"query-input":{"@type":"PropertyValueSpecification","valueRequired":true,"valueName":"search_term_string"}}],"inLanguage":"pl-PL"},{"@type":["Person","Organization"],"@id":"https:\/\/madlenmakeup.com.ua\/#\/schema\/person\/49cd71213b472a6db978257e4616a5de","name":"madlenmakeup","image":{"@type":"ImageObject","inLanguage":"pl-PL","@id":"https:\/\/madlenmakeup.com.ua\/#\/schema\/person\/image\/","url":"https:\/\/madlenmakeup.com.ua\/wp-content\/uploads\/2023\/04\/cropped-cropped-madlen-logo-removebg-preview.png","contentUrl":"https:\/\/madlenmakeup.com.ua\/wp-content\/uploads\/2023\/04\/cropped-cropped-madlen-logo-removebg-preview.png","width":296,"height":70,"caption":"madlenmakeup"},"logo":{"@id":"https:\/\/madlenmakeup.com.ua\/#\/schema\/person\/image\/"},"sameAs":["http:\/\/madlenmakeup.com.ua"]}]}},"_links":{"self":[{"href":"https:\/\/madlenmakeup.com.ua\/pl\/wp-json\/wp\/v2\/product\/8089","targetHints":{"allow":["GET"]}}],"collection":[{"href":"https:\/\/madlenmakeup.com.ua\/pl\/wp-json\/wp\/v2\/product"}],"about":[{"href":"https:\/\/madlenmakeup.com.ua\/pl\/wp-json\/wp\/v2\/types\/product"}],"replies":[{"embeddable":true,"href":"https:\/\/madlenmakeup.com.ua\/pl\/wp-json\/wp\/v2\/comments?post=8089"}],"version-history":[{"count":3,"href":"https:\/\/madlenmakeup.com.ua\/pl\/wp-json\/wp\/v2\/product\/8089\/revisions"}],"predecessor-version":[{"id":8611,"href":"https:\/\/madlenmakeup.com.ua\/pl\/wp-json\/wp\/v2\/product\/8089\/revisions\/8611"}],"wp:featuredmedia":[{"embeddable":true,"href":"https:\/\/madlenmakeup.com.ua\/pl\/wp-json\/wp\/v2\/media\/8090"}],"wp:attachment":[{"href":"https:\/\/madlenmakeup.com.ua\/pl\/wp-json\/wp\/v2\/media?parent=8089"}],"wp:term":[{"taxonomy":"product_cat","embeddable":true,"href":"https:\/\/madlenmakeup.com.ua\/pl\/wp-json\/wp\/v2\/product_cat?post=8089"},{"taxonomy":"product_tag","embeddable":true,"href":"https:\/\/madlenmakeup.com.ua\/pl\/wp-json\/wp\/v2\/product_tag?post=8089"}],"curies":[{"name":"wp","href":"https:\/\/api.w.org\/{rel}","templated":true}]}}