{"id":8192,"date":"2025-09-04T19:59:47","date_gmt":"2025-09-04T16:59:47","guid":{"rendered":"https:\/\/madlenmakeup.com.ua\/?post_type=product&#038;p=8192"},"modified":"2025-12-26T13:54:20","modified_gmt":"2025-12-26T11:54:20","slug":"ingrid-cosmetics-tonalnyj-krem-mineral-silk-lift-30","status":"publish","type":"product","link":"https:\/\/madlenmakeup.com.ua\/pl\/produkt\/ingrid-cosmetics-tonalnyj-krem-mineral-silk-lift-30\/","title":{"rendered":"Ingrid Cosmetics \u0442\u043e\u043d\u0430\u043b\u044c\u043d\u0438\u0439 \u043a\u0440\u0435\u043c Mineral Silk &#038; Lift \u211630"},"content":{"rendered":"<p><strong>Ingrid Cosmetics \u0442\u043e\u043d\u0430\u043b\u044c\u043d\u0438\u0439 \u043a\u0440\u0435\u043c Mineral Silk &amp; Lift \u211630<\/strong><br \/>\nDzi\u0119ki nowoczesnym technologiom i wysokiej jako\u015bci sk\u0142adnikom polskie kosmetyki ciesz\u0105 si\u0119 ogromn\u0105 popularno\u015bci\u0105. Wypr\u00f3buj produkt Verona Products Professional. Po jego u\u017cyciu mo\u017cesz chcie\u0107 dok\u0142adnie przejrze\u0107 zawarto\u015b\u0107 swojej kosmetyczki.<\/p>\n<p>Fundacja <a href=\"https:\/\/madlenmakeup.com.ua\/pl\/product_brand\/ingrid-cosmetics\/\">Ingrid Cosmetics<\/a> Mineral Silk &amp; Lift \u0142\u0105czy w sobie produkt piel\u0119gnacyjny i regeneracyjny. Unikalna formu\u0142a pozwala produktowi g\u0142\u0119boko nawil\u017ca\u0107 sk\u00f3r\u0119, zmienia\u0107 jej u\u0142o\u017cenie i natychmiastowo ukrywa\u0107 niedoskona\u0142o\u015bci. Produkt ma dzia\u0142anie liftinguj\u0105ce, napina sk\u00f3r\u0119 i sprawia, \u017ce \u200b\u200brysy twarzy staj\u0105 si\u0119 wyra\u017aniejsze i bardziej atrakcyjne. Po u\u017cyciu kremu sk\u00f3ra staje si\u0119 bardziej elastyczna, g\u0142adka i elastyczna, dope\u0142niaj\u0105c Tw\u00f3j wizerunek kr\u00f3lowej pi\u0119kno\u015bci.<\/p>\n<p>Skorzystaj z fantastycznych w\u0142a\u015bciwo\u015bci podk\u0142adu Mineral Silk &amp; Lift marki Ingrid Cosmetics, a podzi\u0119kujesz nam za poznanie polskich kosmetyk\u00f3w.<\/p>\n<p><strong>Wykonane w\u00a0<\/strong>Polska<br \/>\n<strong>Obj\u0119to\u015b\u0107:\u00a0<\/strong>30ml<\/p>","protected":false},"excerpt":{"rendered":"<p><img loading=\"lazy\" decoding=\"async\" class=\"\" src=\"https:\/\/madlenmakeup.com.ua\/wp-content\/uploads\/2023\/04\/1f1ea-1f1fa.png\" alt=\"\u042d\u043c\u043e\u0434\u0437\u0438 \ud83c\uddea\ud83c\uddfa Apple \u0438 iOS\" width=\"40\" height=\"40\" \/>\u00a0<strong>Europejska jako\u015b\u0107\u00a0<\/strong><img loading=\"lazy\" decoding=\"async\" class=\"\" src=\"https:\/\/madlenmakeup.com.ua\/wp-content\/uploads\/2023\/04\/1f1ea-1f1fa.png\" alt=\"\u042d\u043c\u043e\u0434\u0437\u0438 \ud83c\uddea\ud83c\uddfa Apple \u0438 iOS\" width=\"40\" height=\"40\" \/><\/p>","protected":false},"featured_media":8193,"comment_status":"open","ping_status":"closed","template":"","meta":{"site-sidebar-layout":"default","site-content-layout":"default","ast-global-header-display":"","ast-main-header-display":"","ast-hfb-above-header-display":"","ast-hfb-below-header-display":"","ast-hfb-mobile-header-display":"","site-post-title":"","ast-breadcrumbs-content":"","ast-featured-img":"","footer-sml-layout":"","theme-transparent-header-meta":"default","adv-header-id-meta":"","stick-header-meta":"","header-above-stick-meta":"","header-main-stick-meta":"","header-below-stick-meta":""},"product_cat":[80],"product_tag":[91],"class_list":{"0":"post-8192","1":"product","2":"type-product","3":"status-publish","4":"has-post-thumbnail","6":"product_brand-ingrid-cosmetics","7":"product_cat-dlya-oblychchya","8":"product_tag-usi-tonalni-kremy","9":"desktop-align-left","10":"tablet-align-left","11":"mobile-align-left","13":"first","14":"outofstock","15":"shipping-taxable","16":"purchasable","17":"product-type-simple"},"yoast_head":"<!-- This site is optimized with the Yoast SEO plugin v25.6 - https:\/\/yoast.com\/wordpress\/plugins\/seo\/ -->\n<title>Ingrid Cosmetics \u0442\u043e\u043d\u0430\u043b\u044c\u043d\u0438\u0439 \u043a\u0440\u0435\u043c Mineral Silk &amp; Lift \u211630 - Madlen Cosmetics<\/title>\n<meta name=\"description\" content=\"Ingrid Cosmetics \u0442\u043e\u043d\u0430\u043b\u044c\u043d\u0438\u0439 \u043a\u0440\u0435\u043c Mineral Silk &amp; Lift \u211630 \u043c\u043e\u0436\u043d\u0430 \u043a\u0443\u043f\u0438\u0442\u0438 \u043e\u043f\u0442\u043e\u043c. \u041d\u0430\u0439\u043d\u0438\u0436\u0447\u0456 \u0446\u0456\u043d\u0438. \u0428\u0432\u0438\u0434\u043a\u0430 \u0434\u043e\u0441\u0442\u0430\u0432\u043a\u0430. \u0412\u0435\u043b\u0438\u043a\u0438\u0439 \u0430\u0441\u043e\u0440\u0442\u0438\u043c\u0435\u043d\u0442 \u043a\u043e\u0441\u043c\u0435\u0442\u0438\u043a\u0438.\" \/>\n<meta name=\"robots\" content=\"index, follow, max-snippet:-1, max-image-preview:large, max-video-preview:-1\" \/>\n<link rel=\"canonical\" href=\"https:\/\/madlenmakeup.com.ua\/pl\/produkt\/ingrid-cosmetics-tonalnyj-krem-mineral-silk-lift-30\/\" \/>\n<meta property=\"og:locale\" content=\"pl_PL\" \/>\n<meta property=\"og:type\" content=\"article\" \/>\n<meta property=\"og:title\" content=\"Ingrid Cosmetics \u0442\u043e\u043d\u0430\u043b\u044c\u043d\u0438\u0439 \u043a\u0440\u0435\u043c Mineral Silk &amp; Lift \u211630 - Madlen Cosmetics\" \/>\n<meta property=\"og:description\" content=\"Ingrid Cosmetics \u0442\u043e\u043d\u0430\u043b\u044c\u043d\u0438\u0439 \u043a\u0440\u0435\u043c Mineral Silk &amp; Lift \u211630 \u043c\u043e\u0436\u043d\u0430 \u043a\u0443\u043f\u0438\u0442\u0438 \u043e\u043f\u0442\u043e\u043c. \u041d\u0430\u0439\u043d\u0438\u0436\u0447\u0456 \u0446\u0456\u043d\u0438. \u0428\u0432\u0438\u0434\u043a\u0430 \u0434\u043e\u0441\u0442\u0430\u0432\u043a\u0430. \u0412\u0435\u043b\u0438\u043a\u0438\u0439 \u0430\u0441\u043e\u0440\u0442\u0438\u043c\u0435\u043d\u0442 \u043a\u043e\u0441\u043c\u0435\u0442\u0438\u043a\u0438.\" \/>\n<meta property=\"og:url\" content=\"https:\/\/madlenmakeup.com.ua\/pl\/produkt\/ingrid-cosmetics-tonalnyj-krem-mineral-silk-lift-30\/\" \/>\n<meta property=\"og:site_name\" content=\"Madlen Cosmetics\" \/>\n<meta property=\"article:modified_time\" content=\"2025-12-26T11:54:20+00:00\" \/>\n<meta property=\"og:image\" content=\"https:\/\/madlenmakeup.com.ua\/wp-content\/uploads\/2025\/09\/Ingrid-Cosmetics-tonalnyj-krem-30-Mineral-Silk-Lift.jpg\" \/>\n\t<meta property=\"og:image:width\" content=\"1080\" \/>\n\t<meta property=\"og:image:height\" content=\"1064\" \/>\n\t<meta property=\"og:image:type\" content=\"image\/jpeg\" \/>\n<meta name=\"twitter:card\" content=\"summary_large_image\" \/>\n<meta name=\"twitter:label1\" content=\"Szacowany czas czytania\" \/>\n\t<meta name=\"twitter:data1\" content=\"1 minuta\" \/>\n<script type=\"application\/ld+json\" class=\"yoast-schema-graph\">{\"@context\":\"https:\/\/schema.org\",\"@graph\":[{\"@type\":\"WebPage\",\"@id\":\"https:\/\/madlenmakeup.com.ua\/product\/ingrid-cosmetics-tonalnyj-krem-mineral-silk-lift-30\/\",\"url\":\"https:\/\/madlenmakeup.com.ua\/product\/ingrid-cosmetics-tonalnyj-krem-mineral-silk-lift-30\/\",\"name\":\"Ingrid Cosmetics \u0442\u043e\u043d\u0430\u043b\u044c\u043d\u0438\u0439 \u043a\u0440\u0435\u043c Mineral Silk & Lift \u211630 - Madlen Cosmetics\",\"isPartOf\":{\"@id\":\"https:\/\/madlenmakeup.com.ua\/#website\"},\"primaryImageOfPage\":{\"@id\":\"https:\/\/madlenmakeup.com.ua\/product\/ingrid-cosmetics-tonalnyj-krem-mineral-silk-lift-30\/#primaryimage\"},\"image\":{\"@id\":\"https:\/\/madlenmakeup.com.ua\/product\/ingrid-cosmetics-tonalnyj-krem-mineral-silk-lift-30\/#primaryimage\"},\"thumbnailUrl\":\"https:\/\/madlenmakeup.com.ua\/wp-content\/uploads\/2025\/09\/Ingrid-Cosmetics-tonalnyj-krem-30-Mineral-Silk-Lift.jpg\",\"datePublished\":\"2025-09-04T16:59:47+00:00\",\"dateModified\":\"2025-12-26T11:54:20+00:00\",\"description\":\"Ingrid Cosmetics \u0442\u043e\u043d\u0430\u043b\u044c\u043d\u0438\u0439 \u043a\u0440\u0435\u043c Mineral Silk & Lift \u211630 \u043c\u043e\u0436\u043d\u0430 \u043a\u0443\u043f\u0438\u0442\u0438 \u043e\u043f\u0442\u043e\u043c. \u041d\u0430\u0439\u043d\u0438\u0436\u0447\u0456 \u0446\u0456\u043d\u0438. \u0428\u0432\u0438\u0434\u043a\u0430 \u0434\u043e\u0441\u0442\u0430\u0432\u043a\u0430. \u0412\u0435\u043b\u0438\u043a\u0438\u0439 \u0430\u0441\u043e\u0440\u0442\u0438\u043c\u0435\u043d\u0442 \u043a\u043e\u0441\u043c\u0435\u0442\u0438\u043a\u0438.\",\"breadcrumb\":{\"@id\":\"https:\/\/madlenmakeup.com.ua\/product\/ingrid-cosmetics-tonalnyj-krem-mineral-silk-lift-30\/#breadcrumb\"},\"inLanguage\":\"pl-PL\",\"potentialAction\":[{\"@type\":\"ReadAction\",\"target\":[\"https:\/\/madlenmakeup.com.ua\/product\/ingrid-cosmetics-tonalnyj-krem-mineral-silk-lift-30\/\"]}]},{\"@type\":\"ImageObject\",\"inLanguage\":\"pl-PL\",\"@id\":\"https:\/\/madlenmakeup.com.ua\/product\/ingrid-cosmetics-tonalnyj-krem-mineral-silk-lift-30\/#primaryimage\",\"url\":\"https:\/\/madlenmakeup.com.ua\/wp-content\/uploads\/2025\/09\/Ingrid-Cosmetics-tonalnyj-krem-30-Mineral-Silk-Lift.jpg\",\"contentUrl\":\"https:\/\/madlenmakeup.com.ua\/wp-content\/uploads\/2025\/09\/Ingrid-Cosmetics-tonalnyj-krem-30-Mineral-Silk-Lift.jpg\",\"width\":1080,\"height\":1064,\"caption\":\"Ingrid Cosmetics \u0442\u043e\u043d\u0430\u043b\u044c\u043d\u044b\u0439 \u043a\u0440\u0435\u043c 30 Mineral Silk & Lift\"},{\"@type\":\"BreadcrumbList\",\"@id\":\"https:\/\/madlenmakeup.com.ua\/product\/ingrid-cosmetics-tonalnyj-krem-mineral-silk-lift-30\/#breadcrumb\",\"itemListElement\":[{\"@type\":\"ListItem\",\"position\":1,\"name\":\"\u0413\u043e\u043b\u043e\u0432\u043d\u0430\",\"item\":\"https:\/\/madlenmakeup.com.ua\/\"},{\"@type\":\"ListItem\",\"position\":2,\"name\":\"\u041c\u0430\u0433\u0430\u0437\u0438\u043d\",\"item\":\"https:\/\/madlenmakeup.com.ua\/shop\/\"},{\"@type\":\"ListItem\",\"position\":3,\"name\":\"Ingrid Cosmetics \u0442\u043e\u043d\u0430\u043b\u044c\u043d\u0438\u0439 \u043a\u0440\u0435\u043c Mineral Silk &#038; Lift \u211630\"}]},{\"@type\":\"WebSite\",\"@id\":\"https:\/\/madlenmakeup.com.ua\/#website\",\"url\":\"https:\/\/madlenmakeup.com.ua\/\",\"name\":\"Madlen Cosmetics\",\"description\":\"\u041c\u0430\u0433\u0430\u0437\u0438\u043d \u043f\u0440\u043e\u0444\u0435\u0441\u0456\u0439\u043d\u043e\u0457 \u043a\u043e\u0441\u043c\u0435\u0442\u0438\u043a\u0438\",\"publisher\":{\"@id\":\"https:\/\/madlenmakeup.com.ua\/#\/schema\/person\/49cd71213b472a6db978257e4616a5de\"},\"potentialAction\":[{\"@type\":\"SearchAction\",\"target\":{\"@type\":\"EntryPoint\",\"urlTemplate\":\"https:\/\/madlenmakeup.com.ua\/?s={search_term_string}\"},\"query-input\":{\"@type\":\"PropertyValueSpecification\",\"valueRequired\":true,\"valueName\":\"search_term_string\"}}],\"inLanguage\":\"pl-PL\"},{\"@type\":[\"Person\",\"Organization\"],\"@id\":\"https:\/\/madlenmakeup.com.ua\/#\/schema\/person\/49cd71213b472a6db978257e4616a5de\",\"name\":\"madlenmakeup\",\"image\":{\"@type\":\"ImageObject\",\"inLanguage\":\"pl-PL\",\"@id\":\"https:\/\/madlenmakeup.com.ua\/#\/schema\/person\/image\/\",\"url\":\"https:\/\/madlenmakeup.com.ua\/wp-content\/uploads\/2023\/04\/cropped-cropped-madlen-logo-removebg-preview.png\",\"contentUrl\":\"https:\/\/madlenmakeup.com.ua\/wp-content\/uploads\/2023\/04\/cropped-cropped-madlen-logo-removebg-preview.png\",\"width\":296,\"height\":70,\"caption\":\"madlenmakeup\"},\"logo\":{\"@id\":\"https:\/\/madlenmakeup.com.ua\/#\/schema\/person\/image\/\"},\"sameAs\":[\"http:\/\/madlenmakeup.com.ua\"]}]}<\/script>\n<!-- \/ Yoast SEO plugin. -->","yoast_head_json":{"title":"Ingrid Cosmetics \u0442\u043e\u043d\u0430\u043b\u044c\u043d\u0438\u0439 \u043a\u0440\u0435\u043c Mineral Silk & Lift \u211630 - Madlen Cosmetics","description":"Ingrid Cosmetics \u0442\u043e\u043d\u0430\u043b\u044c\u043d\u0438\u0439 \u043a\u0440\u0435\u043c Mineral Silk & Lift \u211630 \u043c\u043e\u0436\u043d\u0430 \u043a\u0443\u043f\u0438\u0442\u0438 \u043e\u043f\u0442\u043e\u043c. \u041d\u0430\u0439\u043d\u0438\u0436\u0447\u0456 \u0446\u0456\u043d\u0438. \u0428\u0432\u0438\u0434\u043a\u0430 \u0434\u043e\u0441\u0442\u0430\u0432\u043a\u0430. \u0412\u0435\u043b\u0438\u043a\u0438\u0439 \u0430\u0441\u043e\u0440\u0442\u0438\u043c\u0435\u043d\u0442 \u043a\u043e\u0441\u043c\u0435\u0442\u0438\u043a\u0438.","robots":{"index":"index","follow":"follow","max-snippet":"max-snippet:-1","max-image-preview":"max-image-preview:large","max-video-preview":"max-video-preview:-1"},"canonical":"https:\/\/madlenmakeup.com.ua\/pl\/produkt\/ingrid-cosmetics-tonalnyj-krem-mineral-silk-lift-30\/","og_locale":"pl_PL","og_type":"article","og_title":"Ingrid Cosmetics \u0442\u043e\u043d\u0430\u043b\u044c\u043d\u0438\u0439 \u043a\u0440\u0435\u043c Mineral Silk & Lift \u211630 - Madlen Cosmetics","og_description":"Ingrid Cosmetics \u0442\u043e\u043d\u0430\u043b\u044c\u043d\u0438\u0439 \u043a\u0440\u0435\u043c Mineral Silk & Lift \u211630 \u043c\u043e\u0436\u043d\u0430 \u043a\u0443\u043f\u0438\u0442\u0438 \u043e\u043f\u0442\u043e\u043c. \u041d\u0430\u0439\u043d\u0438\u0436\u0447\u0456 \u0446\u0456\u043d\u0438. \u0428\u0432\u0438\u0434\u043a\u0430 \u0434\u043e\u0441\u0442\u0430\u0432\u043a\u0430. \u0412\u0435\u043b\u0438\u043a\u0438\u0439 \u0430\u0441\u043e\u0440\u0442\u0438\u043c\u0435\u043d\u0442 \u043a\u043e\u0441\u043c\u0435\u0442\u0438\u043a\u0438.","og_url":"https:\/\/madlenmakeup.com.ua\/pl\/produkt\/ingrid-cosmetics-tonalnyj-krem-mineral-silk-lift-30\/","og_site_name":"Madlen Cosmetics","article_modified_time":"2025-12-26T11:54:20+00:00","og_image":[{"width":1080,"height":1064,"url":"https:\/\/madlenmakeup.com.ua\/wp-content\/uploads\/2025\/09\/Ingrid-Cosmetics-tonalnyj-krem-30-Mineral-Silk-Lift.jpg","type":"image\/jpeg"}],"twitter_card":"summary_large_image","twitter_misc":{"Szacowany czas czytania":"1 minuta"},"schema":{"@context":"https:\/\/schema.org","@graph":[{"@type":"WebPage","@id":"https:\/\/madlenmakeup.com.ua\/product\/ingrid-cosmetics-tonalnyj-krem-mineral-silk-lift-30\/","url":"https:\/\/madlenmakeup.com.ua\/product\/ingrid-cosmetics-tonalnyj-krem-mineral-silk-lift-30\/","name":"Ingrid Cosmetics \u0442\u043e\u043d\u0430\u043b\u044c\u043d\u0438\u0439 \u043a\u0440\u0435\u043c Mineral Silk & Lift \u211630 - Madlen Cosmetics","isPartOf":{"@id":"https:\/\/madlenmakeup.com.ua\/#website"},"primaryImageOfPage":{"@id":"https:\/\/madlenmakeup.com.ua\/product\/ingrid-cosmetics-tonalnyj-krem-mineral-silk-lift-30\/#primaryimage"},"image":{"@id":"https:\/\/madlenmakeup.com.ua\/product\/ingrid-cosmetics-tonalnyj-krem-mineral-silk-lift-30\/#primaryimage"},"thumbnailUrl":"https:\/\/madlenmakeup.com.ua\/wp-content\/uploads\/2025\/09\/Ingrid-Cosmetics-tonalnyj-krem-30-Mineral-Silk-Lift.jpg","datePublished":"2025-09-04T16:59:47+00:00","dateModified":"2025-12-26T11:54:20+00:00","description":"Ingrid Cosmetics \u0442\u043e\u043d\u0430\u043b\u044c\u043d\u0438\u0439 \u043a\u0440\u0435\u043c Mineral Silk & Lift \u211630 \u043c\u043e\u0436\u043d\u0430 \u043a\u0443\u043f\u0438\u0442\u0438 \u043e\u043f\u0442\u043e\u043c. \u041d\u0430\u0439\u043d\u0438\u0436\u0447\u0456 \u0446\u0456\u043d\u0438. \u0428\u0432\u0438\u0434\u043a\u0430 \u0434\u043e\u0441\u0442\u0430\u0432\u043a\u0430. \u0412\u0435\u043b\u0438\u043a\u0438\u0439 \u0430\u0441\u043e\u0440\u0442\u0438\u043c\u0435\u043d\u0442 \u043a\u043e\u0441\u043c\u0435\u0442\u0438\u043a\u0438.","breadcrumb":{"@id":"https:\/\/madlenmakeup.com.ua\/product\/ingrid-cosmetics-tonalnyj-krem-mineral-silk-lift-30\/#breadcrumb"},"inLanguage":"pl-PL","potentialAction":[{"@type":"ReadAction","target":["https:\/\/madlenmakeup.com.ua\/product\/ingrid-cosmetics-tonalnyj-krem-mineral-silk-lift-30\/"]}]},{"@type":"ImageObject","inLanguage":"pl-PL","@id":"https:\/\/madlenmakeup.com.ua\/product\/ingrid-cosmetics-tonalnyj-krem-mineral-silk-lift-30\/#primaryimage","url":"https:\/\/madlenmakeup.com.ua\/wp-content\/uploads\/2025\/09\/Ingrid-Cosmetics-tonalnyj-krem-30-Mineral-Silk-Lift.jpg","contentUrl":"https:\/\/madlenmakeup.com.ua\/wp-content\/uploads\/2025\/09\/Ingrid-Cosmetics-tonalnyj-krem-30-Mineral-Silk-Lift.jpg","width":1080,"height":1064,"caption":"Ingrid Cosmetics \u0442\u043e\u043d\u0430\u043b\u044c\u043d\u044b\u0439 \u043a\u0440\u0435\u043c 30 Mineral Silk & Lift"},{"@type":"BreadcrumbList","@id":"https:\/\/madlenmakeup.com.ua\/product\/ingrid-cosmetics-tonalnyj-krem-mineral-silk-lift-30\/#breadcrumb","itemListElement":[{"@type":"ListItem","position":1,"name":"\u0413\u043e\u043b\u043e\u0432\u043d\u0430","item":"https:\/\/madlenmakeup.com.ua\/"},{"@type":"ListItem","position":2,"name":"\u041c\u0430\u0433\u0430\u0437\u0438\u043d","item":"https:\/\/madlenmakeup.com.ua\/shop\/"},{"@type":"ListItem","position":3,"name":"Ingrid Cosmetics \u0442\u043e\u043d\u0430\u043b\u044c\u043d\u0438\u0439 \u043a\u0440\u0435\u043c Mineral Silk &#038; Lift \u211630"}]},{"@type":"WebSite","@id":"https:\/\/madlenmakeup.com.ua\/#website","url":"https:\/\/madlenmakeup.com.ua\/","name":"Madlen Cosmetics","description":"\u041c\u0430\u0433\u0430\u0437\u0438\u043d \u043f\u0440\u043e\u0444\u0435\u0441\u0456\u0439\u043d\u043e\u0457 \u043a\u043e\u0441\u043c\u0435\u0442\u0438\u043a\u0438","publisher":{"@id":"https:\/\/madlenmakeup.com.ua\/#\/schema\/person\/49cd71213b472a6db978257e4616a5de"},"potentialAction":[{"@type":"SearchAction","target":{"@type":"EntryPoint","urlTemplate":"https:\/\/madlenmakeup.com.ua\/?s={search_term_string}"},"query-input":{"@type":"PropertyValueSpecification","valueRequired":true,"valueName":"search_term_string"}}],"inLanguage":"pl-PL"},{"@type":["Person","Organization"],"@id":"https:\/\/madlenmakeup.com.ua\/#\/schema\/person\/49cd71213b472a6db978257e4616a5de","name":"madlenmakeup","image":{"@type":"ImageObject","inLanguage":"pl-PL","@id":"https:\/\/madlenmakeup.com.ua\/#\/schema\/person\/image\/","url":"https:\/\/madlenmakeup.com.ua\/wp-content\/uploads\/2023\/04\/cropped-cropped-madlen-logo-removebg-preview.png","contentUrl":"https:\/\/madlenmakeup.com.ua\/wp-content\/uploads\/2023\/04\/cropped-cropped-madlen-logo-removebg-preview.png","width":296,"height":70,"caption":"madlenmakeup"},"logo":{"@id":"https:\/\/madlenmakeup.com.ua\/#\/schema\/person\/image\/"},"sameAs":["http:\/\/madlenmakeup.com.ua"]}]}},"_links":{"self":[{"href":"https:\/\/madlenmakeup.com.ua\/pl\/wp-json\/wp\/v2\/product\/8192","targetHints":{"allow":["GET"]}}],"collection":[{"href":"https:\/\/madlenmakeup.com.ua\/pl\/wp-json\/wp\/v2\/product"}],"about":[{"href":"https:\/\/madlenmakeup.com.ua\/pl\/wp-json\/wp\/v2\/types\/product"}],"replies":[{"embeddable":true,"href":"https:\/\/madlenmakeup.com.ua\/pl\/wp-json\/wp\/v2\/comments?post=8192"}],"version-history":[{"count":1,"href":"https:\/\/madlenmakeup.com.ua\/pl\/wp-json\/wp\/v2\/product\/8192\/revisions"}],"predecessor-version":[{"id":8194,"href":"https:\/\/madlenmakeup.com.ua\/pl\/wp-json\/wp\/v2\/product\/8192\/revisions\/8194"}],"wp:featuredmedia":[{"embeddable":true,"href":"https:\/\/madlenmakeup.com.ua\/pl\/wp-json\/wp\/v2\/media\/8193"}],"wp:attachment":[{"href":"https:\/\/madlenmakeup.com.ua\/pl\/wp-json\/wp\/v2\/media?parent=8192"}],"wp:term":[{"taxonomy":"product_cat","embeddable":true,"href":"https:\/\/madlenmakeup.com.ua\/pl\/wp-json\/wp\/v2\/product_cat?post=8192"},{"taxonomy":"product_tag","embeddable":true,"href":"https:\/\/madlenmakeup.com.ua\/pl\/wp-json\/wp\/v2\/product_tag?post=8192"}],"curies":[{"name":"wp","href":"https:\/\/api.w.org\/{rel}","templated":true}]}}